{"id":84,"date":"2023-11-09T14:02:27","date_gmt":"2023-11-09T14:02:27","guid":{"rendered":"https:\/\/villa-sandy-city-park-resort.ms2.decms.eu\/?page_id=84"},"modified":"2026-03-30T09:42:22","modified_gmt":"2026-03-30T09:42:22","slug":"seven","status":"publish","type":"page","link":"https:\/\/www.villasandyresort.com\/sk\/restauracie\/seven\/","title":{"rendered":"SEVEN"},"content":{"rendered":"<h3 style=\"text-align: CENTER\">RESTAURANT CAF\u00c9<\/h3>\n<p style=\"text-align: JUSTIFY\">Za\u017eite ok\u00fazlenie v pr\u00e9miovej re\u0161taur\u00e1cii a tradi\u010dnej kaviarni umiestnenej v priestoroch N\u00e1rodnej kult\u00farnej pamiatky, ktor\u00e1 sn\u00fabi n\u00e1dheru historickej dominanty rezortu VILLA SANDY s jedine\u010dn\u00fdmi gurm\u00e1nskymi z\u00e1\u017eitkami.<\/p>\n<p style=\"text-align: JUSTIFY\">Degustujte v\u00a0re\u0161taur\u00e1cii Nov\u00fa kuchy\u0148u Slovenska, ktor\u00e1 sp\u00e1ja trad\u00edcie s medzin\u00e1rodn\u00fdmi\u00a0kulin\u00e1rskymi inov\u00e1ciami. Doprajte si v\u00a0kaviarni \u0161\u00e1lku pr\u00e9miovej k\u00e1vy s v\u00fdnimo\u010dn\u00fdmi\u00a0dezertmi z\u00a0vlastnej produkcie. Za\u017eite gastronomick\u00e9 predstavenie, pod taktovkou zn\u00e1meho majstra \u0161\u00e9fkuch\u00e1ra Jozefa Hromj\u00e1ka, ktor\u00e9 v\u00a0regi\u00f3ne nem\u00e1 obdobu.<\/p>\n<h3 style=\"text-align: CENTER\"><strong>SEVEN \u2013 ocenen\u00e1 chu\u0165 v\u00fdnimo\u010dnosti<\/strong><\/h3>\n<p style=\"text-align: JUSTIFY\">Re\u0161taur\u00e1cia <strong>SEVEN<\/strong> je v\u00fdnimo\u010dn\u00fdm gastronomick\u00fdm konceptom, ktor\u00fd si u\u017e p\u00e1r mesiacov po svojom otvoren\u00ed v roku <strong>2024<\/strong> z\u00edskal pozornos\u0165 slovenskej nielen gastronomickej sc\u00e9ny ale i gurm\u00e1nov, ktor\u00ed h\u013eadaj\u00fa autentick\u00e9 a prec\u00edzne spracovan\u00e9 chute. Od svojho vzniku SEVEN svoju kvalitu potvrdzuje aj prostredn\u00edctvom prest\u00ed\u017enych ocenen\u00ed, ktor\u00e9 ka\u017edoro\u010dne reflektuj\u00fa jej rast a pevn\u00e9 miesto na gastronomickej mape Slovenska:<\/p>\n<ul>\n<li><span style=\"color: #000000\"><strong data-start=\"390\" data-end=\"398\">2024<\/strong><\/span><\/li>\n<li><strong>Sprievodca Gurm\u00e1n na Slovensku<\/strong> zaradil SEVEN medzi <strong data-start=\"452\" data-end=\"488\">THE BEST RESTAURANTS IN SLOVAKIA<\/strong>.<\/li>\n<li>\u0160\u00e9fkuch\u00e1r Jozef Hromj\u00e1k z\u00edskal titul <strong data-start=\"527\" data-end=\"565\">Najlep\u0161\u00ed \u0161\u00e9fkuch\u00e1r Ko\u0161ick\u00e9ho kraja<\/strong> a bol zaraden\u00fd medzi <strong data-start=\"587\" data-end=\"622\">TOP 10 \u0161\u00e9fkuch\u00e1rov na Slovensku<\/strong>.<\/li>\n<li><span style=\"color: #000000\"><strong>2025<\/strong><\/span><\/li>\n<li><strong>GAULT&amp;MILLAU<\/strong> udelil SEVEN <strong>3 \u010cAPICE<\/strong>, \u010d\u00edm ju zaradil medzi <strong>NAJLEP\u0160IE RE\u0160TAUR\u00c1CIE NA SLOVENSKU.<\/strong><\/li>\n<li><strong>FALSTAFF<\/strong> ju zaradil medzi <strong>TOP RE\u0160TAUR\u00c1CIE NA SLOVENSKU.<\/strong><\/li>\n<li><strong>Jozef Hromj\u00e1k<\/strong> z\u00edskal titul <strong>STRIEBORN\u00dd KUCH\u00c1R ROKA 2025.<\/strong><\/li>\n<li>V\u00fdnimo\u010dn\u00fa kvalitu v\u00ednnej ponuky ocenil <strong>STAR WINE LIST<\/strong> udelen\u00edm ocenenia <strong>WHITE STAR WINE<\/strong> za <strong><strong><strong><strong>v\u00fdnimo\u010dn\u00fa v\u00ednnu kartu.<br \/>\n<\/strong><\/strong><\/strong><\/strong><strong data-start=\"625\" data-end=\"633\"><br \/>\n<\/strong><\/li>\n<li><strong>2026<\/strong><\/li>\n<li><strong>GAULT&amp;MILLAU<\/strong> ocenil SEVEN <strong>3 \u010cAPICAMI<\/strong>, \u010d\u00edm ju zaradil k <strong>ABSOL\u00daTNEJ \u0160PI\u010cKE NA SLOVENSKU.\u00a0<\/strong><\/li>\n<li><strong>FALSTAFF<\/strong> ju ohodnotil ako <strong>NAJLEP\u0160IU PR\u00c9MIOV\u00da RE\u0160TAUR\u00c1CIU v kraji a zaradil medzi TOP PR\u00c9MIOV\u00c9 RE\u0160TAUR\u00c1CIE NA SLOVENSKU.<\/strong><\/li>\n<li>V\u00fdnimo\u010dn\u00fa kvalitu v\u00ednnej ponuky ocenil <strong>STAR WINE LIST<\/strong> udelen\u00edm ocenenia <strong>WHITE STAR WINE<\/strong> za <strong>v\u00fdnimo\u010dn\u00fa v\u00ednnu kartu.<\/strong><\/li>\n<\/ul>\n<p>Ka\u017ed\u00e9 z t\u00fdchto ocenen\u00ed je potvrden\u00edm filozofie SEVEN \u2013 <strong>sp\u00e1ja\u0165 remeslo, talent a v\u00e1\u0161e\u0148 pre jedlo do nezabudnute\u013en\u00fdch z\u00e1\u017eitkov<\/strong>. <strong>\u010eakujeme!<\/strong><\/p>\n","protected":false},"excerpt":{"rendered":"<p>RESTAURANT CAF\u00c9 Za\u017eite ok\u00fazlenie v pr\u00e9miovej re\u0161taur\u00e1cii a tradi\u010dnej kaviarni umiestnenej v priestoroch N\u00e1rodnej kult\u00farnej pamiatky, ktor\u00e1 sn\u00fabi n\u00e1dheru historickej dominanty rezortu VILLA SANDY s jedine\u010dn\u00fdmi gurm\u00e1nskymi z\u00e1\u017eitkami. Degustujte v\u00a0re\u0161taur\u00e1cii Nov\u00fa kuchy\u0148u Slovenska, ktor\u00e1 sp\u00e1ja trad\u00edcie s medzin\u00e1rodn\u00fdmi\u00a0kulin\u00e1rskymi inov\u00e1ciami. Doprajte si v\u00a0kaviarni \u0161\u00e1lku pr\u00e9miovej k\u00e1vy s v\u00fdnimo\u010dn\u00fdmi\u00a0dezertmi z\u00a0vlastnej produkcie. Za\u017eite gastronomick\u00e9 predstavenie, pod taktovkou zn\u00e1meho [&hellip;]<\/p>\n","protected":false},"author":13,"featured_media":0,"parent":82,"menu_order":5,"comment_status":"closed","ping_status":"closed","template":"template-single-restaurant.php","meta":{"footnotes":""},"yoast_head":"<!-- This site is optimized with the Yoast SEO plugin v22.3 - https:\/\/yoast.com\/wordpress\/plugins\/seo\/ -->\n<title>SEVEN - Villa Sandy City Park Resort -<\/title>\n<meta name=\"description\" content=\"RESTAURANT CAF\u00c9 Za\u017eite ok\u00fazlenie v pr\u00e9miovej re\u0161taur\u00e1cii a tradi\u010dnej kaviarni umiestnenej v priestoroch N\u00e1rodnej kult\u00farnej pamiatky, ktor\u00e1 sn\u00fabi n\u00e1dheru historickej dominanty rezortu VILLA SANDY s jedine\u010dn\u00fdmi gurm\u00e1nskymi z\u00e1\u017eitkami. Degustujte v\u00a0re\u0161taur\u00e1cii Nov\u00fa kuchy\u0148u Slovenska, ktor\u00e1 sp\u00e1ja trad\u00edcie s medzin\u00e1rodn\u00fdmi\u00a0kulin\u00e1rskymi inov\u00e1ciami. Doprajte si v\u00a0kaviarni \u0161\u00e1lku pr\u00e9miovej k\u00e1vy s v\u00fdnimo\u010dn\u00fdmi\u00a0dezertmi z\u00a0vlastnej produkcie\" \/>\n<meta name=\"robots\" content=\"index, follow, max-snippet:-1, max-image-preview:large, max-video-preview:-1\" \/>\n<link rel=\"canonical\" href=\"https:\/\/www.villasandyresort.com\/sk\/restauracie\/seven\/\" \/>\n<meta property=\"og:locale\" content=\"sk_SK\" \/>\n<meta property=\"og:type\" content=\"article\" \/>\n<meta property=\"og:title\" content=\"SEVEN - Villa Sandy City Park Resort -\" \/>\n<meta property=\"og:description\" content=\"RESTAURANT CAF\u00c9 Za\u017eite ok\u00fazlenie v pr\u00e9miovej re\u0161taur\u00e1cii a tradi\u010dnej kaviarni umiestnenej v priestoroch N\u00e1rodnej kult\u00farnej pamiatky, ktor\u00e1 sn\u00fabi n\u00e1dheru historickej dominanty rezortu VILLA SANDY s jedine\u010dn\u00fdmi gurm\u00e1nskymi z\u00e1\u017eitkami. Degustujte v\u00a0re\u0161taur\u00e1cii Nov\u00fa kuchy\u0148u Slovenska, ktor\u00e1 sp\u00e1ja trad\u00edcie s medzin\u00e1rodn\u00fdmi\u00a0kulin\u00e1rskymi inov\u00e1ciami. Doprajte si v\u00a0kaviarni \u0161\u00e1lku pr\u00e9miovej k\u00e1vy s v\u00fdnimo\u010dn\u00fdmi\u00a0dezertmi z\u00a0vlastnej produkcie\" \/>\n<meta property=\"og:url\" content=\"https:\/\/www.villasandyresort.com\/sk\/restauracie\/seven\/\" \/>\n<meta property=\"og:site_name\" content=\"Villa Sandy City Park Resort\" \/>\n<meta property=\"article:modified_time\" content=\"2026-03-30T09:42:22+00:00\" \/>\n<meta name=\"twitter:card\" content=\"summary_large_image\" \/>\n<meta name=\"twitter:label1\" content=\"Predpokladan\u00fd \u010das \u010d\u00edtania\" \/>\n\t<meta name=\"twitter:data1\" content=\"2 min\u00faty\" \/>\n<script type=\"application\/ld+json\" class=\"yoast-schema-graph\">{\"@context\":\"https:\/\/schema.org\",\"@graph\":[{\"@type\":\"WebPage\",\"@id\":\"https:\/\/www.villasandyresort.com\/sk\/restauracie\/seven\/\",\"url\":\"https:\/\/www.villasandyresort.com\/sk\/restauracie\/seven\/\",\"name\":\"SEVEN - Villa Sandy City Park Resort -\",\"isPartOf\":{\"@id\":\"https:\/\/www.villasandyresort.com\/sk\/#website\"},\"datePublished\":\"2023-11-09T14:02:27+00:00\",\"dateModified\":\"2026-03-30T09:42:22+00:00\",\"description\":\"RESTAURANT CAF\u00c9 Za\u017eite ok\u00fazlenie v pr\u00e9miovej re\u0161taur\u00e1cii a tradi\u010dnej kaviarni umiestnenej v priestoroch N\u00e1rodnej kult\u00farnej pamiatky, ktor\u00e1 sn\u00fabi n\u00e1dheru historickej dominanty rezortu VILLA SANDY s jedine\u010dn\u00fdmi gurm\u00e1nskymi z\u00e1\u017eitkami. Degustujte v\u00a0re\u0161taur\u00e1cii Nov\u00fa kuchy\u0148u Slovenska, ktor\u00e1 sp\u00e1ja trad\u00edcie s medzin\u00e1rodn\u00fdmi\u00a0kulin\u00e1rskymi inov\u00e1ciami. Doprajte si v\u00a0kaviarni \u0161\u00e1lku pr\u00e9miovej k\u00e1vy s v\u00fdnimo\u010dn\u00fdmi\u00a0dezertmi z\u00a0vlastnej produkcie\",\"breadcrumb\":{\"@id\":\"https:\/\/www.villasandyresort.com\/sk\/restauracie\/seven\/#breadcrumb\"},\"inLanguage\":\"sk-SK\",\"potentialAction\":[{\"@type\":\"ReadAction\",\"target\":[\"https:\/\/www.villasandyresort.com\/sk\/restauracie\/seven\/\"]}]},{\"@type\":\"BreadcrumbList\",\"@id\":\"https:\/\/www.villasandyresort.com\/sk\/restauracie\/seven\/#breadcrumb\",\"itemListElement\":[{\"@type\":\"ListItem\",\"position\":1,\"name\":\"Home\",\"item\":\"https:\/\/www.villasandyresort.com\/sk\/\"},{\"@type\":\"ListItem\",\"position\":2,\"name\":\"Re\u0161taur\u00e1cie\",\"item\":\"https:\/\/www.villasandyresort.com\/sk\/restauracie\/\"},{\"@type\":\"ListItem\",\"position\":3,\"name\":\"SEVEN\"}]},{\"@type\":\"WebSite\",\"@id\":\"https:\/\/www.villasandyresort.com\/sk\/#website\",\"url\":\"https:\/\/www.villasandyresort.com\/sk\/\",\"name\":\"Villa Sandy City Park Resort\",\"description\":\"\",\"potentialAction\":[{\"@type\":\"SearchAction\",\"target\":{\"@type\":\"EntryPoint\",\"urlTemplate\":\"https:\/\/www.villasandyresort.com\/sk\/?s={search_term_string}\"},\"query-input\":\"required name=search_term_string\"}],\"inLanguage\":\"sk-SK\"}]}<\/script>\n<!-- \/ Yoast SEO plugin. -->","yoast_head_json":{"title":"SEVEN - Villa Sandy City Park Resort -","description":"RESTAURANT CAF\u00c9 Za\u017eite ok\u00fazlenie v pr\u00e9miovej re\u0161taur\u00e1cii a tradi\u010dnej kaviarni umiestnenej v priestoroch N\u00e1rodnej kult\u00farnej pamiatky, ktor\u00e1 sn\u00fabi n\u00e1dheru historickej dominanty rezortu VILLA SANDY s jedine\u010dn\u00fdmi gurm\u00e1nskymi z\u00e1\u017eitkami. Degustujte v\u00a0re\u0161taur\u00e1cii Nov\u00fa kuchy\u0148u Slovenska, ktor\u00e1 sp\u00e1ja trad\u00edcie s medzin\u00e1rodn\u00fdmi\u00a0kulin\u00e1rskymi inov\u00e1ciami. Doprajte si v\u00a0kaviarni \u0161\u00e1lku pr\u00e9miovej k\u00e1vy s v\u00fdnimo\u010dn\u00fdmi\u00a0dezertmi z\u00a0vlastnej produkcie","robots":{"index":"index","follow":"follow","max-snippet":"max-snippet:-1","max-image-preview":"max-image-preview:large","max-video-preview":"max-video-preview:-1"},"canonical":"https:\/\/www.villasandyresort.com\/sk\/restauracie\/seven\/","og_locale":"sk_SK","og_type":"article","og_title":"SEVEN - Villa Sandy City Park Resort -","og_description":"RESTAURANT CAF\u00c9 Za\u017eite ok\u00fazlenie v pr\u00e9miovej re\u0161taur\u00e1cii a tradi\u010dnej kaviarni umiestnenej v priestoroch N\u00e1rodnej kult\u00farnej pamiatky, ktor\u00e1 sn\u00fabi n\u00e1dheru historickej dominanty rezortu VILLA SANDY s jedine\u010dn\u00fdmi gurm\u00e1nskymi z\u00e1\u017eitkami. Degustujte v\u00a0re\u0161taur\u00e1cii Nov\u00fa kuchy\u0148u Slovenska, ktor\u00e1 sp\u00e1ja trad\u00edcie s medzin\u00e1rodn\u00fdmi\u00a0kulin\u00e1rskymi inov\u00e1ciami. Doprajte si v\u00a0kaviarni \u0161\u00e1lku pr\u00e9miovej k\u00e1vy s v\u00fdnimo\u010dn\u00fdmi\u00a0dezertmi z\u00a0vlastnej produkcie","og_url":"https:\/\/www.villasandyresort.com\/sk\/restauracie\/seven\/","og_site_name":"Villa Sandy City Park Resort","article_modified_time":"2026-03-30T09:42:22+00:00","twitter_card":"summary_large_image","twitter_misc":{"Predpokladan\u00fd \u010das \u010d\u00edtania":"2 min\u00faty"},"schema":{"@context":"https:\/\/schema.org","@graph":[{"@type":"WebPage","@id":"https:\/\/www.villasandyresort.com\/sk\/restauracie\/seven\/","url":"https:\/\/www.villasandyresort.com\/sk\/restauracie\/seven\/","name":"SEVEN - Villa Sandy City Park Resort -","isPartOf":{"@id":"https:\/\/www.villasandyresort.com\/sk\/#website"},"datePublished":"2023-11-09T14:02:27+00:00","dateModified":"2026-03-30T09:42:22+00:00","description":"RESTAURANT CAF\u00c9 Za\u017eite ok\u00fazlenie v pr\u00e9miovej re\u0161taur\u00e1cii a tradi\u010dnej kaviarni umiestnenej v priestoroch N\u00e1rodnej kult\u00farnej pamiatky, ktor\u00e1 sn\u00fabi n\u00e1dheru historickej dominanty rezortu VILLA SANDY s jedine\u010dn\u00fdmi gurm\u00e1nskymi z\u00e1\u017eitkami. Degustujte v\u00a0re\u0161taur\u00e1cii Nov\u00fa kuchy\u0148u Slovenska, ktor\u00e1 sp\u00e1ja trad\u00edcie s medzin\u00e1rodn\u00fdmi\u00a0kulin\u00e1rskymi inov\u00e1ciami. Doprajte si v\u00a0kaviarni \u0161\u00e1lku pr\u00e9miovej k\u00e1vy s v\u00fdnimo\u010dn\u00fdmi\u00a0dezertmi z\u00a0vlastnej produkcie","breadcrumb":{"@id":"https:\/\/www.villasandyresort.com\/sk\/restauracie\/seven\/#breadcrumb"},"inLanguage":"sk-SK","potentialAction":[{"@type":"ReadAction","target":["https:\/\/www.villasandyresort.com\/sk\/restauracie\/seven\/"]}]},{"@type":"BreadcrumbList","@id":"https:\/\/www.villasandyresort.com\/sk\/restauracie\/seven\/#breadcrumb","itemListElement":[{"@type":"ListItem","position":1,"name":"Home","item":"https:\/\/www.villasandyresort.com\/sk\/"},{"@type":"ListItem","position":2,"name":"Re\u0161taur\u00e1cie","item":"https:\/\/www.villasandyresort.com\/sk\/restauracie\/"},{"@type":"ListItem","position":3,"name":"SEVEN"}]},{"@type":"WebSite","@id":"https:\/\/www.villasandyresort.com\/sk\/#website","url":"https:\/\/www.villasandyresort.com\/sk\/","name":"Villa Sandy City Park Resort","description":"","potentialAction":[{"@type":"SearchAction","target":{"@type":"EntryPoint","urlTemplate":"https:\/\/www.villasandyresort.com\/sk\/?s={search_term_string}"},"query-input":"required name=search_term_string"}],"inLanguage":"sk-SK"}]}},"acf":[],"_links":{"self":[{"href":"https:\/\/www.villasandyresort.com\/sk\/wp-json\/wp\/v2\/pages\/84"}],"collection":[{"href":"https:\/\/www.villasandyresort.com\/sk\/wp-json\/wp\/v2\/pages"}],"about":[{"href":"https:\/\/www.villasandyresort.com\/sk\/wp-json\/wp\/v2\/types\/page"}],"author":[{"embeddable":true,"href":"https:\/\/www.villasandyresort.com\/sk\/wp-json\/wp\/v2\/users\/13"}],"replies":[{"embeddable":true,"href":"https:\/\/www.villasandyresort.com\/sk\/wp-json\/wp\/v2\/comments?post=84"}],"version-history":[{"count":0,"href":"https:\/\/www.villasandyresort.com\/sk\/wp-json\/wp\/v2\/pages\/84\/revisions"}],"up":[{"embeddable":true,"href":"https:\/\/www.villasandyresort.com\/sk\/wp-json\/wp\/v2\/pages\/82"}],"wp:attachment":[{"href":"https:\/\/www.villasandyresort.com\/sk\/wp-json\/wp\/v2\/media?parent=84"}],"curies":[{"name":"wp","href":"https:\/\/api.w.org\/{rel}","templated":true}]}}