{"id":607,"date":"2024-05-14T15:37:16","date_gmt":"2024-05-14T15:37:16","guid":{"rendered":"https:\/\/www.villasandyresort.com\/?page_id=607"},"modified":"2026-04-11T07:12:59","modified_gmt":"2026-04-11T07:12:59","slug":"rezervacie","status":"publish","type":"page","link":"https:\/\/www.villasandyresort.com\/sk\/rezervacie\/","title":{"rendered":"REZERV\u00c1CIE"},"content":{"rendered":"<p class=\"p1\" style=\"text-align: center\" align=\"center\"><strong>Vitajte v rezerva\u010dnom syst\u00e9me rezortu VILLA SANDY.<\/strong><\/p>\n<p class=\"p1\" style=\"text-align: center\" align=\"center\">Na jednom mieste n\u00e1jdete <span class=\"s1\">v\u0161etky na\u0161e prev\u00e1dzky<\/span>.<br \/>\nJednoducho si vyberiete, kde chcete str\u00e1vi\u0165 \u010das.<br \/>\nZvo\u013ete si prev\u00e1dzku a vytvorte si rezerv\u00e1ciu pod\u013ea va\u0161ich preferenci\u00ed.<\/p>\n<p class=\"p1\" style=\"text-align: center\" align=\"center\"><b>Rezervujte si svoj z\u00e1\u017eitok e\u0161te dnes.<\/b><\/p>\n","protected":false},"excerpt":{"rendered":"<p>Vitajte v rezerva\u010dnom syst\u00e9me rezortu VILLA SANDY. Na jednom mieste n\u00e1jdete v\u0161etky na\u0161e prev\u00e1dzky. Jednoducho si vyberiete, kde chcete str\u00e1vi\u0165 \u010das. Zvo\u013ete si prev\u00e1dzku a vytvorte si rezerv\u00e1ciu pod\u013ea va\u0161ich preferenci\u00ed. Rezervujte si svoj z\u00e1\u017eitok e\u0161te dnes.<\/p>\n","protected":false},"author":101,"featured_media":0,"parent":0,"menu_order":5,"comment_status":"closed","ping_status":"closed","template":"template-custom.php","meta":{"footnotes":""},"class_list":["post-607","page","type-page","status-publish","hentry"],"yoast_head":"<!-- This site is optimized with the Yoast SEO plugin v27.3 - https:\/\/yoast.com\/product\/yoast-seo-wordpress\/ -->\n<title>REZERV\u00c1CIE - Villa Sandy City Park Resort -<\/title>\n<meta name=\"description\" content=\"Vitajte v rezerva\u010dnom syst\u00e9me rezortu VILLA SANDY. Na jednom mieste n\u00e1jdete v\u0161etky na\u0161e prev\u00e1dzky. Jednoducho si vyberiete, kde chcete str\u00e1vi\u0165 \u010das. Zvo\u013ete si prev\u00e1dzku a vytvorte si rezerv\u00e1ciu pod\u013ea va\u0161ich preferenci\u00ed. Rezervujte si svoj z\u00e1\u017eitok e\u0161te dnes..\" \/>\n<meta name=\"robots\" content=\"index, follow, max-snippet:-1, max-image-preview:large, max-video-preview:-1\" \/>\n<link rel=\"canonical\" href=\"https:\/\/www.villasandyresort.com\/sk\/rezervacie\/\" \/>\n<meta property=\"og:locale\" content=\"sk_SK\" \/>\n<meta property=\"og:type\" content=\"article\" \/>\n<meta property=\"og:title\" content=\"REZERV\u00c1CIE - Villa Sandy City Park Resort -\" \/>\n<meta property=\"og:description\" content=\"Vitajte v rezerva\u010dnom syst\u00e9me rezortu VILLA SANDY. Na jednom mieste n\u00e1jdete v\u0161etky na\u0161e prev\u00e1dzky. Jednoducho si vyberiete, kde chcete str\u00e1vi\u0165 \u010das. Zvo\u013ete si prev\u00e1dzku a vytvorte si rezerv\u00e1ciu pod\u013ea va\u0161ich preferenci\u00ed. Rezervujte si svoj z\u00e1\u017eitok e\u0161te dnes..\" \/>\n<meta property=\"og:url\" content=\"https:\/\/www.villasandyresort.com\/sk\/rezervacie\/\" \/>\n<meta property=\"og:site_name\" content=\"Villa Sandy City Park Resort\" \/>\n<meta property=\"article:modified_time\" content=\"2026-04-11T07:12:59+00:00\" \/>\n<meta name=\"twitter:card\" content=\"summary_large_image\" \/>\n<meta name=\"twitter:label1\" content=\"Predpokladan\u00fd \u010das \u010d\u00edtania\" \/>\n\t<meta name=\"twitter:data1\" content=\"1 min\u00fata\" \/>\n<script type=\"application\/ld+json\" class=\"yoast-schema-graph\">{\"@context\":\"https:\\\/\\\/schema.org\",\"@graph\":[{\"@type\":\"WebPage\",\"@id\":\"https:\\\/\\\/www.villasandyresort.com\\\/sk\\\/rezervacie\\\/\",\"url\":\"https:\\\/\\\/www.villasandyresort.com\\\/sk\\\/rezervacie\\\/\",\"name\":\"REZERV\u00c1CIE - Villa Sandy City Park Resort -\",\"isPartOf\":{\"@id\":\"https:\\\/\\\/www.villasandyresort.com\\\/sk\\\/#website\"},\"datePublished\":\"2024-05-14T15:37:16+00:00\",\"dateModified\":\"2026-04-11T07:12:59+00:00\",\"description\":\"Vitajte v rezerva\u010dnom syst\u00e9me rezortu VILLA SANDY. Na jednom mieste n\u00e1jdete v\u0161etky na\u0161e prev\u00e1dzky. Jednoducho si vyberiete, kde chcete str\u00e1vi\u0165 \u010das. Zvo\u013ete si prev\u00e1dzku a vytvorte si rezerv\u00e1ciu pod\u013ea va\u0161ich preferenci\u00ed. Rezervujte si svoj z\u00e1\u017eitok e\u0161te dnes. .\",\"breadcrumb\":{\"@id\":\"https:\\\/\\\/www.villasandyresort.com\\\/sk\\\/rezervacie\\\/#breadcrumb\"},\"inLanguage\":\"sk-SK\",\"potentialAction\":[{\"@type\":\"ReadAction\",\"target\":[\"https:\\\/\\\/www.villasandyresort.com\\\/sk\\\/rezervacie\\\/\"]}]},{\"@type\":\"BreadcrumbList\",\"@id\":\"https:\\\/\\\/www.villasandyresort.com\\\/sk\\\/rezervacie\\\/#breadcrumb\",\"itemListElement\":[{\"@type\":\"ListItem\",\"position\":1,\"name\":\"Home\",\"item\":\"https:\\\/\\\/www.villasandyresort.com\\\/sk\\\/\"},{\"@type\":\"ListItem\",\"position\":2,\"name\":\"REZERV\u00c1CIE\"}]},{\"@type\":\"WebSite\",\"@id\":\"https:\\\/\\\/www.villasandyresort.com\\\/sk\\\/#website\",\"url\":\"https:\\\/\\\/www.villasandyresort.com\\\/sk\\\/\",\"name\":\"Villa Sandy City Park Resort\",\"description\":\"\",\"potentialAction\":[{\"@type\":\"SearchAction\",\"target\":{\"@type\":\"EntryPoint\",\"urlTemplate\":\"https:\\\/\\\/www.villasandyresort.com\\\/sk\\\/?s={search_term_string}\"},\"query-input\":{\"@type\":\"PropertyValueSpecification\",\"valueRequired\":true,\"valueName\":\"search_term_string\"}}],\"inLanguage\":\"sk-SK\"}]}<\/script>\n<!-- \/ Yoast SEO plugin. -->","yoast_head_json":{"title":"REZERV\u00c1CIE - Villa Sandy City Park Resort -","description":"Vitajte v rezerva\u010dnom syst\u00e9me rezortu VILLA SANDY. Na jednom mieste n\u00e1jdete v\u0161etky na\u0161e prev\u00e1dzky. Jednoducho si vyberiete, kde chcete str\u00e1vi\u0165 \u010das. Zvo\u013ete si prev\u00e1dzku a vytvorte si rezerv\u00e1ciu pod\u013ea va\u0161ich preferenci\u00ed. Rezervujte si svoj z\u00e1\u017eitok e\u0161te dnes..","robots":{"index":"index","follow":"follow","max-snippet":"max-snippet:-1","max-image-preview":"max-image-preview:large","max-video-preview":"max-video-preview:-1"},"canonical":"https:\/\/www.villasandyresort.com\/sk\/rezervacie\/","og_locale":"sk_SK","og_type":"article","og_title":"REZERV\u00c1CIE - Villa Sandy City Park Resort -","og_description":"Vitajte v rezerva\u010dnom syst\u00e9me rezortu VILLA SANDY. Na jednom mieste n\u00e1jdete v\u0161etky na\u0161e prev\u00e1dzky. Jednoducho si vyberiete, kde chcete str\u00e1vi\u0165 \u010das. Zvo\u013ete si prev\u00e1dzku a vytvorte si rezerv\u00e1ciu pod\u013ea va\u0161ich preferenci\u00ed. Rezervujte si svoj z\u00e1\u017eitok e\u0161te dnes..","og_url":"https:\/\/www.villasandyresort.com\/sk\/rezervacie\/","og_site_name":"Villa Sandy City Park Resort","article_modified_time":"2026-04-11T07:12:59+00:00","twitter_card":"summary_large_image","twitter_misc":{"Predpokladan\u00fd \u010das \u010d\u00edtania":"1 min\u00fata"},"schema":{"@context":"https:\/\/schema.org","@graph":[{"@type":"WebPage","@id":"https:\/\/www.villasandyresort.com\/sk\/rezervacie\/","url":"https:\/\/www.villasandyresort.com\/sk\/rezervacie\/","name":"REZERV\u00c1CIE - Villa Sandy City Park Resort -","isPartOf":{"@id":"https:\/\/www.villasandyresort.com\/sk\/#website"},"datePublished":"2024-05-14T15:37:16+00:00","dateModified":"2026-04-11T07:12:59+00:00","description":"Vitajte v rezerva\u010dnom syst\u00e9me rezortu VILLA SANDY. Na jednom mieste n\u00e1jdete v\u0161etky na\u0161e prev\u00e1dzky. Jednoducho si vyberiete, kde chcete str\u00e1vi\u0165 \u010das. Zvo\u013ete si prev\u00e1dzku a vytvorte si rezerv\u00e1ciu pod\u013ea va\u0161ich preferenci\u00ed. Rezervujte si svoj z\u00e1\u017eitok e\u0161te dnes. .","breadcrumb":{"@id":"https:\/\/www.villasandyresort.com\/sk\/rezervacie\/#breadcrumb"},"inLanguage":"sk-SK","potentialAction":[{"@type":"ReadAction","target":["https:\/\/www.villasandyresort.com\/sk\/rezervacie\/"]}]},{"@type":"BreadcrumbList","@id":"https:\/\/www.villasandyresort.com\/sk\/rezervacie\/#breadcrumb","itemListElement":[{"@type":"ListItem","position":1,"name":"Home","item":"https:\/\/www.villasandyresort.com\/sk\/"},{"@type":"ListItem","position":2,"name":"REZERV\u00c1CIE"}]},{"@type":"WebSite","@id":"https:\/\/www.villasandyresort.com\/sk\/#website","url":"https:\/\/www.villasandyresort.com\/sk\/","name":"Villa Sandy City Park Resort","description":"","potentialAction":[{"@type":"SearchAction","target":{"@type":"EntryPoint","urlTemplate":"https:\/\/www.villasandyresort.com\/sk\/?s={search_term_string}"},"query-input":{"@type":"PropertyValueSpecification","valueRequired":true,"valueName":"search_term_string"}}],"inLanguage":"sk-SK"}]}},"acf":[],"_links":{"self":[{"href":"https:\/\/www.villasandyresort.com\/sk\/wp-json\/wp\/v2\/pages\/607","targetHints":{"allow":["GET"]}}],"collection":[{"href":"https:\/\/www.villasandyresort.com\/sk\/wp-json\/wp\/v2\/pages"}],"about":[{"href":"https:\/\/www.villasandyresort.com\/sk\/wp-json\/wp\/v2\/types\/page"}],"author":[{"embeddable":true,"href":"https:\/\/www.villasandyresort.com\/sk\/wp-json\/wp\/v2\/users\/101"}],"replies":[{"embeddable":true,"href":"https:\/\/www.villasandyresort.com\/sk\/wp-json\/wp\/v2\/comments?post=607"}],"version-history":[{"count":0,"href":"https:\/\/www.villasandyresort.com\/sk\/wp-json\/wp\/v2\/pages\/607\/revisions"}],"wp:attachment":[{"href":"https:\/\/www.villasandyresort.com\/sk\/wp-json\/wp\/v2\/media?parent=607"}],"curies":[{"name":"wp","href":"https:\/\/api.w.org\/{rel}","templated":true}]}}