{"id":417,"date":"2024-02-16T19:10:20","date_gmt":"2024-02-16T19:10:20","guid":{"rendered":"https:\/\/villa-sandy-city-park-resort.ms2.decms.eu\/?page_id=417"},"modified":"2024-02-18T15:58:59","modified_gmt":"2024-02-18T15:58:59","slug":"prihlaste-sa-k-odberu-newsletra","status":"publish","type":"page","link":"https:\/\/www.villasandyresort.com\/sk\/prihlaste-sa-k-odberu-newsletra\/","title":{"rendered":"Prihl\u00e1ste sa k odberu Newsletra"},"content":{"rendered":"<p style=\"text-align: center\">T\u00fd\u017edenne V\u00e1s budeme informova\u0165 o novink\u00e1ch, na\u0161ej t\u00fd\u017edennej ponuke a akci\u00e1ch. <\/p>\n","protected":false},"excerpt":{"rendered":"<p>T\u00fd\u017edenne V\u00e1s budeme informova\u0165 o novink\u00e1ch, na\u0161ej t\u00fd\u017edennej ponuke a akci\u00e1ch.<\/p>\n","protected":false},"author":101,"featured_media":0,"parent":0,"menu_order":0,"comment_status":"closed","ping_status":"closed","template":"template-default-2.php","meta":{"footnotes":""},"class_list":["post-417","page","type-page","status-publish","hentry"],"yoast_head":"<!-- This site is optimized with the Yoast SEO plugin v27.3 - https:\/\/yoast.com\/product\/yoast-seo-wordpress\/ -->\n<title>Prihl\u00e1ste sa k odberu Newsletra - Villa Sandy City Park Resort -<\/title>\n<meta name=\"description\" content=\"T\u00fd\u017edenne V\u00e1s budeme informova\u0165 o novink\u00e1ch, na\u0161ej t\u00fd\u017edennej ponuke a akci\u00e1ch.\" \/>\n<meta name=\"robots\" content=\"index, follow, max-snippet:-1, max-image-preview:large, max-video-preview:-1\" \/>\n<link rel=\"canonical\" href=\"https:\/\/www.villasandyresort.com\/sk\/prihlaste-sa-k-odberu-newsletra\/\" \/>\n<meta property=\"og:locale\" content=\"sk_SK\" \/>\n<meta property=\"og:type\" content=\"article\" \/>\n<meta property=\"og:title\" content=\"Prihl\u00e1ste sa k odberu Newsletra - Villa Sandy City Park Resort -\" \/>\n<meta property=\"og:description\" content=\"T\u00fd\u017edenne V\u00e1s budeme informova\u0165 o novink\u00e1ch, na\u0161ej t\u00fd\u017edennej ponuke a akci\u00e1ch.\" \/>\n<meta property=\"og:url\" content=\"https:\/\/www.villasandyresort.com\/sk\/prihlaste-sa-k-odberu-newsletra\/\" \/>\n<meta property=\"og:site_name\" content=\"Villa Sandy City Park Resort\" \/>\n<meta property=\"article:modified_time\" content=\"2024-02-18T15:58:59+00:00\" \/>\n<meta name=\"twitter:card\" content=\"summary_large_image\" \/>\n<meta name=\"twitter:label1\" content=\"Predpokladan\u00fd \u010das \u010d\u00edtania\" \/>\n\t<meta name=\"twitter:data1\" content=\"1 min\u00fata\" \/>\n<script type=\"application\/ld+json\" class=\"yoast-schema-graph\">{\"@context\":\"https:\\\/\\\/schema.org\",\"@graph\":[{\"@type\":\"WebPage\",\"@id\":\"https:\\\/\\\/www.villasandyresort.com\\\/sk\\\/prihlaste-sa-k-odberu-newsletra\\\/\",\"url\":\"https:\\\/\\\/www.villasandyresort.com\\\/sk\\\/prihlaste-sa-k-odberu-newsletra\\\/\",\"name\":\"Prihl\u00e1ste sa k odberu Newsletra - Villa Sandy City Park Resort -\",\"isPartOf\":{\"@id\":\"https:\\\/\\\/www.villasandyresort.com\\\/sk\\\/#website\"},\"datePublished\":\"2024-02-16T19:10:20+00:00\",\"dateModified\":\"2024-02-18T15:58:59+00:00\",\"description\":\"T\u00fd\u017edenne V\u00e1s budeme informova\u0165 o novink\u00e1ch, na\u0161ej t\u00fd\u017edennej ponuke a akci\u00e1ch.\",\"breadcrumb\":{\"@id\":\"https:\\\/\\\/www.villasandyresort.com\\\/sk\\\/prihlaste-sa-k-odberu-newsletra\\\/#breadcrumb\"},\"inLanguage\":\"sk-SK\",\"potentialAction\":[{\"@type\":\"ReadAction\",\"target\":[\"https:\\\/\\\/www.villasandyresort.com\\\/sk\\\/prihlaste-sa-k-odberu-newsletra\\\/\"]}]},{\"@type\":\"BreadcrumbList\",\"@id\":\"https:\\\/\\\/www.villasandyresort.com\\\/sk\\\/prihlaste-sa-k-odberu-newsletra\\\/#breadcrumb\",\"itemListElement\":[{\"@type\":\"ListItem\",\"position\":1,\"name\":\"Home\",\"item\":\"https:\\\/\\\/www.villasandyresort.com\\\/sk\\\/\"},{\"@type\":\"ListItem\",\"position\":2,\"name\":\"Prihl\u00e1ste sa k odberu Newsletra\"}]},{\"@type\":\"WebSite\",\"@id\":\"https:\\\/\\\/www.villasandyresort.com\\\/sk\\\/#website\",\"url\":\"https:\\\/\\\/www.villasandyresort.com\\\/sk\\\/\",\"name\":\"Villa Sandy City Park Resort\",\"description\":\"\",\"potentialAction\":[{\"@type\":\"SearchAction\",\"target\":{\"@type\":\"EntryPoint\",\"urlTemplate\":\"https:\\\/\\\/www.villasandyresort.com\\\/sk\\\/?s={search_term_string}\"},\"query-input\":{\"@type\":\"PropertyValueSpecification\",\"valueRequired\":true,\"valueName\":\"search_term_string\"}}],\"inLanguage\":\"sk-SK\"}]}<\/script>\n<!-- \/ Yoast SEO plugin. -->","yoast_head_json":{"title":"Prihl\u00e1ste sa k odberu Newsletra - Villa Sandy City Park Resort -","description":"T\u00fd\u017edenne V\u00e1s budeme informova\u0165 o novink\u00e1ch, na\u0161ej t\u00fd\u017edennej ponuke a akci\u00e1ch.","robots":{"index":"index","follow":"follow","max-snippet":"max-snippet:-1","max-image-preview":"max-image-preview:large","max-video-preview":"max-video-preview:-1"},"canonical":"https:\/\/www.villasandyresort.com\/sk\/prihlaste-sa-k-odberu-newsletra\/","og_locale":"sk_SK","og_type":"article","og_title":"Prihl\u00e1ste sa k odberu Newsletra - Villa Sandy City Park Resort -","og_description":"T\u00fd\u017edenne V\u00e1s budeme informova\u0165 o novink\u00e1ch, na\u0161ej t\u00fd\u017edennej ponuke a akci\u00e1ch.","og_url":"https:\/\/www.villasandyresort.com\/sk\/prihlaste-sa-k-odberu-newsletra\/","og_site_name":"Villa Sandy City Park Resort","article_modified_time":"2024-02-18T15:58:59+00:00","twitter_card":"summary_large_image","twitter_misc":{"Predpokladan\u00fd \u010das \u010d\u00edtania":"1 min\u00fata"},"schema":{"@context":"https:\/\/schema.org","@graph":[{"@type":"WebPage","@id":"https:\/\/www.villasandyresort.com\/sk\/prihlaste-sa-k-odberu-newsletra\/","url":"https:\/\/www.villasandyresort.com\/sk\/prihlaste-sa-k-odberu-newsletra\/","name":"Prihl\u00e1ste sa k odberu Newsletra - Villa Sandy City Park Resort -","isPartOf":{"@id":"https:\/\/www.villasandyresort.com\/sk\/#website"},"datePublished":"2024-02-16T19:10:20+00:00","dateModified":"2024-02-18T15:58:59+00:00","description":"T\u00fd\u017edenne V\u00e1s budeme informova\u0165 o novink\u00e1ch, na\u0161ej t\u00fd\u017edennej ponuke a akci\u00e1ch.","breadcrumb":{"@id":"https:\/\/www.villasandyresort.com\/sk\/prihlaste-sa-k-odberu-newsletra\/#breadcrumb"},"inLanguage":"sk-SK","potentialAction":[{"@type":"ReadAction","target":["https:\/\/www.villasandyresort.com\/sk\/prihlaste-sa-k-odberu-newsletra\/"]}]},{"@type":"BreadcrumbList","@id":"https:\/\/www.villasandyresort.com\/sk\/prihlaste-sa-k-odberu-newsletra\/#breadcrumb","itemListElement":[{"@type":"ListItem","position":1,"name":"Home","item":"https:\/\/www.villasandyresort.com\/sk\/"},{"@type":"ListItem","position":2,"name":"Prihl\u00e1ste sa k odberu Newsletra"}]},{"@type":"WebSite","@id":"https:\/\/www.villasandyresort.com\/sk\/#website","url":"https:\/\/www.villasandyresort.com\/sk\/","name":"Villa Sandy City Park Resort","description":"","potentialAction":[{"@type":"SearchAction","target":{"@type":"EntryPoint","urlTemplate":"https:\/\/www.villasandyresort.com\/sk\/?s={search_term_string}"},"query-input":{"@type":"PropertyValueSpecification","valueRequired":true,"valueName":"search_term_string"}}],"inLanguage":"sk-SK"}]}},"acf":[],"_links":{"self":[{"href":"https:\/\/www.villasandyresort.com\/sk\/wp-json\/wp\/v2\/pages\/417","targetHints":{"allow":["GET"]}}],"collection":[{"href":"https:\/\/www.villasandyresort.com\/sk\/wp-json\/wp\/v2\/pages"}],"about":[{"href":"https:\/\/www.villasandyresort.com\/sk\/wp-json\/wp\/v2\/types\/page"}],"author":[{"embeddable":true,"href":"https:\/\/www.villasandyresort.com\/sk\/wp-json\/wp\/v2\/users\/101"}],"replies":[{"embeddable":true,"href":"https:\/\/www.villasandyresort.com\/sk\/wp-json\/wp\/v2\/comments?post=417"}],"version-history":[{"count":0,"href":"https:\/\/www.villasandyresort.com\/sk\/wp-json\/wp\/v2\/pages\/417\/revisions"}],"wp:attachment":[{"href":"https:\/\/www.villasandyresort.com\/sk\/wp-json\/wp\/v2\/media?parent=417"}],"curies":[{"name":"wp","href":"https:\/\/api.w.org\/{rel}","templated":true}]}}