{"id":411,"date":"2024-02-15T14:16:08","date_gmt":"2024-02-15T14:16:08","guid":{"rendered":"https:\/\/villa-sandy-city-park-resort.ms2.decms.eu\/?page_id=411"},"modified":"2024-07-24T10:39:31","modified_gmt":"2024-07-24T10:39:31","slug":"hodnoty","status":"publish","type":"page","link":"https:\/\/www.villasandyresort.com\/sk\/predstavenie\/hodnoty\/","title":{"rendered":"Hodnoty"},"content":{"rendered":"<p style=\"text-align: justify\">Rezort VILLA SANDY m\u00e1 amb\u00edciu sta\u0165 sa l\u00eddrom v segmente hospitality v regi\u00f3ne svojho p\u00f4sobenia, so servisom na eur\u00f3pskej \u00farovni. Vzh\u013eadom na na\u0161e vysok\u00e9 ciele kladieme sami na seba vysok\u00e9 n\u00e1roky.<\/p>\n<p style=\"text-align: justify\">Sme presved\u010den\u00ed, \u017ee \u00faspech nie je definovan\u00fd len ziskom, ale najm\u00e4 stopou, ktor\u00fa zanech\u00e1me v\u00a0spolo\u010dnosti. Budujeme na\u0161u reput\u00e1ciu na b\u00e1ze nad\u0161tandardnej starostlivosti o\u00a0na\u0161ich host\u00ed, vysokej kvality vz\u0165ahov s\u00a0nimi a\u00a0tie\u017e s na\u0161imi pracovn\u00edkmi \u010di\u00a0partnermi, ako i\u00a0z\u00a0na\u0161ej neut\u00edchaj\u00facej v\u00f4le o pozit\u00edvny vplyv na okolit\u00e9 prostredie, lok\u00e1lnu i\u00a0glob\u00e1lnu komunitu a\u00a0o skuto\u010dn\u00fa spolo\u010densk\u00fa zodpovednos\u0165.<\/p>\n<p style=\"text-align: justify\">K uskuto\u010dneniu tohto z\u00e1meru s\u00fa nevyhnutn\u00e9 jasn\u00e9 princ\u00edpy, zalo\u017een\u00e9 na na\u0161ich presved\u010deniach, ktor\u00e9 s\u00fa definovan\u00e9 na\u0161im K\u00f3dexom a implementovan\u00e9 do praxe nadv\u00e4zuj\u00facimi intern\u00fdmi normami Rezortu.<\/p>\n","protected":false},"excerpt":{"rendered":"<p>Rezort VILLA SANDY m\u00e1 amb\u00edciu sta\u0165 sa l\u00eddrom v segmente hospitality v regi\u00f3ne svojho p\u00f4sobenia, so servisom na eur\u00f3pskej \u00farovni. Vzh\u013eadom na na\u0161e vysok\u00e9 ciele kladieme sami na seba vysok\u00e9 n\u00e1roky. Sme presved\u010den\u00ed, \u017ee \u00faspech nie je definovan\u00fd len ziskom, ale najm\u00e4 stopou, ktor\u00fa zanech\u00e1me v\u00a0spolo\u010dnosti. Budujeme na\u0161u reput\u00e1ciu na b\u00e1ze nad\u0161tandardnej starostlivosti o\u00a0na\u0161ich host\u00ed, [&hellip;]<\/p>\n","protected":false},"author":101,"featured_media":0,"parent":50,"menu_order":5,"comment_status":"closed","ping_status":"closed","template":"template-default-2.php","meta":{"footnotes":""},"class_list":["post-411","page","type-page","status-publish","hentry"],"yoast_head":"<!-- This site is optimized with the Yoast SEO plugin v27.3 - https:\/\/yoast.com\/product\/yoast-seo-wordpress\/ -->\n<title>Hodnoty - Villa Sandy City Park Resort -<\/title>\n<meta name=\"description\" content=\"Rezort VILLA SANDY m\u00e1 amb\u00edciu sta\u0165 sa l\u00eddrom v segmente hospitality v regi\u00f3ne svojho p\u00f4sobenia, so servisom na eur\u00f3pskej \u00farovni. Vzh\u013eadom na na\u0161e vysok\u00e9 ciele kladieme sami na seba vysok\u00e9 n\u00e1roky. Sme presved\u010den\u00ed, \u017ee \u00faspech nie je definovan\u00fd len ziskom, ale najm\u00e4 stopou, ktor\u00fa zanech\u00e1me v\u00a0spolo\u010dnosti\" \/>\n<meta name=\"robots\" content=\"index, follow, max-snippet:-1, max-image-preview:large, max-video-preview:-1\" \/>\n<link rel=\"canonical\" href=\"https:\/\/www.villasandyresort.com\/sk\/predstavenie\/hodnoty\/\" \/>\n<meta property=\"og:locale\" content=\"sk_SK\" \/>\n<meta property=\"og:type\" content=\"article\" \/>\n<meta property=\"og:title\" content=\"Hodnoty - Villa Sandy City Park Resort -\" \/>\n<meta property=\"og:description\" content=\"Rezort VILLA SANDY m\u00e1 amb\u00edciu sta\u0165 sa l\u00eddrom v segmente hospitality v regi\u00f3ne svojho p\u00f4sobenia, so servisom na eur\u00f3pskej \u00farovni. Vzh\u013eadom na na\u0161e vysok\u00e9 ciele kladieme sami na seba vysok\u00e9 n\u00e1roky. Sme presved\u010den\u00ed, \u017ee \u00faspech nie je definovan\u00fd len ziskom, ale najm\u00e4 stopou, ktor\u00fa zanech\u00e1me v\u00a0spolo\u010dnosti\" \/>\n<meta property=\"og:url\" content=\"https:\/\/www.villasandyresort.com\/sk\/predstavenie\/hodnoty\/\" \/>\n<meta property=\"og:site_name\" content=\"Villa Sandy City Park Resort\" \/>\n<meta property=\"article:modified_time\" content=\"2024-07-24T10:39:31+00:00\" \/>\n<meta name=\"twitter:card\" content=\"summary_large_image\" \/>\n<meta name=\"twitter:label1\" content=\"Predpokladan\u00fd \u010das \u010d\u00edtania\" \/>\n\t<meta name=\"twitter:data1\" content=\"1 min\u00fata\" \/>\n<script type=\"application\/ld+json\" class=\"yoast-schema-graph\">{\"@context\":\"https:\\\/\\\/schema.org\",\"@graph\":[{\"@type\":\"WebPage\",\"@id\":\"https:\\\/\\\/www.villasandyresort.com\\\/sk\\\/predstavenie\\\/hodnoty\\\/\",\"url\":\"https:\\\/\\\/www.villasandyresort.com\\\/sk\\\/predstavenie\\\/hodnoty\\\/\",\"name\":\"Hodnoty - Villa Sandy City Park Resort -\",\"isPartOf\":{\"@id\":\"https:\\\/\\\/www.villasandyresort.com\\\/sk\\\/#website\"},\"datePublished\":\"2024-02-15T14:16:08+00:00\",\"dateModified\":\"2024-07-24T10:39:31+00:00\",\"description\":\"Rezort VILLA SANDY m\u00e1 amb\u00edciu sta\u0165 sa l\u00eddrom v segmente hospitality v regi\u00f3ne svojho p\u00f4sobenia, so servisom na eur\u00f3pskej \u00farovni. Vzh\u013eadom na na\u0161e vysok\u00e9 ciele kladieme sami na seba vysok\u00e9 n\u00e1roky. Sme presved\u010den\u00ed, \u017ee \u00faspech nie je definovan\u00fd len ziskom, ale najm\u00e4 stopou, ktor\u00fa zanech\u00e1me v\u00a0spolo\u010dnosti\",\"breadcrumb\":{\"@id\":\"https:\\\/\\\/www.villasandyresort.com\\\/sk\\\/predstavenie\\\/hodnoty\\\/#breadcrumb\"},\"inLanguage\":\"sk-SK\",\"potentialAction\":[{\"@type\":\"ReadAction\",\"target\":[\"https:\\\/\\\/www.villasandyresort.com\\\/sk\\\/predstavenie\\\/hodnoty\\\/\"]}]},{\"@type\":\"BreadcrumbList\",\"@id\":\"https:\\\/\\\/www.villasandyresort.com\\\/sk\\\/predstavenie\\\/hodnoty\\\/#breadcrumb\",\"itemListElement\":[{\"@type\":\"ListItem\",\"position\":1,\"name\":\"Home\",\"item\":\"https:\\\/\\\/www.villasandyresort.com\\\/sk\\\/\"},{\"@type\":\"ListItem\",\"position\":2,\"name\":\"Predstavenie\",\"item\":\"https:\\\/\\\/www.villasandyresort.com\\\/sk\\\/predstavenie\\\/\"},{\"@type\":\"ListItem\",\"position\":3,\"name\":\"Hodnoty\"}]},{\"@type\":\"WebSite\",\"@id\":\"https:\\\/\\\/www.villasandyresort.com\\\/sk\\\/#website\",\"url\":\"https:\\\/\\\/www.villasandyresort.com\\\/sk\\\/\",\"name\":\"Villa Sandy City Park Resort\",\"description\":\"\",\"potentialAction\":[{\"@type\":\"SearchAction\",\"target\":{\"@type\":\"EntryPoint\",\"urlTemplate\":\"https:\\\/\\\/www.villasandyresort.com\\\/sk\\\/?s={search_term_string}\"},\"query-input\":{\"@type\":\"PropertyValueSpecification\",\"valueRequired\":true,\"valueName\":\"search_term_string\"}}],\"inLanguage\":\"sk-SK\"}]}<\/script>\n<!-- \/ Yoast SEO plugin. -->","yoast_head_json":{"title":"Hodnoty - Villa Sandy City Park Resort -","description":"Rezort VILLA SANDY m\u00e1 amb\u00edciu sta\u0165 sa l\u00eddrom v segmente hospitality v regi\u00f3ne svojho p\u00f4sobenia, so servisom na eur\u00f3pskej \u00farovni. Vzh\u013eadom na na\u0161e vysok\u00e9 ciele kladieme sami na seba vysok\u00e9 n\u00e1roky. Sme presved\u010den\u00ed, \u017ee \u00faspech nie je definovan\u00fd len ziskom, ale najm\u00e4 stopou, ktor\u00fa zanech\u00e1me v\u00a0spolo\u010dnosti","robots":{"index":"index","follow":"follow","max-snippet":"max-snippet:-1","max-image-preview":"max-image-preview:large","max-video-preview":"max-video-preview:-1"},"canonical":"https:\/\/www.villasandyresort.com\/sk\/predstavenie\/hodnoty\/","og_locale":"sk_SK","og_type":"article","og_title":"Hodnoty - Villa Sandy City Park Resort -","og_description":"Rezort VILLA SANDY m\u00e1 amb\u00edciu sta\u0165 sa l\u00eddrom v segmente hospitality v regi\u00f3ne svojho p\u00f4sobenia, so servisom na eur\u00f3pskej \u00farovni. Vzh\u013eadom na na\u0161e vysok\u00e9 ciele kladieme sami na seba vysok\u00e9 n\u00e1roky. Sme presved\u010den\u00ed, \u017ee \u00faspech nie je definovan\u00fd len ziskom, ale najm\u00e4 stopou, ktor\u00fa zanech\u00e1me v\u00a0spolo\u010dnosti","og_url":"https:\/\/www.villasandyresort.com\/sk\/predstavenie\/hodnoty\/","og_site_name":"Villa Sandy City Park Resort","article_modified_time":"2024-07-24T10:39:31+00:00","twitter_card":"summary_large_image","twitter_misc":{"Predpokladan\u00fd \u010das \u010d\u00edtania":"1 min\u00fata"},"schema":{"@context":"https:\/\/schema.org","@graph":[{"@type":"WebPage","@id":"https:\/\/www.villasandyresort.com\/sk\/predstavenie\/hodnoty\/","url":"https:\/\/www.villasandyresort.com\/sk\/predstavenie\/hodnoty\/","name":"Hodnoty - Villa Sandy City Park Resort -","isPartOf":{"@id":"https:\/\/www.villasandyresort.com\/sk\/#website"},"datePublished":"2024-02-15T14:16:08+00:00","dateModified":"2024-07-24T10:39:31+00:00","description":"Rezort VILLA SANDY m\u00e1 amb\u00edciu sta\u0165 sa l\u00eddrom v segmente hospitality v regi\u00f3ne svojho p\u00f4sobenia, so servisom na eur\u00f3pskej \u00farovni. Vzh\u013eadom na na\u0161e vysok\u00e9 ciele kladieme sami na seba vysok\u00e9 n\u00e1roky. Sme presved\u010den\u00ed, \u017ee \u00faspech nie je definovan\u00fd len ziskom, ale najm\u00e4 stopou, ktor\u00fa zanech\u00e1me v\u00a0spolo\u010dnosti","breadcrumb":{"@id":"https:\/\/www.villasandyresort.com\/sk\/predstavenie\/hodnoty\/#breadcrumb"},"inLanguage":"sk-SK","potentialAction":[{"@type":"ReadAction","target":["https:\/\/www.villasandyresort.com\/sk\/predstavenie\/hodnoty\/"]}]},{"@type":"BreadcrumbList","@id":"https:\/\/www.villasandyresort.com\/sk\/predstavenie\/hodnoty\/#breadcrumb","itemListElement":[{"@type":"ListItem","position":1,"name":"Home","item":"https:\/\/www.villasandyresort.com\/sk\/"},{"@type":"ListItem","position":2,"name":"Predstavenie","item":"https:\/\/www.villasandyresort.com\/sk\/predstavenie\/"},{"@type":"ListItem","position":3,"name":"Hodnoty"}]},{"@type":"WebSite","@id":"https:\/\/www.villasandyresort.com\/sk\/#website","url":"https:\/\/www.villasandyresort.com\/sk\/","name":"Villa Sandy City Park Resort","description":"","potentialAction":[{"@type":"SearchAction","target":{"@type":"EntryPoint","urlTemplate":"https:\/\/www.villasandyresort.com\/sk\/?s={search_term_string}"},"query-input":{"@type":"PropertyValueSpecification","valueRequired":true,"valueName":"search_term_string"}}],"inLanguage":"sk-SK"}]}},"acf":[],"_links":{"self":[{"href":"https:\/\/www.villasandyresort.com\/sk\/wp-json\/wp\/v2\/pages\/411","targetHints":{"allow":["GET"]}}],"collection":[{"href":"https:\/\/www.villasandyresort.com\/sk\/wp-json\/wp\/v2\/pages"}],"about":[{"href":"https:\/\/www.villasandyresort.com\/sk\/wp-json\/wp\/v2\/types\/page"}],"author":[{"embeddable":true,"href":"https:\/\/www.villasandyresort.com\/sk\/wp-json\/wp\/v2\/users\/101"}],"replies":[{"embeddable":true,"href":"https:\/\/www.villasandyresort.com\/sk\/wp-json\/wp\/v2\/comments?post=411"}],"version-history":[{"count":0,"href":"https:\/\/www.villasandyresort.com\/sk\/wp-json\/wp\/v2\/pages\/411\/revisions"}],"up":[{"embeddable":true,"href":"https:\/\/www.villasandyresort.com\/sk\/wp-json\/wp\/v2\/pages\/50"}],"wp:attachment":[{"href":"https:\/\/www.villasandyresort.com\/sk\/wp-json\/wp\/v2\/media?parent=411"}],"curies":[{"name":"wp","href":"https:\/\/api.w.org\/{rel}","templated":true}]}}