{"id":2382,"date":"2026-03-10T14:23:41","date_gmt":"2026-03-10T14:23:41","guid":{"rendered":"https:\/\/www.villasandyresort.com\/?page_id=2382"},"modified":"2026-03-10T14:23:41","modified_gmt":"2026-03-10T14:23:41","slug":"emoti-half-day-breakfast-reservation","status":"publish","type":"page","link":"https:\/\/www.villasandyresort.com\/sk\/emoti-half-day-breakfast-reservation\/","title":{"rendered":"Emoti HALF-DAY BREAKFAST reservation"},"content":{"rendered":"<iframe loading=\"lazy\" src=\"https:\/\/www.bookiopro.com\/restauracia-emoti\/rs-widget?lang=en&amp;c1=79d9c3&amp;c2=fbf5f0&amp;c3=453a3a\" width=\"100%\" height=\"700\"><\/iframe>\n\n","protected":false},"excerpt":{"rendered":"","protected":false},"author":101,"featured_media":0,"parent":0,"menu_order":0,"comment_status":"closed","ping_status":"closed","template":"","meta":{"footnotes":""},"class_list":["post-2382","page","type-page","status-publish","hentry"],"yoast_head":"<!-- This site is optimized with the Yoast SEO plugin v27.3 - https:\/\/yoast.com\/product\/yoast-seo-wordpress\/ -->\n<title>Emoti HALF-DAY BREAKFAST reservation - Villa Sandy City Park Resort -<\/title>\n<meta name=\"description\" content=\"[iframe src=&quot;https:\/\/www.bookiopro.com\/restauracia-emoti\/rs-widget?lang=en&amp;c1=79d9c3&amp;c2=fbf5f0&amp;c3=453a3a&quot; width=&quot;100%&quot; height=&quot;700&quot;].\" \/>\n<meta name=\"robots\" content=\"index, follow, max-snippet:-1, max-image-preview:large, max-video-preview:-1\" \/>\n<link rel=\"canonical\" href=\"https:\/\/www.villasandyresort.com\/sk\/emoti-half-day-breakfast-reservation\/\" \/>\n<meta property=\"og:locale\" content=\"sk_SK\" \/>\n<meta property=\"og:type\" content=\"article\" \/>\n<meta property=\"og:title\" content=\"Emoti HALF-DAY BREAKFAST reservation - Villa Sandy City Park Resort -\" \/>\n<meta property=\"og:description\" content=\"[iframe src=&quot;https:\/\/www.bookiopro.com\/restauracia-emoti\/rs-widget?lang=en&amp;c1=79d9c3&amp;c2=fbf5f0&amp;c3=453a3a&quot; width=&quot;100%&quot; height=&quot;700&quot;].\" \/>\n<meta property=\"og:url\" content=\"https:\/\/www.villasandyresort.com\/sk\/emoti-half-day-breakfast-reservation\/\" \/>\n<meta property=\"og:site_name\" content=\"Villa Sandy City Park Resort\" \/>\n<meta name=\"twitter:card\" content=\"summary_large_image\" \/>\n<meta name=\"twitter:label1\" content=\"Predpokladan\u00fd \u010das \u010d\u00edtania\" \/>\n\t<meta name=\"twitter:data1\" content=\"1 min\u00fata\" \/>\n<script type=\"application\/ld+json\" class=\"yoast-schema-graph\">{\"@context\":\"https:\\\/\\\/schema.org\",\"@graph\":[{\"@type\":\"WebPage\",\"@id\":\"https:\\\/\\\/www.villasandyresort.com\\\/sk\\\/emoti-half-day-breakfast-reservation\\\/\",\"url\":\"https:\\\/\\\/www.villasandyresort.com\\\/sk\\\/emoti-half-day-breakfast-reservation\\\/\",\"name\":\"Emoti HALF-DAY BREAKFAST reservation - Villa Sandy City Park Resort -\",\"isPartOf\":{\"@id\":\"https:\\\/\\\/www.villasandyresort.com\\\/sk\\\/#website\"},\"datePublished\":\"2026-03-10T14:23:41+00:00\",\"description\":\"[iframe src=\\\"https:\\\/\\\/www.bookiopro.com\\\/restauracia-emoti\\\/rs-widget?lang=en&amp;c1=79d9c3&amp;c2=fbf5f0&amp;c3=453a3a\\\" width=\\\"100%\\\" height=\\\"700\\\"].\",\"breadcrumb\":{\"@id\":\"https:\\\/\\\/www.villasandyresort.com\\\/sk\\\/emoti-half-day-breakfast-reservation\\\/#breadcrumb\"},\"inLanguage\":\"sk-SK\",\"potentialAction\":[{\"@type\":\"ReadAction\",\"target\":[\"https:\\\/\\\/www.villasandyresort.com\\\/sk\\\/emoti-half-day-breakfast-reservation\\\/\"]}]},{\"@type\":\"BreadcrumbList\",\"@id\":\"https:\\\/\\\/www.villasandyresort.com\\\/sk\\\/emoti-half-day-breakfast-reservation\\\/#breadcrumb\",\"itemListElement\":[{\"@type\":\"ListItem\",\"position\":1,\"name\":\"Home\",\"item\":\"https:\\\/\\\/www.villasandyresort.com\\\/sk\\\/\"},{\"@type\":\"ListItem\",\"position\":2,\"name\":\"Emoti HALF-DAY BREAKFAST reservation\"}]},{\"@type\":\"WebSite\",\"@id\":\"https:\\\/\\\/www.villasandyresort.com\\\/sk\\\/#website\",\"url\":\"https:\\\/\\\/www.villasandyresort.com\\\/sk\\\/\",\"name\":\"Villa Sandy City Park Resort\",\"description\":\"\",\"potentialAction\":[{\"@type\":\"SearchAction\",\"target\":{\"@type\":\"EntryPoint\",\"urlTemplate\":\"https:\\\/\\\/www.villasandyresort.com\\\/sk\\\/?s={search_term_string}\"},\"query-input\":{\"@type\":\"PropertyValueSpecification\",\"valueRequired\":true,\"valueName\":\"search_term_string\"}}],\"inLanguage\":\"sk-SK\"}]}<\/script>\n<!-- \/ Yoast SEO plugin. -->","yoast_head_json":{"title":"Emoti HALF-DAY BREAKFAST reservation - Villa Sandy City Park Resort -","description":"[iframe src=\"https:\/\/www.bookiopro.com\/restauracia-emoti\/rs-widget?lang=en&amp;c1=79d9c3&amp;c2=fbf5f0&amp;c3=453a3a\" width=\"100%\" height=\"700\"].","robots":{"index":"index","follow":"follow","max-snippet":"max-snippet:-1","max-image-preview":"max-image-preview:large","max-video-preview":"max-video-preview:-1"},"canonical":"https:\/\/www.villasandyresort.com\/sk\/emoti-half-day-breakfast-reservation\/","og_locale":"sk_SK","og_type":"article","og_title":"Emoti HALF-DAY BREAKFAST reservation - Villa Sandy City Park Resort -","og_description":"[iframe src=\"https:\/\/www.bookiopro.com\/restauracia-emoti\/rs-widget?lang=en&amp;c1=79d9c3&amp;c2=fbf5f0&amp;c3=453a3a\" width=\"100%\" height=\"700\"].","og_url":"https:\/\/www.villasandyresort.com\/sk\/emoti-half-day-breakfast-reservation\/","og_site_name":"Villa Sandy City Park Resort","twitter_card":"summary_large_image","twitter_misc":{"Predpokladan\u00fd \u010das \u010d\u00edtania":"1 min\u00fata"},"schema":{"@context":"https:\/\/schema.org","@graph":[{"@type":"WebPage","@id":"https:\/\/www.villasandyresort.com\/sk\/emoti-half-day-breakfast-reservation\/","url":"https:\/\/www.villasandyresort.com\/sk\/emoti-half-day-breakfast-reservation\/","name":"Emoti HALF-DAY BREAKFAST reservation - Villa Sandy City Park Resort -","isPartOf":{"@id":"https:\/\/www.villasandyresort.com\/sk\/#website"},"datePublished":"2026-03-10T14:23:41+00:00","description":"[iframe src=\"https:\/\/www.bookiopro.com\/restauracia-emoti\/rs-widget?lang=en&amp;c1=79d9c3&amp;c2=fbf5f0&amp;c3=453a3a\" width=\"100%\" height=\"700\"].","breadcrumb":{"@id":"https:\/\/www.villasandyresort.com\/sk\/emoti-half-day-breakfast-reservation\/#breadcrumb"},"inLanguage":"sk-SK","potentialAction":[{"@type":"ReadAction","target":["https:\/\/www.villasandyresort.com\/sk\/emoti-half-day-breakfast-reservation\/"]}]},{"@type":"BreadcrumbList","@id":"https:\/\/www.villasandyresort.com\/sk\/emoti-half-day-breakfast-reservation\/#breadcrumb","itemListElement":[{"@type":"ListItem","position":1,"name":"Home","item":"https:\/\/www.villasandyresort.com\/sk\/"},{"@type":"ListItem","position":2,"name":"Emoti HALF-DAY BREAKFAST reservation"}]},{"@type":"WebSite","@id":"https:\/\/www.villasandyresort.com\/sk\/#website","url":"https:\/\/www.villasandyresort.com\/sk\/","name":"Villa Sandy City Park Resort","description":"","potentialAction":[{"@type":"SearchAction","target":{"@type":"EntryPoint","urlTemplate":"https:\/\/www.villasandyresort.com\/sk\/?s={search_term_string}"},"query-input":{"@type":"PropertyValueSpecification","valueRequired":true,"valueName":"search_term_string"}}],"inLanguage":"sk-SK"}]}},"acf":[],"_links":{"self":[{"href":"https:\/\/www.villasandyresort.com\/sk\/wp-json\/wp\/v2\/pages\/2382","targetHints":{"allow":["GET"]}}],"collection":[{"href":"https:\/\/www.villasandyresort.com\/sk\/wp-json\/wp\/v2\/pages"}],"about":[{"href":"https:\/\/www.villasandyresort.com\/sk\/wp-json\/wp\/v2\/types\/page"}],"author":[{"embeddable":true,"href":"https:\/\/www.villasandyresort.com\/sk\/wp-json\/wp\/v2\/users\/101"}],"replies":[{"embeddable":true,"href":"https:\/\/www.villasandyresort.com\/sk\/wp-json\/wp\/v2\/comments?post=2382"}],"version-history":[{"count":0,"href":"https:\/\/www.villasandyresort.com\/sk\/wp-json\/wp\/v2\/pages\/2382\/revisions"}],"wp:attachment":[{"href":"https:\/\/www.villasandyresort.com\/sk\/wp-json\/wp\/v2\/media?parent=2382"}],"curies":[{"name":"wp","href":"https:\/\/api.w.org\/{rel}","templated":true}]}}