{"id":2378,"date":"2026-03-10T14:08:54","date_gmt":"2026-03-10T14:08:54","guid":{"rendered":"https:\/\/www.villasandyresort.com\/?page_id=2378"},"modified":"2026-03-10T14:13:33","modified_gmt":"2026-03-10T14:13:33","slug":"emoti-a-la-carte-menu-rezervacia","status":"publish","type":"page","link":"https:\/\/www.villasandyresort.com\/sk\/emoti-a-la-carte-menu-rezervacia\/","title":{"rendered":"Emoti \u00c0 la CARTE MENU rezerv\u00e1cia"},"content":{"rendered":"<iframe loading=\"lazy\" src=\"https:\/\/www.bookiopro.com\/restauracia-emoti\/rs-widget?lang=sk&amp;c1=79d9c3&amp;c2=fbf5f0&amp;c3=453a3a\" width=\"100%\" height=\"700\"><\/iframe>\n\n","protected":false},"excerpt":{"rendered":"","protected":false},"author":101,"featured_media":0,"parent":0,"menu_order":0,"comment_status":"closed","ping_status":"closed","template":"","meta":{"footnotes":""},"class_list":["post-2378","page","type-page","status-publish","hentry"],"yoast_head":"<!-- This site is optimized with the Yoast SEO plugin v27.3 - https:\/\/yoast.com\/product\/yoast-seo-wordpress\/ -->\n<title>Emoti \u00c0 la CARTE MENU rezerv\u00e1cia - Villa Sandy City Park Resort -<\/title>\n<meta name=\"description\" content=\"[iframe src=&quot;https:\/\/www.bookiopro.com\/restauracia-emoti\/rs-widget?lang=sk&amp;c1=79d9c3&amp;c2=fbf5f0&amp;c3=453a3a&quot; width=&quot;100%&quot; height=&quot;700&quot;].\" \/>\n<meta name=\"robots\" content=\"index, follow, max-snippet:-1, max-image-preview:large, max-video-preview:-1\" \/>\n<link rel=\"canonical\" href=\"https:\/\/www.villasandyresort.com\/sk\/emoti-a-la-carte-menu-rezervacia\/\" \/>\n<meta property=\"og:locale\" content=\"sk_SK\" \/>\n<meta property=\"og:type\" content=\"article\" \/>\n<meta property=\"og:title\" content=\"Emoti \u00c0 la CARTE MENU rezerv\u00e1cia - Villa Sandy City Park Resort -\" \/>\n<meta property=\"og:description\" content=\"[iframe src=&quot;https:\/\/www.bookiopro.com\/restauracia-emoti\/rs-widget?lang=sk&amp;c1=79d9c3&amp;c2=fbf5f0&amp;c3=453a3a&quot; width=&quot;100%&quot; height=&quot;700&quot;].\" \/>\n<meta property=\"og:url\" content=\"https:\/\/www.villasandyresort.com\/sk\/emoti-a-la-carte-menu-rezervacia\/\" \/>\n<meta property=\"og:site_name\" content=\"Villa Sandy City Park Resort\" \/>\n<meta property=\"article:modified_time\" content=\"2026-03-10T14:13:33+00:00\" \/>\n<meta name=\"twitter:card\" content=\"summary_large_image\" \/>\n<meta name=\"twitter:label1\" content=\"Predpokladan\u00fd \u010das \u010d\u00edtania\" \/>\n\t<meta name=\"twitter:data1\" content=\"1 min\u00fata\" \/>\n<script type=\"application\/ld+json\" class=\"yoast-schema-graph\">{\"@context\":\"https:\\\/\\\/schema.org\",\"@graph\":[{\"@type\":\"WebPage\",\"@id\":\"https:\\\/\\\/www.villasandyresort.com\\\/sk\\\/emoti-a-la-carte-menu-rezervacia\\\/\",\"url\":\"https:\\\/\\\/www.villasandyresort.com\\\/sk\\\/emoti-a-la-carte-menu-rezervacia\\\/\",\"name\":\"Emoti \u00c0 la CARTE MENU rezerv\u00e1cia - Villa Sandy City Park Resort -\",\"isPartOf\":{\"@id\":\"https:\\\/\\\/www.villasandyresort.com\\\/sk\\\/#website\"},\"datePublished\":\"2026-03-10T14:08:54+00:00\",\"dateModified\":\"2026-03-10T14:13:33+00:00\",\"description\":\"[iframe src=\\\"https:\\\/\\\/www.bookiopro.com\\\/restauracia-emoti\\\/rs-widget?lang=sk&amp;c1=79d9c3&amp;c2=fbf5f0&amp;c3=453a3a\\\" width=\\\"100%\\\" height=\\\"700\\\"].\",\"breadcrumb\":{\"@id\":\"https:\\\/\\\/www.villasandyresort.com\\\/sk\\\/emoti-a-la-carte-menu-rezervacia\\\/#breadcrumb\"},\"inLanguage\":\"sk-SK\",\"potentialAction\":[{\"@type\":\"ReadAction\",\"target\":[\"https:\\\/\\\/www.villasandyresort.com\\\/sk\\\/emoti-a-la-carte-menu-rezervacia\\\/\"]}]},{\"@type\":\"BreadcrumbList\",\"@id\":\"https:\\\/\\\/www.villasandyresort.com\\\/sk\\\/emoti-a-la-carte-menu-rezervacia\\\/#breadcrumb\",\"itemListElement\":[{\"@type\":\"ListItem\",\"position\":1,\"name\":\"Home\",\"item\":\"https:\\\/\\\/www.villasandyresort.com\\\/sk\\\/\"},{\"@type\":\"ListItem\",\"position\":2,\"name\":\"Emoti \u00c0 la CARTE MENU rezerv\u00e1cia\"}]},{\"@type\":\"WebSite\",\"@id\":\"https:\\\/\\\/www.villasandyresort.com\\\/sk\\\/#website\",\"url\":\"https:\\\/\\\/www.villasandyresort.com\\\/sk\\\/\",\"name\":\"Villa Sandy City Park Resort\",\"description\":\"\",\"potentialAction\":[{\"@type\":\"SearchAction\",\"target\":{\"@type\":\"EntryPoint\",\"urlTemplate\":\"https:\\\/\\\/www.villasandyresort.com\\\/sk\\\/?s={search_term_string}\"},\"query-input\":{\"@type\":\"PropertyValueSpecification\",\"valueRequired\":true,\"valueName\":\"search_term_string\"}}],\"inLanguage\":\"sk-SK\"}]}<\/script>\n<!-- \/ Yoast SEO plugin. -->","yoast_head_json":{"title":"Emoti \u00c0 la CARTE MENU rezerv\u00e1cia - Villa Sandy City Park Resort -","description":"[iframe src=\"https:\/\/www.bookiopro.com\/restauracia-emoti\/rs-widget?lang=sk&amp;c1=79d9c3&amp;c2=fbf5f0&amp;c3=453a3a\" width=\"100%\" height=\"700\"].","robots":{"index":"index","follow":"follow","max-snippet":"max-snippet:-1","max-image-preview":"max-image-preview:large","max-video-preview":"max-video-preview:-1"},"canonical":"https:\/\/www.villasandyresort.com\/sk\/emoti-a-la-carte-menu-rezervacia\/","og_locale":"sk_SK","og_type":"article","og_title":"Emoti \u00c0 la CARTE MENU rezerv\u00e1cia - Villa Sandy City Park Resort -","og_description":"[iframe src=\"https:\/\/www.bookiopro.com\/restauracia-emoti\/rs-widget?lang=sk&amp;c1=79d9c3&amp;c2=fbf5f0&amp;c3=453a3a\" width=\"100%\" height=\"700\"].","og_url":"https:\/\/www.villasandyresort.com\/sk\/emoti-a-la-carte-menu-rezervacia\/","og_site_name":"Villa Sandy City Park Resort","article_modified_time":"2026-03-10T14:13:33+00:00","twitter_card":"summary_large_image","twitter_misc":{"Predpokladan\u00fd \u010das \u010d\u00edtania":"1 min\u00fata"},"schema":{"@context":"https:\/\/schema.org","@graph":[{"@type":"WebPage","@id":"https:\/\/www.villasandyresort.com\/sk\/emoti-a-la-carte-menu-rezervacia\/","url":"https:\/\/www.villasandyresort.com\/sk\/emoti-a-la-carte-menu-rezervacia\/","name":"Emoti \u00c0 la CARTE MENU rezerv\u00e1cia - Villa Sandy City Park Resort -","isPartOf":{"@id":"https:\/\/www.villasandyresort.com\/sk\/#website"},"datePublished":"2026-03-10T14:08:54+00:00","dateModified":"2026-03-10T14:13:33+00:00","description":"[iframe src=\"https:\/\/www.bookiopro.com\/restauracia-emoti\/rs-widget?lang=sk&amp;c1=79d9c3&amp;c2=fbf5f0&amp;c3=453a3a\" width=\"100%\" height=\"700\"].","breadcrumb":{"@id":"https:\/\/www.villasandyresort.com\/sk\/emoti-a-la-carte-menu-rezervacia\/#breadcrumb"},"inLanguage":"sk-SK","potentialAction":[{"@type":"ReadAction","target":["https:\/\/www.villasandyresort.com\/sk\/emoti-a-la-carte-menu-rezervacia\/"]}]},{"@type":"BreadcrumbList","@id":"https:\/\/www.villasandyresort.com\/sk\/emoti-a-la-carte-menu-rezervacia\/#breadcrumb","itemListElement":[{"@type":"ListItem","position":1,"name":"Home","item":"https:\/\/www.villasandyresort.com\/sk\/"},{"@type":"ListItem","position":2,"name":"Emoti \u00c0 la CARTE MENU rezerv\u00e1cia"}]},{"@type":"WebSite","@id":"https:\/\/www.villasandyresort.com\/sk\/#website","url":"https:\/\/www.villasandyresort.com\/sk\/","name":"Villa Sandy City Park Resort","description":"","potentialAction":[{"@type":"SearchAction","target":{"@type":"EntryPoint","urlTemplate":"https:\/\/www.villasandyresort.com\/sk\/?s={search_term_string}"},"query-input":{"@type":"PropertyValueSpecification","valueRequired":true,"valueName":"search_term_string"}}],"inLanguage":"sk-SK"}]}},"acf":[],"_links":{"self":[{"href":"https:\/\/www.villasandyresort.com\/sk\/wp-json\/wp\/v2\/pages\/2378","targetHints":{"allow":["GET"]}}],"collection":[{"href":"https:\/\/www.villasandyresort.com\/sk\/wp-json\/wp\/v2\/pages"}],"about":[{"href":"https:\/\/www.villasandyresort.com\/sk\/wp-json\/wp\/v2\/types\/page"}],"author":[{"embeddable":true,"href":"https:\/\/www.villasandyresort.com\/sk\/wp-json\/wp\/v2\/users\/101"}],"replies":[{"embeddable":true,"href":"https:\/\/www.villasandyresort.com\/sk\/wp-json\/wp\/v2\/comments?post=2378"}],"version-history":[{"count":0,"href":"https:\/\/www.villasandyresort.com\/sk\/wp-json\/wp\/v2\/pages\/2378\/revisions"}],"wp:attachment":[{"href":"https:\/\/www.villasandyresort.com\/sk\/wp-json\/wp\/v2\/media?parent=2378"}],"curies":[{"name":"wp","href":"https:\/\/api.w.org\/{rel}","templated":true}]}}