{"id":2363,"date":"2026-03-09T15:15:42","date_gmt":"2026-03-09T15:15:42","guid":{"rendered":"https:\/\/www.villasandyresort.com\/?page_id=2363"},"modified":"2026-03-09T15:15:30","modified_gmt":"2026-03-09T15:15:30","slug":"firemne-podujatia","status":"publish","type":"page","link":"https:\/\/www.villasandyresort.com\/sk\/eventy\/firemne-podujatia\/","title":{"rendered":"Firemn\u00e9 podujatia"},"content":{"rendered":"<p class=\"p1\">Firemn\u00e9 podujatia dnes znamenaj\u00fa viac ne\u017e len stretnutie pri stole.<\/p>\n<p class=\"p1\">S\u00fa pr\u00edle\u017eitos\u0165ou na v\u00fdmenu my\u0161lienok, posilnenie t\u00edmu a budovanie profesion\u00e1lnych vz\u0165ahov.<\/p>\n<p class=\"p1\">Rezort <span class=\"s1\"><b>VILLA SANDY<\/b><\/span> pon\u00faka elegantn\u00e9 priestory pre <span class=\"s1\"><b>firemn\u00e9 eventy, teambuildingy, kongresy a konferencie v Ko\u0161iciach<\/b><\/span>\u00a0v prostred\u00ed, ktor\u00e9 sp\u00e1ja profesionalitu s pr\u00edjemnou atmosf\u00e9rou rezortu.<\/p>\n<p class=\"p1\">Modern\u00e9 priestory, profesion\u00e1lne technick\u00e9 vybavenie, v\u00fdnimo\u010dn\u00e1 gastron\u00f3mia a individu\u00e1lny pr\u00edstup vytv\u00e1raj\u00fa ide\u00e1lne podmienky pre podujatia, ktor\u00e9 maj\u00fa svoj \u0161t\u00fdl aj prest\u00ed\u017e.<\/p>\n","protected":false},"excerpt":{"rendered":"<p>Firemn\u00e9 podujatia dnes znamenaj\u00fa viac ne\u017e len stretnutie pri stole. S\u00fa pr\u00edle\u017eitos\u0165ou na v\u00fdmenu my\u0161lienok, posilnenie t\u00edmu a budovanie profesion\u00e1lnych vz\u0165ahov. Rezort VILLA SANDY pon\u00faka elegantn\u00e9 priestory pre firemn\u00e9 eventy, teambuildingy, kongresy a konferencie v Ko\u0161iciach\u00a0v prostred\u00ed, ktor\u00e9 sp\u00e1ja profesionalitu s pr\u00edjemnou atmosf\u00e9rou rezortu. Modern\u00e9 priestory, profesion\u00e1lne technick\u00e9 vybavenie, v\u00fdnimo\u010dn\u00e1 gastron\u00f3mia a individu\u00e1lny pr\u00edstup vytv\u00e1raj\u00fa [&hellip;]<\/p>\n","protected":false},"author":101,"featured_media":0,"parent":124,"menu_order":0,"comment_status":"closed","ping_status":"closed","template":"template-default-4.php","meta":{"footnotes":""},"yoast_head":"<!-- This site is optimized with the Yoast SEO plugin v22.3 - https:\/\/yoast.com\/wordpress\/plugins\/seo\/ -->\n<title>Firemn\u00e9 podujatia - Villa Sandy City Park Resort -<\/title>\n<meta name=\"description\" content=\"Firemn\u00e9 podujatia dnes znamenaj\u00fa viac ne\u017e len stretnutie pri stole. S\u00fa pr\u00edle\u017eitos\u0165ou na v\u00fdmenu my\u0161lienok, posilnenie t\u00edmu a budovanie profesion\u00e1lnych vz\u0165ahov. Rezort VILLA SANDY pon\u00faka elegantn\u00e9 priestory pre firemn\u00e9 eventy, teambuildingy, kongresy a konferencie v Ko\u0161iciach\u00a0v prostred\u00ed, ktor\u00e9 sp\u00e1ja profesionalitu s pr\u00edjemnou atmosf\u00e9rou rezortu. Modern\u00e9 priestory, profesion\u00e1lne technick\u00e9 vybavenie, v\u00fdnimo\u010dn\u00e1 gastron\u00f3mia a individu\u00e1lny pr\u00edstup vytv\u00e1raj\u00fa ide\u00e1lne podmienky pre podujatia, ktor\u00e9 maj\u00fa svoj \u0161t\u00fdl aj prest\u00ed\u017e..\" \/>\n<meta name=\"robots\" content=\"index, follow, max-snippet:-1, max-image-preview:large, max-video-preview:-1\" \/>\n<link rel=\"canonical\" href=\"https:\/\/www.villasandyresort.com\/sk\/eventy\/firemne-podujatia\/\" \/>\n<meta property=\"og:locale\" content=\"sk_SK\" \/>\n<meta property=\"og:type\" content=\"article\" \/>\n<meta property=\"og:title\" content=\"Firemn\u00e9 podujatia - Villa Sandy City Park Resort -\" \/>\n<meta property=\"og:description\" content=\"Firemn\u00e9 podujatia dnes znamenaj\u00fa viac ne\u017e len stretnutie pri stole. S\u00fa pr\u00edle\u017eitos\u0165ou na v\u00fdmenu my\u0161lienok, posilnenie t\u00edmu a budovanie profesion\u00e1lnych vz\u0165ahov. Rezort VILLA SANDY pon\u00faka elegantn\u00e9 priestory pre firemn\u00e9 eventy, teambuildingy, kongresy a konferencie v Ko\u0161iciach\u00a0v prostred\u00ed, ktor\u00e9 sp\u00e1ja profesionalitu s pr\u00edjemnou atmosf\u00e9rou rezortu. Modern\u00e9 priestory, profesion\u00e1lne technick\u00e9 vybavenie, v\u00fdnimo\u010dn\u00e1 gastron\u00f3mia a individu\u00e1lny pr\u00edstup vytv\u00e1raj\u00fa ide\u00e1lne podmienky pre podujatia, ktor\u00e9 maj\u00fa svoj \u0161t\u00fdl aj prest\u00ed\u017e..\" \/>\n<meta property=\"og:url\" content=\"https:\/\/www.villasandyresort.com\/sk\/eventy\/firemne-podujatia\/\" \/>\n<meta property=\"og:site_name\" content=\"Villa Sandy City Park Resort\" \/>\n<meta property=\"article:modified_time\" content=\"2026-03-09T15:15:30+00:00\" \/>\n<meta name=\"twitter:card\" content=\"summary_large_image\" \/>\n<meta name=\"twitter:label1\" content=\"Predpokladan\u00fd \u010das \u010d\u00edtania\" \/>\n\t<meta name=\"twitter:data1\" content=\"1 min\u00fata\" \/>\n<script type=\"application\/ld+json\" class=\"yoast-schema-graph\">{\"@context\":\"https:\/\/schema.org\",\"@graph\":[{\"@type\":\"WebPage\",\"@id\":\"https:\/\/www.villasandyresort.com\/sk\/eventy\/firemne-podujatia\/\",\"url\":\"https:\/\/www.villasandyresort.com\/sk\/eventy\/firemne-podujatia\/\",\"name\":\"Firemn\u00e9 podujatia - Villa Sandy City Park Resort -\",\"isPartOf\":{\"@id\":\"https:\/\/www.villasandyresort.com\/sk\/#website\"},\"datePublished\":\"2026-03-09T15:15:42+00:00\",\"dateModified\":\"2026-03-09T15:15:30+00:00\",\"description\":\"Firemn\u00e9 podujatia dnes znamenaj\u00fa viac ne\u017e len stretnutie pri stole. S\u00fa pr\u00edle\u017eitos\u0165ou na v\u00fdmenu my\u0161lienok, posilnenie t\u00edmu a budovanie profesion\u00e1lnych vz\u0165ahov. Rezort VILLA SANDY pon\u00faka elegantn\u00e9 priestory pre firemn\u00e9 eventy, teambuildingy, kongresy a konferencie v Ko\u0161iciach\u00a0v prostred\u00ed, ktor\u00e9 sp\u00e1ja profesionalitu s pr\u00edjemnou atmosf\u00e9rou rezortu. Modern\u00e9 priestory, profesion\u00e1lne technick\u00e9 vybavenie, v\u00fdnimo\u010dn\u00e1 gastron\u00f3mia a individu\u00e1lny pr\u00edstup vytv\u00e1raj\u00fa ide\u00e1lne podmienky pre podujatia, ktor\u00e9 maj\u00fa svoj \u0161t\u00fdl aj prest\u00ed\u017e. .\",\"breadcrumb\":{\"@id\":\"https:\/\/www.villasandyresort.com\/sk\/eventy\/firemne-podujatia\/#breadcrumb\"},\"inLanguage\":\"sk-SK\",\"potentialAction\":[{\"@type\":\"ReadAction\",\"target\":[\"https:\/\/www.villasandyresort.com\/sk\/eventy\/firemne-podujatia\/\"]}]},{\"@type\":\"BreadcrumbList\",\"@id\":\"https:\/\/www.villasandyresort.com\/sk\/eventy\/firemne-podujatia\/#breadcrumb\",\"itemListElement\":[{\"@type\":\"ListItem\",\"position\":1,\"name\":\"Home\",\"item\":\"https:\/\/www.villasandyresort.com\/sk\/\"},{\"@type\":\"ListItem\",\"position\":2,\"name\":\"Eventy\",\"item\":\"https:\/\/www.villasandyresort.com\/sk\/eventy\/\"},{\"@type\":\"ListItem\",\"position\":3,\"name\":\"Firemn\u00e9 podujatia\"}]},{\"@type\":\"WebSite\",\"@id\":\"https:\/\/www.villasandyresort.com\/sk\/#website\",\"url\":\"https:\/\/www.villasandyresort.com\/sk\/\",\"name\":\"Villa Sandy City Park Resort\",\"description\":\"\",\"potentialAction\":[{\"@type\":\"SearchAction\",\"target\":{\"@type\":\"EntryPoint\",\"urlTemplate\":\"https:\/\/www.villasandyresort.com\/sk\/?s={search_term_string}\"},\"query-input\":\"required name=search_term_string\"}],\"inLanguage\":\"sk-SK\"}]}<\/script>\n<!-- \/ Yoast SEO plugin. -->","yoast_head_json":{"title":"Firemn\u00e9 podujatia - Villa Sandy City Park Resort -","description":"Firemn\u00e9 podujatia dnes znamenaj\u00fa viac ne\u017e len stretnutie pri stole. S\u00fa pr\u00edle\u017eitos\u0165ou na v\u00fdmenu my\u0161lienok, posilnenie t\u00edmu a budovanie profesion\u00e1lnych vz\u0165ahov. Rezort VILLA SANDY pon\u00faka elegantn\u00e9 priestory pre firemn\u00e9 eventy, teambuildingy, kongresy a konferencie v Ko\u0161iciach\u00a0v prostred\u00ed, ktor\u00e9 sp\u00e1ja profesionalitu s pr\u00edjemnou atmosf\u00e9rou rezortu. Modern\u00e9 priestory, profesion\u00e1lne technick\u00e9 vybavenie, v\u00fdnimo\u010dn\u00e1 gastron\u00f3mia a individu\u00e1lny pr\u00edstup vytv\u00e1raj\u00fa ide\u00e1lne podmienky pre podujatia, ktor\u00e9 maj\u00fa svoj \u0161t\u00fdl aj prest\u00ed\u017e..","robots":{"index":"index","follow":"follow","max-snippet":"max-snippet:-1","max-image-preview":"max-image-preview:large","max-video-preview":"max-video-preview:-1"},"canonical":"https:\/\/www.villasandyresort.com\/sk\/eventy\/firemne-podujatia\/","og_locale":"sk_SK","og_type":"article","og_title":"Firemn\u00e9 podujatia - Villa Sandy City Park Resort -","og_description":"Firemn\u00e9 podujatia dnes znamenaj\u00fa viac ne\u017e len stretnutie pri stole. S\u00fa pr\u00edle\u017eitos\u0165ou na v\u00fdmenu my\u0161lienok, posilnenie t\u00edmu a budovanie profesion\u00e1lnych vz\u0165ahov. Rezort VILLA SANDY pon\u00faka elegantn\u00e9 priestory pre firemn\u00e9 eventy, teambuildingy, kongresy a konferencie v Ko\u0161iciach\u00a0v prostred\u00ed, ktor\u00e9 sp\u00e1ja profesionalitu s pr\u00edjemnou atmosf\u00e9rou rezortu. Modern\u00e9 priestory, profesion\u00e1lne technick\u00e9 vybavenie, v\u00fdnimo\u010dn\u00e1 gastron\u00f3mia a individu\u00e1lny pr\u00edstup vytv\u00e1raj\u00fa ide\u00e1lne podmienky pre podujatia, ktor\u00e9 maj\u00fa svoj \u0161t\u00fdl aj prest\u00ed\u017e..","og_url":"https:\/\/www.villasandyresort.com\/sk\/eventy\/firemne-podujatia\/","og_site_name":"Villa Sandy City Park Resort","article_modified_time":"2026-03-09T15:15:30+00:00","twitter_card":"summary_large_image","twitter_misc":{"Predpokladan\u00fd \u010das \u010d\u00edtania":"1 min\u00fata"},"schema":{"@context":"https:\/\/schema.org","@graph":[{"@type":"WebPage","@id":"https:\/\/www.villasandyresort.com\/sk\/eventy\/firemne-podujatia\/","url":"https:\/\/www.villasandyresort.com\/sk\/eventy\/firemne-podujatia\/","name":"Firemn\u00e9 podujatia - Villa Sandy City Park Resort -","isPartOf":{"@id":"https:\/\/www.villasandyresort.com\/sk\/#website"},"datePublished":"2026-03-09T15:15:42+00:00","dateModified":"2026-03-09T15:15:30+00:00","description":"Firemn\u00e9 podujatia dnes znamenaj\u00fa viac ne\u017e len stretnutie pri stole. S\u00fa pr\u00edle\u017eitos\u0165ou na v\u00fdmenu my\u0161lienok, posilnenie t\u00edmu a budovanie profesion\u00e1lnych vz\u0165ahov. Rezort VILLA SANDY pon\u00faka elegantn\u00e9 priestory pre firemn\u00e9 eventy, teambuildingy, kongresy a konferencie v Ko\u0161iciach\u00a0v prostred\u00ed, ktor\u00e9 sp\u00e1ja profesionalitu s pr\u00edjemnou atmosf\u00e9rou rezortu. Modern\u00e9 priestory, profesion\u00e1lne technick\u00e9 vybavenie, v\u00fdnimo\u010dn\u00e1 gastron\u00f3mia a individu\u00e1lny pr\u00edstup vytv\u00e1raj\u00fa ide\u00e1lne podmienky pre podujatia, ktor\u00e9 maj\u00fa svoj \u0161t\u00fdl aj prest\u00ed\u017e. .","breadcrumb":{"@id":"https:\/\/www.villasandyresort.com\/sk\/eventy\/firemne-podujatia\/#breadcrumb"},"inLanguage":"sk-SK","potentialAction":[{"@type":"ReadAction","target":["https:\/\/www.villasandyresort.com\/sk\/eventy\/firemne-podujatia\/"]}]},{"@type":"BreadcrumbList","@id":"https:\/\/www.villasandyresort.com\/sk\/eventy\/firemne-podujatia\/#breadcrumb","itemListElement":[{"@type":"ListItem","position":1,"name":"Home","item":"https:\/\/www.villasandyresort.com\/sk\/"},{"@type":"ListItem","position":2,"name":"Eventy","item":"https:\/\/www.villasandyresort.com\/sk\/eventy\/"},{"@type":"ListItem","position":3,"name":"Firemn\u00e9 podujatia"}]},{"@type":"WebSite","@id":"https:\/\/www.villasandyresort.com\/sk\/#website","url":"https:\/\/www.villasandyresort.com\/sk\/","name":"Villa Sandy City Park Resort","description":"","potentialAction":[{"@type":"SearchAction","target":{"@type":"EntryPoint","urlTemplate":"https:\/\/www.villasandyresort.com\/sk\/?s={search_term_string}"},"query-input":"required name=search_term_string"}],"inLanguage":"sk-SK"}]}},"acf":[],"_links":{"self":[{"href":"https:\/\/www.villasandyresort.com\/sk\/wp-json\/wp\/v2\/pages\/2363"}],"collection":[{"href":"https:\/\/www.villasandyresort.com\/sk\/wp-json\/wp\/v2\/pages"}],"about":[{"href":"https:\/\/www.villasandyresort.com\/sk\/wp-json\/wp\/v2\/types\/page"}],"author":[{"embeddable":true,"href":"https:\/\/www.villasandyresort.com\/sk\/wp-json\/wp\/v2\/users\/101"}],"replies":[{"embeddable":true,"href":"https:\/\/www.villasandyresort.com\/sk\/wp-json\/wp\/v2\/comments?post=2363"}],"version-history":[{"count":0,"href":"https:\/\/www.villasandyresort.com\/sk\/wp-json\/wp\/v2\/pages\/2363\/revisions"}],"up":[{"embeddable":true,"href":"https:\/\/www.villasandyresort.com\/sk\/wp-json\/wp\/v2\/pages\/124"}],"wp:attachment":[{"href":"https:\/\/www.villasandyresort.com\/sk\/wp-json\/wp\/v2\/media?parent=2363"}],"curies":[{"name":"wp","href":"https:\/\/api.w.org\/{rel}","templated":true}]}}