{"id":2359,"date":"2026-03-09T15:16:03","date_gmt":"2026-03-09T15:16:03","guid":{"rendered":"https:\/\/www.villasandyresort.com\/?page_id=2359"},"modified":"2026-03-09T15:34:59","modified_gmt":"2026-03-09T15:34:59","slug":"sukromne-podujatia","status":"publish","type":"page","link":"https:\/\/www.villasandyresort.com\/sk\/eventy\/sukromne-podujatia\/","title":{"rendered":"S\u00fakromn\u00e9 podujatia"},"content":{"rendered":"<p class=\"p1\">Niektor\u00e9 okamihy si zasl\u00fa\u017eia viac ne\u017e len oslavu.<\/p>\n<p class=\"p1\">Zasl\u00fa\u017eia si atmosf\u00e9ru, ktor\u00e1 z nich vytvor\u00ed spomienky na cel\u00fd \u017eivot.<\/p>\n<p class=\"p1\">Rezort <span class=\"s1\"><b>VILLA SANDY<\/b><\/span> pon\u00faka elegantn\u00e9 priestory pre <span class=\"s1\"><b>svadby, rodinn\u00e9 oslavy, jubile\u00e1 a s\u00fakromn\u00e9 podujatia<\/b><\/span> v jedine\u010dnom prostred\u00ed, kde sa stret\u00e1va pr\u00edjemn\u00e1 atmosf\u00e9ra, v\u00fdnimo\u010dn\u00e1 gastron\u00f3mia a profesion\u00e1lny servis.<\/p>\n<p class=\"p1\">\u010ci u\u017e pl\u00e1nujete romantick\u00fa svadbu, oslavu naroden\u00edn, jubileum alebo komorn\u00e9 rodinn\u00e9 stretnutie, vo VILLA SANDY v\u00e1m pom\u00f4\u017eeme vytvori\u0165 podujatie presne pod\u013ea va\u0161ich predst\u00e1v.<\/p>\n","protected":false},"excerpt":{"rendered":"<p>Niektor\u00e9 okamihy si zasl\u00fa\u017eia viac ne\u017e len oslavu. Zasl\u00fa\u017eia si atmosf\u00e9ru, ktor\u00e1 z nich vytvor\u00ed spomienky na cel\u00fd \u017eivot. Rezort VILLA SANDY pon\u00faka elegantn\u00e9 priestory pre svadby, rodinn\u00e9 oslavy, jubile\u00e1 a s\u00fakromn\u00e9 podujatia v jedine\u010dnom prostred\u00ed, kde sa stret\u00e1va pr\u00edjemn\u00e1 atmosf\u00e9ra, v\u00fdnimo\u010dn\u00e1 gastron\u00f3mia a profesion\u00e1lny servis. \u010ci u\u017e pl\u00e1nujete romantick\u00fa svadbu, oslavu naroden\u00edn, jubileum alebo [&hellip;]<\/p>\n","protected":false},"author":101,"featured_media":0,"parent":124,"menu_order":0,"comment_status":"closed","ping_status":"closed","template":"template-default-4.php","meta":{"footnotes":""},"yoast_head":"<!-- This site is optimized with the Yoast SEO plugin v22.3 - https:\/\/yoast.com\/wordpress\/plugins\/seo\/ -->\n<title>S\u00fakromn\u00e9 podujatia - Villa Sandy City Park Resort -<\/title>\n<meta name=\"description\" content=\"Niektor\u00e9 okamihy si zasl\u00fa\u017eia viac ne\u017e len oslavu. Zasl\u00fa\u017eia si atmosf\u00e9ru, ktor\u00e1 z nich vytvor\u00ed spomienky na cel\u00fd \u017eivot. Rezort VILLA SANDY pon\u00faka elegantn\u00e9 priestory pre svadby, rodinn\u00e9 oslavy, jubile\u00e1 a s\u00fakromn\u00e9 podujatia v jedine\u010dnom prostred\u00ed, kde sa stret\u00e1va pr\u00edjemn\u00e1 atmosf\u00e9ra, v\u00fdnimo\u010dn\u00e1 gastron\u00f3mia a profesion\u00e1lny servis. \u010ci u\u017e pl\u00e1nujete romantick\u00fa svadbu, oslavu naroden\u00edn, jubileum alebo komorn\u00e9 rodinn\u00e9 stretnutie, vo VILLA SANDY v\u00e1m pom\u00f4\u017eeme vytvori\u0165 podujatie presne pod\u013ea va\u0161ich predst\u00e1v..\" \/>\n<meta name=\"robots\" content=\"index, follow, max-snippet:-1, max-image-preview:large, max-video-preview:-1\" \/>\n<link rel=\"canonical\" href=\"https:\/\/www.villasandyresort.com\/sk\/eventy\/sukromne-podujatia\/\" \/>\n<meta property=\"og:locale\" content=\"sk_SK\" \/>\n<meta property=\"og:type\" content=\"article\" \/>\n<meta property=\"og:title\" content=\"S\u00fakromn\u00e9 podujatia - Villa Sandy City Park Resort -\" \/>\n<meta property=\"og:description\" content=\"Niektor\u00e9 okamihy si zasl\u00fa\u017eia viac ne\u017e len oslavu. Zasl\u00fa\u017eia si atmosf\u00e9ru, ktor\u00e1 z nich vytvor\u00ed spomienky na cel\u00fd \u017eivot. Rezort VILLA SANDY pon\u00faka elegantn\u00e9 priestory pre svadby, rodinn\u00e9 oslavy, jubile\u00e1 a s\u00fakromn\u00e9 podujatia v jedine\u010dnom prostred\u00ed, kde sa stret\u00e1va pr\u00edjemn\u00e1 atmosf\u00e9ra, v\u00fdnimo\u010dn\u00e1 gastron\u00f3mia a profesion\u00e1lny servis. \u010ci u\u017e pl\u00e1nujete romantick\u00fa svadbu, oslavu naroden\u00edn, jubileum alebo komorn\u00e9 rodinn\u00e9 stretnutie, vo VILLA SANDY v\u00e1m pom\u00f4\u017eeme vytvori\u0165 podujatie presne pod\u013ea va\u0161ich predst\u00e1v..\" \/>\n<meta property=\"og:url\" content=\"https:\/\/www.villasandyresort.com\/sk\/eventy\/sukromne-podujatia\/\" \/>\n<meta property=\"og:site_name\" content=\"Villa Sandy City Park Resort\" \/>\n<meta property=\"article:modified_time\" content=\"2026-03-09T15:34:59+00:00\" \/>\n<meta name=\"twitter:card\" content=\"summary_large_image\" \/>\n<meta name=\"twitter:label1\" content=\"Predpokladan\u00fd \u010das \u010d\u00edtania\" \/>\n\t<meta name=\"twitter:data1\" content=\"1 min\u00fata\" \/>\n<script type=\"application\/ld+json\" class=\"yoast-schema-graph\">{\"@context\":\"https:\/\/schema.org\",\"@graph\":[{\"@type\":\"WebPage\",\"@id\":\"https:\/\/www.villasandyresort.com\/sk\/eventy\/sukromne-podujatia\/\",\"url\":\"https:\/\/www.villasandyresort.com\/sk\/eventy\/sukromne-podujatia\/\",\"name\":\"S\u00fakromn\u00e9 podujatia - Villa Sandy City Park Resort -\",\"isPartOf\":{\"@id\":\"https:\/\/www.villasandyresort.com\/sk\/#website\"},\"datePublished\":\"2026-03-09T15:16:03+00:00\",\"dateModified\":\"2026-03-09T15:34:59+00:00\",\"description\":\"Niektor\u00e9 okamihy si zasl\u00fa\u017eia viac ne\u017e len oslavu. Zasl\u00fa\u017eia si atmosf\u00e9ru, ktor\u00e1 z nich vytvor\u00ed spomienky na cel\u00fd \u017eivot. Rezort VILLA SANDY pon\u00faka elegantn\u00e9 priestory pre svadby, rodinn\u00e9 oslavy, jubile\u00e1 a s\u00fakromn\u00e9 podujatia v jedine\u010dnom prostred\u00ed, kde sa stret\u00e1va pr\u00edjemn\u00e1 atmosf\u00e9ra, v\u00fdnimo\u010dn\u00e1 gastron\u00f3mia a profesion\u00e1lny servis. \u010ci u\u017e pl\u00e1nujete romantick\u00fa svadbu, oslavu naroden\u00edn, jubileum alebo komorn\u00e9 rodinn\u00e9 stretnutie, vo VILLA SANDY v\u00e1m pom\u00f4\u017eeme vytvori\u0165 podujatie presne pod\u013ea va\u0161ich predst\u00e1v. .\",\"breadcrumb\":{\"@id\":\"https:\/\/www.villasandyresort.com\/sk\/eventy\/sukromne-podujatia\/#breadcrumb\"},\"inLanguage\":\"sk-SK\",\"potentialAction\":[{\"@type\":\"ReadAction\",\"target\":[\"https:\/\/www.villasandyresort.com\/sk\/eventy\/sukromne-podujatia\/\"]}]},{\"@type\":\"BreadcrumbList\",\"@id\":\"https:\/\/www.villasandyresort.com\/sk\/eventy\/sukromne-podujatia\/#breadcrumb\",\"itemListElement\":[{\"@type\":\"ListItem\",\"position\":1,\"name\":\"Home\",\"item\":\"https:\/\/www.villasandyresort.com\/sk\/\"},{\"@type\":\"ListItem\",\"position\":2,\"name\":\"Eventy\",\"item\":\"https:\/\/www.villasandyresort.com\/sk\/eventy\/\"},{\"@type\":\"ListItem\",\"position\":3,\"name\":\"S\u00fakromn\u00e9 podujatia\"}]},{\"@type\":\"WebSite\",\"@id\":\"https:\/\/www.villasandyresort.com\/sk\/#website\",\"url\":\"https:\/\/www.villasandyresort.com\/sk\/\",\"name\":\"Villa Sandy City Park Resort\",\"description\":\"\",\"potentialAction\":[{\"@type\":\"SearchAction\",\"target\":{\"@type\":\"EntryPoint\",\"urlTemplate\":\"https:\/\/www.villasandyresort.com\/sk\/?s={search_term_string}\"},\"query-input\":\"required name=search_term_string\"}],\"inLanguage\":\"sk-SK\"}]}<\/script>\n<!-- \/ Yoast SEO plugin. -->","yoast_head_json":{"title":"S\u00fakromn\u00e9 podujatia - Villa Sandy City Park Resort -","description":"Niektor\u00e9 okamihy si zasl\u00fa\u017eia viac ne\u017e len oslavu. Zasl\u00fa\u017eia si atmosf\u00e9ru, ktor\u00e1 z nich vytvor\u00ed spomienky na cel\u00fd \u017eivot. Rezort VILLA SANDY pon\u00faka elegantn\u00e9 priestory pre svadby, rodinn\u00e9 oslavy, jubile\u00e1 a s\u00fakromn\u00e9 podujatia v jedine\u010dnom prostred\u00ed, kde sa stret\u00e1va pr\u00edjemn\u00e1 atmosf\u00e9ra, v\u00fdnimo\u010dn\u00e1 gastron\u00f3mia a profesion\u00e1lny servis. \u010ci u\u017e pl\u00e1nujete romantick\u00fa svadbu, oslavu naroden\u00edn, jubileum alebo komorn\u00e9 rodinn\u00e9 stretnutie, vo VILLA SANDY v\u00e1m pom\u00f4\u017eeme vytvori\u0165 podujatie presne pod\u013ea va\u0161ich predst\u00e1v..","robots":{"index":"index","follow":"follow","max-snippet":"max-snippet:-1","max-image-preview":"max-image-preview:large","max-video-preview":"max-video-preview:-1"},"canonical":"https:\/\/www.villasandyresort.com\/sk\/eventy\/sukromne-podujatia\/","og_locale":"sk_SK","og_type":"article","og_title":"S\u00fakromn\u00e9 podujatia - Villa Sandy City Park Resort -","og_description":"Niektor\u00e9 okamihy si zasl\u00fa\u017eia viac ne\u017e len oslavu. Zasl\u00fa\u017eia si atmosf\u00e9ru, ktor\u00e1 z nich vytvor\u00ed spomienky na cel\u00fd \u017eivot. Rezort VILLA SANDY pon\u00faka elegantn\u00e9 priestory pre svadby, rodinn\u00e9 oslavy, jubile\u00e1 a s\u00fakromn\u00e9 podujatia v jedine\u010dnom prostred\u00ed, kde sa stret\u00e1va pr\u00edjemn\u00e1 atmosf\u00e9ra, v\u00fdnimo\u010dn\u00e1 gastron\u00f3mia a profesion\u00e1lny servis. \u010ci u\u017e pl\u00e1nujete romantick\u00fa svadbu, oslavu naroden\u00edn, jubileum alebo komorn\u00e9 rodinn\u00e9 stretnutie, vo VILLA SANDY v\u00e1m pom\u00f4\u017eeme vytvori\u0165 podujatie presne pod\u013ea va\u0161ich predst\u00e1v..","og_url":"https:\/\/www.villasandyresort.com\/sk\/eventy\/sukromne-podujatia\/","og_site_name":"Villa Sandy City Park Resort","article_modified_time":"2026-03-09T15:34:59+00:00","twitter_card":"summary_large_image","twitter_misc":{"Predpokladan\u00fd \u010das \u010d\u00edtania":"1 min\u00fata"},"schema":{"@context":"https:\/\/schema.org","@graph":[{"@type":"WebPage","@id":"https:\/\/www.villasandyresort.com\/sk\/eventy\/sukromne-podujatia\/","url":"https:\/\/www.villasandyresort.com\/sk\/eventy\/sukromne-podujatia\/","name":"S\u00fakromn\u00e9 podujatia - Villa Sandy City Park Resort -","isPartOf":{"@id":"https:\/\/www.villasandyresort.com\/sk\/#website"},"datePublished":"2026-03-09T15:16:03+00:00","dateModified":"2026-03-09T15:34:59+00:00","description":"Niektor\u00e9 okamihy si zasl\u00fa\u017eia viac ne\u017e len oslavu. Zasl\u00fa\u017eia si atmosf\u00e9ru, ktor\u00e1 z nich vytvor\u00ed spomienky na cel\u00fd \u017eivot. Rezort VILLA SANDY pon\u00faka elegantn\u00e9 priestory pre svadby, rodinn\u00e9 oslavy, jubile\u00e1 a s\u00fakromn\u00e9 podujatia v jedine\u010dnom prostred\u00ed, kde sa stret\u00e1va pr\u00edjemn\u00e1 atmosf\u00e9ra, v\u00fdnimo\u010dn\u00e1 gastron\u00f3mia a profesion\u00e1lny servis. \u010ci u\u017e pl\u00e1nujete romantick\u00fa svadbu, oslavu naroden\u00edn, jubileum alebo komorn\u00e9 rodinn\u00e9 stretnutie, vo VILLA SANDY v\u00e1m pom\u00f4\u017eeme vytvori\u0165 podujatie presne pod\u013ea va\u0161ich predst\u00e1v. .","breadcrumb":{"@id":"https:\/\/www.villasandyresort.com\/sk\/eventy\/sukromne-podujatia\/#breadcrumb"},"inLanguage":"sk-SK","potentialAction":[{"@type":"ReadAction","target":["https:\/\/www.villasandyresort.com\/sk\/eventy\/sukromne-podujatia\/"]}]},{"@type":"BreadcrumbList","@id":"https:\/\/www.villasandyresort.com\/sk\/eventy\/sukromne-podujatia\/#breadcrumb","itemListElement":[{"@type":"ListItem","position":1,"name":"Home","item":"https:\/\/www.villasandyresort.com\/sk\/"},{"@type":"ListItem","position":2,"name":"Eventy","item":"https:\/\/www.villasandyresort.com\/sk\/eventy\/"},{"@type":"ListItem","position":3,"name":"S\u00fakromn\u00e9 podujatia"}]},{"@type":"WebSite","@id":"https:\/\/www.villasandyresort.com\/sk\/#website","url":"https:\/\/www.villasandyresort.com\/sk\/","name":"Villa Sandy City Park Resort","description":"","potentialAction":[{"@type":"SearchAction","target":{"@type":"EntryPoint","urlTemplate":"https:\/\/www.villasandyresort.com\/sk\/?s={search_term_string}"},"query-input":"required name=search_term_string"}],"inLanguage":"sk-SK"}]}},"acf":[],"_links":{"self":[{"href":"https:\/\/www.villasandyresort.com\/sk\/wp-json\/wp\/v2\/pages\/2359"}],"collection":[{"href":"https:\/\/www.villasandyresort.com\/sk\/wp-json\/wp\/v2\/pages"}],"about":[{"href":"https:\/\/www.villasandyresort.com\/sk\/wp-json\/wp\/v2\/types\/page"}],"author":[{"embeddable":true,"href":"https:\/\/www.villasandyresort.com\/sk\/wp-json\/wp\/v2\/users\/101"}],"replies":[{"embeddable":true,"href":"https:\/\/www.villasandyresort.com\/sk\/wp-json\/wp\/v2\/comments?post=2359"}],"version-history":[{"count":0,"href":"https:\/\/www.villasandyresort.com\/sk\/wp-json\/wp\/v2\/pages\/2359\/revisions"}],"up":[{"embeddable":true,"href":"https:\/\/www.villasandyresort.com\/sk\/wp-json\/wp\/v2\/pages\/124"}],"wp:attachment":[{"href":"https:\/\/www.villasandyresort.com\/sk\/wp-json\/wp\/v2\/media?parent=2359"}],"curies":[{"name":"wp","href":"https:\/\/api.w.org\/{rel}","templated":true}]}}