{"id":2299,"date":"2026-02-19T15:32:20","date_gmt":"2026-02-19T15:32:20","guid":{"rendered":"https:\/\/www.villasandyresort.com\/?page_id=2299"},"modified":"2026-03-10T13:53:45","modified_gmt":"2026-03-10T13:53:45","slug":"business-priestory","status":"publish","type":"page","link":"https:\/\/www.villasandyresort.com\/sk\/eventy\/business-priestory\/","title":{"rendered":"Business priestory"},"content":{"rendered":"<p class=\"p1\">Rezort <strong>VILLA SANDY<\/strong> pon\u00faka <strong>modern\u00e9 konferen\u010dn\u00e9 a meetingov\u00e9 priestory<\/strong> ide\u00e1lne pre firemn\u00e9 stretnutia, porady, \u0161kolenia, prezent\u00e1cie aj men\u0161ie workshopy v pokojnom a reprezentat\u00edvnom prostred\u00ed. Priestory s\u00fa vybaven\u00e9 kvalitnou prezenta\u010dnou technikou, umo\u017e\u0148uj\u00fa variabiln\u00e9 usporiadanie sedenia pod\u013ea potrieb podujatia, poskytuj\u00fa vysokor\u00fdchlostn\u00e9 Wi-Fi pripojenie a klimatiz\u00e1ciu pre maxim\u00e1lny komfort \u00fa\u010dastn\u00edkov.<\/p>\n<p class=\"p1\">S\u00fa\u010das\u0165ou rezortu je podzemn\u00e9 parkovisko s kapacitou 90 parkovac\u00edch miest, ktor\u00e9 zabezpe\u010duje pohodln\u00fd pr\u00edstup pre firemn\u00fdch host\u00ed aj organiz\u00e1torov podujat\u00ed.<\/p>\n<p class=\"p1\">Pre konferencie a firemn\u00e9 akcie je pripraven\u00e1 profesion\u00e1lna banketov\u00e1 a coffee break ponuka s d\u00f4razom na kvalitu a sez\u00f3nnos\u0165 surov\u00edn. K dispoz\u00edcii s\u00fa coffee break bal\u00edky, serv\u00edrovan\u00e9 menu aj banketov\u00e9 rie\u0161enia na mieru pod\u013ea charakteru podujatia.<\/p>\n","protected":false},"excerpt":{"rendered":"<p>Rezort VILLA SANDY pon\u00faka modern\u00e9 konferen\u010dn\u00e9 a meetingov\u00e9 priestory ide\u00e1lne pre firemn\u00e9 stretnutia, porady, \u0161kolenia, prezent\u00e1cie aj men\u0161ie workshopy v pokojnom a reprezentat\u00edvnom prostred\u00ed. Priestory s\u00fa vybaven\u00e9 kvalitnou prezenta\u010dnou technikou, umo\u017e\u0148uj\u00fa variabiln\u00e9 usporiadanie sedenia pod\u013ea potrieb podujatia, poskytuj\u00fa vysokor\u00fdchlostn\u00e9 Wi-Fi pripojenie a klimatiz\u00e1ciu pre maxim\u00e1lny komfort \u00fa\u010dastn\u00edkov. S\u00fa\u010das\u0165ou rezortu je podzemn\u00e9 parkovisko s kapacitou 90 [&hellip;]<\/p>\n","protected":false},"author":101,"featured_media":0,"parent":124,"menu_order":0,"comment_status":"closed","ping_status":"closed","template":"template-default-4.php","meta":{"footnotes":""},"yoast_head":"<!-- This site is optimized with the Yoast SEO plugin v22.3 - https:\/\/yoast.com\/wordpress\/plugins\/seo\/ -->\n<title>Business priestory - Villa Sandy City Park Resort -<\/title>\n<meta name=\"description\" content=\"Rezort VILLA SANDY pon\u00faka modern\u00e9 konferen\u010dn\u00e9 a meetingov\u00e9 priestory ide\u00e1lne pre firemn\u00e9 stretnutia, porady, \u0161kolenia, prezent\u00e1cie aj men\u0161ie workshopy v pokojnom a reprezentat\u00edvnom prostred\u00ed. Priestory s\u00fa vybaven\u00e9 kvalitnou prezenta\u010dnou technikou, umo\u017e\u0148uj\u00fa variabiln\u00e9 usporiadanie sedenia pod\u013ea potrieb podujatia, poskytuj\u00fa vysokor\u00fdchlostn\u00e9 Wi-Fi pripojenie a klimatiz\u00e1ciu pre maxim\u00e1lny komfort \u00fa\u010dastn\u00edkov. S\u00fa\u010das\u0165ou rezortu je podzemn\u00e9 parkovisko s kapacitou 90 parkovac\u00edch miest, ktor\u00e9 zabezpe\u010duje pohodln\u00fd pr\u00edstup pre firemn\u00fdch host\u00ed aj organiz\u00e1torov podujat\u00ed. Pre konferencie a firemn\u00e9 akcie je pripraven\u00e1 profesion\u00e1lna banketov\u00e1 a coffee break ponuka s d\u00f4razom na kvalitu a sez\u00f3nnos\u0165 surov\u00edn\" \/>\n<meta name=\"robots\" content=\"index, follow, max-snippet:-1, max-image-preview:large, max-video-preview:-1\" \/>\n<link rel=\"canonical\" href=\"https:\/\/www.villasandyresort.com\/sk\/eventy\/business-priestory\/\" \/>\n<meta property=\"og:locale\" content=\"sk_SK\" \/>\n<meta property=\"og:type\" content=\"article\" \/>\n<meta property=\"og:title\" content=\"Business priestory - Villa Sandy City Park Resort -\" \/>\n<meta property=\"og:description\" content=\"Rezort VILLA SANDY pon\u00faka modern\u00e9 konferen\u010dn\u00e9 a meetingov\u00e9 priestory ide\u00e1lne pre firemn\u00e9 stretnutia, porady, \u0161kolenia, prezent\u00e1cie aj men\u0161ie workshopy v pokojnom a reprezentat\u00edvnom prostred\u00ed. Priestory s\u00fa vybaven\u00e9 kvalitnou prezenta\u010dnou technikou, umo\u017e\u0148uj\u00fa variabiln\u00e9 usporiadanie sedenia pod\u013ea potrieb podujatia, poskytuj\u00fa vysokor\u00fdchlostn\u00e9 Wi-Fi pripojenie a klimatiz\u00e1ciu pre maxim\u00e1lny komfort \u00fa\u010dastn\u00edkov. S\u00fa\u010das\u0165ou rezortu je podzemn\u00e9 parkovisko s kapacitou 90 parkovac\u00edch miest, ktor\u00e9 zabezpe\u010duje pohodln\u00fd pr\u00edstup pre firemn\u00fdch host\u00ed aj organiz\u00e1torov podujat\u00ed. Pre konferencie a firemn\u00e9 akcie je pripraven\u00e1 profesion\u00e1lna banketov\u00e1 a coffee break ponuka s d\u00f4razom na kvalitu a sez\u00f3nnos\u0165 surov\u00edn\" \/>\n<meta property=\"og:url\" content=\"https:\/\/www.villasandyresort.com\/sk\/eventy\/business-priestory\/\" \/>\n<meta property=\"og:site_name\" content=\"Villa Sandy City Park Resort\" \/>\n<meta property=\"article:modified_time\" content=\"2026-03-10T13:53:45+00:00\" \/>\n<meta name=\"twitter:card\" content=\"summary_large_image\" \/>\n<meta name=\"twitter:label1\" content=\"Predpokladan\u00fd \u010das \u010d\u00edtania\" \/>\n\t<meta name=\"twitter:data1\" content=\"1 min\u00fata\" \/>\n<script type=\"application\/ld+json\" class=\"yoast-schema-graph\">{\"@context\":\"https:\/\/schema.org\",\"@graph\":[{\"@type\":\"WebPage\",\"@id\":\"https:\/\/www.villasandyresort.com\/sk\/eventy\/business-priestory\/\",\"url\":\"https:\/\/www.villasandyresort.com\/sk\/eventy\/business-priestory\/\",\"name\":\"Business priestory - Villa Sandy City Park Resort -\",\"isPartOf\":{\"@id\":\"https:\/\/www.villasandyresort.com\/sk\/#website\"},\"datePublished\":\"2026-02-19T15:32:20+00:00\",\"dateModified\":\"2026-03-10T13:53:45+00:00\",\"description\":\"Rezort VILLA SANDY pon\u00faka modern\u00e9 konferen\u010dn\u00e9 a meetingov\u00e9 priestory ide\u00e1lne pre firemn\u00e9 stretnutia, porady, \u0161kolenia, prezent\u00e1cie aj men\u0161ie workshopy v pokojnom a reprezentat\u00edvnom prostred\u00ed. Priestory s\u00fa vybaven\u00e9 kvalitnou prezenta\u010dnou technikou, umo\u017e\u0148uj\u00fa variabiln\u00e9 usporiadanie sedenia pod\u013ea potrieb podujatia, poskytuj\u00fa vysokor\u00fdchlostn\u00e9 Wi-Fi pripojenie a klimatiz\u00e1ciu pre maxim\u00e1lny komfort \u00fa\u010dastn\u00edkov. S\u00fa\u010das\u0165ou rezortu je podzemn\u00e9 parkovisko s kapacitou 90 parkovac\u00edch miest, ktor\u00e9 zabezpe\u010duje pohodln\u00fd pr\u00edstup pre firemn\u00fdch host\u00ed aj organiz\u00e1torov podujat\u00ed. Pre konferencie a firemn\u00e9 akcie je pripraven\u00e1 profesion\u00e1lna banketov\u00e1 a coffee break ponuka s d\u00f4razom na kvalitu a sez\u00f3nnos\u0165 surov\u00edn\",\"breadcrumb\":{\"@id\":\"https:\/\/www.villasandyresort.com\/sk\/eventy\/business-priestory\/#breadcrumb\"},\"inLanguage\":\"sk-SK\",\"potentialAction\":[{\"@type\":\"ReadAction\",\"target\":[\"https:\/\/www.villasandyresort.com\/sk\/eventy\/business-priestory\/\"]}]},{\"@type\":\"BreadcrumbList\",\"@id\":\"https:\/\/www.villasandyresort.com\/sk\/eventy\/business-priestory\/#breadcrumb\",\"itemListElement\":[{\"@type\":\"ListItem\",\"position\":1,\"name\":\"Home\",\"item\":\"https:\/\/www.villasandyresort.com\/sk\/\"},{\"@type\":\"ListItem\",\"position\":2,\"name\":\"Eventy\",\"item\":\"https:\/\/www.villasandyresort.com\/sk\/eventy\/\"},{\"@type\":\"ListItem\",\"position\":3,\"name\":\"Business priestory\"}]},{\"@type\":\"WebSite\",\"@id\":\"https:\/\/www.villasandyresort.com\/sk\/#website\",\"url\":\"https:\/\/www.villasandyresort.com\/sk\/\",\"name\":\"Villa Sandy City Park Resort\",\"description\":\"\",\"potentialAction\":[{\"@type\":\"SearchAction\",\"target\":{\"@type\":\"EntryPoint\",\"urlTemplate\":\"https:\/\/www.villasandyresort.com\/sk\/?s={search_term_string}\"},\"query-input\":\"required name=search_term_string\"}],\"inLanguage\":\"sk-SK\"}]}<\/script>\n<!-- \/ Yoast SEO plugin. -->","yoast_head_json":{"title":"Business priestory - Villa Sandy City Park Resort -","description":"Rezort VILLA SANDY pon\u00faka modern\u00e9 konferen\u010dn\u00e9 a meetingov\u00e9 priestory ide\u00e1lne pre firemn\u00e9 stretnutia, porady, \u0161kolenia, prezent\u00e1cie aj men\u0161ie workshopy v pokojnom a reprezentat\u00edvnom prostred\u00ed. Priestory s\u00fa vybaven\u00e9 kvalitnou prezenta\u010dnou technikou, umo\u017e\u0148uj\u00fa variabiln\u00e9 usporiadanie sedenia pod\u013ea potrieb podujatia, poskytuj\u00fa vysokor\u00fdchlostn\u00e9 Wi-Fi pripojenie a klimatiz\u00e1ciu pre maxim\u00e1lny komfort \u00fa\u010dastn\u00edkov. S\u00fa\u010das\u0165ou rezortu je podzemn\u00e9 parkovisko s kapacitou 90 parkovac\u00edch miest, ktor\u00e9 zabezpe\u010duje pohodln\u00fd pr\u00edstup pre firemn\u00fdch host\u00ed aj organiz\u00e1torov podujat\u00ed. Pre konferencie a firemn\u00e9 akcie je pripraven\u00e1 profesion\u00e1lna banketov\u00e1 a coffee break ponuka s d\u00f4razom na kvalitu a sez\u00f3nnos\u0165 surov\u00edn","robots":{"index":"index","follow":"follow","max-snippet":"max-snippet:-1","max-image-preview":"max-image-preview:large","max-video-preview":"max-video-preview:-1"},"canonical":"https:\/\/www.villasandyresort.com\/sk\/eventy\/business-priestory\/","og_locale":"sk_SK","og_type":"article","og_title":"Business priestory - Villa Sandy City Park Resort -","og_description":"Rezort VILLA SANDY pon\u00faka modern\u00e9 konferen\u010dn\u00e9 a meetingov\u00e9 priestory ide\u00e1lne pre firemn\u00e9 stretnutia, porady, \u0161kolenia, prezent\u00e1cie aj men\u0161ie workshopy v pokojnom a reprezentat\u00edvnom prostred\u00ed. Priestory s\u00fa vybaven\u00e9 kvalitnou prezenta\u010dnou technikou, umo\u017e\u0148uj\u00fa variabiln\u00e9 usporiadanie sedenia pod\u013ea potrieb podujatia, poskytuj\u00fa vysokor\u00fdchlostn\u00e9 Wi-Fi pripojenie a klimatiz\u00e1ciu pre maxim\u00e1lny komfort \u00fa\u010dastn\u00edkov. S\u00fa\u010das\u0165ou rezortu je podzemn\u00e9 parkovisko s kapacitou 90 parkovac\u00edch miest, ktor\u00e9 zabezpe\u010duje pohodln\u00fd pr\u00edstup pre firemn\u00fdch host\u00ed aj organiz\u00e1torov podujat\u00ed. Pre konferencie a firemn\u00e9 akcie je pripraven\u00e1 profesion\u00e1lna banketov\u00e1 a coffee break ponuka s d\u00f4razom na kvalitu a sez\u00f3nnos\u0165 surov\u00edn","og_url":"https:\/\/www.villasandyresort.com\/sk\/eventy\/business-priestory\/","og_site_name":"Villa Sandy City Park Resort","article_modified_time":"2026-03-10T13:53:45+00:00","twitter_card":"summary_large_image","twitter_misc":{"Predpokladan\u00fd \u010das \u010d\u00edtania":"1 min\u00fata"},"schema":{"@context":"https:\/\/schema.org","@graph":[{"@type":"WebPage","@id":"https:\/\/www.villasandyresort.com\/sk\/eventy\/business-priestory\/","url":"https:\/\/www.villasandyresort.com\/sk\/eventy\/business-priestory\/","name":"Business priestory - Villa Sandy City Park Resort -","isPartOf":{"@id":"https:\/\/www.villasandyresort.com\/sk\/#website"},"datePublished":"2026-02-19T15:32:20+00:00","dateModified":"2026-03-10T13:53:45+00:00","description":"Rezort VILLA SANDY pon\u00faka modern\u00e9 konferen\u010dn\u00e9 a meetingov\u00e9 priestory ide\u00e1lne pre firemn\u00e9 stretnutia, porady, \u0161kolenia, prezent\u00e1cie aj men\u0161ie workshopy v pokojnom a reprezentat\u00edvnom prostred\u00ed. Priestory s\u00fa vybaven\u00e9 kvalitnou prezenta\u010dnou technikou, umo\u017e\u0148uj\u00fa variabiln\u00e9 usporiadanie sedenia pod\u013ea potrieb podujatia, poskytuj\u00fa vysokor\u00fdchlostn\u00e9 Wi-Fi pripojenie a klimatiz\u00e1ciu pre maxim\u00e1lny komfort \u00fa\u010dastn\u00edkov. S\u00fa\u010das\u0165ou rezortu je podzemn\u00e9 parkovisko s kapacitou 90 parkovac\u00edch miest, ktor\u00e9 zabezpe\u010duje pohodln\u00fd pr\u00edstup pre firemn\u00fdch host\u00ed aj organiz\u00e1torov podujat\u00ed. Pre konferencie a firemn\u00e9 akcie je pripraven\u00e1 profesion\u00e1lna banketov\u00e1 a coffee break ponuka s d\u00f4razom na kvalitu a sez\u00f3nnos\u0165 surov\u00edn","breadcrumb":{"@id":"https:\/\/www.villasandyresort.com\/sk\/eventy\/business-priestory\/#breadcrumb"},"inLanguage":"sk-SK","potentialAction":[{"@type":"ReadAction","target":["https:\/\/www.villasandyresort.com\/sk\/eventy\/business-priestory\/"]}]},{"@type":"BreadcrumbList","@id":"https:\/\/www.villasandyresort.com\/sk\/eventy\/business-priestory\/#breadcrumb","itemListElement":[{"@type":"ListItem","position":1,"name":"Home","item":"https:\/\/www.villasandyresort.com\/sk\/"},{"@type":"ListItem","position":2,"name":"Eventy","item":"https:\/\/www.villasandyresort.com\/sk\/eventy\/"},{"@type":"ListItem","position":3,"name":"Business priestory"}]},{"@type":"WebSite","@id":"https:\/\/www.villasandyresort.com\/sk\/#website","url":"https:\/\/www.villasandyresort.com\/sk\/","name":"Villa Sandy City Park Resort","description":"","potentialAction":[{"@type":"SearchAction","target":{"@type":"EntryPoint","urlTemplate":"https:\/\/www.villasandyresort.com\/sk\/?s={search_term_string}"},"query-input":"required name=search_term_string"}],"inLanguage":"sk-SK"}]}},"acf":[],"_links":{"self":[{"href":"https:\/\/www.villasandyresort.com\/sk\/wp-json\/wp\/v2\/pages\/2299"}],"collection":[{"href":"https:\/\/www.villasandyresort.com\/sk\/wp-json\/wp\/v2\/pages"}],"about":[{"href":"https:\/\/www.villasandyresort.com\/sk\/wp-json\/wp\/v2\/types\/page"}],"author":[{"embeddable":true,"href":"https:\/\/www.villasandyresort.com\/sk\/wp-json\/wp\/v2\/users\/101"}],"replies":[{"embeddable":true,"href":"https:\/\/www.villasandyresort.com\/sk\/wp-json\/wp\/v2\/comments?post=2299"}],"version-history":[{"count":0,"href":"https:\/\/www.villasandyresort.com\/sk\/wp-json\/wp\/v2\/pages\/2299\/revisions"}],"up":[{"embeddable":true,"href":"https:\/\/www.villasandyresort.com\/sk\/wp-json\/wp\/v2\/pages\/124"}],"wp:attachment":[{"href":"https:\/\/www.villasandyresort.com\/sk\/wp-json\/wp\/v2\/media?parent=2299"}],"curies":[{"name":"wp","href":"https:\/\/api.w.org\/{rel}","templated":true}]}}