{"id":2196,"date":"2026-01-15T14:14:54","date_gmt":"2026-01-15T14:14:54","guid":{"rendered":"https:\/\/www.villasandyresort.com\/?page_id=2196"},"modified":"2026-01-15T15:18:32","modified_gmt":"2026-01-15T15:18:32","slug":"somelier","status":"publish","type":"page","link":"https:\/\/www.villasandyresort.com\/sk\/somelier\/","title":{"rendered":"SOMELI\u00c9R"},"content":{"rendered":"<p style=\"text-align: center\"><strong>Luk\u00e1\u0161 Marcin<\/strong><\/p>\n<p style=\"text-align: center\"><strong>v\u00e1\u0161e\u0148, odbornos\u0165, charakter<\/strong><\/p>\n<p style=\"text-align: center\"><strong>Luk\u00e1\u0161 Marcin patr\u00ed k v\u00fdrazn\u00fdm osobnostiam modernej someli\u00e9rskej sc\u00e9ny na Slovensku.<br \/>\n<\/strong><br \/>\nV\u00edno pre neho nie je len doplnkom gastron\u00f3mie, ale plnohodnotnou s\u00fa\u010das\u0165ou z\u00e1\u017eitku, ktor\u00fd m\u00e1 em\u00f3ciu, h\u013abku a rovnov\u00e1hu.<br \/>\nLuk\u00e1\u0161ova cesta vo svete v\u00edna je postaven\u00e1 na hlbokom poznan\u00ed odr\u00f4d, terroirov, vin\u00e1rskych \u0161t\u00fdlov a na sk\u00fasenostiach z degust\u00e1ci\u00ed po celom svete.<br \/>\nVr\u00e1tane \u00faspe\u0161n\u00e9ho absolvovania medzin\u00e1rodn\u00fdch certifika\u010dn\u00fdch sk\u00fa\u0161ok uzn\u00e1vanej organiz\u00e1cie <strong data-start=\"775\" data-end=\"805\">Court of Master Sommeliers<\/strong>.<\/p>\n<p style=\"text-align: center\" data-start=\"1297\" data-end=\"1329\">Vo svojej pr\u00e1ci kladie d\u00f4raz na autenticitu vin\u00e1rov, p\u00f4vod a charakter terroiru a harm\u00f3niu medzi v\u00ednom a kuchy\u0148ou.<br \/>\nJeho v\u00fdber reflektuje aktu\u00e1lne trendy, ale z\u00e1rove\u0148 re\u0161pektuje klasiku \u2013 s cie\u013eom oslovi\u0165 znalcov aj host\u00ed, ktor\u00ed v\u00edno objavuj\u00fa.<\/p>\n<p style=\"text-align: center\"><strong>Medzin\u00e1rodn\u00e9 ocenenie pre Luk\u00e1\u0161a Marcina<\/strong><br \/>\nLuk\u00e1\u0161 dosiahol v\u00fdznamn\u00fd \u00faspech na prest\u00ed\u017enom medzin\u00e1rodnom podujat\u00ed <strong>Falstaff Wine Gala 2025<\/strong>, kde <strong>z\u00edskal 3. miesto<\/strong>. Toto umiestnenie predstavuje v\u00fdznamn\u00e9 medzin\u00e1rodn\u00e9 uznanie jeho odbornosti, degusta\u010dn\u00fdch schopnost\u00ed a citliv\u00e9ho pr\u00edstupu k v\u00ednu. Ocenenie potvrdzuje vysok\u00fa \u00farove\u0148 Luk\u00e1\u0161ovho someli\u00e9rskeho remesla, jeho schopnos\u0165 pracova\u0165 s v\u00ednami r\u00f4zneho p\u00f4vodu a \u0161t\u00fdlu, ako aj profesion\u00e1lny servis, ktor\u00fd je neoddelite\u013enou s\u00fa\u010das\u0165ou v\u00ednnej kult\u00fary vo VILLA SANDY. Tento \u00faspech z\u00e1rove\u0148 pod\u010diarkuje dlhodob\u00fa pr\u00e1cu na rozvoji na\u0161ej filozofie zalo\u017eenej na kvalite, autenticite a z\u00e1\u017eitku hos\u0165a.<\/p>\n","protected":false},"excerpt":{"rendered":"<p>Luk\u00e1\u0161 Marcin v\u00e1\u0161e\u0148, odbornos\u0165, charakter Luk\u00e1\u0161 Marcin patr\u00ed k v\u00fdrazn\u00fdm osobnostiam modernej someli\u00e9rskej sc\u00e9ny na Slovensku. V\u00edno pre neho nie je len doplnkom gastron\u00f3mie, ale plnohodnotnou s\u00fa\u010das\u0165ou z\u00e1\u017eitku, ktor\u00fd m\u00e1 em\u00f3ciu, h\u013abku a rovnov\u00e1hu. Luk\u00e1\u0161ova cesta vo svete v\u00edna je postaven\u00e1 na hlbokom poznan\u00ed odr\u00f4d, terroirov, vin\u00e1rskych \u0161t\u00fdlov a na sk\u00fasenostiach z degust\u00e1ci\u00ed po celom [&hellip;]<\/p>\n","protected":false},"author":101,"featured_media":0,"parent":0,"menu_order":0,"comment_status":"closed","ping_status":"closed","template":"template-default-2.php","meta":{"footnotes":""},"yoast_head":"<!-- This site is optimized with the Yoast SEO plugin v22.3 - https:\/\/yoast.com\/wordpress\/plugins\/seo\/ -->\n<title>SOMELI\u00c9R - Villa Sandy City Park Resort -<\/title>\n<meta name=\"description\" content=\"Luk\u00e1\u0161 Marcin v\u00e1\u0161e\u0148, odbornos\u0165, charakter Luk\u00e1\u0161 Marcin patr\u00ed k v\u00fdrazn\u00fdm osobnostiam modernej someli\u00e9rskej sc\u00e9ny na Slovensku.  V\u00edno pre neho nie je len doplnkom gastron\u00f3mie, ale plnohodnotnou s\u00fa\u010das\u0165ou z\u00e1\u017eitku, ktor\u00fd m\u00e1 em\u00f3ciu, h\u013abku a rovnov\u00e1hu. Luk\u00e1\u0161ova cesta vo svete v\u00edna je postaven\u00e1 na hlbokom poznan\u00ed odr\u00f4d, terroirov, vin\u00e1rskych \u0161t\u00fdlov a na sk\u00fasenostiach z degust\u00e1ci\u00ed po celom svete. Vr\u00e1tane \u00faspe\u0161n\u00e9ho absolvovania medzin\u00e1rodn\u00fdch certifika\u010dn\u00fdch sk\u00fa\u0161ok uzn\u00e1vanej organiz\u00e1cie Court of Master Sommeliers. Vo svojej pr\u00e1ci kladie d\u00f4raz na autenticitu vin\u00e1rov, p\u00f4vod a charakter terroiru a harm\u00f3niu medzi v\u00ednom a kuchy\u0148ou. Jeho v\u00fdber reflektuje aktu\u00e1lne trendy, ale z\u00e1rove\u0148 re\u0161pektuje klasiku \u2013 s cie\u013eom oslovi\u0165 znalcov aj host\u00ed, ktor\u00ed v\u00edno objavuj\u00fa. Medzin\u00e1rodn\u00e9 ocenenie pre Luk\u00e1\u0161a Marcina Luk\u00e1\u0161 dosiahol v\u00fdznamn\u00fd \u00faspech na prest\u00ed\u017enom medzin\u00e1rodnom podujat\u00ed Falstaff Wine Gala 2025, kde z\u00edskal 3. miesto\" \/>\n<meta name=\"robots\" content=\"index, follow, max-snippet:-1, max-image-preview:large, max-video-preview:-1\" \/>\n<link rel=\"canonical\" href=\"https:\/\/www.villasandyresort.com\/sk\/somelier\/\" \/>\n<meta property=\"og:locale\" content=\"sk_SK\" \/>\n<meta property=\"og:type\" content=\"article\" \/>\n<meta property=\"og:title\" content=\"SOMELI\u00c9R - Villa Sandy City Park Resort -\" \/>\n<meta property=\"og:description\" content=\"Luk\u00e1\u0161 Marcin v\u00e1\u0161e\u0148, odbornos\u0165, charakter Luk\u00e1\u0161 Marcin patr\u00ed k v\u00fdrazn\u00fdm osobnostiam modernej someli\u00e9rskej sc\u00e9ny na Slovensku.  V\u00edno pre neho nie je len doplnkom gastron\u00f3mie, ale plnohodnotnou s\u00fa\u010das\u0165ou z\u00e1\u017eitku, ktor\u00fd m\u00e1 em\u00f3ciu, h\u013abku a rovnov\u00e1hu. Luk\u00e1\u0161ova cesta vo svete v\u00edna je postaven\u00e1 na hlbokom poznan\u00ed odr\u00f4d, terroirov, vin\u00e1rskych \u0161t\u00fdlov a na sk\u00fasenostiach z degust\u00e1ci\u00ed po celom svete. Vr\u00e1tane \u00faspe\u0161n\u00e9ho absolvovania medzin\u00e1rodn\u00fdch certifika\u010dn\u00fdch sk\u00fa\u0161ok uzn\u00e1vanej organiz\u00e1cie Court of Master Sommeliers. Vo svojej pr\u00e1ci kladie d\u00f4raz na autenticitu vin\u00e1rov, p\u00f4vod a charakter terroiru a harm\u00f3niu medzi v\u00ednom a kuchy\u0148ou. Jeho v\u00fdber reflektuje aktu\u00e1lne trendy, ale z\u00e1rove\u0148 re\u0161pektuje klasiku \u2013 s cie\u013eom oslovi\u0165 znalcov aj host\u00ed, ktor\u00ed v\u00edno objavuj\u00fa. Medzin\u00e1rodn\u00e9 ocenenie pre Luk\u00e1\u0161a Marcina Luk\u00e1\u0161 dosiahol v\u00fdznamn\u00fd \u00faspech na prest\u00ed\u017enom medzin\u00e1rodnom podujat\u00ed Falstaff Wine Gala 2025, kde z\u00edskal 3. miesto\" \/>\n<meta property=\"og:url\" content=\"https:\/\/www.villasandyresort.com\/sk\/somelier\/\" \/>\n<meta property=\"og:site_name\" content=\"Villa Sandy City Park Resort\" \/>\n<meta property=\"article:modified_time\" content=\"2026-01-15T15:18:32+00:00\" \/>\n<meta name=\"twitter:card\" content=\"summary_large_image\" \/>\n<meta name=\"twitter:label1\" content=\"Predpokladan\u00fd \u010das \u010d\u00edtania\" \/>\n\t<meta name=\"twitter:data1\" content=\"1 min\u00fata\" \/>\n<script type=\"application\/ld+json\" class=\"yoast-schema-graph\">{\"@context\":\"https:\/\/schema.org\",\"@graph\":[{\"@type\":\"WebPage\",\"@id\":\"https:\/\/www.villasandyresort.com\/sk\/somelier\/\",\"url\":\"https:\/\/www.villasandyresort.com\/sk\/somelier\/\",\"name\":\"SOMELI\u00c9R - Villa Sandy City Park Resort -\",\"isPartOf\":{\"@id\":\"https:\/\/www.villasandyresort.com\/sk\/#website\"},\"datePublished\":\"2026-01-15T14:14:54+00:00\",\"dateModified\":\"2026-01-15T15:18:32+00:00\",\"description\":\"Luk\u00e1\u0161 Marcin v\u00e1\u0161e\u0148, odbornos\u0165, charakter Luk\u00e1\u0161 Marcin patr\u00ed k v\u00fdrazn\u00fdm osobnostiam modernej someli\u00e9rskej sc\u00e9ny na Slovensku. V\u00edno pre neho nie je len doplnkom gastron\u00f3mie, ale plnohodnotnou s\u00fa\u010das\u0165ou z\u00e1\u017eitku, ktor\u00fd m\u00e1 em\u00f3ciu, h\u013abku a rovnov\u00e1hu. Luk\u00e1\u0161ova cesta vo svete v\u00edna je postaven\u00e1 na hlbokom poznan\u00ed odr\u00f4d, terroirov, vin\u00e1rskych \u0161t\u00fdlov a na sk\u00fasenostiach z degust\u00e1ci\u00ed po celom svete. Vr\u00e1tane \u00faspe\u0161n\u00e9ho absolvovania medzin\u00e1rodn\u00fdch certifika\u010dn\u00fdch sk\u00fa\u0161ok uzn\u00e1vanej organiz\u00e1cie Court of Master Sommeliers. Vo svojej pr\u00e1ci kladie d\u00f4raz na autenticitu vin\u00e1rov, p\u00f4vod a charakter terroiru a harm\u00f3niu medzi v\u00ednom a kuchy\u0148ou. Jeho v\u00fdber reflektuje aktu\u00e1lne trendy, ale z\u00e1rove\u0148 re\u0161pektuje klasiku \u2013 s cie\u013eom oslovi\u0165 znalcov aj host\u00ed, ktor\u00ed v\u00edno objavuj\u00fa. Medzin\u00e1rodn\u00e9 ocenenie pre Luk\u00e1\u0161a Marcina Luk\u00e1\u0161 dosiahol v\u00fdznamn\u00fd \u00faspech na prest\u00ed\u017enom medzin\u00e1rodnom podujat\u00ed Falstaff Wine Gala 2025, kde z\u00edskal 3. miesto\",\"breadcrumb\":{\"@id\":\"https:\/\/www.villasandyresort.com\/sk\/somelier\/#breadcrumb\"},\"inLanguage\":\"sk-SK\",\"potentialAction\":[{\"@type\":\"ReadAction\",\"target\":[\"https:\/\/www.villasandyresort.com\/sk\/somelier\/\"]}]},{\"@type\":\"BreadcrumbList\",\"@id\":\"https:\/\/www.villasandyresort.com\/sk\/somelier\/#breadcrumb\",\"itemListElement\":[{\"@type\":\"ListItem\",\"position\":1,\"name\":\"Home\",\"item\":\"https:\/\/www.villasandyresort.com\/sk\/\"},{\"@type\":\"ListItem\",\"position\":2,\"name\":\"SOMELI\u00c9R\"}]},{\"@type\":\"WebSite\",\"@id\":\"https:\/\/www.villasandyresort.com\/sk\/#website\",\"url\":\"https:\/\/www.villasandyresort.com\/sk\/\",\"name\":\"Villa Sandy City Park Resort\",\"description\":\"\",\"potentialAction\":[{\"@type\":\"SearchAction\",\"target\":{\"@type\":\"EntryPoint\",\"urlTemplate\":\"https:\/\/www.villasandyresort.com\/sk\/?s={search_term_string}\"},\"query-input\":\"required name=search_term_string\"}],\"inLanguage\":\"sk-SK\"}]}<\/script>\n<!-- \/ Yoast SEO plugin. -->","yoast_head_json":{"title":"SOMELI\u00c9R - Villa Sandy City Park Resort -","description":"Luk\u00e1\u0161 Marcin v\u00e1\u0161e\u0148, odbornos\u0165, charakter Luk\u00e1\u0161 Marcin patr\u00ed k v\u00fdrazn\u00fdm osobnostiam modernej someli\u00e9rskej sc\u00e9ny na Slovensku.  V\u00edno pre neho nie je len doplnkom gastron\u00f3mie, ale plnohodnotnou s\u00fa\u010das\u0165ou z\u00e1\u017eitku, ktor\u00fd m\u00e1 em\u00f3ciu, h\u013abku a rovnov\u00e1hu. Luk\u00e1\u0161ova cesta vo svete v\u00edna je postaven\u00e1 na hlbokom poznan\u00ed odr\u00f4d, terroirov, vin\u00e1rskych \u0161t\u00fdlov a na sk\u00fasenostiach z degust\u00e1ci\u00ed po celom svete. Vr\u00e1tane \u00faspe\u0161n\u00e9ho absolvovania medzin\u00e1rodn\u00fdch certifika\u010dn\u00fdch sk\u00fa\u0161ok uzn\u00e1vanej organiz\u00e1cie Court of Master Sommeliers. Vo svojej pr\u00e1ci kladie d\u00f4raz na autenticitu vin\u00e1rov, p\u00f4vod a charakter terroiru a harm\u00f3niu medzi v\u00ednom a kuchy\u0148ou. Jeho v\u00fdber reflektuje aktu\u00e1lne trendy, ale z\u00e1rove\u0148 re\u0161pektuje klasiku \u2013 s cie\u013eom oslovi\u0165 znalcov aj host\u00ed, ktor\u00ed v\u00edno objavuj\u00fa. Medzin\u00e1rodn\u00e9 ocenenie pre Luk\u00e1\u0161a Marcina Luk\u00e1\u0161 dosiahol v\u00fdznamn\u00fd \u00faspech na prest\u00ed\u017enom medzin\u00e1rodnom podujat\u00ed Falstaff Wine Gala 2025, kde z\u00edskal 3. miesto","robots":{"index":"index","follow":"follow","max-snippet":"max-snippet:-1","max-image-preview":"max-image-preview:large","max-video-preview":"max-video-preview:-1"},"canonical":"https:\/\/www.villasandyresort.com\/sk\/somelier\/","og_locale":"sk_SK","og_type":"article","og_title":"SOMELI\u00c9R - Villa Sandy City Park Resort -","og_description":"Luk\u00e1\u0161 Marcin v\u00e1\u0161e\u0148, odbornos\u0165, charakter Luk\u00e1\u0161 Marcin patr\u00ed k v\u00fdrazn\u00fdm osobnostiam modernej someli\u00e9rskej sc\u00e9ny na Slovensku.  V\u00edno pre neho nie je len doplnkom gastron\u00f3mie, ale plnohodnotnou s\u00fa\u010das\u0165ou z\u00e1\u017eitku, ktor\u00fd m\u00e1 em\u00f3ciu, h\u013abku a rovnov\u00e1hu. Luk\u00e1\u0161ova cesta vo svete v\u00edna je postaven\u00e1 na hlbokom poznan\u00ed odr\u00f4d, terroirov, vin\u00e1rskych \u0161t\u00fdlov a na sk\u00fasenostiach z degust\u00e1ci\u00ed po celom svete. Vr\u00e1tane \u00faspe\u0161n\u00e9ho absolvovania medzin\u00e1rodn\u00fdch certifika\u010dn\u00fdch sk\u00fa\u0161ok uzn\u00e1vanej organiz\u00e1cie Court of Master Sommeliers. Vo svojej pr\u00e1ci kladie d\u00f4raz na autenticitu vin\u00e1rov, p\u00f4vod a charakter terroiru a harm\u00f3niu medzi v\u00ednom a kuchy\u0148ou. Jeho v\u00fdber reflektuje aktu\u00e1lne trendy, ale z\u00e1rove\u0148 re\u0161pektuje klasiku \u2013 s cie\u013eom oslovi\u0165 znalcov aj host\u00ed, ktor\u00ed v\u00edno objavuj\u00fa. Medzin\u00e1rodn\u00e9 ocenenie pre Luk\u00e1\u0161a Marcina Luk\u00e1\u0161 dosiahol v\u00fdznamn\u00fd \u00faspech na prest\u00ed\u017enom medzin\u00e1rodnom podujat\u00ed Falstaff Wine Gala 2025, kde z\u00edskal 3. miesto","og_url":"https:\/\/www.villasandyresort.com\/sk\/somelier\/","og_site_name":"Villa Sandy City Park Resort","article_modified_time":"2026-01-15T15:18:32+00:00","twitter_card":"summary_large_image","twitter_misc":{"Predpokladan\u00fd \u010das \u010d\u00edtania":"1 min\u00fata"},"schema":{"@context":"https:\/\/schema.org","@graph":[{"@type":"WebPage","@id":"https:\/\/www.villasandyresort.com\/sk\/somelier\/","url":"https:\/\/www.villasandyresort.com\/sk\/somelier\/","name":"SOMELI\u00c9R - Villa Sandy City Park Resort -","isPartOf":{"@id":"https:\/\/www.villasandyresort.com\/sk\/#website"},"datePublished":"2026-01-15T14:14:54+00:00","dateModified":"2026-01-15T15:18:32+00:00","description":"Luk\u00e1\u0161 Marcin v\u00e1\u0161e\u0148, odbornos\u0165, charakter Luk\u00e1\u0161 Marcin patr\u00ed k v\u00fdrazn\u00fdm osobnostiam modernej someli\u00e9rskej sc\u00e9ny na Slovensku. V\u00edno pre neho nie je len doplnkom gastron\u00f3mie, ale plnohodnotnou s\u00fa\u010das\u0165ou z\u00e1\u017eitku, ktor\u00fd m\u00e1 em\u00f3ciu, h\u013abku a rovnov\u00e1hu. Luk\u00e1\u0161ova cesta vo svete v\u00edna je postaven\u00e1 na hlbokom poznan\u00ed odr\u00f4d, terroirov, vin\u00e1rskych \u0161t\u00fdlov a na sk\u00fasenostiach z degust\u00e1ci\u00ed po celom svete. Vr\u00e1tane \u00faspe\u0161n\u00e9ho absolvovania medzin\u00e1rodn\u00fdch certifika\u010dn\u00fdch sk\u00fa\u0161ok uzn\u00e1vanej organiz\u00e1cie Court of Master Sommeliers. Vo svojej pr\u00e1ci kladie d\u00f4raz na autenticitu vin\u00e1rov, p\u00f4vod a charakter terroiru a harm\u00f3niu medzi v\u00ednom a kuchy\u0148ou. Jeho v\u00fdber reflektuje aktu\u00e1lne trendy, ale z\u00e1rove\u0148 re\u0161pektuje klasiku \u2013 s cie\u013eom oslovi\u0165 znalcov aj host\u00ed, ktor\u00ed v\u00edno objavuj\u00fa. Medzin\u00e1rodn\u00e9 ocenenie pre Luk\u00e1\u0161a Marcina Luk\u00e1\u0161 dosiahol v\u00fdznamn\u00fd \u00faspech na prest\u00ed\u017enom medzin\u00e1rodnom podujat\u00ed Falstaff Wine Gala 2025, kde z\u00edskal 3. miesto","breadcrumb":{"@id":"https:\/\/www.villasandyresort.com\/sk\/somelier\/#breadcrumb"},"inLanguage":"sk-SK","potentialAction":[{"@type":"ReadAction","target":["https:\/\/www.villasandyresort.com\/sk\/somelier\/"]}]},{"@type":"BreadcrumbList","@id":"https:\/\/www.villasandyresort.com\/sk\/somelier\/#breadcrumb","itemListElement":[{"@type":"ListItem","position":1,"name":"Home","item":"https:\/\/www.villasandyresort.com\/sk\/"},{"@type":"ListItem","position":2,"name":"SOMELI\u00c9R"}]},{"@type":"WebSite","@id":"https:\/\/www.villasandyresort.com\/sk\/#website","url":"https:\/\/www.villasandyresort.com\/sk\/","name":"Villa Sandy City Park Resort","description":"","potentialAction":[{"@type":"SearchAction","target":{"@type":"EntryPoint","urlTemplate":"https:\/\/www.villasandyresort.com\/sk\/?s={search_term_string}"},"query-input":"required name=search_term_string"}],"inLanguage":"sk-SK"}]}},"acf":[],"_links":{"self":[{"href":"https:\/\/www.villasandyresort.com\/sk\/wp-json\/wp\/v2\/pages\/2196"}],"collection":[{"href":"https:\/\/www.villasandyresort.com\/sk\/wp-json\/wp\/v2\/pages"}],"about":[{"href":"https:\/\/www.villasandyresort.com\/sk\/wp-json\/wp\/v2\/types\/page"}],"author":[{"embeddable":true,"href":"https:\/\/www.villasandyresort.com\/sk\/wp-json\/wp\/v2\/users\/101"}],"replies":[{"embeddable":true,"href":"https:\/\/www.villasandyresort.com\/sk\/wp-json\/wp\/v2\/comments?post=2196"}],"version-history":[{"count":0,"href":"https:\/\/www.villasandyresort.com\/sk\/wp-json\/wp\/v2\/pages\/2196\/revisions"}],"wp:attachment":[{"href":"https:\/\/www.villasandyresort.com\/sk\/wp-json\/wp\/v2\/media?parent=2196"}],"curies":[{"name":"wp","href":"https:\/\/api.w.org\/{rel}","templated":true}]}}