{"id":1959,"date":"2025-10-27T10:21:55","date_gmt":"2025-10-27T10:21:55","guid":{"rendered":"https:\/\/www.villasandyresort.com\/?page_id=1959"},"modified":"2025-10-27T10:40:01","modified_gmt":"2025-10-27T10:40:01","slug":"darcekova-poukazka","status":"publish","type":"page","link":"https:\/\/www.villasandyresort.com\/sk\/darcekova-poukazka\/","title":{"rendered":"DAR\u010cEKOV\u00c1 POUK\u00c1\u017dKA"},"content":{"rendered":"<p class=\"p1\">Zak\u00fapte si na\u0161u <span class=\"s1\"><b>DAR\u010cEKOV\u00da POUK\u00c1\u017dKU<\/b><\/span> a pote\u0161te svojich bl\u00edzkych, obchodn\u00fdch partnerov \u010di v\u00fdnimo\u010dn\u00fdch host\u00ed.<\/p>\n<p class=\"p1\">Pouk\u00e1\u017eka je univerz\u00e1lna \u2013 obdarovan\u00fd si m\u00f4\u017ee vybra\u0165 \u010doko\u013evek z ponuky <span class=\"s1\"><b>rezortu VILLA SANDY<\/b><\/span>, presne pod\u013ea svojej chuti, n\u00e1lady a predst\u00e1v.<\/p>\n<p class=\"p1\">\u010ci u\u017e ide o <span class=\"s1\"><b>gurm\u00e1nsky z\u00e1\u017eitok<\/b><\/span> v na\u0161ich re\u0161taur\u00e1ci\u00e1ch, <span class=\"s1\"><b>rodinn\u00fd brunch<\/b><\/span>, jedno z na\u0161ich <span class=\"s1\"><b>exkluz\u00edvnych podujat\u00ed<\/b><\/span> ako <i>Gurm\u00e1nske putovanie<\/i>, alebo <span class=\"s1\"><b>\u0161portov\u00e9 aktivity<\/b><\/span>, <span class=\"s1\"><b>dar\u010dekov\u00e1 pouk\u00e1\u017eka VILLA SANDY<\/b><\/span> otv\u00e1ra dvere k skuto\u010dne v\u00fdnimo\u010dn\u00fdm momentom. Ide\u00e1lna je aj pre n\u00e1\u0161 ob\u013e\u00faben\u00fd koncept <span class=\"s1\"><b>Half-Day Breakfast<\/b><\/span> \u2013 dokonal\u00fa v\u00edkendov\u00fa kombin\u00e1ciu <i>TENIS \u2013 HALF-DAY BREAKFAST \u2013 POHODA<\/i>. V\u00edkend, ktor\u00fd m\u00e1 v\u0161etko \u2013 trochu pohybu, skvel\u00e9 jedlo a e\u0161te lep\u0161iu spolo\u010dnos\u0165. Perfektn\u00e1 vo\u013eba pre t\u00fdch, ktor\u00ed miluj\u00fa <span class=\"s1\"><b>akt\u00edvne r\u00e1na<\/b><\/span>, aj pre t\u00fdch, \u010do si rad\u0161ej dopraj\u00fa <span class=\"s1\"><b>dlh\u00e9, pohodov\u00e9 ra\u0148ajky<\/b><\/span> s rodinou \u010di priate\u013emi.<\/p>\n<p class=\"p1\">Skuto\u010dn\u00e9 z\u00e1\u017eitky, ktor\u00e9 sa zdie\u013eaj\u00fa \u2013 a z\u00e1rove\u0148 <span class=\"s1\"><b>skvel\u00fd dar\u010dek<\/b><\/span> na Vianoce, narodeniny \u010di in\u00fa v\u00fdnimo\u010dn\u00fa pr\u00edle\u017eitos\u0165.<\/p>\n<p class=\"p3\"><b>Darujte \u010das str\u00e1ven\u00fd naplno \u2013 v priestore, kde sa em\u00f3cie menia na spomienky.<\/b><\/p>\n<h5><strong>N\u00c1KUP DAR\u010cEKOVEJ POUK\u00c1\u017dKY:<\/strong><br \/>\nSEVEN Restaurant Caf\u00e9 | osobne<br \/>\ndenne | utorok &#8211; nede\u013ea | 9:00 &#8211; 22:00 hod.<\/h5>\n","protected":false},"excerpt":{"rendered":"<p>Zak\u00fapte si na\u0161u DAR\u010cEKOV\u00da POUK\u00c1\u017dKU a pote\u0161te svojich bl\u00edzkych, obchodn\u00fdch partnerov \u010di v\u00fdnimo\u010dn\u00fdch host\u00ed. Pouk\u00e1\u017eka je univerz\u00e1lna \u2013 obdarovan\u00fd si m\u00f4\u017ee vybra\u0165 \u010doko\u013evek z ponuky rezortu VILLA SANDY, presne pod\u013ea svojej chuti, n\u00e1lady a predst\u00e1v. \u010ci u\u017e ide o gurm\u00e1nsky z\u00e1\u017eitok v na\u0161ich re\u0161taur\u00e1ci\u00e1ch, rodinn\u00fd brunch, jedno z na\u0161ich exkluz\u00edvnych podujat\u00ed ako Gurm\u00e1nske putovanie, alebo [&hellip;]<\/p>\n","protected":false},"author":101,"featured_media":0,"parent":0,"menu_order":0,"comment_status":"closed","ping_status":"closed","template":"template-single-restaurant.php","meta":{"footnotes":""},"class_list":["post-1959","page","type-page","status-publish","hentry"],"yoast_head":"<!-- This site is optimized with the Yoast SEO plugin v27.3 - https:\/\/yoast.com\/product\/yoast-seo-wordpress\/ -->\n<title>DAR\u010cEKOV\u00c1 POUK\u00c1\u017dKA - Villa Sandy City Park Resort -<\/title>\n<meta name=\"description\" content=\"Zak\u00fapte si na\u0161u DAR\u010cEKOV\u00da POUK\u00c1\u017dKU a pote\u0161te svojich bl\u00edzkych, obchodn\u00fdch partnerov \u010di v\u00fdnimo\u010dn\u00fdch host\u00ed. Pouk\u00e1\u017eka je univerz\u00e1lna \u2013 obdarovan\u00fd si m\u00f4\u017ee vybra\u0165 \u010doko\u013evek z ponuky rezortu VILLA SANDY, presne pod\u013ea svojej chuti, n\u00e1lady a predst\u00e1v. \u010ci u\u017e ide o gurm\u00e1nsky z\u00e1\u017eitok v na\u0161ich re\u0161taur\u00e1ci\u00e1ch, rodinn\u00fd brunch, jedno z na\u0161ich exkluz\u00edvnych podujat\u00ed ako Gurm\u00e1nske putovanie, alebo \u0161portov\u00e9 aktivity, dar\u010dekov\u00e1 pouk\u00e1\u017eka VILLA SANDY otv\u00e1ra dvere k skuto\u010dne v\u00fdnimo\u010dn\u00fdm momentom. Ide\u00e1lna je aj pre n\u00e1\u0161 ob\u013e\u00faben\u00fd koncept Half-Day Breakfast \u2013 dokonal\u00fa v\u00edkendov\u00fa kombin\u00e1ciu TENIS \u2013 HALF-DAY BREAKFAST \u2013 POHODA\" \/>\n<meta name=\"robots\" content=\"index, follow, max-snippet:-1, max-image-preview:large, max-video-preview:-1\" \/>\n<link rel=\"canonical\" href=\"https:\/\/www.villasandyresort.com\/sk\/darcekova-poukazka\/\" \/>\n<meta property=\"og:locale\" content=\"sk_SK\" \/>\n<meta property=\"og:type\" content=\"article\" \/>\n<meta property=\"og:title\" content=\"DAR\u010cEKOV\u00c1 POUK\u00c1\u017dKA - Villa Sandy City Park Resort -\" \/>\n<meta property=\"og:description\" content=\"Zak\u00fapte si na\u0161u DAR\u010cEKOV\u00da POUK\u00c1\u017dKU a pote\u0161te svojich bl\u00edzkych, obchodn\u00fdch partnerov \u010di v\u00fdnimo\u010dn\u00fdch host\u00ed. Pouk\u00e1\u017eka je univerz\u00e1lna \u2013 obdarovan\u00fd si m\u00f4\u017ee vybra\u0165 \u010doko\u013evek z ponuky rezortu VILLA SANDY, presne pod\u013ea svojej chuti, n\u00e1lady a predst\u00e1v. \u010ci u\u017e ide o gurm\u00e1nsky z\u00e1\u017eitok v na\u0161ich re\u0161taur\u00e1ci\u00e1ch, rodinn\u00fd brunch, jedno z na\u0161ich exkluz\u00edvnych podujat\u00ed ako Gurm\u00e1nske putovanie, alebo \u0161portov\u00e9 aktivity, dar\u010dekov\u00e1 pouk\u00e1\u017eka VILLA SANDY otv\u00e1ra dvere k skuto\u010dne v\u00fdnimo\u010dn\u00fdm momentom. Ide\u00e1lna je aj pre n\u00e1\u0161 ob\u013e\u00faben\u00fd koncept Half-Day Breakfast \u2013 dokonal\u00fa v\u00edkendov\u00fa kombin\u00e1ciu TENIS \u2013 HALF-DAY BREAKFAST \u2013 POHODA\" \/>\n<meta property=\"og:url\" content=\"https:\/\/www.villasandyresort.com\/sk\/darcekova-poukazka\/\" \/>\n<meta property=\"og:site_name\" content=\"Villa Sandy City Park Resort\" \/>\n<meta property=\"article:modified_time\" content=\"2025-10-27T10:40:01+00:00\" \/>\n<meta name=\"twitter:card\" content=\"summary_large_image\" \/>\n<meta name=\"twitter:label1\" content=\"Predpokladan\u00fd \u010das \u010d\u00edtania\" \/>\n\t<meta name=\"twitter:data1\" content=\"1 min\u00fata\" \/>\n<script type=\"application\/ld+json\" class=\"yoast-schema-graph\">{\"@context\":\"https:\\\/\\\/schema.org\",\"@graph\":[{\"@type\":\"WebPage\",\"@id\":\"https:\\\/\\\/www.villasandyresort.com\\\/sk\\\/darcekova-poukazka\\\/\",\"url\":\"https:\\\/\\\/www.villasandyresort.com\\\/sk\\\/darcekova-poukazka\\\/\",\"name\":\"DAR\u010cEKOV\u00c1 POUK\u00c1\u017dKA - Villa Sandy City Park Resort -\",\"isPartOf\":{\"@id\":\"https:\\\/\\\/www.villasandyresort.com\\\/sk\\\/#website\"},\"datePublished\":\"2025-10-27T10:21:55+00:00\",\"dateModified\":\"2025-10-27T10:40:01+00:00\",\"description\":\"Zak\u00fapte si na\u0161u DAR\u010cEKOV\u00da POUK\u00c1\u017dKU a pote\u0161te svojich bl\u00edzkych, obchodn\u00fdch partnerov \u010di v\u00fdnimo\u010dn\u00fdch host\u00ed. Pouk\u00e1\u017eka je univerz\u00e1lna \u2013 obdarovan\u00fd si m\u00f4\u017ee vybra\u0165 \u010doko\u013evek z ponuky rezortu VILLA SANDY, presne pod\u013ea svojej chuti, n\u00e1lady a predst\u00e1v. \u010ci u\u017e ide o gurm\u00e1nsky z\u00e1\u017eitok v na\u0161ich re\u0161taur\u00e1ci\u00e1ch, rodinn\u00fd brunch, jedno z na\u0161ich exkluz\u00edvnych podujat\u00ed ako Gurm\u00e1nske putovanie, alebo \u0161portov\u00e9 aktivity, dar\u010dekov\u00e1 pouk\u00e1\u017eka VILLA SANDY otv\u00e1ra dvere k skuto\u010dne v\u00fdnimo\u010dn\u00fdm momentom. Ide\u00e1lna je aj pre n\u00e1\u0161 ob\u013e\u00faben\u00fd koncept Half-Day Breakfast \u2013 dokonal\u00fa v\u00edkendov\u00fa kombin\u00e1ciu TENIS \u2013 HALF-DAY BREAKFAST \u2013 POHODA\",\"breadcrumb\":{\"@id\":\"https:\\\/\\\/www.villasandyresort.com\\\/sk\\\/darcekova-poukazka\\\/#breadcrumb\"},\"inLanguage\":\"sk-SK\",\"potentialAction\":[{\"@type\":\"ReadAction\",\"target\":[\"https:\\\/\\\/www.villasandyresort.com\\\/sk\\\/darcekova-poukazka\\\/\"]}]},{\"@type\":\"BreadcrumbList\",\"@id\":\"https:\\\/\\\/www.villasandyresort.com\\\/sk\\\/darcekova-poukazka\\\/#breadcrumb\",\"itemListElement\":[{\"@type\":\"ListItem\",\"position\":1,\"name\":\"Home\",\"item\":\"https:\\\/\\\/www.villasandyresort.com\\\/sk\\\/\"},{\"@type\":\"ListItem\",\"position\":2,\"name\":\"DAR\u010cEKOV\u00c1 POUK\u00c1\u017dKA\"}]},{\"@type\":\"WebSite\",\"@id\":\"https:\\\/\\\/www.villasandyresort.com\\\/sk\\\/#website\",\"url\":\"https:\\\/\\\/www.villasandyresort.com\\\/sk\\\/\",\"name\":\"Villa Sandy City Park Resort\",\"description\":\"\",\"potentialAction\":[{\"@type\":\"SearchAction\",\"target\":{\"@type\":\"EntryPoint\",\"urlTemplate\":\"https:\\\/\\\/www.villasandyresort.com\\\/sk\\\/?s={search_term_string}\"},\"query-input\":{\"@type\":\"PropertyValueSpecification\",\"valueRequired\":true,\"valueName\":\"search_term_string\"}}],\"inLanguage\":\"sk-SK\"}]}<\/script>\n<!-- \/ Yoast SEO plugin. -->","yoast_head_json":{"title":"DAR\u010cEKOV\u00c1 POUK\u00c1\u017dKA - Villa Sandy City Park Resort -","description":"Zak\u00fapte si na\u0161u DAR\u010cEKOV\u00da POUK\u00c1\u017dKU a pote\u0161te svojich bl\u00edzkych, obchodn\u00fdch partnerov \u010di v\u00fdnimo\u010dn\u00fdch host\u00ed. Pouk\u00e1\u017eka je univerz\u00e1lna \u2013 obdarovan\u00fd si m\u00f4\u017ee vybra\u0165 \u010doko\u013evek z ponuky rezortu VILLA SANDY, presne pod\u013ea svojej chuti, n\u00e1lady a predst\u00e1v. \u010ci u\u017e ide o gurm\u00e1nsky z\u00e1\u017eitok v na\u0161ich re\u0161taur\u00e1ci\u00e1ch, rodinn\u00fd brunch, jedno z na\u0161ich exkluz\u00edvnych podujat\u00ed ako Gurm\u00e1nske putovanie, alebo \u0161portov\u00e9 aktivity, dar\u010dekov\u00e1 pouk\u00e1\u017eka VILLA SANDY otv\u00e1ra dvere k skuto\u010dne v\u00fdnimo\u010dn\u00fdm momentom. Ide\u00e1lna je aj pre n\u00e1\u0161 ob\u013e\u00faben\u00fd koncept Half-Day Breakfast \u2013 dokonal\u00fa v\u00edkendov\u00fa kombin\u00e1ciu TENIS \u2013 HALF-DAY BREAKFAST \u2013 POHODA","robots":{"index":"index","follow":"follow","max-snippet":"max-snippet:-1","max-image-preview":"max-image-preview:large","max-video-preview":"max-video-preview:-1"},"canonical":"https:\/\/www.villasandyresort.com\/sk\/darcekova-poukazka\/","og_locale":"sk_SK","og_type":"article","og_title":"DAR\u010cEKOV\u00c1 POUK\u00c1\u017dKA - Villa Sandy City Park Resort -","og_description":"Zak\u00fapte si na\u0161u DAR\u010cEKOV\u00da POUK\u00c1\u017dKU a pote\u0161te svojich bl\u00edzkych, obchodn\u00fdch partnerov \u010di v\u00fdnimo\u010dn\u00fdch host\u00ed. Pouk\u00e1\u017eka je univerz\u00e1lna \u2013 obdarovan\u00fd si m\u00f4\u017ee vybra\u0165 \u010doko\u013evek z ponuky rezortu VILLA SANDY, presne pod\u013ea svojej chuti, n\u00e1lady a predst\u00e1v. \u010ci u\u017e ide o gurm\u00e1nsky z\u00e1\u017eitok v na\u0161ich re\u0161taur\u00e1ci\u00e1ch, rodinn\u00fd brunch, jedno z na\u0161ich exkluz\u00edvnych podujat\u00ed ako Gurm\u00e1nske putovanie, alebo \u0161portov\u00e9 aktivity, dar\u010dekov\u00e1 pouk\u00e1\u017eka VILLA SANDY otv\u00e1ra dvere k skuto\u010dne v\u00fdnimo\u010dn\u00fdm momentom. Ide\u00e1lna je aj pre n\u00e1\u0161 ob\u013e\u00faben\u00fd koncept Half-Day Breakfast \u2013 dokonal\u00fa v\u00edkendov\u00fa kombin\u00e1ciu TENIS \u2013 HALF-DAY BREAKFAST \u2013 POHODA","og_url":"https:\/\/www.villasandyresort.com\/sk\/darcekova-poukazka\/","og_site_name":"Villa Sandy City Park Resort","article_modified_time":"2025-10-27T10:40:01+00:00","twitter_card":"summary_large_image","twitter_misc":{"Predpokladan\u00fd \u010das \u010d\u00edtania":"1 min\u00fata"},"schema":{"@context":"https:\/\/schema.org","@graph":[{"@type":"WebPage","@id":"https:\/\/www.villasandyresort.com\/sk\/darcekova-poukazka\/","url":"https:\/\/www.villasandyresort.com\/sk\/darcekova-poukazka\/","name":"DAR\u010cEKOV\u00c1 POUK\u00c1\u017dKA - Villa Sandy City Park Resort -","isPartOf":{"@id":"https:\/\/www.villasandyresort.com\/sk\/#website"},"datePublished":"2025-10-27T10:21:55+00:00","dateModified":"2025-10-27T10:40:01+00:00","description":"Zak\u00fapte si na\u0161u DAR\u010cEKOV\u00da POUK\u00c1\u017dKU a pote\u0161te svojich bl\u00edzkych, obchodn\u00fdch partnerov \u010di v\u00fdnimo\u010dn\u00fdch host\u00ed. Pouk\u00e1\u017eka je univerz\u00e1lna \u2013 obdarovan\u00fd si m\u00f4\u017ee vybra\u0165 \u010doko\u013evek z ponuky rezortu VILLA SANDY, presne pod\u013ea svojej chuti, n\u00e1lady a predst\u00e1v. \u010ci u\u017e ide o gurm\u00e1nsky z\u00e1\u017eitok v na\u0161ich re\u0161taur\u00e1ci\u00e1ch, rodinn\u00fd brunch, jedno z na\u0161ich exkluz\u00edvnych podujat\u00ed ako Gurm\u00e1nske putovanie, alebo \u0161portov\u00e9 aktivity, dar\u010dekov\u00e1 pouk\u00e1\u017eka VILLA SANDY otv\u00e1ra dvere k skuto\u010dne v\u00fdnimo\u010dn\u00fdm momentom. Ide\u00e1lna je aj pre n\u00e1\u0161 ob\u013e\u00faben\u00fd koncept Half-Day Breakfast \u2013 dokonal\u00fa v\u00edkendov\u00fa kombin\u00e1ciu TENIS \u2013 HALF-DAY BREAKFAST \u2013 POHODA","breadcrumb":{"@id":"https:\/\/www.villasandyresort.com\/sk\/darcekova-poukazka\/#breadcrumb"},"inLanguage":"sk-SK","potentialAction":[{"@type":"ReadAction","target":["https:\/\/www.villasandyresort.com\/sk\/darcekova-poukazka\/"]}]},{"@type":"BreadcrumbList","@id":"https:\/\/www.villasandyresort.com\/sk\/darcekova-poukazka\/#breadcrumb","itemListElement":[{"@type":"ListItem","position":1,"name":"Home","item":"https:\/\/www.villasandyresort.com\/sk\/"},{"@type":"ListItem","position":2,"name":"DAR\u010cEKOV\u00c1 POUK\u00c1\u017dKA"}]},{"@type":"WebSite","@id":"https:\/\/www.villasandyresort.com\/sk\/#website","url":"https:\/\/www.villasandyresort.com\/sk\/","name":"Villa Sandy City Park Resort","description":"","potentialAction":[{"@type":"SearchAction","target":{"@type":"EntryPoint","urlTemplate":"https:\/\/www.villasandyresort.com\/sk\/?s={search_term_string}"},"query-input":{"@type":"PropertyValueSpecification","valueRequired":true,"valueName":"search_term_string"}}],"inLanguage":"sk-SK"}]}},"acf":[],"_links":{"self":[{"href":"https:\/\/www.villasandyresort.com\/sk\/wp-json\/wp\/v2\/pages\/1959","targetHints":{"allow":["GET"]}}],"collection":[{"href":"https:\/\/www.villasandyresort.com\/sk\/wp-json\/wp\/v2\/pages"}],"about":[{"href":"https:\/\/www.villasandyresort.com\/sk\/wp-json\/wp\/v2\/types\/page"}],"author":[{"embeddable":true,"href":"https:\/\/www.villasandyresort.com\/sk\/wp-json\/wp\/v2\/users\/101"}],"replies":[{"embeddable":true,"href":"https:\/\/www.villasandyresort.com\/sk\/wp-json\/wp\/v2\/comments?post=1959"}],"version-history":[{"count":0,"href":"https:\/\/www.villasandyresort.com\/sk\/wp-json\/wp\/v2\/pages\/1959\/revisions"}],"wp:attachment":[{"href":"https:\/\/www.villasandyresort.com\/sk\/wp-json\/wp\/v2\/media?parent=1959"}],"curies":[{"name":"wp","href":"https:\/\/api.w.org\/{rel}","templated":true}]}}