{"id":1851,"date":"2025-10-06T18:19:35","date_gmt":"2025-10-06T18:19:35","guid":{"rendered":"https:\/\/www.villasandyresort.com\/?page_id=1851"},"modified":"2025-10-06T18:21:04","modified_gmt":"2025-10-06T18:21:04","slug":"tenisove-kurty","status":"publish","type":"page","link":"https:\/\/www.villasandyresort.com\/sk\/rezervacie\/tenisove-kurty\/","title":{"rendered":"TENISOV\u00c9 KURTY"},"content":{"rendered":"<p style=\"text-align: center\"><strong>Rezervujte si \u010das na tenis!<br \/>\n<\/strong>Pon\u00fakame V\u00e1m jedine\u010dn\u00e9 z\u00e1zemie pre \u0161portov\u00e9 vy\u017eitie v zelenom srdci mesta.<br \/>\nV letnej sez\u00f3ne s\u00fa v\u00e1m k dispoz\u00edcii 4 exteri\u00e9rov\u00e9 profesion\u00e1lne kurty v dvoch prevedeniach,<br \/>\nhard court GREEN SET a tr\u00e1vnaty povrch TIGER TURF.<br \/>\nV zimnej sez\u00f3ne je k dispoz\u00edcii klimatizovan\u00e1 multifunk\u010dn\u00e1 tenisov\u00e1 hala s dvoma kurtami,<br \/>\nv preveden\u00ed hard court GREEN SET s kompletn\u00fdm z\u00e1zem\u00edn.<\/p>\n","protected":false},"excerpt":{"rendered":"<p>Rezervujte si \u010das na tenis! Pon\u00fakame V\u00e1m jedine\u010dn\u00e9 z\u00e1zemie pre \u0161portov\u00e9 vy\u017eitie v zelenom srdci mesta. V letnej sez\u00f3ne s\u00fa v\u00e1m k dispoz\u00edcii 4 exteri\u00e9rov\u00e9 profesion\u00e1lne kurty v dvoch prevedeniach, hard court GREEN SET a tr\u00e1vnaty povrch TIGER TURF. V zimnej sez\u00f3ne je k dispoz\u00edcii klimatizovan\u00e1 multifunk\u010dn\u00e1 tenisov\u00e1 hala s dvoma kurtami, v preveden\u00ed hard [&hellip;]<\/p>\n","protected":false},"author":101,"featured_media":0,"parent":607,"menu_order":0,"comment_status":"closed","ping_status":"closed","template":"template-custom.php","meta":{"footnotes":""},"yoast_head":"<!-- This site is optimized with the Yoast SEO plugin v22.3 - https:\/\/yoast.com\/wordpress\/plugins\/seo\/ -->\n<title>TENISOV\u00c9 KURTY - Villa Sandy City Park Resort -<\/title>\n<meta name=\"description\" content=\"Rezervujte si \u010das na tenis! Pon\u00fakame V\u00e1m jedine\u010dn\u00e9 z\u00e1zemie pre \u0161portov\u00e9 vy\u017eitie v zelenom srdci mesta. V letnej sez\u00f3ne s\u00fa v\u00e1m k dispoz\u00edcii 4 exteri\u00e9rov\u00e9 profesion\u00e1lne kurty v dvoch prevedeniach, hard court GREEN SET a tr\u00e1vnaty povrch TIGER TURF. V zimnej sez\u00f3ne je k dispoz\u00edcii klimatizovan\u00e1 multifunk\u010dn\u00e1 tenisov\u00e1 hala s dvoma kurtami, v preveden\u00ed hard court GREEN SET s kompletn\u00fdm z\u00e1zem\u00edn..\" \/>\n<meta name=\"robots\" content=\"index, follow, max-snippet:-1, max-image-preview:large, max-video-preview:-1\" \/>\n<link rel=\"canonical\" href=\"https:\/\/www.villasandyresort.com\/sk\/rezervacie\/tenisove-kurty\/\" \/>\n<meta property=\"og:locale\" content=\"sk_SK\" \/>\n<meta property=\"og:type\" content=\"article\" \/>\n<meta property=\"og:title\" content=\"TENISOV\u00c9 KURTY - Villa Sandy City Park Resort -\" \/>\n<meta property=\"og:description\" content=\"Rezervujte si \u010das na tenis! Pon\u00fakame V\u00e1m jedine\u010dn\u00e9 z\u00e1zemie pre \u0161portov\u00e9 vy\u017eitie v zelenom srdci mesta. V letnej sez\u00f3ne s\u00fa v\u00e1m k dispoz\u00edcii 4 exteri\u00e9rov\u00e9 profesion\u00e1lne kurty v dvoch prevedeniach, hard court GREEN SET a tr\u00e1vnaty povrch TIGER TURF. V zimnej sez\u00f3ne je k dispoz\u00edcii klimatizovan\u00e1 multifunk\u010dn\u00e1 tenisov\u00e1 hala s dvoma kurtami, v preveden\u00ed hard court GREEN SET s kompletn\u00fdm z\u00e1zem\u00edn..\" \/>\n<meta property=\"og:url\" content=\"https:\/\/www.villasandyresort.com\/sk\/rezervacie\/tenisove-kurty\/\" \/>\n<meta property=\"og:site_name\" content=\"Villa Sandy City Park Resort\" \/>\n<meta property=\"article:modified_time\" content=\"2025-10-06T18:21:04+00:00\" \/>\n<meta name=\"twitter:card\" content=\"summary_large_image\" \/>\n<meta name=\"twitter:label1\" content=\"Predpokladan\u00fd \u010das \u010d\u00edtania\" \/>\n\t<meta name=\"twitter:data1\" content=\"1 min\u00fata\" \/>\n<script type=\"application\/ld+json\" class=\"yoast-schema-graph\">{\"@context\":\"https:\/\/schema.org\",\"@graph\":[{\"@type\":\"WebPage\",\"@id\":\"https:\/\/www.villasandyresort.com\/sk\/rezervacie\/tenisove-kurty\/\",\"url\":\"https:\/\/www.villasandyresort.com\/sk\/rezervacie\/tenisove-kurty\/\",\"name\":\"TENISOV\u00c9 KURTY - Villa Sandy City Park Resort -\",\"isPartOf\":{\"@id\":\"https:\/\/www.villasandyresort.com\/sk\/#website\"},\"datePublished\":\"2025-10-06T18:19:35+00:00\",\"dateModified\":\"2025-10-06T18:21:04+00:00\",\"description\":\"Rezervujte si \u010das na tenis! Pon\u00fakame V\u00e1m jedine\u010dn\u00e9 z\u00e1zemie pre \u0161portov\u00e9 vy\u017eitie v zelenom srdci mesta. V letnej sez\u00f3ne s\u00fa v\u00e1m k dispoz\u00edcii 4 exteri\u00e9rov\u00e9 profesion\u00e1lne kurty v dvoch prevedeniach, hard court GREEN SET a tr\u00e1vnaty povrch TIGER TURF. V zimnej sez\u00f3ne je k dispoz\u00edcii klimatizovan\u00e1 multifunk\u010dn\u00e1 tenisov\u00e1 hala s dvoma kurtami, v preveden\u00ed hard court GREEN SET s kompletn\u00fdm z\u00e1zem\u00edn. .\",\"breadcrumb\":{\"@id\":\"https:\/\/www.villasandyresort.com\/sk\/rezervacie\/tenisove-kurty\/#breadcrumb\"},\"inLanguage\":\"sk-SK\",\"potentialAction\":[{\"@type\":\"ReadAction\",\"target\":[\"https:\/\/www.villasandyresort.com\/sk\/rezervacie\/tenisove-kurty\/\"]}]},{\"@type\":\"BreadcrumbList\",\"@id\":\"https:\/\/www.villasandyresort.com\/sk\/rezervacie\/tenisove-kurty\/#breadcrumb\",\"itemListElement\":[{\"@type\":\"ListItem\",\"position\":1,\"name\":\"Home\",\"item\":\"https:\/\/www.villasandyresort.com\/sk\/\"},{\"@type\":\"ListItem\",\"position\":2,\"name\":\"REZERV\u00c1CIE\",\"item\":\"https:\/\/www.villasandyresort.com\/sk\/rezervacie\/\"},{\"@type\":\"ListItem\",\"position\":3,\"name\":\"TENISOV\u00c9 KURTY\"}]},{\"@type\":\"WebSite\",\"@id\":\"https:\/\/www.villasandyresort.com\/sk\/#website\",\"url\":\"https:\/\/www.villasandyresort.com\/sk\/\",\"name\":\"Villa Sandy City Park Resort\",\"description\":\"\",\"potentialAction\":[{\"@type\":\"SearchAction\",\"target\":{\"@type\":\"EntryPoint\",\"urlTemplate\":\"https:\/\/www.villasandyresort.com\/sk\/?s={search_term_string}\"},\"query-input\":\"required name=search_term_string\"}],\"inLanguage\":\"sk-SK\"}]}<\/script>\n<!-- \/ Yoast SEO plugin. -->","yoast_head_json":{"title":"TENISOV\u00c9 KURTY - Villa Sandy City Park Resort -","description":"Rezervujte si \u010das na tenis! Pon\u00fakame V\u00e1m jedine\u010dn\u00e9 z\u00e1zemie pre \u0161portov\u00e9 vy\u017eitie v zelenom srdci mesta. V letnej sez\u00f3ne s\u00fa v\u00e1m k dispoz\u00edcii 4 exteri\u00e9rov\u00e9 profesion\u00e1lne kurty v dvoch prevedeniach, hard court GREEN SET a tr\u00e1vnaty povrch TIGER TURF. V zimnej sez\u00f3ne je k dispoz\u00edcii klimatizovan\u00e1 multifunk\u010dn\u00e1 tenisov\u00e1 hala s dvoma kurtami, v preveden\u00ed hard court GREEN SET s kompletn\u00fdm z\u00e1zem\u00edn..","robots":{"index":"index","follow":"follow","max-snippet":"max-snippet:-1","max-image-preview":"max-image-preview:large","max-video-preview":"max-video-preview:-1"},"canonical":"https:\/\/www.villasandyresort.com\/sk\/rezervacie\/tenisove-kurty\/","og_locale":"sk_SK","og_type":"article","og_title":"TENISOV\u00c9 KURTY - Villa Sandy City Park Resort -","og_description":"Rezervujte si \u010das na tenis! Pon\u00fakame V\u00e1m jedine\u010dn\u00e9 z\u00e1zemie pre \u0161portov\u00e9 vy\u017eitie v zelenom srdci mesta. V letnej sez\u00f3ne s\u00fa v\u00e1m k dispoz\u00edcii 4 exteri\u00e9rov\u00e9 profesion\u00e1lne kurty v dvoch prevedeniach, hard court GREEN SET a tr\u00e1vnaty povrch TIGER TURF. V zimnej sez\u00f3ne je k dispoz\u00edcii klimatizovan\u00e1 multifunk\u010dn\u00e1 tenisov\u00e1 hala s dvoma kurtami, v preveden\u00ed hard court GREEN SET s kompletn\u00fdm z\u00e1zem\u00edn..","og_url":"https:\/\/www.villasandyresort.com\/sk\/rezervacie\/tenisove-kurty\/","og_site_name":"Villa Sandy City Park Resort","article_modified_time":"2025-10-06T18:21:04+00:00","twitter_card":"summary_large_image","twitter_misc":{"Predpokladan\u00fd \u010das \u010d\u00edtania":"1 min\u00fata"},"schema":{"@context":"https:\/\/schema.org","@graph":[{"@type":"WebPage","@id":"https:\/\/www.villasandyresort.com\/sk\/rezervacie\/tenisove-kurty\/","url":"https:\/\/www.villasandyresort.com\/sk\/rezervacie\/tenisove-kurty\/","name":"TENISOV\u00c9 KURTY - Villa Sandy City Park Resort -","isPartOf":{"@id":"https:\/\/www.villasandyresort.com\/sk\/#website"},"datePublished":"2025-10-06T18:19:35+00:00","dateModified":"2025-10-06T18:21:04+00:00","description":"Rezervujte si \u010das na tenis! Pon\u00fakame V\u00e1m jedine\u010dn\u00e9 z\u00e1zemie pre \u0161portov\u00e9 vy\u017eitie v zelenom srdci mesta. V letnej sez\u00f3ne s\u00fa v\u00e1m k dispoz\u00edcii 4 exteri\u00e9rov\u00e9 profesion\u00e1lne kurty v dvoch prevedeniach, hard court GREEN SET a tr\u00e1vnaty povrch TIGER TURF. V zimnej sez\u00f3ne je k dispoz\u00edcii klimatizovan\u00e1 multifunk\u010dn\u00e1 tenisov\u00e1 hala s dvoma kurtami, v preveden\u00ed hard court GREEN SET s kompletn\u00fdm z\u00e1zem\u00edn. .","breadcrumb":{"@id":"https:\/\/www.villasandyresort.com\/sk\/rezervacie\/tenisove-kurty\/#breadcrumb"},"inLanguage":"sk-SK","potentialAction":[{"@type":"ReadAction","target":["https:\/\/www.villasandyresort.com\/sk\/rezervacie\/tenisove-kurty\/"]}]},{"@type":"BreadcrumbList","@id":"https:\/\/www.villasandyresort.com\/sk\/rezervacie\/tenisove-kurty\/#breadcrumb","itemListElement":[{"@type":"ListItem","position":1,"name":"Home","item":"https:\/\/www.villasandyresort.com\/sk\/"},{"@type":"ListItem","position":2,"name":"REZERV\u00c1CIE","item":"https:\/\/www.villasandyresort.com\/sk\/rezervacie\/"},{"@type":"ListItem","position":3,"name":"TENISOV\u00c9 KURTY"}]},{"@type":"WebSite","@id":"https:\/\/www.villasandyresort.com\/sk\/#website","url":"https:\/\/www.villasandyresort.com\/sk\/","name":"Villa Sandy City Park Resort","description":"","potentialAction":[{"@type":"SearchAction","target":{"@type":"EntryPoint","urlTemplate":"https:\/\/www.villasandyresort.com\/sk\/?s={search_term_string}"},"query-input":"required name=search_term_string"}],"inLanguage":"sk-SK"}]}},"acf":[],"_links":{"self":[{"href":"https:\/\/www.villasandyresort.com\/sk\/wp-json\/wp\/v2\/pages\/1851"}],"collection":[{"href":"https:\/\/www.villasandyresort.com\/sk\/wp-json\/wp\/v2\/pages"}],"about":[{"href":"https:\/\/www.villasandyresort.com\/sk\/wp-json\/wp\/v2\/types\/page"}],"author":[{"embeddable":true,"href":"https:\/\/www.villasandyresort.com\/sk\/wp-json\/wp\/v2\/users\/101"}],"replies":[{"embeddable":true,"href":"https:\/\/www.villasandyresort.com\/sk\/wp-json\/wp\/v2\/comments?post=1851"}],"version-history":[{"count":0,"href":"https:\/\/www.villasandyresort.com\/sk\/wp-json\/wp\/v2\/pages\/1851\/revisions"}],"up":[{"embeddable":true,"href":"https:\/\/www.villasandyresort.com\/sk\/wp-json\/wp\/v2\/pages\/607"}],"wp:attachment":[{"href":"https:\/\/www.villasandyresort.com\/sk\/wp-json\/wp\/v2\/media?parent=1851"}],"curies":[{"name":"wp","href":"https:\/\/api.w.org\/{rel}","templated":true}]}}