{"id":142,"date":"2023-11-22T16:33:09","date_gmt":"2023-11-22T16:33:09","guid":{"rendered":"https:\/\/villa-sandy-city-park-resort.ms2.decms.eu\/?page_id=142"},"modified":"2026-04-24T13:55:01","modified_gmt":"2026-04-24T13:55:01","slug":"tenis","status":"publish","type":"page","link":"https:\/\/www.villasandyresort.com\/sk\/tenis\/","title":{"rendered":"Tenis"},"content":{"rendered":"<p style=\"text-align: justify\">Pon\u00fakame V\u00e1m jedine\u010dn\u00e9 z\u00e1zemie pre \u0161portov\u00e9 vy\u017eitie v zelenom srdci mesta.<\/p>\n<p style=\"text-align: JUSTIFY\">V\u00fdberom \u0161portovej ponuky nadv\u00e4zujeme na historick\u00e9 trad\u00edcie miesta rezortu, ako aj na aktu\u00e1lne potreby na\u0161ich host\u00ed.<\/p>\n<p style=\"text-align: JUSTIFY\">Od za\u010diatku 20.storo\u010dia bola z\u00f3na rezortu vyu\u017e\u00edvan\u00e1 pre tenis. Nad\u0161encom bieleho \u0161portu preto v are\u00e1li rezortu pon\u00fakame profesion\u00e1lne tenisov\u00e9 kurty v are\u00e1li rezortu.<\/p>\n<p data-start=\"0\" data-end=\"155\">V are\u00e1li rezortu sa nach\u00e1dza <strong data-start=\"29\" data-end=\"109\">\u0161es\u0165 profesion\u00e1lnych tenisov\u00fdch kurtov \u2013 \u0161tyri exteri\u00e9rov\u00e9 a dva interi\u00e9rov\u00e9<\/strong>, ktor\u00e9 umo\u017e\u0148uj\u00fa hra\u0165 tenis po\u010das cel\u00e9ho roka.<\/p>\n<p data-start=\"157\" data-end=\"707\"><strong data-start=\"157\" data-end=\"185\">Vonkaj\u0161ie tenisov\u00e9 kurty<\/strong><br data-start=\"185\" data-end=\"188\" \/>V rezorte n\u00e1jdete <strong data-start=\"206\" data-end=\"256\" data-is-only-node=\"\">\u0161tyri profesion\u00e1lne exteri\u00e9rov\u00e9 tenisov\u00e9 kurty<\/strong>, ktor\u00e9 sp\u013a\u0148aj\u00fa vysok\u00e9 \u0161tandardy kvality. Dva kurty s\u00fa vybaven\u00e9 <strong>hard court povrchom GreenSet v kateg\u00f3rii ITF 1 (slow)<\/strong>, ktor\u00fd patr\u00ed medzi pomal\u0161ie povrchy a poskytuje v\u00fdborn\u00fa kontrolu nad hrou. \u010eal\u0161ie dva kurty maj\u00fa <strong data-start=\"475\" data-end=\"525\">umel\u00fa tr\u00e1vu Tiger Turf v kateg\u00f3rii ITF 4 (fast)<\/strong>, ktor\u00e1 pon\u00faka r\u00fdchlej\u0161iu a dynamickej\u0161iu hru. V\u0161etky exteri\u00e9rov\u00e9 kurty s\u00fa <strong data-start=\"600\" data-end=\"618\">plne osvetlen\u00e9<\/strong>, tak\u017ee si tenis m\u00f4\u017eete vychutna\u0165 aj vo ve\u010dern\u00fdch hodin\u00e1ch v pr\u00edjemnej atmosf\u00e9re rezortu.<\/p>\n<p data-start=\"709\" data-end=\"1047\" data-is-last-node=\"\" data-is-only-node=\"\"><strong data-start=\"709\" data-end=\"733\">Kryt\u00e9 tenisov\u00e9 kurty<\/strong><br data-start=\"733\" data-end=\"736\" \/>Tenisov\u00fa infra\u0161trukt\u00faru dop\u013a\u0148aj\u00fa <strong data-start=\"769\" data-end=\"832\" data-is-only-node=\"\">dva kryt\u00e9 tenisov\u00e9 kurty s profesion\u00e1lnym povrchom GreenSet<\/strong>, ktor\u00e9 sa nach\u00e1dzaj\u00fa v <strong data-start=\"856\" data-end=\"898\">plne klimatizovanej multifunk\u010dnej hale<\/strong>. V\u010faka tomu si hostia m\u00f4\u017eu zahra\u0165 tenis <strong data-start=\"939\" data-end=\"985\">po\u010das cel\u00e9ho roka a za ak\u00e9hoko\u013evek po\u010dasia<\/strong>, \u010di u\u017e ide o tr\u00e9ning, rekrea\u010dn\u00fa hru alebo \u0161portov\u00e9 podujatia.<\/p>\n<p style=\"text-align: JUSTIFY\">Kor\u010du\u013eovanie rovnako patr\u00ed do prostredia ko\u0161ick\u00e9ho Mestsk\u00e9ho parku. Na zimn\u00e9 obdobie pre V\u00e1s preto pripravujeme kor\u010duliarsku \u013eadov\u00fa plochou v are\u00e1li rezortu VILLA SANDY, kde si bud\u00fa m\u00f4c\u0165 jednotlivci, p\u00e1ry \u010di rodiny u\u017e\u00edva\u0165 spolo\u010dn\u00e9 zimn\u00e9 radov\u00e1nky. Pl\u00e1nujeme V\u00e1m pon\u00faknu\u0165 skvel\u00e9 z\u00e1zemie aj pre \u010fal\u0161ie parkov\u00e9 \u0161porty, ak\u00fdmi s\u00fa jogging \u010di j\u00f3ga.<\/p>\n<p>&nbsp;<\/p>\n","protected":false},"excerpt":{"rendered":"<p>Pon\u00fakame V\u00e1m jedine\u010dn\u00e9 z\u00e1zemie pre \u0161portov\u00e9 vy\u017eitie v zelenom srdci mesta. V\u00fdberom \u0161portovej ponuky nadv\u00e4zujeme na historick\u00e9 trad\u00edcie miesta rezortu, ako aj na aktu\u00e1lne potreby na\u0161ich host\u00ed. Od za\u010diatku 20.storo\u010dia bola z\u00f3na rezortu vyu\u017e\u00edvan\u00e1 pre tenis. Nad\u0161encom bieleho \u0161portu preto v are\u00e1li rezortu pon\u00fakame profesion\u00e1lne tenisov\u00e9 kurty v are\u00e1li rezortu. V are\u00e1li rezortu sa nach\u00e1dza [&hellip;]<\/p>\n","protected":false},"author":13,"featured_media":0,"parent":0,"menu_order":70,"comment_status":"closed","ping_status":"closed","template":"template-single-restaurant.php","meta":{"footnotes":""},"class_list":["post-142","page","type-page","status-publish","hentry"],"yoast_head":"<!-- This site is optimized with the Yoast SEO plugin v27.3 - https:\/\/yoast.com\/product\/yoast-seo-wordpress\/ -->\n<title>Tenis - Villa Sandy City Park Resort -<\/title>\n<meta name=\"description\" content=\"Pon\u00fakame V\u00e1m jedine\u010dn\u00e9 z\u00e1zemie pre \u0161portov\u00e9 vy\u017eitie v zelenom srdci mesta. V\u00fdberom \u0161portovej ponuky nadv\u00e4zujeme na historick\u00e9 trad\u00edcie miesta rezortu, ako aj na aktu\u00e1lne potreby na\u0161ich host\u00ed. Od za\u010diatku 20.storo\u010dia bola z\u00f3na rezortu vyu\u017e\u00edvan\u00e1 pre tenis. Nad\u0161encom bieleho \u0161portu preto v are\u00e1li rezortu pon\u00fakame profesion\u00e1lne tenisov\u00e9 kurty v are\u00e1li rezortu. V are\u00e1li rezortu sa nach\u00e1dza \u0161es\u0165 profesion\u00e1lnych tenisov\u00fdch kurtov \u2013 \u0161tyri exteri\u00e9rov\u00e9 a dva interi\u00e9rov\u00e9, ktor\u00e9 umo\u017e\u0148uj\u00fa hra\u0165 tenis po\u010das cel\u00e9ho roka. Vonkaj\u0161ie tenisov\u00e9 kurtyV rezorte n\u00e1jdete \u0161tyri profesion\u00e1lne exteri\u00e9rov\u00e9 tenisov\u00e9 kurty, ktor\u00e9 sp\u013a\u0148aj\u00fa vysok\u00e9 \u0161tandardy kvality\" \/>\n<meta name=\"robots\" content=\"index, follow, max-snippet:-1, max-image-preview:large, max-video-preview:-1\" \/>\n<link rel=\"canonical\" href=\"https:\/\/www.villasandyresort.com\/sk\/tenis\/\" \/>\n<meta property=\"og:locale\" content=\"sk_SK\" \/>\n<meta property=\"og:type\" content=\"article\" \/>\n<meta property=\"og:title\" content=\"Tenis - Villa Sandy City Park Resort -\" \/>\n<meta property=\"og:description\" content=\"Pon\u00fakame V\u00e1m jedine\u010dn\u00e9 z\u00e1zemie pre \u0161portov\u00e9 vy\u017eitie v zelenom srdci mesta. V\u00fdberom \u0161portovej ponuky nadv\u00e4zujeme na historick\u00e9 trad\u00edcie miesta rezortu, ako aj na aktu\u00e1lne potreby na\u0161ich host\u00ed. Od za\u010diatku 20.storo\u010dia bola z\u00f3na rezortu vyu\u017e\u00edvan\u00e1 pre tenis. Nad\u0161encom bieleho \u0161portu preto v are\u00e1li rezortu pon\u00fakame profesion\u00e1lne tenisov\u00e9 kurty v are\u00e1li rezortu. V are\u00e1li rezortu sa nach\u00e1dza \u0161es\u0165 profesion\u00e1lnych tenisov\u00fdch kurtov \u2013 \u0161tyri exteri\u00e9rov\u00e9 a dva interi\u00e9rov\u00e9, ktor\u00e9 umo\u017e\u0148uj\u00fa hra\u0165 tenis po\u010das cel\u00e9ho roka. Vonkaj\u0161ie tenisov\u00e9 kurtyV rezorte n\u00e1jdete \u0161tyri profesion\u00e1lne exteri\u00e9rov\u00e9 tenisov\u00e9 kurty, ktor\u00e9 sp\u013a\u0148aj\u00fa vysok\u00e9 \u0161tandardy kvality\" \/>\n<meta property=\"og:url\" content=\"https:\/\/www.villasandyresort.com\/sk\/tenis\/\" \/>\n<meta property=\"og:site_name\" content=\"Villa Sandy City Park Resort\" \/>\n<meta property=\"article:modified_time\" content=\"2026-04-24T13:55:01+00:00\" \/>\n<meta name=\"twitter:card\" content=\"summary_large_image\" \/>\n<meta name=\"twitter:label1\" content=\"Predpokladan\u00fd \u010das \u010d\u00edtania\" \/>\n\t<meta name=\"twitter:data1\" content=\"2 min\u00faty\" \/>\n<script type=\"application\/ld+json\" class=\"yoast-schema-graph\">{\"@context\":\"https:\\\/\\\/schema.org\",\"@graph\":[{\"@type\":\"WebPage\",\"@id\":\"https:\\\/\\\/www.villasandyresort.com\\\/sk\\\/tenis\\\/\",\"url\":\"https:\\\/\\\/www.villasandyresort.com\\\/sk\\\/tenis\\\/\",\"name\":\"Tenis - Villa Sandy City Park Resort -\",\"isPartOf\":{\"@id\":\"https:\\\/\\\/www.villasandyresort.com\\\/sk\\\/#website\"},\"datePublished\":\"2023-11-22T16:33:09+00:00\",\"dateModified\":\"2026-04-24T13:55:01+00:00\",\"description\":\"Pon\u00fakame V\u00e1m jedine\u010dn\u00e9 z\u00e1zemie pre \u0161portov\u00e9 vy\u017eitie v zelenom srdci mesta. V\u00fdberom \u0161portovej ponuky nadv\u00e4zujeme na historick\u00e9 trad\u00edcie miesta rezortu, ako aj na aktu\u00e1lne potreby na\u0161ich host\u00ed. Od za\u010diatku 20.storo\u010dia bola z\u00f3na rezortu vyu\u017e\u00edvan\u00e1 pre tenis. Nad\u0161encom bieleho \u0161portu preto v are\u00e1li rezortu pon\u00fakame profesion\u00e1lne tenisov\u00e9 kurty v are\u00e1li rezortu. V are\u00e1li rezortu sa nach\u00e1dza \u0161es\u0165 profesion\u00e1lnych tenisov\u00fdch kurtov \u2013 \u0161tyri exteri\u00e9rov\u00e9 a dva interi\u00e9rov\u00e9, ktor\u00e9 umo\u017e\u0148uj\u00fa hra\u0165 tenis po\u010das cel\u00e9ho roka. Vonkaj\u0161ie tenisov\u00e9 kurtyV rezorte n\u00e1jdete \u0161tyri profesion\u00e1lne exteri\u00e9rov\u00e9 tenisov\u00e9 kurty, ktor\u00e9 sp\u013a\u0148aj\u00fa vysok\u00e9 \u0161tandardy kvality\",\"breadcrumb\":{\"@id\":\"https:\\\/\\\/www.villasandyresort.com\\\/sk\\\/tenis\\\/#breadcrumb\"},\"inLanguage\":\"sk-SK\",\"potentialAction\":[{\"@type\":\"ReadAction\",\"target\":[\"https:\\\/\\\/www.villasandyresort.com\\\/sk\\\/tenis\\\/\"]}]},{\"@type\":\"BreadcrumbList\",\"@id\":\"https:\\\/\\\/www.villasandyresort.com\\\/sk\\\/tenis\\\/#breadcrumb\",\"itemListElement\":[{\"@type\":\"ListItem\",\"position\":1,\"name\":\"Home\",\"item\":\"https:\\\/\\\/www.villasandyresort.com\\\/sk\\\/\"},{\"@type\":\"ListItem\",\"position\":2,\"name\":\"Tenis\"}]},{\"@type\":\"WebSite\",\"@id\":\"https:\\\/\\\/www.villasandyresort.com\\\/sk\\\/#website\",\"url\":\"https:\\\/\\\/www.villasandyresort.com\\\/sk\\\/\",\"name\":\"Villa Sandy City Park Resort\",\"description\":\"\",\"potentialAction\":[{\"@type\":\"SearchAction\",\"target\":{\"@type\":\"EntryPoint\",\"urlTemplate\":\"https:\\\/\\\/www.villasandyresort.com\\\/sk\\\/?s={search_term_string}\"},\"query-input\":{\"@type\":\"PropertyValueSpecification\",\"valueRequired\":true,\"valueName\":\"search_term_string\"}}],\"inLanguage\":\"sk-SK\"}]}<\/script>\n<!-- \/ Yoast SEO plugin. -->","yoast_head_json":{"title":"Tenis - Villa Sandy City Park Resort -","description":"Pon\u00fakame V\u00e1m jedine\u010dn\u00e9 z\u00e1zemie pre \u0161portov\u00e9 vy\u017eitie v zelenom srdci mesta. V\u00fdberom \u0161portovej ponuky nadv\u00e4zujeme na historick\u00e9 trad\u00edcie miesta rezortu, ako aj na aktu\u00e1lne potreby na\u0161ich host\u00ed. Od za\u010diatku 20.storo\u010dia bola z\u00f3na rezortu vyu\u017e\u00edvan\u00e1 pre tenis. Nad\u0161encom bieleho \u0161portu preto v are\u00e1li rezortu pon\u00fakame profesion\u00e1lne tenisov\u00e9 kurty v are\u00e1li rezortu. V are\u00e1li rezortu sa nach\u00e1dza \u0161es\u0165 profesion\u00e1lnych tenisov\u00fdch kurtov \u2013 \u0161tyri exteri\u00e9rov\u00e9 a dva interi\u00e9rov\u00e9, ktor\u00e9 umo\u017e\u0148uj\u00fa hra\u0165 tenis po\u010das cel\u00e9ho roka. Vonkaj\u0161ie tenisov\u00e9 kurtyV rezorte n\u00e1jdete \u0161tyri profesion\u00e1lne exteri\u00e9rov\u00e9 tenisov\u00e9 kurty, ktor\u00e9 sp\u013a\u0148aj\u00fa vysok\u00e9 \u0161tandardy kvality","robots":{"index":"index","follow":"follow","max-snippet":"max-snippet:-1","max-image-preview":"max-image-preview:large","max-video-preview":"max-video-preview:-1"},"canonical":"https:\/\/www.villasandyresort.com\/sk\/tenis\/","og_locale":"sk_SK","og_type":"article","og_title":"Tenis - Villa Sandy City Park Resort -","og_description":"Pon\u00fakame V\u00e1m jedine\u010dn\u00e9 z\u00e1zemie pre \u0161portov\u00e9 vy\u017eitie v zelenom srdci mesta. V\u00fdberom \u0161portovej ponuky nadv\u00e4zujeme na historick\u00e9 trad\u00edcie miesta rezortu, ako aj na aktu\u00e1lne potreby na\u0161ich host\u00ed. Od za\u010diatku 20.storo\u010dia bola z\u00f3na rezortu vyu\u017e\u00edvan\u00e1 pre tenis. Nad\u0161encom bieleho \u0161portu preto v are\u00e1li rezortu pon\u00fakame profesion\u00e1lne tenisov\u00e9 kurty v are\u00e1li rezortu. V are\u00e1li rezortu sa nach\u00e1dza \u0161es\u0165 profesion\u00e1lnych tenisov\u00fdch kurtov \u2013 \u0161tyri exteri\u00e9rov\u00e9 a dva interi\u00e9rov\u00e9, ktor\u00e9 umo\u017e\u0148uj\u00fa hra\u0165 tenis po\u010das cel\u00e9ho roka. Vonkaj\u0161ie tenisov\u00e9 kurtyV rezorte n\u00e1jdete \u0161tyri profesion\u00e1lne exteri\u00e9rov\u00e9 tenisov\u00e9 kurty, ktor\u00e9 sp\u013a\u0148aj\u00fa vysok\u00e9 \u0161tandardy kvality","og_url":"https:\/\/www.villasandyresort.com\/sk\/tenis\/","og_site_name":"Villa Sandy City Park Resort","article_modified_time":"2026-04-24T13:55:01+00:00","twitter_card":"summary_large_image","twitter_misc":{"Predpokladan\u00fd \u010das \u010d\u00edtania":"2 min\u00faty"},"schema":{"@context":"https:\/\/schema.org","@graph":[{"@type":"WebPage","@id":"https:\/\/www.villasandyresort.com\/sk\/tenis\/","url":"https:\/\/www.villasandyresort.com\/sk\/tenis\/","name":"Tenis - Villa Sandy City Park Resort -","isPartOf":{"@id":"https:\/\/www.villasandyresort.com\/sk\/#website"},"datePublished":"2023-11-22T16:33:09+00:00","dateModified":"2026-04-24T13:55:01+00:00","description":"Pon\u00fakame V\u00e1m jedine\u010dn\u00e9 z\u00e1zemie pre \u0161portov\u00e9 vy\u017eitie v zelenom srdci mesta. V\u00fdberom \u0161portovej ponuky nadv\u00e4zujeme na historick\u00e9 trad\u00edcie miesta rezortu, ako aj na aktu\u00e1lne potreby na\u0161ich host\u00ed. Od za\u010diatku 20.storo\u010dia bola z\u00f3na rezortu vyu\u017e\u00edvan\u00e1 pre tenis. Nad\u0161encom bieleho \u0161portu preto v are\u00e1li rezortu pon\u00fakame profesion\u00e1lne tenisov\u00e9 kurty v are\u00e1li rezortu. V are\u00e1li rezortu sa nach\u00e1dza \u0161es\u0165 profesion\u00e1lnych tenisov\u00fdch kurtov \u2013 \u0161tyri exteri\u00e9rov\u00e9 a dva interi\u00e9rov\u00e9, ktor\u00e9 umo\u017e\u0148uj\u00fa hra\u0165 tenis po\u010das cel\u00e9ho roka. Vonkaj\u0161ie tenisov\u00e9 kurtyV rezorte n\u00e1jdete \u0161tyri profesion\u00e1lne exteri\u00e9rov\u00e9 tenisov\u00e9 kurty, ktor\u00e9 sp\u013a\u0148aj\u00fa vysok\u00e9 \u0161tandardy kvality","breadcrumb":{"@id":"https:\/\/www.villasandyresort.com\/sk\/tenis\/#breadcrumb"},"inLanguage":"sk-SK","potentialAction":[{"@type":"ReadAction","target":["https:\/\/www.villasandyresort.com\/sk\/tenis\/"]}]},{"@type":"BreadcrumbList","@id":"https:\/\/www.villasandyresort.com\/sk\/tenis\/#breadcrumb","itemListElement":[{"@type":"ListItem","position":1,"name":"Home","item":"https:\/\/www.villasandyresort.com\/sk\/"},{"@type":"ListItem","position":2,"name":"Tenis"}]},{"@type":"WebSite","@id":"https:\/\/www.villasandyresort.com\/sk\/#website","url":"https:\/\/www.villasandyresort.com\/sk\/","name":"Villa Sandy City Park Resort","description":"","potentialAction":[{"@type":"SearchAction","target":{"@type":"EntryPoint","urlTemplate":"https:\/\/www.villasandyresort.com\/sk\/?s={search_term_string}"},"query-input":{"@type":"PropertyValueSpecification","valueRequired":true,"valueName":"search_term_string"}}],"inLanguage":"sk-SK"}]}},"acf":[],"_links":{"self":[{"href":"https:\/\/www.villasandyresort.com\/sk\/wp-json\/wp\/v2\/pages\/142","targetHints":{"allow":["GET"]}}],"collection":[{"href":"https:\/\/www.villasandyresort.com\/sk\/wp-json\/wp\/v2\/pages"}],"about":[{"href":"https:\/\/www.villasandyresort.com\/sk\/wp-json\/wp\/v2\/types\/page"}],"author":[{"embeddable":true,"href":"https:\/\/www.villasandyresort.com\/sk\/wp-json\/wp\/v2\/users\/13"}],"replies":[{"embeddable":true,"href":"https:\/\/www.villasandyresort.com\/sk\/wp-json\/wp\/v2\/comments?post=142"}],"version-history":[{"count":0,"href":"https:\/\/www.villasandyresort.com\/sk\/wp-json\/wp\/v2\/pages\/142\/revisions"}],"wp:attachment":[{"href":"https:\/\/www.villasandyresort.com\/sk\/wp-json\/wp\/v2\/media?parent=142"}],"curies":[{"name":"wp","href":"https:\/\/api.w.org\/{rel}","templated":true}]}}