{"id":124,"date":"2023-11-23T09:41:33","date_gmt":"2023-11-23T09:41:33","guid":{"rendered":"https:\/\/villa-sandy-city-park-resort.ms2.decms.eu\/?page_id=124"},"modified":"2026-03-10T13:57:26","modified_gmt":"2026-03-10T13:57:26","slug":"eventy","status":"publish","type":"page","link":"https:\/\/www.villasandyresort.com\/sk\/eventy\/","title":{"rendered":"Eventy"},"content":{"rendered":"<p style=\"text-align: justify\">Rezort VILLA SANDY je stvoren\u00fd ako dokonal\u00fd priestor pre Va\u0161e s\u00fakromn\u00e9 \u010di biznisov\u00e9 podujatia.<\/p>\n<p style=\"text-align: JUSTIFY\">\u0160irok\u00e1 ponuka exkluz\u00edvnych priestorov priamo v zelenom centre metropoly v\u00fdchodn\u00e9ho Slovenska v Ko\u0161iciach, v kombin\u00e1cii s komplexn\u00fdm z\u00e1zem\u00edm a pr\u00e9miov\u00fdmi slu\u017ebami rezortu, vytv\u00e1ra ide\u00e1lne podmienky pre V\u00e1\u0161 nezabudnute\u013en\u00fd z\u00e1\u017eitok pri akejko\u013evek pr\u00edle\u017eitosti.<\/p>\n<p style=\"text-align: JUSTIFY\">Pon\u00fakame V\u00e1m exkluz\u00edvne interi\u00e9rov\u00e9 i exteri\u00e9rov\u00e9 priestory, od romantick\u00e9ho posedenia pre p\u00e1ry, cez \u00fatuln\u00e9 sal\u00f3niky na rodinn\u00e9 oslavy, plne vybaven\u00e9 konferen\u010dn\u00e9 miestnosti pre biznisov\u00e9 podujatia, cez jedine\u010dn\u00e9 re\u0161taura\u010dn\u00e9 prev\u00e1dzky pre form\u00e1lne i neform\u00e1lne spolo\u010densk\u00e9 podujatia.\u00a0 Na\u0161u aktu\u00e1lnu ponuku dop\u013a\u0148a jedine\u010dn\u00e1 multifunk\u010dn\u00e1 hala vhodn\u00e1 pre podujatie s kapacitou a\u017e do 600 os\u00f4b. K dispoz\u00edcii je taktie\u017e bezpe\u010dn\u00e9 str\u00e1\u017een\u00e9 podzemn\u00e9 parkovisko s kapacitou 90 parkovac\u00edch miest.<\/p>\n<p>Ka\u017ed\u00e1 udalos\u0165 je jedine\u010dn\u00e1. Vytvor\u00edme V\u00e1m k nej rovnako unik\u00e1tnu atmosf\u00e9ru.<\/p>\n","protected":false},"excerpt":{"rendered":"<p>Rezort VILLA SANDY je stvoren\u00fd ako dokonal\u00fd priestor pre Va\u0161e s\u00fakromn\u00e9 \u010di biznisov\u00e9 podujatia. \u0160irok\u00e1 ponuka exkluz\u00edvnych priestorov priamo v zelenom centre metropoly v\u00fdchodn\u00e9ho Slovenska v Ko\u0161iciach, v kombin\u00e1cii s komplexn\u00fdm z\u00e1zem\u00edm a pr\u00e9miov\u00fdmi slu\u017ebami rezortu, vytv\u00e1ra ide\u00e1lne podmienky pre V\u00e1\u0161 nezabudnute\u013en\u00fd z\u00e1\u017eitok pri akejko\u013evek pr\u00edle\u017eitosti. Pon\u00fakame V\u00e1m exkluz\u00edvne interi\u00e9rov\u00e9 i exteri\u00e9rov\u00e9 priestory, od romantick\u00e9ho [&hellip;]<\/p>\n","protected":false},"author":13,"featured_media":0,"parent":0,"menu_order":80,"comment_status":"closed","ping_status":"closed","template":"template-restaurants.php","meta":{"footnotes":""},"class_list":["post-124","page","type-page","status-publish","hentry"],"yoast_head":"<!-- This site is optimized with the Yoast SEO plugin v27.3 - https:\/\/yoast.com\/product\/yoast-seo-wordpress\/ -->\n<title>Eventy - Villa Sandy City Park Resort -<\/title>\n<meta name=\"description\" content=\"Rezort VILLA SANDY je stvoren\u00fd ako dokonal\u00fd priestor pre Va\u0161e s\u00fakromn\u00e9 \u010di biznisov\u00e9 podujatia. \u0160irok\u00e1 ponuka exkluz\u00edvnych priestorov priamo v zelenom centre metropoly v\u00fdchodn\u00e9ho Slovenska v Ko\u0161iciach, v kombin\u00e1cii s komplexn\u00fdm z\u00e1zem\u00edm a pr\u00e9miov\u00fdmi slu\u017ebami rezortu, vytv\u00e1ra ide\u00e1lne podmienky pre V\u00e1\u0161 nezabudnute\u013en\u00fd z\u00e1\u017eitok pri akejko\u013evek pr\u00edle\u017eitosti. Pon\u00fakame V\u00e1m exkluz\u00edvne interi\u00e9rov\u00e9 i exteri\u00e9rov\u00e9 priestory, od romantick\u00e9ho posedenia pre p\u00e1ry, cez \u00fatuln\u00e9 sal\u00f3niky na rodinn\u00e9 oslavy, plne vybaven\u00e9 konferen\u010dn\u00e9 miestnosti pre biznisov\u00e9 podujatia, cez jedine\u010dn\u00e9 re\u0161taura\u010dn\u00e9 prev\u00e1dzky pre form\u00e1lne i neform\u00e1lne spolo\u010densk\u00e9 podujatia.\u00a0 Na\u0161u aktu\u00e1lnu ponuku dop\u013a\u0148a jedine\u010dn\u00e1 multifunk\u010dn\u00e1 hala vhodn\u00e1 pre podujatie s kapacitou a\u017e do 600 os\u00f4b. K dispoz\u00edcii je taktie\u017e bezpe\u010dn\u00e9 str\u00e1\u017een\u00e9 podzemn\u00e9 parkovisko s kapacitou 90 parkovac\u00edch miest. Ka\u017ed\u00e1 udalos\u0165 je jedine\u010dn\u00e1\" \/>\n<meta name=\"robots\" content=\"index, follow, max-snippet:-1, max-image-preview:large, max-video-preview:-1\" \/>\n<link rel=\"canonical\" href=\"https:\/\/www.villasandyresort.com\/sk\/eventy\/\" \/>\n<meta property=\"og:locale\" content=\"sk_SK\" \/>\n<meta property=\"og:type\" content=\"article\" \/>\n<meta property=\"og:title\" content=\"Eventy - Villa Sandy City Park Resort -\" \/>\n<meta property=\"og:description\" content=\"Rezort VILLA SANDY je stvoren\u00fd ako dokonal\u00fd priestor pre Va\u0161e s\u00fakromn\u00e9 \u010di biznisov\u00e9 podujatia. \u0160irok\u00e1 ponuka exkluz\u00edvnych priestorov priamo v zelenom centre metropoly v\u00fdchodn\u00e9ho Slovenska v Ko\u0161iciach, v kombin\u00e1cii s komplexn\u00fdm z\u00e1zem\u00edm a pr\u00e9miov\u00fdmi slu\u017ebami rezortu, vytv\u00e1ra ide\u00e1lne podmienky pre V\u00e1\u0161 nezabudnute\u013en\u00fd z\u00e1\u017eitok pri akejko\u013evek pr\u00edle\u017eitosti. Pon\u00fakame V\u00e1m exkluz\u00edvne interi\u00e9rov\u00e9 i exteri\u00e9rov\u00e9 priestory, od romantick\u00e9ho posedenia pre p\u00e1ry, cez \u00fatuln\u00e9 sal\u00f3niky na rodinn\u00e9 oslavy, plne vybaven\u00e9 konferen\u010dn\u00e9 miestnosti pre biznisov\u00e9 podujatia, cez jedine\u010dn\u00e9 re\u0161taura\u010dn\u00e9 prev\u00e1dzky pre form\u00e1lne i neform\u00e1lne spolo\u010densk\u00e9 podujatia.\u00a0 Na\u0161u aktu\u00e1lnu ponuku dop\u013a\u0148a jedine\u010dn\u00e1 multifunk\u010dn\u00e1 hala vhodn\u00e1 pre podujatie s kapacitou a\u017e do 600 os\u00f4b. K dispoz\u00edcii je taktie\u017e bezpe\u010dn\u00e9 str\u00e1\u017een\u00e9 podzemn\u00e9 parkovisko s kapacitou 90 parkovac\u00edch miest. Ka\u017ed\u00e1 udalos\u0165 je jedine\u010dn\u00e1\" \/>\n<meta property=\"og:url\" content=\"https:\/\/www.villasandyresort.com\/sk\/eventy\/\" \/>\n<meta property=\"og:site_name\" content=\"Villa Sandy City Park Resort\" \/>\n<meta property=\"article:modified_time\" content=\"2026-03-10T13:57:26+00:00\" \/>\n<meta name=\"twitter:card\" content=\"summary_large_image\" \/>\n<meta name=\"twitter:label1\" content=\"Predpokladan\u00fd \u010das \u010d\u00edtania\" \/>\n\t<meta name=\"twitter:data1\" content=\"1 min\u00fata\" \/>\n<script type=\"application\/ld+json\" class=\"yoast-schema-graph\">{\"@context\":\"https:\\\/\\\/schema.org\",\"@graph\":[{\"@type\":\"WebPage\",\"@id\":\"https:\\\/\\\/www.villasandyresort.com\\\/sk\\\/eventy\\\/\",\"url\":\"https:\\\/\\\/www.villasandyresort.com\\\/sk\\\/eventy\\\/\",\"name\":\"Eventy - Villa Sandy City Park Resort -\",\"isPartOf\":{\"@id\":\"https:\\\/\\\/www.villasandyresort.com\\\/sk\\\/#website\"},\"datePublished\":\"2023-11-23T09:41:33+00:00\",\"dateModified\":\"2026-03-10T13:57:26+00:00\",\"description\":\"Rezort VILLA SANDY je stvoren\u00fd ako dokonal\u00fd priestor pre Va\u0161e s\u00fakromn\u00e9 \u010di biznisov\u00e9 podujatia. \u0160irok\u00e1 ponuka exkluz\u00edvnych priestorov priamo v zelenom centre metropoly v\u00fdchodn\u00e9ho Slovenska v Ko\u0161iciach, v kombin\u00e1cii s komplexn\u00fdm z\u00e1zem\u00edm a pr\u00e9miov\u00fdmi slu\u017ebami rezortu, vytv\u00e1ra ide\u00e1lne podmienky pre V\u00e1\u0161 nezabudnute\u013en\u00fd z\u00e1\u017eitok pri akejko\u013evek pr\u00edle\u017eitosti. Pon\u00fakame V\u00e1m exkluz\u00edvne interi\u00e9rov\u00e9 i exteri\u00e9rov\u00e9 priestory, od romantick\u00e9ho posedenia pre p\u00e1ry, cez \u00fatuln\u00e9 sal\u00f3niky na rodinn\u00e9 oslavy, plne vybaven\u00e9 konferen\u010dn\u00e9 miestnosti pre biznisov\u00e9 podujatia, cez jedine\u010dn\u00e9 re\u0161taura\u010dn\u00e9 prev\u00e1dzky pre form\u00e1lne i neform\u00e1lne spolo\u010densk\u00e9 podujatia.\u00a0 Na\u0161u aktu\u00e1lnu ponuku dop\u013a\u0148a jedine\u010dn\u00e1 multifunk\u010dn\u00e1 hala vhodn\u00e1 pre podujatie s kapacitou a\u017e do 600 os\u00f4b. K dispoz\u00edcii je taktie\u017e bezpe\u010dn\u00e9 str\u00e1\u017een\u00e9 podzemn\u00e9 parkovisko s kapacitou 90 parkovac\u00edch miest. Ka\u017ed\u00e1 udalos\u0165 je jedine\u010dn\u00e1\",\"breadcrumb\":{\"@id\":\"https:\\\/\\\/www.villasandyresort.com\\\/sk\\\/eventy\\\/#breadcrumb\"},\"inLanguage\":\"sk-SK\",\"potentialAction\":[{\"@type\":\"ReadAction\",\"target\":[\"https:\\\/\\\/www.villasandyresort.com\\\/sk\\\/eventy\\\/\"]}]},{\"@type\":\"BreadcrumbList\",\"@id\":\"https:\\\/\\\/www.villasandyresort.com\\\/sk\\\/eventy\\\/#breadcrumb\",\"itemListElement\":[{\"@type\":\"ListItem\",\"position\":1,\"name\":\"Home\",\"item\":\"https:\\\/\\\/www.villasandyresort.com\\\/sk\\\/\"},{\"@type\":\"ListItem\",\"position\":2,\"name\":\"Eventy\"}]},{\"@type\":\"WebSite\",\"@id\":\"https:\\\/\\\/www.villasandyresort.com\\\/sk\\\/#website\",\"url\":\"https:\\\/\\\/www.villasandyresort.com\\\/sk\\\/\",\"name\":\"Villa Sandy City Park Resort\",\"description\":\"\",\"potentialAction\":[{\"@type\":\"SearchAction\",\"target\":{\"@type\":\"EntryPoint\",\"urlTemplate\":\"https:\\\/\\\/www.villasandyresort.com\\\/sk\\\/?s={search_term_string}\"},\"query-input\":{\"@type\":\"PropertyValueSpecification\",\"valueRequired\":true,\"valueName\":\"search_term_string\"}}],\"inLanguage\":\"sk-SK\"}]}<\/script>\n<!-- \/ Yoast SEO plugin. -->","yoast_head_json":{"title":"Eventy - Villa Sandy City Park Resort -","description":"Rezort VILLA SANDY je stvoren\u00fd ako dokonal\u00fd priestor pre Va\u0161e s\u00fakromn\u00e9 \u010di biznisov\u00e9 podujatia. \u0160irok\u00e1 ponuka exkluz\u00edvnych priestorov priamo v zelenom centre metropoly v\u00fdchodn\u00e9ho Slovenska v Ko\u0161iciach, v kombin\u00e1cii s komplexn\u00fdm z\u00e1zem\u00edm a pr\u00e9miov\u00fdmi slu\u017ebami rezortu, vytv\u00e1ra ide\u00e1lne podmienky pre V\u00e1\u0161 nezabudnute\u013en\u00fd z\u00e1\u017eitok pri akejko\u013evek pr\u00edle\u017eitosti. Pon\u00fakame V\u00e1m exkluz\u00edvne interi\u00e9rov\u00e9 i exteri\u00e9rov\u00e9 priestory, od romantick\u00e9ho posedenia pre p\u00e1ry, cez \u00fatuln\u00e9 sal\u00f3niky na rodinn\u00e9 oslavy, plne vybaven\u00e9 konferen\u010dn\u00e9 miestnosti pre biznisov\u00e9 podujatia, cez jedine\u010dn\u00e9 re\u0161taura\u010dn\u00e9 prev\u00e1dzky pre form\u00e1lne i neform\u00e1lne spolo\u010densk\u00e9 podujatia.\u00a0 Na\u0161u aktu\u00e1lnu ponuku dop\u013a\u0148a jedine\u010dn\u00e1 multifunk\u010dn\u00e1 hala vhodn\u00e1 pre podujatie s kapacitou a\u017e do 600 os\u00f4b. K dispoz\u00edcii je taktie\u017e bezpe\u010dn\u00e9 str\u00e1\u017een\u00e9 podzemn\u00e9 parkovisko s kapacitou 90 parkovac\u00edch miest. Ka\u017ed\u00e1 udalos\u0165 je jedine\u010dn\u00e1","robots":{"index":"index","follow":"follow","max-snippet":"max-snippet:-1","max-image-preview":"max-image-preview:large","max-video-preview":"max-video-preview:-1"},"canonical":"https:\/\/www.villasandyresort.com\/sk\/eventy\/","og_locale":"sk_SK","og_type":"article","og_title":"Eventy - Villa Sandy City Park Resort -","og_description":"Rezort VILLA SANDY je stvoren\u00fd ako dokonal\u00fd priestor pre Va\u0161e s\u00fakromn\u00e9 \u010di biznisov\u00e9 podujatia. \u0160irok\u00e1 ponuka exkluz\u00edvnych priestorov priamo v zelenom centre metropoly v\u00fdchodn\u00e9ho Slovenska v Ko\u0161iciach, v kombin\u00e1cii s komplexn\u00fdm z\u00e1zem\u00edm a pr\u00e9miov\u00fdmi slu\u017ebami rezortu, vytv\u00e1ra ide\u00e1lne podmienky pre V\u00e1\u0161 nezabudnute\u013en\u00fd z\u00e1\u017eitok pri akejko\u013evek pr\u00edle\u017eitosti. Pon\u00fakame V\u00e1m exkluz\u00edvne interi\u00e9rov\u00e9 i exteri\u00e9rov\u00e9 priestory, od romantick\u00e9ho posedenia pre p\u00e1ry, cez \u00fatuln\u00e9 sal\u00f3niky na rodinn\u00e9 oslavy, plne vybaven\u00e9 konferen\u010dn\u00e9 miestnosti pre biznisov\u00e9 podujatia, cez jedine\u010dn\u00e9 re\u0161taura\u010dn\u00e9 prev\u00e1dzky pre form\u00e1lne i neform\u00e1lne spolo\u010densk\u00e9 podujatia.\u00a0 Na\u0161u aktu\u00e1lnu ponuku dop\u013a\u0148a jedine\u010dn\u00e1 multifunk\u010dn\u00e1 hala vhodn\u00e1 pre podujatie s kapacitou a\u017e do 600 os\u00f4b. K dispoz\u00edcii je taktie\u017e bezpe\u010dn\u00e9 str\u00e1\u017een\u00e9 podzemn\u00e9 parkovisko s kapacitou 90 parkovac\u00edch miest. Ka\u017ed\u00e1 udalos\u0165 je jedine\u010dn\u00e1","og_url":"https:\/\/www.villasandyresort.com\/sk\/eventy\/","og_site_name":"Villa Sandy City Park Resort","article_modified_time":"2026-03-10T13:57:26+00:00","twitter_card":"summary_large_image","twitter_misc":{"Predpokladan\u00fd \u010das \u010d\u00edtania":"1 min\u00fata"},"schema":{"@context":"https:\/\/schema.org","@graph":[{"@type":"WebPage","@id":"https:\/\/www.villasandyresort.com\/sk\/eventy\/","url":"https:\/\/www.villasandyresort.com\/sk\/eventy\/","name":"Eventy - Villa Sandy City Park Resort -","isPartOf":{"@id":"https:\/\/www.villasandyresort.com\/sk\/#website"},"datePublished":"2023-11-23T09:41:33+00:00","dateModified":"2026-03-10T13:57:26+00:00","description":"Rezort VILLA SANDY je stvoren\u00fd ako dokonal\u00fd priestor pre Va\u0161e s\u00fakromn\u00e9 \u010di biznisov\u00e9 podujatia. \u0160irok\u00e1 ponuka exkluz\u00edvnych priestorov priamo v zelenom centre metropoly v\u00fdchodn\u00e9ho Slovenska v Ko\u0161iciach, v kombin\u00e1cii s komplexn\u00fdm z\u00e1zem\u00edm a pr\u00e9miov\u00fdmi slu\u017ebami rezortu, vytv\u00e1ra ide\u00e1lne podmienky pre V\u00e1\u0161 nezabudnute\u013en\u00fd z\u00e1\u017eitok pri akejko\u013evek pr\u00edle\u017eitosti. Pon\u00fakame V\u00e1m exkluz\u00edvne interi\u00e9rov\u00e9 i exteri\u00e9rov\u00e9 priestory, od romantick\u00e9ho posedenia pre p\u00e1ry, cez \u00fatuln\u00e9 sal\u00f3niky na rodinn\u00e9 oslavy, plne vybaven\u00e9 konferen\u010dn\u00e9 miestnosti pre biznisov\u00e9 podujatia, cez jedine\u010dn\u00e9 re\u0161taura\u010dn\u00e9 prev\u00e1dzky pre form\u00e1lne i neform\u00e1lne spolo\u010densk\u00e9 podujatia.\u00a0 Na\u0161u aktu\u00e1lnu ponuku dop\u013a\u0148a jedine\u010dn\u00e1 multifunk\u010dn\u00e1 hala vhodn\u00e1 pre podujatie s kapacitou a\u017e do 600 os\u00f4b. K dispoz\u00edcii je taktie\u017e bezpe\u010dn\u00e9 str\u00e1\u017een\u00e9 podzemn\u00e9 parkovisko s kapacitou 90 parkovac\u00edch miest. Ka\u017ed\u00e1 udalos\u0165 je jedine\u010dn\u00e1","breadcrumb":{"@id":"https:\/\/www.villasandyresort.com\/sk\/eventy\/#breadcrumb"},"inLanguage":"sk-SK","potentialAction":[{"@type":"ReadAction","target":["https:\/\/www.villasandyresort.com\/sk\/eventy\/"]}]},{"@type":"BreadcrumbList","@id":"https:\/\/www.villasandyresort.com\/sk\/eventy\/#breadcrumb","itemListElement":[{"@type":"ListItem","position":1,"name":"Home","item":"https:\/\/www.villasandyresort.com\/sk\/"},{"@type":"ListItem","position":2,"name":"Eventy"}]},{"@type":"WebSite","@id":"https:\/\/www.villasandyresort.com\/sk\/#website","url":"https:\/\/www.villasandyresort.com\/sk\/","name":"Villa Sandy City Park Resort","description":"","potentialAction":[{"@type":"SearchAction","target":{"@type":"EntryPoint","urlTemplate":"https:\/\/www.villasandyresort.com\/sk\/?s={search_term_string}"},"query-input":{"@type":"PropertyValueSpecification","valueRequired":true,"valueName":"search_term_string"}}],"inLanguage":"sk-SK"}]}},"acf":[],"_links":{"self":[{"href":"https:\/\/www.villasandyresort.com\/sk\/wp-json\/wp\/v2\/pages\/124","targetHints":{"allow":["GET"]}}],"collection":[{"href":"https:\/\/www.villasandyresort.com\/sk\/wp-json\/wp\/v2\/pages"}],"about":[{"href":"https:\/\/www.villasandyresort.com\/sk\/wp-json\/wp\/v2\/types\/page"}],"author":[{"embeddable":true,"href":"https:\/\/www.villasandyresort.com\/sk\/wp-json\/wp\/v2\/users\/13"}],"replies":[{"embeddable":true,"href":"https:\/\/www.villasandyresort.com\/sk\/wp-json\/wp\/v2\/comments?post=124"}],"version-history":[{"count":0,"href":"https:\/\/www.villasandyresort.com\/sk\/wp-json\/wp\/v2\/pages\/124\/revisions"}],"wp:attachment":[{"href":"https:\/\/www.villasandyresort.com\/sk\/wp-json\/wp\/v2\/media?parent=124"}],"curies":[{"name":"wp","href":"https:\/\/api.w.org\/{rel}","templated":true}]}}