{"id":111,"date":"2023-11-22T16:21:03","date_gmt":"2023-11-22T16:21:03","guid":{"rendered":"https:\/\/villa-sandy-city-park-resort.ms2.decms.eu\/?page_id=111"},"modified":"2024-02-19T18:31:44","modified_gmt":"2024-02-19T18:31:44","slug":"wellness-spa","status":"publish","type":"page","link":"https:\/\/www.villasandyresort.com\/sk\/wellness-spa\/","title":{"rendered":"OMNIA"},"content":{"rendered":"<h3 style=\"text-align: CENTER\">URBAN SPA<\/h3>\n<p style=\"text-align: justify\">\u010coskoro V\u00e1m prinesieme jedine\u010dn\u00e9 mestsk\u00e9 wellness komplexnou ponukou pr\u00e9miov\u00fdch relaxa\u010dn\u00fdch slu\u017eieb.<\/p>\n<p style=\"text-align: JUSTIFY\">Preuk\u00e1zate\u013ene funguj\u00face koncepty a technol\u00f3gie o\u0161etrovania tela, sa stan\u00fa z\u00e1kladom pre n\u00e1\u0161 zodpovedn\u00fd a dlhodobo udr\u017eate\u013en\u00fd pr\u00edstup k zdraviu a kr\u00e1se.<\/p>\n<p style=\"text-align: JUSTIFY\">Pre\u017eite chv\u00edle pre seba v na\u0161ich vonkaj\u0161\u00edch a vn\u00fatorn\u00fdch baz\u00e9noch, v\u00edrivk\u00e1ch, fitness centre s \u201ehealth\u201c barom \u010di saunovom svete, nav\u0161t\u00edvte na\u0161e vzdel\u00e1vacie podujatia, zapojte sa do skupinov\u00fdch relaxa\u010dn\u00fdch \u0161portov a \u0161peci\u00e1lnych programov alebo dovo\u013ete na\u0161im terapeutom rozmazna\u0165 V\u00e1s telov\u00fdmi a kozmetick\u00fdmi terapiami zameran\u00fdmi na kr\u00e1su a zdravie tela i du\u0161e. Milovn\u00edci relaxu n\u00e1jdu u\u017e \u010doskoro to prav\u00e9 v\u00a0o\u00e1ze rezortu VILLA SANDY.<\/p>\n","protected":false},"excerpt":{"rendered":"<p>URBAN SPA \u010coskoro V\u00e1m prinesieme jedine\u010dn\u00e9 mestsk\u00e9 wellness komplexnou ponukou pr\u00e9miov\u00fdch relaxa\u010dn\u00fdch slu\u017eieb. Preuk\u00e1zate\u013ene funguj\u00face koncepty a technol\u00f3gie o\u0161etrovania tela, sa stan\u00fa z\u00e1kladom pre n\u00e1\u0161 zodpovedn\u00fd a dlhodobo udr\u017eate\u013en\u00fd pr\u00edstup k zdraviu a kr\u00e1se. Pre\u017eite chv\u00edle pre seba v na\u0161ich vonkaj\u0161\u00edch a vn\u00fatorn\u00fdch baz\u00e9noch, v\u00edrivk\u00e1ch, fitness centre s \u201ehealth\u201c barom \u010di saunovom svete, nav\u0161t\u00edvte na\u0161e [&hellip;]<\/p>\n","protected":false},"author":13,"featured_media":0,"parent":0,"menu_order":40,"comment_status":"closed","ping_status":"closed","template":"template-spa.php","meta":{"footnotes":""},"yoast_head":"<!-- This site is optimized with the Yoast SEO plugin v22.3 - https:\/\/yoast.com\/wordpress\/plugins\/seo\/ -->\n<title>OMNIA - Villa Sandy City Park Resort -<\/title>\n<meta name=\"description\" content=\"URBAN SPA \u010coskoro V\u00e1m prinesieme jedine\u010dn\u00e9 mestsk\u00e9 wellness komplexnou ponukou pr\u00e9miov\u00fdch relaxa\u010dn\u00fdch slu\u017eieb. Preuk\u00e1zate\u013ene funguj\u00face koncepty a technol\u00f3gie o\u0161etrovania tela, sa stan\u00fa z\u00e1kladom pre n\u00e1\u0161 zodpovedn\u00fd a dlhodobo udr\u017eate\u013en\u00fd pr\u00edstup k zdraviu a kr\u00e1se. Pre\u017eite chv\u00edle pre seba v na\u0161ich vonkaj\u0161\u00edch a vn\u00fatorn\u00fdch baz\u00e9noch, v\u00edrivk\u00e1ch, fitness centre s \u201ehealth\u201c barom \u010di saunovom svete, nav\u0161t\u00edvte na\u0161e vzdel\u00e1vacie podujatia, zapojte sa do skupinov\u00fdch relaxa\u010dn\u00fdch \u0161portov a \u0161peci\u00e1lnych programov alebo dovo\u013ete na\u0161im terapeutom rozmazna\u0165 V\u00e1s telov\u00fdmi a kozmetick\u00fdmi terapiami zameran\u00fdmi na kr\u00e1su a zdravie tela i du\u0161e. Milovn\u00edci relaxu n\u00e1jdu u\u017e \u010doskoro to prav\u00e9 v\u00a0o\u00e1ze rezortu VILLA SANDY.\" \/>\n<meta name=\"robots\" content=\"index, follow, max-snippet:-1, max-image-preview:large, max-video-preview:-1\" \/>\n<link rel=\"canonical\" href=\"https:\/\/www.villasandyresort.com\/sk\/wellness-spa\/\" \/>\n<meta property=\"og:locale\" content=\"sk_SK\" \/>\n<meta property=\"og:type\" content=\"article\" \/>\n<meta property=\"og:title\" content=\"OMNIA - Villa Sandy City Park Resort -\" \/>\n<meta property=\"og:description\" content=\"URBAN SPA \u010coskoro V\u00e1m prinesieme jedine\u010dn\u00e9 mestsk\u00e9 wellness komplexnou ponukou pr\u00e9miov\u00fdch relaxa\u010dn\u00fdch slu\u017eieb. Preuk\u00e1zate\u013ene funguj\u00face koncepty a technol\u00f3gie o\u0161etrovania tela, sa stan\u00fa z\u00e1kladom pre n\u00e1\u0161 zodpovedn\u00fd a dlhodobo udr\u017eate\u013en\u00fd pr\u00edstup k zdraviu a kr\u00e1se. Pre\u017eite chv\u00edle pre seba v na\u0161ich vonkaj\u0161\u00edch a vn\u00fatorn\u00fdch baz\u00e9noch, v\u00edrivk\u00e1ch, fitness centre s \u201ehealth\u201c barom \u010di saunovom svete, nav\u0161t\u00edvte na\u0161e vzdel\u00e1vacie podujatia, zapojte sa do skupinov\u00fdch relaxa\u010dn\u00fdch \u0161portov a \u0161peci\u00e1lnych programov alebo dovo\u013ete na\u0161im terapeutom rozmazna\u0165 V\u00e1s telov\u00fdmi a kozmetick\u00fdmi terapiami zameran\u00fdmi na kr\u00e1su a zdravie tela i du\u0161e. Milovn\u00edci relaxu n\u00e1jdu u\u017e \u010doskoro to prav\u00e9 v\u00a0o\u00e1ze rezortu VILLA SANDY.\" \/>\n<meta property=\"og:url\" content=\"https:\/\/www.villasandyresort.com\/sk\/wellness-spa\/\" \/>\n<meta property=\"og:site_name\" content=\"Villa Sandy City Park Resort\" \/>\n<meta property=\"article:modified_time\" content=\"2024-02-19T18:31:44+00:00\" \/>\n<meta name=\"twitter:card\" content=\"summary_large_image\" \/>\n<meta name=\"twitter:label1\" content=\"Predpokladan\u00fd \u010das \u010d\u00edtania\" \/>\n\t<meta name=\"twitter:data1\" content=\"1 min\u00fata\" \/>\n<script type=\"application\/ld+json\" class=\"yoast-schema-graph\">{\"@context\":\"https:\/\/schema.org\",\"@graph\":[{\"@type\":\"WebPage\",\"@id\":\"https:\/\/www.villasandyresort.com\/sk\/wellness-spa\/\",\"url\":\"https:\/\/www.villasandyresort.com\/sk\/wellness-spa\/\",\"name\":\"OMNIA - Villa Sandy City Park Resort -\",\"isPartOf\":{\"@id\":\"https:\/\/www.villasandyresort.com\/sk\/#website\"},\"datePublished\":\"2023-11-22T16:21:03+00:00\",\"dateModified\":\"2024-02-19T18:31:44+00:00\",\"description\":\"URBAN SPA \u010coskoro V\u00e1m prinesieme jedine\u010dn\u00e9 mestsk\u00e9 wellness komplexnou ponukou pr\u00e9miov\u00fdch relaxa\u010dn\u00fdch slu\u017eieb. Preuk\u00e1zate\u013ene funguj\u00face koncepty a technol\u00f3gie o\u0161etrovania tela, sa stan\u00fa z\u00e1kladom pre n\u00e1\u0161 zodpovedn\u00fd a dlhodobo udr\u017eate\u013en\u00fd pr\u00edstup k zdraviu a kr\u00e1se. Pre\u017eite chv\u00edle pre seba v na\u0161ich vonkaj\u0161\u00edch a vn\u00fatorn\u00fdch baz\u00e9noch, v\u00edrivk\u00e1ch, fitness centre s \u201ehealth\u201c barom \u010di saunovom svete, nav\u0161t\u00edvte na\u0161e vzdel\u00e1vacie podujatia, zapojte sa do skupinov\u00fdch relaxa\u010dn\u00fdch \u0161portov a \u0161peci\u00e1lnych programov alebo dovo\u013ete na\u0161im terapeutom rozmazna\u0165 V\u00e1s telov\u00fdmi a kozmetick\u00fdmi terapiami zameran\u00fdmi na kr\u00e1su a zdravie tela i du\u0161e. Milovn\u00edci relaxu n\u00e1jdu u\u017e \u010doskoro to prav\u00e9 v\u00a0o\u00e1ze rezortu VILLA SANDY.\",\"breadcrumb\":{\"@id\":\"https:\/\/www.villasandyresort.com\/sk\/wellness-spa\/#breadcrumb\"},\"inLanguage\":\"sk-SK\",\"potentialAction\":[{\"@type\":\"ReadAction\",\"target\":[\"https:\/\/www.villasandyresort.com\/sk\/wellness-spa\/\"]}]},{\"@type\":\"BreadcrumbList\",\"@id\":\"https:\/\/www.villasandyresort.com\/sk\/wellness-spa\/#breadcrumb\",\"itemListElement\":[{\"@type\":\"ListItem\",\"position\":1,\"name\":\"Home\",\"item\":\"https:\/\/www.villasandyresort.com\/sk\/\"},{\"@type\":\"ListItem\",\"position\":2,\"name\":\"OMNIA\"}]},{\"@type\":\"WebSite\",\"@id\":\"https:\/\/www.villasandyresort.com\/sk\/#website\",\"url\":\"https:\/\/www.villasandyresort.com\/sk\/\",\"name\":\"Villa Sandy City Park Resort\",\"description\":\"\",\"potentialAction\":[{\"@type\":\"SearchAction\",\"target\":{\"@type\":\"EntryPoint\",\"urlTemplate\":\"https:\/\/www.villasandyresort.com\/sk\/?s={search_term_string}\"},\"query-input\":\"required name=search_term_string\"}],\"inLanguage\":\"sk-SK\"}]}<\/script>\n<!-- \/ Yoast SEO plugin. -->","yoast_head_json":{"title":"OMNIA - Villa Sandy City Park Resort -","description":"URBAN SPA \u010coskoro V\u00e1m prinesieme jedine\u010dn\u00e9 mestsk\u00e9 wellness komplexnou ponukou pr\u00e9miov\u00fdch relaxa\u010dn\u00fdch slu\u017eieb. Preuk\u00e1zate\u013ene funguj\u00face koncepty a technol\u00f3gie o\u0161etrovania tela, sa stan\u00fa z\u00e1kladom pre n\u00e1\u0161 zodpovedn\u00fd a dlhodobo udr\u017eate\u013en\u00fd pr\u00edstup k zdraviu a kr\u00e1se. Pre\u017eite chv\u00edle pre seba v na\u0161ich vonkaj\u0161\u00edch a vn\u00fatorn\u00fdch baz\u00e9noch, v\u00edrivk\u00e1ch, fitness centre s \u201ehealth\u201c barom \u010di saunovom svete, nav\u0161t\u00edvte na\u0161e vzdel\u00e1vacie podujatia, zapojte sa do skupinov\u00fdch relaxa\u010dn\u00fdch \u0161portov a \u0161peci\u00e1lnych programov alebo dovo\u013ete na\u0161im terapeutom rozmazna\u0165 V\u00e1s telov\u00fdmi a kozmetick\u00fdmi terapiami zameran\u00fdmi na kr\u00e1su a zdravie tela i du\u0161e. Milovn\u00edci relaxu n\u00e1jdu u\u017e \u010doskoro to prav\u00e9 v\u00a0o\u00e1ze rezortu VILLA SANDY.","robots":{"index":"index","follow":"follow","max-snippet":"max-snippet:-1","max-image-preview":"max-image-preview:large","max-video-preview":"max-video-preview:-1"},"canonical":"https:\/\/www.villasandyresort.com\/sk\/wellness-spa\/","og_locale":"sk_SK","og_type":"article","og_title":"OMNIA - Villa Sandy City Park Resort -","og_description":"URBAN SPA \u010coskoro V\u00e1m prinesieme jedine\u010dn\u00e9 mestsk\u00e9 wellness komplexnou ponukou pr\u00e9miov\u00fdch relaxa\u010dn\u00fdch slu\u017eieb. Preuk\u00e1zate\u013ene funguj\u00face koncepty a technol\u00f3gie o\u0161etrovania tela, sa stan\u00fa z\u00e1kladom pre n\u00e1\u0161 zodpovedn\u00fd a dlhodobo udr\u017eate\u013en\u00fd pr\u00edstup k zdraviu a kr\u00e1se. Pre\u017eite chv\u00edle pre seba v na\u0161ich vonkaj\u0161\u00edch a vn\u00fatorn\u00fdch baz\u00e9noch, v\u00edrivk\u00e1ch, fitness centre s \u201ehealth\u201c barom \u010di saunovom svete, nav\u0161t\u00edvte na\u0161e vzdel\u00e1vacie podujatia, zapojte sa do skupinov\u00fdch relaxa\u010dn\u00fdch \u0161portov a \u0161peci\u00e1lnych programov alebo dovo\u013ete na\u0161im terapeutom rozmazna\u0165 V\u00e1s telov\u00fdmi a kozmetick\u00fdmi terapiami zameran\u00fdmi na kr\u00e1su a zdravie tela i du\u0161e. Milovn\u00edci relaxu n\u00e1jdu u\u017e \u010doskoro to prav\u00e9 v\u00a0o\u00e1ze rezortu VILLA SANDY.","og_url":"https:\/\/www.villasandyresort.com\/sk\/wellness-spa\/","og_site_name":"Villa Sandy City Park Resort","article_modified_time":"2024-02-19T18:31:44+00:00","twitter_card":"summary_large_image","twitter_misc":{"Predpokladan\u00fd \u010das \u010d\u00edtania":"1 min\u00fata"},"schema":{"@context":"https:\/\/schema.org","@graph":[{"@type":"WebPage","@id":"https:\/\/www.villasandyresort.com\/sk\/wellness-spa\/","url":"https:\/\/www.villasandyresort.com\/sk\/wellness-spa\/","name":"OMNIA - Villa Sandy City Park Resort -","isPartOf":{"@id":"https:\/\/www.villasandyresort.com\/sk\/#website"},"datePublished":"2023-11-22T16:21:03+00:00","dateModified":"2024-02-19T18:31:44+00:00","description":"URBAN SPA \u010coskoro V\u00e1m prinesieme jedine\u010dn\u00e9 mestsk\u00e9 wellness komplexnou ponukou pr\u00e9miov\u00fdch relaxa\u010dn\u00fdch slu\u017eieb. Preuk\u00e1zate\u013ene funguj\u00face koncepty a technol\u00f3gie o\u0161etrovania tela, sa stan\u00fa z\u00e1kladom pre n\u00e1\u0161 zodpovedn\u00fd a dlhodobo udr\u017eate\u013en\u00fd pr\u00edstup k zdraviu a kr\u00e1se. Pre\u017eite chv\u00edle pre seba v na\u0161ich vonkaj\u0161\u00edch a vn\u00fatorn\u00fdch baz\u00e9noch, v\u00edrivk\u00e1ch, fitness centre s \u201ehealth\u201c barom \u010di saunovom svete, nav\u0161t\u00edvte na\u0161e vzdel\u00e1vacie podujatia, zapojte sa do skupinov\u00fdch relaxa\u010dn\u00fdch \u0161portov a \u0161peci\u00e1lnych programov alebo dovo\u013ete na\u0161im terapeutom rozmazna\u0165 V\u00e1s telov\u00fdmi a kozmetick\u00fdmi terapiami zameran\u00fdmi na kr\u00e1su a zdravie tela i du\u0161e. Milovn\u00edci relaxu n\u00e1jdu u\u017e \u010doskoro to prav\u00e9 v\u00a0o\u00e1ze rezortu VILLA SANDY.","breadcrumb":{"@id":"https:\/\/www.villasandyresort.com\/sk\/wellness-spa\/#breadcrumb"},"inLanguage":"sk-SK","potentialAction":[{"@type":"ReadAction","target":["https:\/\/www.villasandyresort.com\/sk\/wellness-spa\/"]}]},{"@type":"BreadcrumbList","@id":"https:\/\/www.villasandyresort.com\/sk\/wellness-spa\/#breadcrumb","itemListElement":[{"@type":"ListItem","position":1,"name":"Home","item":"https:\/\/www.villasandyresort.com\/sk\/"},{"@type":"ListItem","position":2,"name":"OMNIA"}]},{"@type":"WebSite","@id":"https:\/\/www.villasandyresort.com\/sk\/#website","url":"https:\/\/www.villasandyresort.com\/sk\/","name":"Villa Sandy City Park Resort","description":"","potentialAction":[{"@type":"SearchAction","target":{"@type":"EntryPoint","urlTemplate":"https:\/\/www.villasandyresort.com\/sk\/?s={search_term_string}"},"query-input":"required name=search_term_string"}],"inLanguage":"sk-SK"}]}},"acf":[],"_links":{"self":[{"href":"https:\/\/www.villasandyresort.com\/sk\/wp-json\/wp\/v2\/pages\/111"}],"collection":[{"href":"https:\/\/www.villasandyresort.com\/sk\/wp-json\/wp\/v2\/pages"}],"about":[{"href":"https:\/\/www.villasandyresort.com\/sk\/wp-json\/wp\/v2\/types\/page"}],"author":[{"embeddable":true,"href":"https:\/\/www.villasandyresort.com\/sk\/wp-json\/wp\/v2\/users\/13"}],"replies":[{"embeddable":true,"href":"https:\/\/www.villasandyresort.com\/sk\/wp-json\/wp\/v2\/comments?post=111"}],"version-history":[{"count":0,"href":"https:\/\/www.villasandyresort.com\/sk\/wp-json\/wp\/v2\/pages\/111\/revisions"}],"wp:attachment":[{"href":"https:\/\/www.villasandyresort.com\/sk\/wp-json\/wp\/v2\/media?parent=111"}],"curies":[{"name":"wp","href":"https:\/\/api.w.org\/{rel}","templated":true}]}}