{"id":103,"date":"2023-11-22T15:49:09","date_gmt":"2023-11-22T15:49:09","guid":{"rendered":"https:\/\/villa-sandy-city-park-resort.ms2.decms.eu\/?page_id=103"},"modified":"2025-11-26T09:57:58","modified_gmt":"2025-11-26T09:57:58","slug":"hotel","status":"publish","type":"page","link":"https:\/\/www.villasandyresort.com\/sk\/hotel\/","title":{"rendered":"Hotel"},"content":{"rendered":"<p style=\"text-align: justify\">Pripravujeme pre V\u00e1s nad\u0161tandardn\u00e9 ubytovacie slu\u017eby v prvom 5* hoteli v regi\u00f3ne.<\/p>\n<p style=\"text-align: JUSTIFY\">Hotel VILLA SANDY V\u00e1m pon\u00fakne 50 unik\u00e1tnych izieb s rozsiahlym servisom eur\u00f3pskeho \u0161tandardu, pre dokonal\u00fd z\u00e1\u017eitok z V\u00e1\u0161ho pobytu v na\u0161om kr\u00e1snom meste.<\/p>\n<p style=\"text-align: JUSTIFY\">S\u00fa\u010das\u0165ou hotelovej ponuky bude 36 \u0161tandardn\u00fdch izieb, 8 \u201eExecutive\u201c izieb, 5 junior apartm\u00e1nov a 1 prezidentsk\u00fd apartm\u00e1n. Samozrejmos\u0165ou je bezbari\u00e9rov\u00e1 izba, rodinn\u00e9 izby a \u201eTwin\u201c izby pre skupiny. Ka\u017ed\u00e1 z izieb V\u00e1m pon\u00fakne vlastn\u00fa terasu a ka\u017ed\u00fd z apartm\u00e1nov vlastn\u00fa v\u00edrivku. To v\u0161etko s n\u00e1dhern\u00fdm v\u00fdh\u013eadom do ko\u0161ick\u00e9ho Mestsk\u00e9ho parku.<\/p>\n<p style=\"text-align: JUSTIFY\">Unik\u00e1tne pobytov\u00e9 bal\u00ed\u010dky pre p\u00e1ry, rodiny, z\u00e1ujemcov o kulin\u00e1rske umenie \u010di hist\u00f3riu, s\u00fa samozrejm\u00fdm doplnkom na\u0161ej \u00faprimnej starostlivosti. V kombin\u00e1cii so \u0161irokou ponukou pr\u00e9miov\u00fdch biznisov\u00fdch slu\u017eieb rezortu VILLA SANDY, V\u00e1m vytv\u00e1rame dokonal\u00e9 podmienky pre synergiu pr\u00e1ce s oddychom.<\/p>\n","protected":false},"excerpt":{"rendered":"<p>Pripravujeme pre V\u00e1s nad\u0161tandardn\u00e9 ubytovacie slu\u017eby v prvom 5* hoteli v regi\u00f3ne. Hotel VILLA SANDY V\u00e1m pon\u00fakne 50 unik\u00e1tnych izieb s rozsiahlym servisom eur\u00f3pskeho \u0161tandardu, pre dokonal\u00fd z\u00e1\u017eitok z V\u00e1\u0161ho pobytu v na\u0161om kr\u00e1snom meste. S\u00fa\u010das\u0165ou hotelovej ponuky bude 36 \u0161tandardn\u00fdch izieb, 8 \u201eExecutive\u201c izieb, 5 junior apartm\u00e1nov a 1 prezidentsk\u00fd apartm\u00e1n. Samozrejmos\u0165ou je bezbari\u00e9rov\u00e1 [&hellip;]<\/p>\n","protected":false},"author":13,"featured_media":0,"parent":0,"menu_order":30,"comment_status":"closed","ping_status":"closed","template":"","meta":{"footnotes":""},"class_list":["post-103","page","type-page","status-publish","hentry"],"yoast_head":"<!-- This site is optimized with the Yoast SEO plugin v27.3 - https:\/\/yoast.com\/product\/yoast-seo-wordpress\/ -->\n<title>Hotel - Villa Sandy City Park Resort -<\/title>\n<meta name=\"description\" content=\"Pripravujeme pre V\u00e1s nad\u0161tandardn\u00e9 ubytovacie slu\u017eby v prvom 5* hoteli v regi\u00f3ne. Hotel VILLA SANDY V\u00e1m pon\u00fakne 50 unik\u00e1tnych izieb s rozsiahlym servisom eur\u00f3pskeho \u0161tandardu, pre dokonal\u00fd z\u00e1\u017eitok z V\u00e1\u0161ho pobytu v na\u0161om kr\u00e1snom meste. S\u00fa\u010das\u0165ou hotelovej ponuky bude 36 \u0161tandardn\u00fdch izieb, 8 \u201eExecutive\u201c izieb, 5 junior apartm\u00e1nov a 1 prezidentsk\u00fd apartm\u00e1n. Samozrejmos\u0165ou je bezbari\u00e9rov\u00e1 izba, rodinn\u00e9 izby a \u201eTwin\u201c izby pre skupiny\" \/>\n<meta name=\"robots\" content=\"index, follow, max-snippet:-1, max-image-preview:large, max-video-preview:-1\" \/>\n<link rel=\"canonical\" href=\"https:\/\/www.villasandyresort.com\/sk\/hotel\/\" \/>\n<meta property=\"og:locale\" content=\"sk_SK\" \/>\n<meta property=\"og:type\" content=\"article\" \/>\n<meta property=\"og:title\" content=\"Hotel - Villa Sandy City Park Resort -\" \/>\n<meta property=\"og:description\" content=\"Pripravujeme pre V\u00e1s nad\u0161tandardn\u00e9 ubytovacie slu\u017eby v prvom 5* hoteli v regi\u00f3ne. Hotel VILLA SANDY V\u00e1m pon\u00fakne 50 unik\u00e1tnych izieb s rozsiahlym servisom eur\u00f3pskeho \u0161tandardu, pre dokonal\u00fd z\u00e1\u017eitok z V\u00e1\u0161ho pobytu v na\u0161om kr\u00e1snom meste. S\u00fa\u010das\u0165ou hotelovej ponuky bude 36 \u0161tandardn\u00fdch izieb, 8 \u201eExecutive\u201c izieb, 5 junior apartm\u00e1nov a 1 prezidentsk\u00fd apartm\u00e1n. Samozrejmos\u0165ou je bezbari\u00e9rov\u00e1 izba, rodinn\u00e9 izby a \u201eTwin\u201c izby pre skupiny\" \/>\n<meta property=\"og:url\" content=\"https:\/\/www.villasandyresort.com\/sk\/hotel\/\" \/>\n<meta property=\"og:site_name\" content=\"Villa Sandy City Park Resort\" \/>\n<meta property=\"article:modified_time\" content=\"2025-11-26T09:57:58+00:00\" \/>\n<meta name=\"twitter:card\" content=\"summary_large_image\" \/>\n<meta name=\"twitter:label1\" content=\"Predpokladan\u00fd \u010das \u010d\u00edtania\" \/>\n\t<meta name=\"twitter:data1\" content=\"1 min\u00fata\" \/>\n<script type=\"application\/ld+json\" class=\"yoast-schema-graph\">{\"@context\":\"https:\\\/\\\/schema.org\",\"@graph\":[{\"@type\":\"WebPage\",\"@id\":\"https:\\\/\\\/www.villasandyresort.com\\\/sk\\\/hotel\\\/\",\"url\":\"https:\\\/\\\/www.villasandyresort.com\\\/sk\\\/hotel\\\/\",\"name\":\"Hotel - Villa Sandy City Park Resort -\",\"isPartOf\":{\"@id\":\"https:\\\/\\\/www.villasandyresort.com\\\/sk\\\/#website\"},\"datePublished\":\"2023-11-22T15:49:09+00:00\",\"dateModified\":\"2025-11-26T09:57:58+00:00\",\"description\":\"Pripravujeme pre V\u00e1s nad\u0161tandardn\u00e9 ubytovacie slu\u017eby v prvom 5* hoteli v regi\u00f3ne. Hotel VILLA SANDY V\u00e1m pon\u00fakne 50 unik\u00e1tnych izieb s rozsiahlym servisom eur\u00f3pskeho \u0161tandardu, pre dokonal\u00fd z\u00e1\u017eitok z V\u00e1\u0161ho pobytu v na\u0161om kr\u00e1snom meste. S\u00fa\u010das\u0165ou hotelovej ponuky bude 36 \u0161tandardn\u00fdch izieb, 8 \u201eExecutive\u201c izieb, 5 junior apartm\u00e1nov a 1 prezidentsk\u00fd apartm\u00e1n. Samozrejmos\u0165ou je bezbari\u00e9rov\u00e1 izba, rodinn\u00e9 izby a \u201eTwin\u201c izby pre skupiny\",\"breadcrumb\":{\"@id\":\"https:\\\/\\\/www.villasandyresort.com\\\/sk\\\/hotel\\\/#breadcrumb\"},\"inLanguage\":\"sk-SK\",\"potentialAction\":[{\"@type\":\"ReadAction\",\"target\":[\"https:\\\/\\\/www.villasandyresort.com\\\/sk\\\/hotel\\\/\"]}]},{\"@type\":\"BreadcrumbList\",\"@id\":\"https:\\\/\\\/www.villasandyresort.com\\\/sk\\\/hotel\\\/#breadcrumb\",\"itemListElement\":[{\"@type\":\"ListItem\",\"position\":1,\"name\":\"Home\",\"item\":\"https:\\\/\\\/www.villasandyresort.com\\\/sk\\\/\"},{\"@type\":\"ListItem\",\"position\":2,\"name\":\"Hotel\"}]},{\"@type\":\"WebSite\",\"@id\":\"https:\\\/\\\/www.villasandyresort.com\\\/sk\\\/#website\",\"url\":\"https:\\\/\\\/www.villasandyresort.com\\\/sk\\\/\",\"name\":\"Villa Sandy City Park Resort\",\"description\":\"\",\"potentialAction\":[{\"@type\":\"SearchAction\",\"target\":{\"@type\":\"EntryPoint\",\"urlTemplate\":\"https:\\\/\\\/www.villasandyresort.com\\\/sk\\\/?s={search_term_string}\"},\"query-input\":{\"@type\":\"PropertyValueSpecification\",\"valueRequired\":true,\"valueName\":\"search_term_string\"}}],\"inLanguage\":\"sk-SK\"}]}<\/script>\n<!-- \/ Yoast SEO plugin. -->","yoast_head_json":{"title":"Hotel - Villa Sandy City Park Resort -","description":"Pripravujeme pre V\u00e1s nad\u0161tandardn\u00e9 ubytovacie slu\u017eby v prvom 5* hoteli v regi\u00f3ne. Hotel VILLA SANDY V\u00e1m pon\u00fakne 50 unik\u00e1tnych izieb s rozsiahlym servisom eur\u00f3pskeho \u0161tandardu, pre dokonal\u00fd z\u00e1\u017eitok z V\u00e1\u0161ho pobytu v na\u0161om kr\u00e1snom meste. S\u00fa\u010das\u0165ou hotelovej ponuky bude 36 \u0161tandardn\u00fdch izieb, 8 \u201eExecutive\u201c izieb, 5 junior apartm\u00e1nov a 1 prezidentsk\u00fd apartm\u00e1n. Samozrejmos\u0165ou je bezbari\u00e9rov\u00e1 izba, rodinn\u00e9 izby a \u201eTwin\u201c izby pre skupiny","robots":{"index":"index","follow":"follow","max-snippet":"max-snippet:-1","max-image-preview":"max-image-preview:large","max-video-preview":"max-video-preview:-1"},"canonical":"https:\/\/www.villasandyresort.com\/sk\/hotel\/","og_locale":"sk_SK","og_type":"article","og_title":"Hotel - Villa Sandy City Park Resort -","og_description":"Pripravujeme pre V\u00e1s nad\u0161tandardn\u00e9 ubytovacie slu\u017eby v prvom 5* hoteli v regi\u00f3ne. Hotel VILLA SANDY V\u00e1m pon\u00fakne 50 unik\u00e1tnych izieb s rozsiahlym servisom eur\u00f3pskeho \u0161tandardu, pre dokonal\u00fd z\u00e1\u017eitok z V\u00e1\u0161ho pobytu v na\u0161om kr\u00e1snom meste. S\u00fa\u010das\u0165ou hotelovej ponuky bude 36 \u0161tandardn\u00fdch izieb, 8 \u201eExecutive\u201c izieb, 5 junior apartm\u00e1nov a 1 prezidentsk\u00fd apartm\u00e1n. Samozrejmos\u0165ou je bezbari\u00e9rov\u00e1 izba, rodinn\u00e9 izby a \u201eTwin\u201c izby pre skupiny","og_url":"https:\/\/www.villasandyresort.com\/sk\/hotel\/","og_site_name":"Villa Sandy City Park Resort","article_modified_time":"2025-11-26T09:57:58+00:00","twitter_card":"summary_large_image","twitter_misc":{"Predpokladan\u00fd \u010das \u010d\u00edtania":"1 min\u00fata"},"schema":{"@context":"https:\/\/schema.org","@graph":[{"@type":"WebPage","@id":"https:\/\/www.villasandyresort.com\/sk\/hotel\/","url":"https:\/\/www.villasandyresort.com\/sk\/hotel\/","name":"Hotel - Villa Sandy City Park Resort -","isPartOf":{"@id":"https:\/\/www.villasandyresort.com\/sk\/#website"},"datePublished":"2023-11-22T15:49:09+00:00","dateModified":"2025-11-26T09:57:58+00:00","description":"Pripravujeme pre V\u00e1s nad\u0161tandardn\u00e9 ubytovacie slu\u017eby v prvom 5* hoteli v regi\u00f3ne. Hotel VILLA SANDY V\u00e1m pon\u00fakne 50 unik\u00e1tnych izieb s rozsiahlym servisom eur\u00f3pskeho \u0161tandardu, pre dokonal\u00fd z\u00e1\u017eitok z V\u00e1\u0161ho pobytu v na\u0161om kr\u00e1snom meste. S\u00fa\u010das\u0165ou hotelovej ponuky bude 36 \u0161tandardn\u00fdch izieb, 8 \u201eExecutive\u201c izieb, 5 junior apartm\u00e1nov a 1 prezidentsk\u00fd apartm\u00e1n. Samozrejmos\u0165ou je bezbari\u00e9rov\u00e1 izba, rodinn\u00e9 izby a \u201eTwin\u201c izby pre skupiny","breadcrumb":{"@id":"https:\/\/www.villasandyresort.com\/sk\/hotel\/#breadcrumb"},"inLanguage":"sk-SK","potentialAction":[{"@type":"ReadAction","target":["https:\/\/www.villasandyresort.com\/sk\/hotel\/"]}]},{"@type":"BreadcrumbList","@id":"https:\/\/www.villasandyresort.com\/sk\/hotel\/#breadcrumb","itemListElement":[{"@type":"ListItem","position":1,"name":"Home","item":"https:\/\/www.villasandyresort.com\/sk\/"},{"@type":"ListItem","position":2,"name":"Hotel"}]},{"@type":"WebSite","@id":"https:\/\/www.villasandyresort.com\/sk\/#website","url":"https:\/\/www.villasandyresort.com\/sk\/","name":"Villa Sandy City Park Resort","description":"","potentialAction":[{"@type":"SearchAction","target":{"@type":"EntryPoint","urlTemplate":"https:\/\/www.villasandyresort.com\/sk\/?s={search_term_string}"},"query-input":{"@type":"PropertyValueSpecification","valueRequired":true,"valueName":"search_term_string"}}],"inLanguage":"sk-SK"}]}},"acf":[],"_links":{"self":[{"href":"https:\/\/www.villasandyresort.com\/sk\/wp-json\/wp\/v2\/pages\/103","targetHints":{"allow":["GET"]}}],"collection":[{"href":"https:\/\/www.villasandyresort.com\/sk\/wp-json\/wp\/v2\/pages"}],"about":[{"href":"https:\/\/www.villasandyresort.com\/sk\/wp-json\/wp\/v2\/types\/page"}],"author":[{"embeddable":true,"href":"https:\/\/www.villasandyresort.com\/sk\/wp-json\/wp\/v2\/users\/13"}],"replies":[{"embeddable":true,"href":"https:\/\/www.villasandyresort.com\/sk\/wp-json\/wp\/v2\/comments?post=103"}],"version-history":[{"count":0,"href":"https:\/\/www.villasandyresort.com\/sk\/wp-json\/wp\/v2\/pages\/103\/revisions"}],"wp:attachment":[{"href":"https:\/\/www.villasandyresort.com\/sk\/wp-json\/wp\/v2\/media?parent=103"}],"curies":[{"name":"wp","href":"https:\/\/api.w.org\/{rel}","templated":true}]}}