{"id":98,"date":"2023-11-21T16:33:34","date_gmt":"2023-11-21T16:33:34","guid":{"rendered":"https:\/\/villa-sandy-city-park-resort.ms2.decms.eu\/?page_id=98"},"modified":"2024-02-12T13:49:46","modified_gmt":"2024-02-12T13:49:46","slug":"lounge","status":"publish","type":"page","link":"https:\/\/www.villasandyresort.com\/hu\/ettermek\/lounge\/","title":{"rendered":"LOUNGE"},"content":{"rendered":"<h3 style=\"text-align: center\">BARLAB SNACK<\/h3>\n<p style=\"text-align: justify\">Hamarosan megnyitjuk az egyedi klasszikus \u00e9s gy\u00f3gyn\u00f6v\u00e9nyes italok laborat\u00f3rium\u00e1t, amelyet egy sz\u00e9lesk\u00f6r\u0171 reggeli men\u00fc \u00e9s pr\u00e9mium snackek eg\u00e9sz napos portf\u00f3li\u00f3ja eg\u00e9sz\u00edt ki.<\/p>\n<p style=\"text-align: JUSTIFY\">\u00c9lvezheti a sz\u00e1lloda bels\u0151 lobbyj\u00e1nak k\u00e9nyelm\u00e9t vagy a nagyvonal\u00fa, a csod\u00e1latos \u00fcd\u00fcl\u0151helyi ter\u00fcletre \u00e9s a f\u00e1k lombkoron\u00e1j\u00e1ra n\u00e9z\u0151 teraszt. Nem kell sz\u00e1llodai vend\u00e9gnek lennie ahhoz, hogy \u00e9lvezze az \u00e1ltalunk teremtett \u00e9rzelmeket. Pihenjen b\u00e1rmikor bar\u00e1tai, csal\u00e1dtagjai vagy \u00fczleti partnerei j\u00f3 t\u00e1rsas\u00e1g\u00e1ban. Igyon a gy\u00f6ny\u00f6r\u0171 \u00e9rzelmekb\u0151l.<\/p>\n","protected":false},"excerpt":{"rendered":"<p>BARLAB SNACK Hamarosan megnyitjuk az egyedi klasszikus \u00e9s gy\u00f3gyn\u00f6v\u00e9nyes italok laborat\u00f3rium\u00e1t, amelyet egy sz\u00e9lesk\u00f6r\u0171 reggeli men\u00fc \u00e9s pr\u00e9mium snackek eg\u00e9sz napos portf\u00f3li\u00f3ja eg\u00e9sz\u00edt ki. \u00c9lvezheti a sz\u00e1lloda bels\u0151 lobbyj\u00e1nak k\u00e9nyelm\u00e9t vagy a nagyvonal\u00fa, a csod\u00e1latos \u00fcd\u00fcl\u0151helyi ter\u00fcletre \u00e9s a f\u00e1k lombkoron\u00e1j\u00e1ra n\u00e9z\u0151 teraszt. Nem kell sz\u00e1llodai vend\u00e9gnek lennie ahhoz, hogy \u00e9lvezze az \u00e1ltalunk teremtett \u00e9rzelmeket. [&hellip;]<\/p>\n","protected":false},"author":13,"featured_media":0,"parent":83,"menu_order":25,"comment_status":"closed","ping_status":"closed","template":"template-single-restaurant.php","meta":{"footnotes":""},"class_list":["post-98","page","type-page","status-publish","hentry"],"yoast_head":"<!-- This site is optimized with the Yoast SEO plugin v27.3 - https:\/\/yoast.com\/product\/yoast-seo-wordpress\/ -->\n<title>LOUNGE - Villa Sandy City Park Resort -<\/title>\n<meta name=\"description\" content=\"BARLAB SNACK Hamarosan megnyitjuk az egyedi klasszikus \u00e9s gy\u00f3gyn\u00f6v\u00e9nyes italok laborat\u00f3rium\u00e1t, amelyet egy sz\u00e9lesk\u00f6r\u0171 reggeli men\u00fc \u00e9s pr\u00e9mium snackek eg\u00e9sz napos portf\u00f3li\u00f3ja eg\u00e9sz\u00edt ki. \u00c9lvezheti a sz\u00e1lloda bels\u0151 lobbyj\u00e1nak k\u00e9nyelm\u00e9t vagy a nagyvonal\u00fa, a csod\u00e1latos \u00fcd\u00fcl\u0151helyi ter\u00fcletre \u00e9s a f\u00e1k lombkoron\u00e1j\u00e1ra n\u00e9z\u0151 teraszt. Nem kell sz\u00e1llodai vend\u00e9gnek lennie ahhoz, hogy \u00e9lvezze az \u00e1ltalunk teremtett \u00e9rzelmeket\" \/>\n<meta name=\"robots\" content=\"index, follow, max-snippet:-1, max-image-preview:large, max-video-preview:-1\" \/>\n<link rel=\"canonical\" href=\"https:\/\/www.villasandyresort.com\/hu\/ettermek\/lounge\/\" \/>\n<meta property=\"og:locale\" content=\"hu_HU\" \/>\n<meta property=\"og:type\" content=\"article\" \/>\n<meta property=\"og:title\" content=\"LOUNGE - Villa Sandy City Park Resort -\" \/>\n<meta property=\"og:description\" content=\"BARLAB SNACK Hamarosan megnyitjuk az egyedi klasszikus \u00e9s gy\u00f3gyn\u00f6v\u00e9nyes italok laborat\u00f3rium\u00e1t, amelyet egy sz\u00e9lesk\u00f6r\u0171 reggeli men\u00fc \u00e9s pr\u00e9mium snackek eg\u00e9sz napos portf\u00f3li\u00f3ja eg\u00e9sz\u00edt ki. \u00c9lvezheti a sz\u00e1lloda bels\u0151 lobbyj\u00e1nak k\u00e9nyelm\u00e9t vagy a nagyvonal\u00fa, a csod\u00e1latos \u00fcd\u00fcl\u0151helyi ter\u00fcletre \u00e9s a f\u00e1k lombkoron\u00e1j\u00e1ra n\u00e9z\u0151 teraszt. Nem kell sz\u00e1llodai vend\u00e9gnek lennie ahhoz, hogy \u00e9lvezze az \u00e1ltalunk teremtett \u00e9rzelmeket\" \/>\n<meta property=\"og:url\" content=\"https:\/\/www.villasandyresort.com\/hu\/ettermek\/lounge\/\" \/>\n<meta property=\"og:site_name\" content=\"Villa Sandy City Park Resort\" \/>\n<meta property=\"article:modified_time\" content=\"2024-02-12T13:49:46+00:00\" \/>\n<meta name=\"twitter:card\" content=\"summary_large_image\" \/>\n<meta name=\"twitter:label1\" content=\"Becs\u00fclt olvas\u00e1si id\u0151\" \/>\n\t<meta name=\"twitter:data1\" content=\"1 perc\" \/>\n<script type=\"application\/ld+json\" class=\"yoast-schema-graph\">{\"@context\":\"https:\\\/\\\/schema.org\",\"@graph\":[{\"@type\":\"WebPage\",\"@id\":\"https:\\\/\\\/www.villasandyresort.com\\\/hu\\\/ettermek\\\/lounge\\\/\",\"url\":\"https:\\\/\\\/www.villasandyresort.com\\\/hu\\\/ettermek\\\/lounge\\\/\",\"name\":\"LOUNGE - Villa Sandy City Park Resort -\",\"isPartOf\":{\"@id\":\"https:\\\/\\\/www.villasandyresort.com\\\/hu\\\/#website\"},\"datePublished\":\"2023-11-21T16:33:34+00:00\",\"dateModified\":\"2024-02-12T13:49:46+00:00\",\"description\":\"BARLAB SNACK Hamarosan megnyitjuk az egyedi klasszikus \u00e9s gy\u00f3gyn\u00f6v\u00e9nyes italok laborat\u00f3rium\u00e1t, amelyet egy sz\u00e9lesk\u00f6r\u0171 reggeli men\u00fc \u00e9s pr\u00e9mium snackek eg\u00e9sz napos portf\u00f3li\u00f3ja eg\u00e9sz\u00edt ki. \u00c9lvezheti a sz\u00e1lloda bels\u0151 lobbyj\u00e1nak k\u00e9nyelm\u00e9t vagy a nagyvonal\u00fa, a csod\u00e1latos \u00fcd\u00fcl\u0151helyi ter\u00fcletre \u00e9s a f\u00e1k lombkoron\u00e1j\u00e1ra n\u00e9z\u0151 teraszt. Nem kell sz\u00e1llodai vend\u00e9gnek lennie ahhoz, hogy \u00e9lvezze az \u00e1ltalunk teremtett \u00e9rzelmeket\",\"breadcrumb\":{\"@id\":\"https:\\\/\\\/www.villasandyresort.com\\\/hu\\\/ettermek\\\/lounge\\\/#breadcrumb\"},\"inLanguage\":\"hu\",\"potentialAction\":[{\"@type\":\"ReadAction\",\"target\":[\"https:\\\/\\\/www.villasandyresort.com\\\/hu\\\/ettermek\\\/lounge\\\/\"]}]},{\"@type\":\"BreadcrumbList\",\"@id\":\"https:\\\/\\\/www.villasandyresort.com\\\/hu\\\/ettermek\\\/lounge\\\/#breadcrumb\",\"itemListElement\":[{\"@type\":\"ListItem\",\"position\":1,\"name\":\"Home\",\"item\":\"https:\\\/\\\/www.villasandyresort.com\\\/hu\\\/\"},{\"@type\":\"ListItem\",\"position\":2,\"name\":\"\u00c9ttermek\",\"item\":\"https:\\\/\\\/www.villasandyresort.com\\\/hu\\\/ettermek\\\/\"},{\"@type\":\"ListItem\",\"position\":3,\"name\":\"LOUNGE\"}]},{\"@type\":\"WebSite\",\"@id\":\"https:\\\/\\\/www.villasandyresort.com\\\/hu\\\/#website\",\"url\":\"https:\\\/\\\/www.villasandyresort.com\\\/hu\\\/\",\"name\":\"Villa Sandy City Park Resort\",\"description\":\"\",\"potentialAction\":[{\"@type\":\"SearchAction\",\"target\":{\"@type\":\"EntryPoint\",\"urlTemplate\":\"https:\\\/\\\/www.villasandyresort.com\\\/hu\\\/?s={search_term_string}\"},\"query-input\":{\"@type\":\"PropertyValueSpecification\",\"valueRequired\":true,\"valueName\":\"search_term_string\"}}],\"inLanguage\":\"hu\"}]}<\/script>\n<!-- \/ Yoast SEO plugin. -->","yoast_head_json":{"title":"LOUNGE - Villa Sandy City Park Resort -","description":"BARLAB SNACK Hamarosan megnyitjuk az egyedi klasszikus \u00e9s gy\u00f3gyn\u00f6v\u00e9nyes italok laborat\u00f3rium\u00e1t, amelyet egy sz\u00e9lesk\u00f6r\u0171 reggeli men\u00fc \u00e9s pr\u00e9mium snackek eg\u00e9sz napos portf\u00f3li\u00f3ja eg\u00e9sz\u00edt ki. \u00c9lvezheti a sz\u00e1lloda bels\u0151 lobbyj\u00e1nak k\u00e9nyelm\u00e9t vagy a nagyvonal\u00fa, a csod\u00e1latos \u00fcd\u00fcl\u0151helyi ter\u00fcletre \u00e9s a f\u00e1k lombkoron\u00e1j\u00e1ra n\u00e9z\u0151 teraszt. Nem kell sz\u00e1llodai vend\u00e9gnek lennie ahhoz, hogy \u00e9lvezze az \u00e1ltalunk teremtett \u00e9rzelmeket","robots":{"index":"index","follow":"follow","max-snippet":"max-snippet:-1","max-image-preview":"max-image-preview:large","max-video-preview":"max-video-preview:-1"},"canonical":"https:\/\/www.villasandyresort.com\/hu\/ettermek\/lounge\/","og_locale":"hu_HU","og_type":"article","og_title":"LOUNGE - Villa Sandy City Park Resort -","og_description":"BARLAB SNACK Hamarosan megnyitjuk az egyedi klasszikus \u00e9s gy\u00f3gyn\u00f6v\u00e9nyes italok laborat\u00f3rium\u00e1t, amelyet egy sz\u00e9lesk\u00f6r\u0171 reggeli men\u00fc \u00e9s pr\u00e9mium snackek eg\u00e9sz napos portf\u00f3li\u00f3ja eg\u00e9sz\u00edt ki. \u00c9lvezheti a sz\u00e1lloda bels\u0151 lobbyj\u00e1nak k\u00e9nyelm\u00e9t vagy a nagyvonal\u00fa, a csod\u00e1latos \u00fcd\u00fcl\u0151helyi ter\u00fcletre \u00e9s a f\u00e1k lombkoron\u00e1j\u00e1ra n\u00e9z\u0151 teraszt. Nem kell sz\u00e1llodai vend\u00e9gnek lennie ahhoz, hogy \u00e9lvezze az \u00e1ltalunk teremtett \u00e9rzelmeket","og_url":"https:\/\/www.villasandyresort.com\/hu\/ettermek\/lounge\/","og_site_name":"Villa Sandy City Park Resort","article_modified_time":"2024-02-12T13:49:46+00:00","twitter_card":"summary_large_image","twitter_misc":{"Becs\u00fclt olvas\u00e1si id\u0151":"1 perc"},"schema":{"@context":"https:\/\/schema.org","@graph":[{"@type":"WebPage","@id":"https:\/\/www.villasandyresort.com\/hu\/ettermek\/lounge\/","url":"https:\/\/www.villasandyresort.com\/hu\/ettermek\/lounge\/","name":"LOUNGE - Villa Sandy City Park Resort -","isPartOf":{"@id":"https:\/\/www.villasandyresort.com\/hu\/#website"},"datePublished":"2023-11-21T16:33:34+00:00","dateModified":"2024-02-12T13:49:46+00:00","description":"BARLAB SNACK Hamarosan megnyitjuk az egyedi klasszikus \u00e9s gy\u00f3gyn\u00f6v\u00e9nyes italok laborat\u00f3rium\u00e1t, amelyet egy sz\u00e9lesk\u00f6r\u0171 reggeli men\u00fc \u00e9s pr\u00e9mium snackek eg\u00e9sz napos portf\u00f3li\u00f3ja eg\u00e9sz\u00edt ki. \u00c9lvezheti a sz\u00e1lloda bels\u0151 lobbyj\u00e1nak k\u00e9nyelm\u00e9t vagy a nagyvonal\u00fa, a csod\u00e1latos \u00fcd\u00fcl\u0151helyi ter\u00fcletre \u00e9s a f\u00e1k lombkoron\u00e1j\u00e1ra n\u00e9z\u0151 teraszt. Nem kell sz\u00e1llodai vend\u00e9gnek lennie ahhoz, hogy \u00e9lvezze az \u00e1ltalunk teremtett \u00e9rzelmeket","breadcrumb":{"@id":"https:\/\/www.villasandyresort.com\/hu\/ettermek\/lounge\/#breadcrumb"},"inLanguage":"hu","potentialAction":[{"@type":"ReadAction","target":["https:\/\/www.villasandyresort.com\/hu\/ettermek\/lounge\/"]}]},{"@type":"BreadcrumbList","@id":"https:\/\/www.villasandyresort.com\/hu\/ettermek\/lounge\/#breadcrumb","itemListElement":[{"@type":"ListItem","position":1,"name":"Home","item":"https:\/\/www.villasandyresort.com\/hu\/"},{"@type":"ListItem","position":2,"name":"\u00c9ttermek","item":"https:\/\/www.villasandyresort.com\/hu\/ettermek\/"},{"@type":"ListItem","position":3,"name":"LOUNGE"}]},{"@type":"WebSite","@id":"https:\/\/www.villasandyresort.com\/hu\/#website","url":"https:\/\/www.villasandyresort.com\/hu\/","name":"Villa Sandy City Park Resort","description":"","potentialAction":[{"@type":"SearchAction","target":{"@type":"EntryPoint","urlTemplate":"https:\/\/www.villasandyresort.com\/hu\/?s={search_term_string}"},"query-input":{"@type":"PropertyValueSpecification","valueRequired":true,"valueName":"search_term_string"}}],"inLanguage":"hu"}]}},"acf":[],"_links":{"self":[{"href":"https:\/\/www.villasandyresort.com\/hu\/wp-json\/wp\/v2\/pages\/98","targetHints":{"allow":["GET"]}}],"collection":[{"href":"https:\/\/www.villasandyresort.com\/hu\/wp-json\/wp\/v2\/pages"}],"about":[{"href":"https:\/\/www.villasandyresort.com\/hu\/wp-json\/wp\/v2\/types\/page"}],"author":[{"embeddable":true,"href":"https:\/\/www.villasandyresort.com\/hu\/wp-json\/wp\/v2\/users\/13"}],"replies":[{"embeddable":true,"href":"https:\/\/www.villasandyresort.com\/hu\/wp-json\/wp\/v2\/comments?post=98"}],"version-history":[{"count":0,"href":"https:\/\/www.villasandyresort.com\/hu\/wp-json\/wp\/v2\/pages\/98\/revisions"}],"up":[{"embeddable":true,"href":"https:\/\/www.villasandyresort.com\/hu\/wp-json\/wp\/v2\/pages\/83"}],"wp:attachment":[{"href":"https:\/\/www.villasandyresort.com\/hu\/wp-json\/wp\/v2\/media?parent=98"}],"curies":[{"name":"wp","href":"https:\/\/api.w.org\/{rel}","templated":true}]}}