{"id":93,"date":"2023-11-09T16:09:08","date_gmt":"2023-11-09T16:09:08","guid":{"rendered":"https:\/\/villa-sandy-city-park-resort.ms2.decms.eu\/?page_id=93"},"modified":"2024-01-22T22:16:52","modified_gmt":"2024-01-22T22:16:52","slug":"emoti","status":"publish","type":"page","link":"https:\/\/www.villasandyresort.com\/hu\/ettermek\/emoti\/","title":{"rendered":"EMOTI"},"content":{"rendered":"<h3 style=\"text-align: center\">SHAREFOOD TAVERN<\/h3>\n<p style=\"text-align: center\">Egy nyitott konyh\u00e1val \u00e9s k\u00f6tetlen l\u00e9gk\u00f6rrel rendelkez\u0151 tavern\u00e1t hozunk el \u00d6nnek, ahol a kiv\u00e9teles \u00e9telek \u00e9s italok elk\u00e9sz\u00edt\u00e9se \u00e9s \u00e9lvezete a k\u00f6t\u0151d\u00e9s ritu\u00e1l\u00e9j\u00e1v\u00e1 v\u00e1lik.<\/p>\n<p style=\"text-align: JUSTIFY\">Az \u00edzek, \u00e9rzelmek \u00e9s \u00e9lm\u00e9nyek megoszt\u00e1s\u00e1t a bar\u00e1tokkal vagy a csal\u00e1ddal \u00e9l\u0151 kulin\u00e1ris \u00e9s pultos el\u0151ad\u00e1sok, valamint a taverna egyed\u00fcl\u00e1ll\u00f3, t\u00f6bbszintes belt\u00e9ri tere vagy a v\u00e1ros z\u00f6ld o\u00e1zis\u00e1ra n\u00e9z\u0151, p\u00e9ld\u00e1tlan v\u00edzfallal ell\u00e1tott szabadt\u00e9ri terasza fokozza. \u00c9ljenek \u00e1t egy\u00fctt \u00edzletes pillanatokat.<\/p>\n","protected":false},"excerpt":{"rendered":"<p>SHAREFOOD TAVERN Egy nyitott konyh\u00e1val \u00e9s k\u00f6tetlen l\u00e9gk\u00f6rrel rendelkez\u0151 tavern\u00e1t hozunk el \u00d6nnek, ahol a kiv\u00e9teles \u00e9telek \u00e9s italok elk\u00e9sz\u00edt\u00e9se \u00e9s \u00e9lvezete a k\u00f6t\u0151d\u00e9s ritu\u00e1l\u00e9j\u00e1v\u00e1 v\u00e1lik. Az \u00edzek, \u00e9rzelmek \u00e9s \u00e9lm\u00e9nyek megoszt\u00e1s\u00e1t a bar\u00e1tokkal vagy a csal\u00e1ddal \u00e9l\u0151 kulin\u00e1ris \u00e9s pultos el\u0151ad\u00e1sok, valamint a taverna egyed\u00fcl\u00e1ll\u00f3, t\u00f6bbszintes belt\u00e9ri tere vagy a v\u00e1ros z\u00f6ld o\u00e1zis\u00e1ra n\u00e9z\u0151, [&hellip;]<\/p>\n","protected":false},"author":13,"featured_media":0,"parent":83,"menu_order":20,"comment_status":"closed","ping_status":"closed","template":"template-single-restaurant.php","meta":{"footnotes":""},"yoast_head":"<!-- This site is optimized with the Yoast SEO plugin v22.3 - https:\/\/yoast.com\/wordpress\/plugins\/seo\/ -->\n<title>EMOTI - Villa Sandy City Park Resort -<\/title>\n<meta name=\"description\" content=\"SHAREFOOD TAVERN Egy nyitott konyh\u00e1val \u00e9s k\u00f6tetlen l\u00e9gk\u00f6rrel rendelkez\u0151 tavern\u00e1t hozunk el \u00d6nnek, ahol a kiv\u00e9teles \u00e9telek \u00e9s italok elk\u00e9sz\u00edt\u00e9se \u00e9s \u00e9lvezete a k\u00f6t\u0151d\u00e9s ritu\u00e1l\u00e9j\u00e1v\u00e1 v\u00e1lik. Az \u00edzek, \u00e9rzelmek \u00e9s \u00e9lm\u00e9nyek megoszt\u00e1s\u00e1t a bar\u00e1tokkal vagy a csal\u00e1ddal \u00e9l\u0151 kulin\u00e1ris \u00e9s pultos el\u0151ad\u00e1sok, valamint a taverna egyed\u00fcl\u00e1ll\u00f3, t\u00f6bbszintes belt\u00e9ri tere vagy a v\u00e1ros z\u00f6ld o\u00e1zis\u00e1ra n\u00e9z\u0151, p\u00e9ld\u00e1tlan v\u00edzfallal ell\u00e1tott szabadt\u00e9ri terasza fokozza. \u00c9ljenek \u00e1t egy\u00fctt \u00edzletes pillanatokat.\" \/>\n<meta name=\"robots\" content=\"index, follow, max-snippet:-1, max-image-preview:large, max-video-preview:-1\" \/>\n<link rel=\"canonical\" href=\"https:\/\/www.villasandyresort.com\/hu\/ettermek\/emoti\/\" \/>\n<meta property=\"og:locale\" content=\"hu_HU\" \/>\n<meta property=\"og:type\" content=\"article\" \/>\n<meta property=\"og:title\" content=\"EMOTI - Villa Sandy City Park Resort -\" \/>\n<meta property=\"og:description\" content=\"SHAREFOOD TAVERN Egy nyitott konyh\u00e1val \u00e9s k\u00f6tetlen l\u00e9gk\u00f6rrel rendelkez\u0151 tavern\u00e1t hozunk el \u00d6nnek, ahol a kiv\u00e9teles \u00e9telek \u00e9s italok elk\u00e9sz\u00edt\u00e9se \u00e9s \u00e9lvezete a k\u00f6t\u0151d\u00e9s ritu\u00e1l\u00e9j\u00e1v\u00e1 v\u00e1lik. Az \u00edzek, \u00e9rzelmek \u00e9s \u00e9lm\u00e9nyek megoszt\u00e1s\u00e1t a bar\u00e1tokkal vagy a csal\u00e1ddal \u00e9l\u0151 kulin\u00e1ris \u00e9s pultos el\u0151ad\u00e1sok, valamint a taverna egyed\u00fcl\u00e1ll\u00f3, t\u00f6bbszintes belt\u00e9ri tere vagy a v\u00e1ros z\u00f6ld o\u00e1zis\u00e1ra n\u00e9z\u0151, p\u00e9ld\u00e1tlan v\u00edzfallal ell\u00e1tott szabadt\u00e9ri terasza fokozza. \u00c9ljenek \u00e1t egy\u00fctt \u00edzletes pillanatokat.\" \/>\n<meta property=\"og:url\" content=\"https:\/\/www.villasandyresort.com\/hu\/ettermek\/emoti\/\" \/>\n<meta property=\"og:site_name\" content=\"Villa Sandy City Park Resort\" \/>\n<meta property=\"article:modified_time\" content=\"2024-01-22T22:16:52+00:00\" \/>\n<meta name=\"twitter:card\" content=\"summary_large_image\" \/>\n<meta name=\"twitter:label1\" content=\"Becs\u00fclt olvas\u00e1si id\u0151\" \/>\n\t<meta name=\"twitter:data1\" content=\"1 perc\" \/>\n<script type=\"application\/ld+json\" class=\"yoast-schema-graph\">{\"@context\":\"https:\/\/schema.org\",\"@graph\":[{\"@type\":\"WebPage\",\"@id\":\"https:\/\/www.villasandyresort.com\/hu\/ettermek\/emoti\/\",\"url\":\"https:\/\/www.villasandyresort.com\/hu\/ettermek\/emoti\/\",\"name\":\"EMOTI - Villa Sandy City Park Resort -\",\"isPartOf\":{\"@id\":\"https:\/\/www.villasandyresort.com\/hu\/#website\"},\"datePublished\":\"2023-11-09T16:09:08+00:00\",\"dateModified\":\"2024-01-22T22:16:52+00:00\",\"description\":\"SHAREFOOD TAVERN Egy nyitott konyh\u00e1val \u00e9s k\u00f6tetlen l\u00e9gk\u00f6rrel rendelkez\u0151 tavern\u00e1t hozunk el \u00d6nnek, ahol a kiv\u00e9teles \u00e9telek \u00e9s italok elk\u00e9sz\u00edt\u00e9se \u00e9s \u00e9lvezete a k\u00f6t\u0151d\u00e9s ritu\u00e1l\u00e9j\u00e1v\u00e1 v\u00e1lik. Az \u00edzek, \u00e9rzelmek \u00e9s \u00e9lm\u00e9nyek megoszt\u00e1s\u00e1t a bar\u00e1tokkal vagy a csal\u00e1ddal \u00e9l\u0151 kulin\u00e1ris \u00e9s pultos el\u0151ad\u00e1sok, valamint a taverna egyed\u00fcl\u00e1ll\u00f3, t\u00f6bbszintes belt\u00e9ri tere vagy a v\u00e1ros z\u00f6ld o\u00e1zis\u00e1ra n\u00e9z\u0151, p\u00e9ld\u00e1tlan v\u00edzfallal ell\u00e1tott szabadt\u00e9ri terasza fokozza. \u00c9ljenek \u00e1t egy\u00fctt \u00edzletes pillanatokat.\",\"breadcrumb\":{\"@id\":\"https:\/\/www.villasandyresort.com\/hu\/ettermek\/emoti\/#breadcrumb\"},\"inLanguage\":\"hu\",\"potentialAction\":[{\"@type\":\"ReadAction\",\"target\":[\"https:\/\/www.villasandyresort.com\/hu\/ettermek\/emoti\/\"]}]},{\"@type\":\"BreadcrumbList\",\"@id\":\"https:\/\/www.villasandyresort.com\/hu\/ettermek\/emoti\/#breadcrumb\",\"itemListElement\":[{\"@type\":\"ListItem\",\"position\":1,\"name\":\"Home\",\"item\":\"https:\/\/www.villasandyresort.com\/hu\/\"},{\"@type\":\"ListItem\",\"position\":2,\"name\":\"\u00c9ttermek\",\"item\":\"https:\/\/www.villasandyresort.com\/hu\/ettermek\/\"},{\"@type\":\"ListItem\",\"position\":3,\"name\":\"EMOTI\"}]},{\"@type\":\"WebSite\",\"@id\":\"https:\/\/www.villasandyresort.com\/hu\/#website\",\"url\":\"https:\/\/www.villasandyresort.com\/hu\/\",\"name\":\"Villa Sandy City Park Resort\",\"description\":\"\",\"potentialAction\":[{\"@type\":\"SearchAction\",\"target\":{\"@type\":\"EntryPoint\",\"urlTemplate\":\"https:\/\/www.villasandyresort.com\/hu\/?s={search_term_string}\"},\"query-input\":\"required name=search_term_string\"}],\"inLanguage\":\"hu\"}]}<\/script>\n<!-- \/ Yoast SEO plugin. -->","yoast_head_json":{"title":"EMOTI - Villa Sandy City Park Resort -","description":"SHAREFOOD TAVERN Egy nyitott konyh\u00e1val \u00e9s k\u00f6tetlen l\u00e9gk\u00f6rrel rendelkez\u0151 tavern\u00e1t hozunk el \u00d6nnek, ahol a kiv\u00e9teles \u00e9telek \u00e9s italok elk\u00e9sz\u00edt\u00e9se \u00e9s \u00e9lvezete a k\u00f6t\u0151d\u00e9s ritu\u00e1l\u00e9j\u00e1v\u00e1 v\u00e1lik. Az \u00edzek, \u00e9rzelmek \u00e9s \u00e9lm\u00e9nyek megoszt\u00e1s\u00e1t a bar\u00e1tokkal vagy a csal\u00e1ddal \u00e9l\u0151 kulin\u00e1ris \u00e9s pultos el\u0151ad\u00e1sok, valamint a taverna egyed\u00fcl\u00e1ll\u00f3, t\u00f6bbszintes belt\u00e9ri tere vagy a v\u00e1ros z\u00f6ld o\u00e1zis\u00e1ra n\u00e9z\u0151, p\u00e9ld\u00e1tlan v\u00edzfallal ell\u00e1tott szabadt\u00e9ri terasza fokozza. \u00c9ljenek \u00e1t egy\u00fctt \u00edzletes pillanatokat.","robots":{"index":"index","follow":"follow","max-snippet":"max-snippet:-1","max-image-preview":"max-image-preview:large","max-video-preview":"max-video-preview:-1"},"canonical":"https:\/\/www.villasandyresort.com\/hu\/ettermek\/emoti\/","og_locale":"hu_HU","og_type":"article","og_title":"EMOTI - Villa Sandy City Park Resort -","og_description":"SHAREFOOD TAVERN Egy nyitott konyh\u00e1val \u00e9s k\u00f6tetlen l\u00e9gk\u00f6rrel rendelkez\u0151 tavern\u00e1t hozunk el \u00d6nnek, ahol a kiv\u00e9teles \u00e9telek \u00e9s italok elk\u00e9sz\u00edt\u00e9se \u00e9s \u00e9lvezete a k\u00f6t\u0151d\u00e9s ritu\u00e1l\u00e9j\u00e1v\u00e1 v\u00e1lik. Az \u00edzek, \u00e9rzelmek \u00e9s \u00e9lm\u00e9nyek megoszt\u00e1s\u00e1t a bar\u00e1tokkal vagy a csal\u00e1ddal \u00e9l\u0151 kulin\u00e1ris \u00e9s pultos el\u0151ad\u00e1sok, valamint a taverna egyed\u00fcl\u00e1ll\u00f3, t\u00f6bbszintes belt\u00e9ri tere vagy a v\u00e1ros z\u00f6ld o\u00e1zis\u00e1ra n\u00e9z\u0151, p\u00e9ld\u00e1tlan v\u00edzfallal ell\u00e1tott szabadt\u00e9ri terasza fokozza. \u00c9ljenek \u00e1t egy\u00fctt \u00edzletes pillanatokat.","og_url":"https:\/\/www.villasandyresort.com\/hu\/ettermek\/emoti\/","og_site_name":"Villa Sandy City Park Resort","article_modified_time":"2024-01-22T22:16:52+00:00","twitter_card":"summary_large_image","twitter_misc":{"Becs\u00fclt olvas\u00e1si id\u0151":"1 perc"},"schema":{"@context":"https:\/\/schema.org","@graph":[{"@type":"WebPage","@id":"https:\/\/www.villasandyresort.com\/hu\/ettermek\/emoti\/","url":"https:\/\/www.villasandyresort.com\/hu\/ettermek\/emoti\/","name":"EMOTI - Villa Sandy City Park Resort -","isPartOf":{"@id":"https:\/\/www.villasandyresort.com\/hu\/#website"},"datePublished":"2023-11-09T16:09:08+00:00","dateModified":"2024-01-22T22:16:52+00:00","description":"SHAREFOOD TAVERN Egy nyitott konyh\u00e1val \u00e9s k\u00f6tetlen l\u00e9gk\u00f6rrel rendelkez\u0151 tavern\u00e1t hozunk el \u00d6nnek, ahol a kiv\u00e9teles \u00e9telek \u00e9s italok elk\u00e9sz\u00edt\u00e9se \u00e9s \u00e9lvezete a k\u00f6t\u0151d\u00e9s ritu\u00e1l\u00e9j\u00e1v\u00e1 v\u00e1lik. Az \u00edzek, \u00e9rzelmek \u00e9s \u00e9lm\u00e9nyek megoszt\u00e1s\u00e1t a bar\u00e1tokkal vagy a csal\u00e1ddal \u00e9l\u0151 kulin\u00e1ris \u00e9s pultos el\u0151ad\u00e1sok, valamint a taverna egyed\u00fcl\u00e1ll\u00f3, t\u00f6bbszintes belt\u00e9ri tere vagy a v\u00e1ros z\u00f6ld o\u00e1zis\u00e1ra n\u00e9z\u0151, p\u00e9ld\u00e1tlan v\u00edzfallal ell\u00e1tott szabadt\u00e9ri terasza fokozza. \u00c9ljenek \u00e1t egy\u00fctt \u00edzletes pillanatokat.","breadcrumb":{"@id":"https:\/\/www.villasandyresort.com\/hu\/ettermek\/emoti\/#breadcrumb"},"inLanguage":"hu","potentialAction":[{"@type":"ReadAction","target":["https:\/\/www.villasandyresort.com\/hu\/ettermek\/emoti\/"]}]},{"@type":"BreadcrumbList","@id":"https:\/\/www.villasandyresort.com\/hu\/ettermek\/emoti\/#breadcrumb","itemListElement":[{"@type":"ListItem","position":1,"name":"Home","item":"https:\/\/www.villasandyresort.com\/hu\/"},{"@type":"ListItem","position":2,"name":"\u00c9ttermek","item":"https:\/\/www.villasandyresort.com\/hu\/ettermek\/"},{"@type":"ListItem","position":3,"name":"EMOTI"}]},{"@type":"WebSite","@id":"https:\/\/www.villasandyresort.com\/hu\/#website","url":"https:\/\/www.villasandyresort.com\/hu\/","name":"Villa Sandy City Park Resort","description":"","potentialAction":[{"@type":"SearchAction","target":{"@type":"EntryPoint","urlTemplate":"https:\/\/www.villasandyresort.com\/hu\/?s={search_term_string}"},"query-input":"required name=search_term_string"}],"inLanguage":"hu"}]}},"acf":[],"_links":{"self":[{"href":"https:\/\/www.villasandyresort.com\/hu\/wp-json\/wp\/v2\/pages\/93"}],"collection":[{"href":"https:\/\/www.villasandyresort.com\/hu\/wp-json\/wp\/v2\/pages"}],"about":[{"href":"https:\/\/www.villasandyresort.com\/hu\/wp-json\/wp\/v2\/types\/page"}],"author":[{"embeddable":true,"href":"https:\/\/www.villasandyresort.com\/hu\/wp-json\/wp\/v2\/users\/13"}],"replies":[{"embeddable":true,"href":"https:\/\/www.villasandyresort.com\/hu\/wp-json\/wp\/v2\/comments?post=93"}],"version-history":[{"count":0,"href":"https:\/\/www.villasandyresort.com\/hu\/wp-json\/wp\/v2\/pages\/93\/revisions"}],"up":[{"embeddable":true,"href":"https:\/\/www.villasandyresort.com\/hu\/wp-json\/wp\/v2\/pages\/83"}],"wp:attachment":[{"href":"https:\/\/www.villasandyresort.com\/hu\/wp-json\/wp\/v2\/media?parent=93"}],"curies":[{"name":"wp","href":"https:\/\/api.w.org\/{rel}","templated":true}]}}