{"id":85,"date":"2023-11-09T14:02:27","date_gmt":"2023-11-09T14:02:27","guid":{"rendered":"https:\/\/villa-sandy-city-park-resort.ms2.decms.eu\/?page_id=85"},"modified":"2025-07-06T09:17:06","modified_gmt":"2025-07-06T09:17:06","slug":"seven","status":"publish","type":"page","link":"https:\/\/www.villasandyresort.com\/hu\/ettermek\/seven\/","title":{"rendered":"SEVEN"},"content":{"rendered":"<h3 style=\"text-align: CENTER\">RESTAURANT CAF\u00c9<\/h3>\n<p style=\"text-align: JUSTIFY\">Tapasztalja meg a Nemzeti Kultur\u00e1lis Eml\u00e9khelyen tal\u00e1lhat\u00f3 pr\u00e9mium \u00e9tterem \u00e9s hagyom\u00e1nyos k\u00e1v\u00e9z\u00f3 var\u00e1zs\u00e1t, amely a VILLA SANDY Resort t\u00f6rt\u00e9nelmi nevezetess\u00e9g\u00e9nek pomp\u00e1j\u00e1t egyed\u00fcl\u00e1ll\u00f3 gasztron\u00f3miai \u00e9lm\u00e9nnyel \u00f6tv\u00f6zi.<\/p>\n<p style=\"text-align: JUSTIFY\">K\u00f3stolja meg az \u00daj szlov\u00e1k konyh\u00e1t az \u00e9tteremben, amely \u00f6tv\u00f6zi a hagyom\u00e1nyokat a nemzetk\u00f6zi kulin\u00e1ris innov\u00e1ci\u00f3val. K\u00e9nyeztesse mag\u00e1t egy cs\u00e9sze pr\u00e9mium k\u00e1v\u00e9val \u00e9s saj\u00e1t gy\u00e1rt\u00e1s\u00fa, kiv\u00e9teles desszertekkel a k\u00e1v\u00e9z\u00f3ban. \u00c9ljen \u00e1t egy olyan gasztron\u00f3miai l\u00e1tv\u00e1nyoss\u00e1got a h\u00edres mesterszak\u00e1cs, Jozef Hromj\u00e1k p\u00e1lc\u00e1ja alatt, amely p\u00e1ratlan a r\u00e9gi\u00f3ban.<\/p>\n","protected":false},"excerpt":{"rendered":"<p>RESTAURANT CAF\u00c9 Tapasztalja meg a Nemzeti Kultur\u00e1lis Eml\u00e9khelyen tal\u00e1lhat\u00f3 pr\u00e9mium \u00e9tterem \u00e9s hagyom\u00e1nyos k\u00e1v\u00e9z\u00f3 var\u00e1zs\u00e1t, amely a VILLA SANDY Resort t\u00f6rt\u00e9nelmi nevezetess\u00e9g\u00e9nek pomp\u00e1j\u00e1t egyed\u00fcl\u00e1ll\u00f3 gasztron\u00f3miai \u00e9lm\u00e9nnyel \u00f6tv\u00f6zi. K\u00f3stolja meg az \u00daj szlov\u00e1k konyh\u00e1t az \u00e9tteremben, amely \u00f6tv\u00f6zi a hagyom\u00e1nyokat a nemzetk\u00f6zi kulin\u00e1ris innov\u00e1ci\u00f3val. K\u00e9nyeztesse mag\u00e1t egy cs\u00e9sze pr\u00e9mium k\u00e1v\u00e9val \u00e9s saj\u00e1t gy\u00e1rt\u00e1s\u00fa, kiv\u00e9teles desszertekkel a [&hellip;]<\/p>\n","protected":false},"author":13,"featured_media":0,"parent":83,"menu_order":5,"comment_status":"closed","ping_status":"closed","template":"template-single-restaurant.php","meta":{"footnotes":""},"class_list":["post-85","page","type-page","status-publish","hentry"],"yoast_head":"<!-- This site is optimized with the Yoast SEO plugin v27.3 - https:\/\/yoast.com\/product\/yoast-seo-wordpress\/ -->\n<title>SEVEN - Villa Sandy City Park Resort -<\/title>\n<meta name=\"description\" content=\"RESTAURANT CAF\u00c9 Tapasztalja meg a Nemzeti Kultur\u00e1lis Eml\u00e9khelyen tal\u00e1lhat\u00f3 pr\u00e9mium \u00e9tterem \u00e9s hagyom\u00e1nyos k\u00e1v\u00e9z\u00f3 var\u00e1zs\u00e1t, amely a VILLA SANDY Resort t\u00f6rt\u00e9nelmi nevezetess\u00e9g\u00e9nek pomp\u00e1j\u00e1t egyed\u00fcl\u00e1ll\u00f3 gasztron\u00f3miai \u00e9lm\u00e9nnyel \u00f6tv\u00f6zi. K\u00f3stolja meg az \u00daj szlov\u00e1k konyh\u00e1t az \u00e9tteremben, amely \u00f6tv\u00f6zi a hagyom\u00e1nyokat a nemzetk\u00f6zi kulin\u00e1ris innov\u00e1ci\u00f3val. K\u00e9nyeztesse mag\u00e1t egy cs\u00e9sze pr\u00e9mium k\u00e1v\u00e9val \u00e9s saj\u00e1t gy\u00e1rt\u00e1s\u00fa, kiv\u00e9teles desszertekkel a k\u00e1v\u00e9z\u00f3ban\" \/>\n<meta name=\"robots\" content=\"index, follow, max-snippet:-1, max-image-preview:large, max-video-preview:-1\" \/>\n<link rel=\"canonical\" href=\"https:\/\/www.villasandyresort.com\/hu\/ettermek\/seven\/\" \/>\n<meta property=\"og:locale\" content=\"hu_HU\" \/>\n<meta property=\"og:type\" content=\"article\" \/>\n<meta property=\"og:title\" content=\"SEVEN - Villa Sandy City Park Resort -\" \/>\n<meta property=\"og:description\" content=\"RESTAURANT CAF\u00c9 Tapasztalja meg a Nemzeti Kultur\u00e1lis Eml\u00e9khelyen tal\u00e1lhat\u00f3 pr\u00e9mium \u00e9tterem \u00e9s hagyom\u00e1nyos k\u00e1v\u00e9z\u00f3 var\u00e1zs\u00e1t, amely a VILLA SANDY Resort t\u00f6rt\u00e9nelmi nevezetess\u00e9g\u00e9nek pomp\u00e1j\u00e1t egyed\u00fcl\u00e1ll\u00f3 gasztron\u00f3miai \u00e9lm\u00e9nnyel \u00f6tv\u00f6zi. K\u00f3stolja meg az \u00daj szlov\u00e1k konyh\u00e1t az \u00e9tteremben, amely \u00f6tv\u00f6zi a hagyom\u00e1nyokat a nemzetk\u00f6zi kulin\u00e1ris innov\u00e1ci\u00f3val. K\u00e9nyeztesse mag\u00e1t egy cs\u00e9sze pr\u00e9mium k\u00e1v\u00e9val \u00e9s saj\u00e1t gy\u00e1rt\u00e1s\u00fa, kiv\u00e9teles desszertekkel a k\u00e1v\u00e9z\u00f3ban\" \/>\n<meta property=\"og:url\" content=\"https:\/\/www.villasandyresort.com\/hu\/ettermek\/seven\/\" \/>\n<meta property=\"og:site_name\" content=\"Villa Sandy City Park Resort\" \/>\n<meta property=\"article:modified_time\" content=\"2025-07-06T09:17:06+00:00\" \/>\n<meta name=\"twitter:card\" content=\"summary_large_image\" \/>\n<meta name=\"twitter:label1\" content=\"Becs\u00fclt olvas\u00e1si id\u0151\" \/>\n\t<meta name=\"twitter:data1\" content=\"1 perc\" \/>\n<script type=\"application\/ld+json\" class=\"yoast-schema-graph\">{\"@context\":\"https:\\\/\\\/schema.org\",\"@graph\":[{\"@type\":\"WebPage\",\"@id\":\"https:\\\/\\\/www.villasandyresort.com\\\/hu\\\/ettermek\\\/seven\\\/\",\"url\":\"https:\\\/\\\/www.villasandyresort.com\\\/hu\\\/ettermek\\\/seven\\\/\",\"name\":\"SEVEN - Villa Sandy City Park Resort -\",\"isPartOf\":{\"@id\":\"https:\\\/\\\/www.villasandyresort.com\\\/hu\\\/#website\"},\"datePublished\":\"2023-11-09T14:02:27+00:00\",\"dateModified\":\"2025-07-06T09:17:06+00:00\",\"description\":\"RESTAURANT CAF\u00c9 Tapasztalja meg a Nemzeti Kultur\u00e1lis Eml\u00e9khelyen tal\u00e1lhat\u00f3 pr\u00e9mium \u00e9tterem \u00e9s hagyom\u00e1nyos k\u00e1v\u00e9z\u00f3 var\u00e1zs\u00e1t, amely a VILLA SANDY Resort t\u00f6rt\u00e9nelmi nevezetess\u00e9g\u00e9nek pomp\u00e1j\u00e1t egyed\u00fcl\u00e1ll\u00f3 gasztron\u00f3miai \u00e9lm\u00e9nnyel \u00f6tv\u00f6zi. K\u00f3stolja meg az \u00daj szlov\u00e1k konyh\u00e1t az \u00e9tteremben, amely \u00f6tv\u00f6zi a hagyom\u00e1nyokat a nemzetk\u00f6zi kulin\u00e1ris innov\u00e1ci\u00f3val. K\u00e9nyeztesse mag\u00e1t egy cs\u00e9sze pr\u00e9mium k\u00e1v\u00e9val \u00e9s saj\u00e1t gy\u00e1rt\u00e1s\u00fa, kiv\u00e9teles desszertekkel a k\u00e1v\u00e9z\u00f3ban\",\"breadcrumb\":{\"@id\":\"https:\\\/\\\/www.villasandyresort.com\\\/hu\\\/ettermek\\\/seven\\\/#breadcrumb\"},\"inLanguage\":\"hu\",\"potentialAction\":[{\"@type\":\"ReadAction\",\"target\":[\"https:\\\/\\\/www.villasandyresort.com\\\/hu\\\/ettermek\\\/seven\\\/\"]}]},{\"@type\":\"BreadcrumbList\",\"@id\":\"https:\\\/\\\/www.villasandyresort.com\\\/hu\\\/ettermek\\\/seven\\\/#breadcrumb\",\"itemListElement\":[{\"@type\":\"ListItem\",\"position\":1,\"name\":\"Home\",\"item\":\"https:\\\/\\\/www.villasandyresort.com\\\/hu\\\/\"},{\"@type\":\"ListItem\",\"position\":2,\"name\":\"\u00c9ttermek\",\"item\":\"https:\\\/\\\/www.villasandyresort.com\\\/hu\\\/ettermek\\\/\"},{\"@type\":\"ListItem\",\"position\":3,\"name\":\"SEVEN\"}]},{\"@type\":\"WebSite\",\"@id\":\"https:\\\/\\\/www.villasandyresort.com\\\/hu\\\/#website\",\"url\":\"https:\\\/\\\/www.villasandyresort.com\\\/hu\\\/\",\"name\":\"Villa Sandy City Park Resort\",\"description\":\"\",\"potentialAction\":[{\"@type\":\"SearchAction\",\"target\":{\"@type\":\"EntryPoint\",\"urlTemplate\":\"https:\\\/\\\/www.villasandyresort.com\\\/hu\\\/?s={search_term_string}\"},\"query-input\":{\"@type\":\"PropertyValueSpecification\",\"valueRequired\":true,\"valueName\":\"search_term_string\"}}],\"inLanguage\":\"hu\"}]}<\/script>\n<!-- \/ Yoast SEO plugin. -->","yoast_head_json":{"title":"SEVEN - Villa Sandy City Park Resort -","description":"RESTAURANT CAF\u00c9 Tapasztalja meg a Nemzeti Kultur\u00e1lis Eml\u00e9khelyen tal\u00e1lhat\u00f3 pr\u00e9mium \u00e9tterem \u00e9s hagyom\u00e1nyos k\u00e1v\u00e9z\u00f3 var\u00e1zs\u00e1t, amely a VILLA SANDY Resort t\u00f6rt\u00e9nelmi nevezetess\u00e9g\u00e9nek pomp\u00e1j\u00e1t egyed\u00fcl\u00e1ll\u00f3 gasztron\u00f3miai \u00e9lm\u00e9nnyel \u00f6tv\u00f6zi. K\u00f3stolja meg az \u00daj szlov\u00e1k konyh\u00e1t az \u00e9tteremben, amely \u00f6tv\u00f6zi a hagyom\u00e1nyokat a nemzetk\u00f6zi kulin\u00e1ris innov\u00e1ci\u00f3val. K\u00e9nyeztesse mag\u00e1t egy cs\u00e9sze pr\u00e9mium k\u00e1v\u00e9val \u00e9s saj\u00e1t gy\u00e1rt\u00e1s\u00fa, kiv\u00e9teles desszertekkel a k\u00e1v\u00e9z\u00f3ban","robots":{"index":"index","follow":"follow","max-snippet":"max-snippet:-1","max-image-preview":"max-image-preview:large","max-video-preview":"max-video-preview:-1"},"canonical":"https:\/\/www.villasandyresort.com\/hu\/ettermek\/seven\/","og_locale":"hu_HU","og_type":"article","og_title":"SEVEN - Villa Sandy City Park Resort -","og_description":"RESTAURANT CAF\u00c9 Tapasztalja meg a Nemzeti Kultur\u00e1lis Eml\u00e9khelyen tal\u00e1lhat\u00f3 pr\u00e9mium \u00e9tterem \u00e9s hagyom\u00e1nyos k\u00e1v\u00e9z\u00f3 var\u00e1zs\u00e1t, amely a VILLA SANDY Resort t\u00f6rt\u00e9nelmi nevezetess\u00e9g\u00e9nek pomp\u00e1j\u00e1t egyed\u00fcl\u00e1ll\u00f3 gasztron\u00f3miai \u00e9lm\u00e9nnyel \u00f6tv\u00f6zi. K\u00f3stolja meg az \u00daj szlov\u00e1k konyh\u00e1t az \u00e9tteremben, amely \u00f6tv\u00f6zi a hagyom\u00e1nyokat a nemzetk\u00f6zi kulin\u00e1ris innov\u00e1ci\u00f3val. K\u00e9nyeztesse mag\u00e1t egy cs\u00e9sze pr\u00e9mium k\u00e1v\u00e9val \u00e9s saj\u00e1t gy\u00e1rt\u00e1s\u00fa, kiv\u00e9teles desszertekkel a k\u00e1v\u00e9z\u00f3ban","og_url":"https:\/\/www.villasandyresort.com\/hu\/ettermek\/seven\/","og_site_name":"Villa Sandy City Park Resort","article_modified_time":"2025-07-06T09:17:06+00:00","twitter_card":"summary_large_image","twitter_misc":{"Becs\u00fclt olvas\u00e1si id\u0151":"1 perc"},"schema":{"@context":"https:\/\/schema.org","@graph":[{"@type":"WebPage","@id":"https:\/\/www.villasandyresort.com\/hu\/ettermek\/seven\/","url":"https:\/\/www.villasandyresort.com\/hu\/ettermek\/seven\/","name":"SEVEN - Villa Sandy City Park Resort -","isPartOf":{"@id":"https:\/\/www.villasandyresort.com\/hu\/#website"},"datePublished":"2023-11-09T14:02:27+00:00","dateModified":"2025-07-06T09:17:06+00:00","description":"RESTAURANT CAF\u00c9 Tapasztalja meg a Nemzeti Kultur\u00e1lis Eml\u00e9khelyen tal\u00e1lhat\u00f3 pr\u00e9mium \u00e9tterem \u00e9s hagyom\u00e1nyos k\u00e1v\u00e9z\u00f3 var\u00e1zs\u00e1t, amely a VILLA SANDY Resort t\u00f6rt\u00e9nelmi nevezetess\u00e9g\u00e9nek pomp\u00e1j\u00e1t egyed\u00fcl\u00e1ll\u00f3 gasztron\u00f3miai \u00e9lm\u00e9nnyel \u00f6tv\u00f6zi. K\u00f3stolja meg az \u00daj szlov\u00e1k konyh\u00e1t az \u00e9tteremben, amely \u00f6tv\u00f6zi a hagyom\u00e1nyokat a nemzetk\u00f6zi kulin\u00e1ris innov\u00e1ci\u00f3val. K\u00e9nyeztesse mag\u00e1t egy cs\u00e9sze pr\u00e9mium k\u00e1v\u00e9val \u00e9s saj\u00e1t gy\u00e1rt\u00e1s\u00fa, kiv\u00e9teles desszertekkel a k\u00e1v\u00e9z\u00f3ban","breadcrumb":{"@id":"https:\/\/www.villasandyresort.com\/hu\/ettermek\/seven\/#breadcrumb"},"inLanguage":"hu","potentialAction":[{"@type":"ReadAction","target":["https:\/\/www.villasandyresort.com\/hu\/ettermek\/seven\/"]}]},{"@type":"BreadcrumbList","@id":"https:\/\/www.villasandyresort.com\/hu\/ettermek\/seven\/#breadcrumb","itemListElement":[{"@type":"ListItem","position":1,"name":"Home","item":"https:\/\/www.villasandyresort.com\/hu\/"},{"@type":"ListItem","position":2,"name":"\u00c9ttermek","item":"https:\/\/www.villasandyresort.com\/hu\/ettermek\/"},{"@type":"ListItem","position":3,"name":"SEVEN"}]},{"@type":"WebSite","@id":"https:\/\/www.villasandyresort.com\/hu\/#website","url":"https:\/\/www.villasandyresort.com\/hu\/","name":"Villa Sandy City Park Resort","description":"","potentialAction":[{"@type":"SearchAction","target":{"@type":"EntryPoint","urlTemplate":"https:\/\/www.villasandyresort.com\/hu\/?s={search_term_string}"},"query-input":{"@type":"PropertyValueSpecification","valueRequired":true,"valueName":"search_term_string"}}],"inLanguage":"hu"}]}},"acf":[],"_links":{"self":[{"href":"https:\/\/www.villasandyresort.com\/hu\/wp-json\/wp\/v2\/pages\/85","targetHints":{"allow":["GET"]}}],"collection":[{"href":"https:\/\/www.villasandyresort.com\/hu\/wp-json\/wp\/v2\/pages"}],"about":[{"href":"https:\/\/www.villasandyresort.com\/hu\/wp-json\/wp\/v2\/types\/page"}],"author":[{"embeddable":true,"href":"https:\/\/www.villasandyresort.com\/hu\/wp-json\/wp\/v2\/users\/13"}],"replies":[{"embeddable":true,"href":"https:\/\/www.villasandyresort.com\/hu\/wp-json\/wp\/v2\/comments?post=85"}],"version-history":[{"count":0,"href":"https:\/\/www.villasandyresort.com\/hu\/wp-json\/wp\/v2\/pages\/85\/revisions"}],"up":[{"embeddable":true,"href":"https:\/\/www.villasandyresort.com\/hu\/wp-json\/wp\/v2\/pages\/83"}],"wp:attachment":[{"href":"https:\/\/www.villasandyresort.com\/hu\/wp-json\/wp\/v2\/media?parent=85"}],"curies":[{"name":"wp","href":"https:\/\/api.w.org\/{rel}","templated":true}]}}