{"id":83,"date":"2023-11-09T10:34:17","date_gmt":"2023-11-09T10:34:17","guid":{"rendered":"https:\/\/villa-sandy-city-park-resort.ms2.decms.eu\/?page_id=83"},"modified":"2024-01-26T13:26:27","modified_gmt":"2024-01-26T13:26:27","slug":"ettermek","status":"publish","type":"page","link":"https:\/\/www.villasandyresort.com\/hu\/ettermek\/","title":{"rendered":"\u00c9ttermek"},"content":{"rendered":"<p style=\"text-align: JUSTIFY\">A VILLA SANDY Resort olyan gasztron\u00f3miai \u00e9lm\u00e9nyt k\u00edn\u00e1l, amely megfelel az \u00d6n aktu\u00e1lis \u00edzl\u00e9s\u00e9nek.<\/p>\n<p style=\"text-align: JUSTIFY\">Az \u00fcd\u00fcl\u0151hely n\u00e9gy egyed\u00fcl\u00e1ll\u00f3 l\u00e9tes\u00edtm\u00e9nyt foglal mag\u00e1ba. Mindegyik egyedi koncepci\u00f3val, egyedi hangulattal rendelkezik, \u00e9s m\u00e1s-m\u00e1s kellemes \u00e9rz\u00e9seket k\u00edn\u00e1l. Mindegyiket a h\u00edres szlov\u00e1k s\u00e9f, Jozef Hromj\u00e1k gasztron\u00f3miai m\u0171v\u00e9szete \u00e9s az \u00daj Szlov\u00e1k Konyha egyedi koncepci\u00f3ja k\u00f6ti \u00f6ssze.<\/p>\n<p style=\"text-align: JUSTIFY\">Tapasztalja meg az \u00ednyencek l\u00e1tv\u00e1ny\u00e1t a SEVEN pr\u00e9mium \u00e9tteremben \u00e9s hagyom\u00e1nyos k\u00e1v\u00e9z\u00f3ban m\u00e9g ma, vagy \u00e9lvezze az \u00edzek autentikus szabads\u00e1g\u00e1t az eg\u00e9sz \u00e9vben nyitva tart\u00f3 POINT szabadt\u00e9ri kioszkban.<\/p>\n<p style=\"text-align: JUSTIFY\">Az EMOTI Tavern\u00e1ban az \u00edzek megoszt\u00e1s\u00e1nak koncepci\u00f3j\u00e1t, a LOUNGE Barlabban pedig egyedi kevert italokat fedezhet fel.<\/p>\n","protected":false},"excerpt":{"rendered":"<p>A VILLA SANDY Resort olyan gasztron\u00f3miai \u00e9lm\u00e9nyt k\u00edn\u00e1l, amely megfelel az \u00d6n aktu\u00e1lis \u00edzl\u00e9s\u00e9nek. Az \u00fcd\u00fcl\u0151hely n\u00e9gy egyed\u00fcl\u00e1ll\u00f3 l\u00e9tes\u00edtm\u00e9nyt foglal mag\u00e1ba. Mindegyik egyedi koncepci\u00f3val, egyedi hangulattal rendelkezik, \u00e9s m\u00e1s-m\u00e1s kellemes \u00e9rz\u00e9seket k\u00edn\u00e1l. Mindegyiket a h\u00edres szlov\u00e1k s\u00e9f, Jozef Hromj\u00e1k gasztron\u00f3miai m\u0171v\u00e9szete \u00e9s az \u00daj Szlov\u00e1k Konyha egyedi koncepci\u00f3ja k\u00f6ti \u00f6ssze. Tapasztalja meg az \u00ednyencek l\u00e1tv\u00e1ny\u00e1t [&hellip;]<\/p>\n","protected":false},"author":13,"featured_media":0,"parent":0,"menu_order":15,"comment_status":"closed","ping_status":"closed","template":"template-restaurants.php","meta":{"footnotes":""},"class_list":["post-83","page","type-page","status-publish","hentry"],"yoast_head":"<!-- This site is optimized with the Yoast SEO plugin v27.3 - https:\/\/yoast.com\/product\/yoast-seo-wordpress\/ -->\n<title>\u00c9ttermek - Villa Sandy City Park Resort -<\/title>\n<meta name=\"description\" content=\"A VILLA SANDY Resort olyan gasztron\u00f3miai \u00e9lm\u00e9nyt k\u00edn\u00e1l, amely megfelel az \u00d6n aktu\u00e1lis \u00edzl\u00e9s\u00e9nek. Az \u00fcd\u00fcl\u0151hely n\u00e9gy egyed\u00fcl\u00e1ll\u00f3 l\u00e9tes\u00edtm\u00e9nyt foglal mag\u00e1ba. Mindegyik egyedi koncepci\u00f3val, egyedi hangulattal rendelkezik, \u00e9s m\u00e1s-m\u00e1s kellemes \u00e9rz\u00e9seket k\u00edn\u00e1l\" \/>\n<meta name=\"robots\" content=\"index, follow, max-snippet:-1, max-image-preview:large, max-video-preview:-1\" \/>\n<link rel=\"canonical\" href=\"https:\/\/www.villasandyresort.com\/hu\/ettermek\/\" \/>\n<meta property=\"og:locale\" content=\"hu_HU\" \/>\n<meta property=\"og:type\" content=\"article\" \/>\n<meta property=\"og:title\" content=\"\u00c9ttermek - Villa Sandy City Park Resort -\" \/>\n<meta property=\"og:description\" content=\"A VILLA SANDY Resort olyan gasztron\u00f3miai \u00e9lm\u00e9nyt k\u00edn\u00e1l, amely megfelel az \u00d6n aktu\u00e1lis \u00edzl\u00e9s\u00e9nek. Az \u00fcd\u00fcl\u0151hely n\u00e9gy egyed\u00fcl\u00e1ll\u00f3 l\u00e9tes\u00edtm\u00e9nyt foglal mag\u00e1ba. Mindegyik egyedi koncepci\u00f3val, egyedi hangulattal rendelkezik, \u00e9s m\u00e1s-m\u00e1s kellemes \u00e9rz\u00e9seket k\u00edn\u00e1l\" \/>\n<meta property=\"og:url\" content=\"https:\/\/www.villasandyresort.com\/hu\/ettermek\/\" \/>\n<meta property=\"og:site_name\" content=\"Villa Sandy City Park Resort\" \/>\n<meta property=\"article:modified_time\" content=\"2024-01-26T13:26:27+00:00\" \/>\n<meta name=\"twitter:card\" content=\"summary_large_image\" \/>\n<meta name=\"twitter:label1\" content=\"Becs\u00fclt olvas\u00e1si id\u0151\" \/>\n\t<meta name=\"twitter:data1\" content=\"1 perc\" \/>\n<script type=\"application\/ld+json\" class=\"yoast-schema-graph\">{\"@context\":\"https:\\\/\\\/schema.org\",\"@graph\":[{\"@type\":\"WebPage\",\"@id\":\"https:\\\/\\\/www.villasandyresort.com\\\/hu\\\/ettermek\\\/\",\"url\":\"https:\\\/\\\/www.villasandyresort.com\\\/hu\\\/ettermek\\\/\",\"name\":\"\u00c9ttermek - Villa Sandy City Park Resort -\",\"isPartOf\":{\"@id\":\"https:\\\/\\\/www.villasandyresort.com\\\/hu\\\/#website\"},\"datePublished\":\"2023-11-09T10:34:17+00:00\",\"dateModified\":\"2024-01-26T13:26:27+00:00\",\"description\":\"A VILLA SANDY Resort olyan gasztron\u00f3miai \u00e9lm\u00e9nyt k\u00edn\u00e1l, amely megfelel az \u00d6n aktu\u00e1lis \u00edzl\u00e9s\u00e9nek. Az \u00fcd\u00fcl\u0151hely n\u00e9gy egyed\u00fcl\u00e1ll\u00f3 l\u00e9tes\u00edtm\u00e9nyt foglal mag\u00e1ba. Mindegyik egyedi koncepci\u00f3val, egyedi hangulattal rendelkezik, \u00e9s m\u00e1s-m\u00e1s kellemes \u00e9rz\u00e9seket k\u00edn\u00e1l\",\"breadcrumb\":{\"@id\":\"https:\\\/\\\/www.villasandyresort.com\\\/hu\\\/ettermek\\\/#breadcrumb\"},\"inLanguage\":\"hu\",\"potentialAction\":[{\"@type\":\"ReadAction\",\"target\":[\"https:\\\/\\\/www.villasandyresort.com\\\/hu\\\/ettermek\\\/\"]}]},{\"@type\":\"BreadcrumbList\",\"@id\":\"https:\\\/\\\/www.villasandyresort.com\\\/hu\\\/ettermek\\\/#breadcrumb\",\"itemListElement\":[{\"@type\":\"ListItem\",\"position\":1,\"name\":\"Home\",\"item\":\"https:\\\/\\\/www.villasandyresort.com\\\/hu\\\/\"},{\"@type\":\"ListItem\",\"position\":2,\"name\":\"\u00c9ttermek\"}]},{\"@type\":\"WebSite\",\"@id\":\"https:\\\/\\\/www.villasandyresort.com\\\/hu\\\/#website\",\"url\":\"https:\\\/\\\/www.villasandyresort.com\\\/hu\\\/\",\"name\":\"Villa Sandy City Park Resort\",\"description\":\"\",\"potentialAction\":[{\"@type\":\"SearchAction\",\"target\":{\"@type\":\"EntryPoint\",\"urlTemplate\":\"https:\\\/\\\/www.villasandyresort.com\\\/hu\\\/?s={search_term_string}\"},\"query-input\":{\"@type\":\"PropertyValueSpecification\",\"valueRequired\":true,\"valueName\":\"search_term_string\"}}],\"inLanguage\":\"hu\"}]}<\/script>\n<!-- \/ Yoast SEO plugin. -->","yoast_head_json":{"title":"\u00c9ttermek - Villa Sandy City Park Resort -","description":"A VILLA SANDY Resort olyan gasztron\u00f3miai \u00e9lm\u00e9nyt k\u00edn\u00e1l, amely megfelel az \u00d6n aktu\u00e1lis \u00edzl\u00e9s\u00e9nek. Az \u00fcd\u00fcl\u0151hely n\u00e9gy egyed\u00fcl\u00e1ll\u00f3 l\u00e9tes\u00edtm\u00e9nyt foglal mag\u00e1ba. Mindegyik egyedi koncepci\u00f3val, egyedi hangulattal rendelkezik, \u00e9s m\u00e1s-m\u00e1s kellemes \u00e9rz\u00e9seket k\u00edn\u00e1l","robots":{"index":"index","follow":"follow","max-snippet":"max-snippet:-1","max-image-preview":"max-image-preview:large","max-video-preview":"max-video-preview:-1"},"canonical":"https:\/\/www.villasandyresort.com\/hu\/ettermek\/","og_locale":"hu_HU","og_type":"article","og_title":"\u00c9ttermek - Villa Sandy City Park Resort -","og_description":"A VILLA SANDY Resort olyan gasztron\u00f3miai \u00e9lm\u00e9nyt k\u00edn\u00e1l, amely megfelel az \u00d6n aktu\u00e1lis \u00edzl\u00e9s\u00e9nek. Az \u00fcd\u00fcl\u0151hely n\u00e9gy egyed\u00fcl\u00e1ll\u00f3 l\u00e9tes\u00edtm\u00e9nyt foglal mag\u00e1ba. Mindegyik egyedi koncepci\u00f3val, egyedi hangulattal rendelkezik, \u00e9s m\u00e1s-m\u00e1s kellemes \u00e9rz\u00e9seket k\u00edn\u00e1l","og_url":"https:\/\/www.villasandyresort.com\/hu\/ettermek\/","og_site_name":"Villa Sandy City Park Resort","article_modified_time":"2024-01-26T13:26:27+00:00","twitter_card":"summary_large_image","twitter_misc":{"Becs\u00fclt olvas\u00e1si id\u0151":"1 perc"},"schema":{"@context":"https:\/\/schema.org","@graph":[{"@type":"WebPage","@id":"https:\/\/www.villasandyresort.com\/hu\/ettermek\/","url":"https:\/\/www.villasandyresort.com\/hu\/ettermek\/","name":"\u00c9ttermek - Villa Sandy City Park Resort -","isPartOf":{"@id":"https:\/\/www.villasandyresort.com\/hu\/#website"},"datePublished":"2023-11-09T10:34:17+00:00","dateModified":"2024-01-26T13:26:27+00:00","description":"A VILLA SANDY Resort olyan gasztron\u00f3miai \u00e9lm\u00e9nyt k\u00edn\u00e1l, amely megfelel az \u00d6n aktu\u00e1lis \u00edzl\u00e9s\u00e9nek. Az \u00fcd\u00fcl\u0151hely n\u00e9gy egyed\u00fcl\u00e1ll\u00f3 l\u00e9tes\u00edtm\u00e9nyt foglal mag\u00e1ba. Mindegyik egyedi koncepci\u00f3val, egyedi hangulattal rendelkezik, \u00e9s m\u00e1s-m\u00e1s kellemes \u00e9rz\u00e9seket k\u00edn\u00e1l","breadcrumb":{"@id":"https:\/\/www.villasandyresort.com\/hu\/ettermek\/#breadcrumb"},"inLanguage":"hu","potentialAction":[{"@type":"ReadAction","target":["https:\/\/www.villasandyresort.com\/hu\/ettermek\/"]}]},{"@type":"BreadcrumbList","@id":"https:\/\/www.villasandyresort.com\/hu\/ettermek\/#breadcrumb","itemListElement":[{"@type":"ListItem","position":1,"name":"Home","item":"https:\/\/www.villasandyresort.com\/hu\/"},{"@type":"ListItem","position":2,"name":"\u00c9ttermek"}]},{"@type":"WebSite","@id":"https:\/\/www.villasandyresort.com\/hu\/#website","url":"https:\/\/www.villasandyresort.com\/hu\/","name":"Villa Sandy City Park Resort","description":"","potentialAction":[{"@type":"SearchAction","target":{"@type":"EntryPoint","urlTemplate":"https:\/\/www.villasandyresort.com\/hu\/?s={search_term_string}"},"query-input":{"@type":"PropertyValueSpecification","valueRequired":true,"valueName":"search_term_string"}}],"inLanguage":"hu"}]}},"acf":[],"_links":{"self":[{"href":"https:\/\/www.villasandyresort.com\/hu\/wp-json\/wp\/v2\/pages\/83","targetHints":{"allow":["GET"]}}],"collection":[{"href":"https:\/\/www.villasandyresort.com\/hu\/wp-json\/wp\/v2\/pages"}],"about":[{"href":"https:\/\/www.villasandyresort.com\/hu\/wp-json\/wp\/v2\/types\/page"}],"author":[{"embeddable":true,"href":"https:\/\/www.villasandyresort.com\/hu\/wp-json\/wp\/v2\/users\/13"}],"replies":[{"embeddable":true,"href":"https:\/\/www.villasandyresort.com\/hu\/wp-json\/wp\/v2\/comments?post=83"}],"version-history":[{"count":0,"href":"https:\/\/www.villasandyresort.com\/hu\/wp-json\/wp\/v2\/pages\/83\/revisions"}],"wp:attachment":[{"href":"https:\/\/www.villasandyresort.com\/hu\/wp-json\/wp\/v2\/media?parent=83"}],"curies":[{"name":"wp","href":"https:\/\/api.w.org\/{rel}","templated":true}]}}