{"id":66,"date":"2023-11-20T15:55:43","date_gmt":"2023-11-20T15:55:43","guid":{"rendered":"https:\/\/villa-sandy-city-park-resort.ms2.decms.eu\/?page_id=66"},"modified":"2024-01-22T21:02:17","modified_gmt":"2024-01-22T21:02:17","slug":"okologia","status":"publish","type":"page","link":"https:\/\/www.villasandyresort.com\/hu\/bemutatkozik-a\/okologia\/","title":{"rendered":"\u00d6kol\u00f3gia"},"content":{"rendered":"<p style=\"text-align: JUSTIFY\">A k\u00f6rnyezetr\u0151l val\u00f3 gondoskod\u00e1st l\u00e9t\u00fcnk term\u00e9szetes r\u00e9sz\u00e9nek tekintj\u00fck. A kezdetekt\u0151l fogva, az \u00fcd\u00fcl\u0151hely \u00e9p\u00edt\u00e9se \u00e9s a technol\u00f3giai infrastrukt\u00fara kiv\u00e1laszt\u00e1sa sor\u00e1n \u00fcgyelt\u00fcnk arra, hogy az tiszteletben tartsa a k\u00f6rnyez\u0151 term\u00e9szetet, hozz\u00e1j\u00e1ruljon a k\u00f6rnyezet v\u00e9delm\u00e9hez \u00e9s fejleszt\u00e9s\u00e9hez, de ugyanakkor \u00e9rz\u00e9kenyen illeszkedjen a park z\u00f6ld atmoszf\u00e9r\u00e1j\u00e1ba. A fenntarthat\u00f3s\u00e1got az \u00fcd\u00fcl\u0151k\u00f6zpont mindennapi m\u0171k\u00f6d\u00e9se sor\u00e1n is biztos\u00edtjuk.<\/p>\n<p style=\"text-align: JUSTIFY\">Term\u00e9szetesen a legmagasabb \u00f6kol\u00f3giai norm\u00e1kat alkalmazzuk, \u00e9s t\u00falmutatunk azon, hogy bels\u0151leg igaz\u00edtjuk tev\u00e9kenys\u00e9geinket az energiahat\u00e9konys\u00e1g vagy a hullad\u00e9kpolitika tekintet\u00e9ben.<\/p>\n<p style=\"text-align: center\">Tekintse meg n\u00e9h\u00e1ny k\u00f6rnyezetv\u00e9delmi int\u00e9zked\u00e9s\u00fcnket.<\/p>\n","protected":false},"excerpt":{"rendered":"<p>A k\u00f6rnyezetr\u0151l val\u00f3 gondoskod\u00e1st l\u00e9t\u00fcnk term\u00e9szetes r\u00e9sz\u00e9nek tekintj\u00fck. A kezdetekt\u0151l fogva, az \u00fcd\u00fcl\u0151hely \u00e9p\u00edt\u00e9se \u00e9s a technol\u00f3giai infrastrukt\u00fara kiv\u00e1laszt\u00e1sa sor\u00e1n \u00fcgyelt\u00fcnk arra, hogy az tiszteletben tartsa a k\u00f6rnyez\u0151 term\u00e9szetet, hozz\u00e1j\u00e1ruljon a k\u00f6rnyezet v\u00e9delm\u00e9hez \u00e9s fejleszt\u00e9s\u00e9hez, de ugyanakkor \u00e9rz\u00e9kenyen illeszkedjen a park z\u00f6ld atmoszf\u00e9r\u00e1j\u00e1ba. A fenntarthat\u00f3s\u00e1got az \u00fcd\u00fcl\u0151k\u00f6zpont mindennapi m\u0171k\u00f6d\u00e9se sor\u00e1n is biztos\u00edtjuk. Term\u00e9szetesen a legmagasabb [&hellip;]<\/p>\n","protected":false},"author":13,"featured_media":0,"parent":52,"menu_order":10,"comment_status":"closed","ping_status":"closed","template":"template-default-2.php","meta":{"footnotes":""},"class_list":["post-66","page","type-page","status-publish","hentry"],"yoast_head":"<!-- This site is optimized with the Yoast SEO plugin v27.3 - https:\/\/yoast.com\/product\/yoast-seo-wordpress\/ -->\n<title>\u00d6kol\u00f3gia - Villa Sandy City Park Resort -<\/title>\n<meta name=\"description\" content=\"A k\u00f6rnyezetr\u0151l val\u00f3 gondoskod\u00e1st l\u00e9t\u00fcnk term\u00e9szetes r\u00e9sz\u00e9nek tekintj\u00fck. A kezdetekt\u0151l fogva, az \u00fcd\u00fcl\u0151hely \u00e9p\u00edt\u00e9se \u00e9s a technol\u00f3giai infrastrukt\u00fara kiv\u00e1laszt\u00e1sa sor\u00e1n \u00fcgyelt\u00fcnk arra, hogy az tiszteletben tartsa a k\u00f6rnyez\u0151 term\u00e9szetet, hozz\u00e1j\u00e1ruljon a k\u00f6rnyezet v\u00e9delm\u00e9hez \u00e9s fejleszt\u00e9s\u00e9hez, de ugyanakkor \u00e9rz\u00e9kenyen illeszkedjen a park z\u00f6ld atmoszf\u00e9r\u00e1j\u00e1ba\" \/>\n<meta name=\"robots\" content=\"index, follow, max-snippet:-1, max-image-preview:large, max-video-preview:-1\" \/>\n<link rel=\"canonical\" href=\"https:\/\/www.villasandyresort.com\/hu\/bemutatkozik-a\/okologia\/\" \/>\n<meta property=\"og:locale\" content=\"hu_HU\" \/>\n<meta property=\"og:type\" content=\"article\" \/>\n<meta property=\"og:title\" content=\"\u00d6kol\u00f3gia - Villa Sandy City Park Resort -\" \/>\n<meta property=\"og:description\" content=\"A k\u00f6rnyezetr\u0151l val\u00f3 gondoskod\u00e1st l\u00e9t\u00fcnk term\u00e9szetes r\u00e9sz\u00e9nek tekintj\u00fck. A kezdetekt\u0151l fogva, az \u00fcd\u00fcl\u0151hely \u00e9p\u00edt\u00e9se \u00e9s a technol\u00f3giai infrastrukt\u00fara kiv\u00e1laszt\u00e1sa sor\u00e1n \u00fcgyelt\u00fcnk arra, hogy az tiszteletben tartsa a k\u00f6rnyez\u0151 term\u00e9szetet, hozz\u00e1j\u00e1ruljon a k\u00f6rnyezet v\u00e9delm\u00e9hez \u00e9s fejleszt\u00e9s\u00e9hez, de ugyanakkor \u00e9rz\u00e9kenyen illeszkedjen a park z\u00f6ld atmoszf\u00e9r\u00e1j\u00e1ba\" \/>\n<meta property=\"og:url\" content=\"https:\/\/www.villasandyresort.com\/hu\/bemutatkozik-a\/okologia\/\" \/>\n<meta property=\"og:site_name\" content=\"Villa Sandy City Park Resort\" \/>\n<meta property=\"article:modified_time\" content=\"2024-01-22T21:02:17+00:00\" \/>\n<meta name=\"twitter:card\" content=\"summary_large_image\" \/>\n<meta name=\"twitter:label1\" content=\"Becs\u00fclt olvas\u00e1si id\u0151\" \/>\n\t<meta name=\"twitter:data1\" content=\"1 perc\" \/>\n<script type=\"application\/ld+json\" class=\"yoast-schema-graph\">{\"@context\":\"https:\\\/\\\/schema.org\",\"@graph\":[{\"@type\":\"WebPage\",\"@id\":\"https:\\\/\\\/www.villasandyresort.com\\\/hu\\\/bemutatkozik-a\\\/okologia\\\/\",\"url\":\"https:\\\/\\\/www.villasandyresort.com\\\/hu\\\/bemutatkozik-a\\\/okologia\\\/\",\"name\":\"\u00d6kol\u00f3gia - Villa Sandy City Park Resort -\",\"isPartOf\":{\"@id\":\"https:\\\/\\\/www.villasandyresort.com\\\/hu\\\/#website\"},\"datePublished\":\"2023-11-20T15:55:43+00:00\",\"dateModified\":\"2024-01-22T21:02:17+00:00\",\"description\":\"A k\u00f6rnyezetr\u0151l val\u00f3 gondoskod\u00e1st l\u00e9t\u00fcnk term\u00e9szetes r\u00e9sz\u00e9nek tekintj\u00fck. A kezdetekt\u0151l fogva, az \u00fcd\u00fcl\u0151hely \u00e9p\u00edt\u00e9se \u00e9s a technol\u00f3giai infrastrukt\u00fara kiv\u00e1laszt\u00e1sa sor\u00e1n \u00fcgyelt\u00fcnk arra, hogy az tiszteletben tartsa a k\u00f6rnyez\u0151 term\u00e9szetet, hozz\u00e1j\u00e1ruljon a k\u00f6rnyezet v\u00e9delm\u00e9hez \u00e9s fejleszt\u00e9s\u00e9hez, de ugyanakkor \u00e9rz\u00e9kenyen illeszkedjen a park z\u00f6ld atmoszf\u00e9r\u00e1j\u00e1ba\",\"breadcrumb\":{\"@id\":\"https:\\\/\\\/www.villasandyresort.com\\\/hu\\\/bemutatkozik-a\\\/okologia\\\/#breadcrumb\"},\"inLanguage\":\"hu\",\"potentialAction\":[{\"@type\":\"ReadAction\",\"target\":[\"https:\\\/\\\/www.villasandyresort.com\\\/hu\\\/bemutatkozik-a\\\/okologia\\\/\"]}]},{\"@type\":\"BreadcrumbList\",\"@id\":\"https:\\\/\\\/www.villasandyresort.com\\\/hu\\\/bemutatkozik-a\\\/okologia\\\/#breadcrumb\",\"itemListElement\":[{\"@type\":\"ListItem\",\"position\":1,\"name\":\"Home\",\"item\":\"https:\\\/\\\/www.villasandyresort.com\\\/hu\\\/\"},{\"@type\":\"ListItem\",\"position\":2,\"name\":\"Bemutatkozik a\",\"item\":\"https:\\\/\\\/www.villasandyresort.com\\\/hu\\\/bemutatkozik-a\\\/\"},{\"@type\":\"ListItem\",\"position\":3,\"name\":\"\u00d6kol\u00f3gia\"}]},{\"@type\":\"WebSite\",\"@id\":\"https:\\\/\\\/www.villasandyresort.com\\\/hu\\\/#website\",\"url\":\"https:\\\/\\\/www.villasandyresort.com\\\/hu\\\/\",\"name\":\"Villa Sandy City Park Resort\",\"description\":\"\",\"potentialAction\":[{\"@type\":\"SearchAction\",\"target\":{\"@type\":\"EntryPoint\",\"urlTemplate\":\"https:\\\/\\\/www.villasandyresort.com\\\/hu\\\/?s={search_term_string}\"},\"query-input\":{\"@type\":\"PropertyValueSpecification\",\"valueRequired\":true,\"valueName\":\"search_term_string\"}}],\"inLanguage\":\"hu\"}]}<\/script>\n<!-- \/ Yoast SEO plugin. -->","yoast_head_json":{"title":"\u00d6kol\u00f3gia - Villa Sandy City Park Resort -","description":"A k\u00f6rnyezetr\u0151l val\u00f3 gondoskod\u00e1st l\u00e9t\u00fcnk term\u00e9szetes r\u00e9sz\u00e9nek tekintj\u00fck. A kezdetekt\u0151l fogva, az \u00fcd\u00fcl\u0151hely \u00e9p\u00edt\u00e9se \u00e9s a technol\u00f3giai infrastrukt\u00fara kiv\u00e1laszt\u00e1sa sor\u00e1n \u00fcgyelt\u00fcnk arra, hogy az tiszteletben tartsa a k\u00f6rnyez\u0151 term\u00e9szetet, hozz\u00e1j\u00e1ruljon a k\u00f6rnyezet v\u00e9delm\u00e9hez \u00e9s fejleszt\u00e9s\u00e9hez, de ugyanakkor \u00e9rz\u00e9kenyen illeszkedjen a park z\u00f6ld atmoszf\u00e9r\u00e1j\u00e1ba","robots":{"index":"index","follow":"follow","max-snippet":"max-snippet:-1","max-image-preview":"max-image-preview:large","max-video-preview":"max-video-preview:-1"},"canonical":"https:\/\/www.villasandyresort.com\/hu\/bemutatkozik-a\/okologia\/","og_locale":"hu_HU","og_type":"article","og_title":"\u00d6kol\u00f3gia - Villa Sandy City Park Resort -","og_description":"A k\u00f6rnyezetr\u0151l val\u00f3 gondoskod\u00e1st l\u00e9t\u00fcnk term\u00e9szetes r\u00e9sz\u00e9nek tekintj\u00fck. A kezdetekt\u0151l fogva, az \u00fcd\u00fcl\u0151hely \u00e9p\u00edt\u00e9se \u00e9s a technol\u00f3giai infrastrukt\u00fara kiv\u00e1laszt\u00e1sa sor\u00e1n \u00fcgyelt\u00fcnk arra, hogy az tiszteletben tartsa a k\u00f6rnyez\u0151 term\u00e9szetet, hozz\u00e1j\u00e1ruljon a k\u00f6rnyezet v\u00e9delm\u00e9hez \u00e9s fejleszt\u00e9s\u00e9hez, de ugyanakkor \u00e9rz\u00e9kenyen illeszkedjen a park z\u00f6ld atmoszf\u00e9r\u00e1j\u00e1ba","og_url":"https:\/\/www.villasandyresort.com\/hu\/bemutatkozik-a\/okologia\/","og_site_name":"Villa Sandy City Park Resort","article_modified_time":"2024-01-22T21:02:17+00:00","twitter_card":"summary_large_image","twitter_misc":{"Becs\u00fclt olvas\u00e1si id\u0151":"1 perc"},"schema":{"@context":"https:\/\/schema.org","@graph":[{"@type":"WebPage","@id":"https:\/\/www.villasandyresort.com\/hu\/bemutatkozik-a\/okologia\/","url":"https:\/\/www.villasandyresort.com\/hu\/bemutatkozik-a\/okologia\/","name":"\u00d6kol\u00f3gia - Villa Sandy City Park Resort -","isPartOf":{"@id":"https:\/\/www.villasandyresort.com\/hu\/#website"},"datePublished":"2023-11-20T15:55:43+00:00","dateModified":"2024-01-22T21:02:17+00:00","description":"A k\u00f6rnyezetr\u0151l val\u00f3 gondoskod\u00e1st l\u00e9t\u00fcnk term\u00e9szetes r\u00e9sz\u00e9nek tekintj\u00fck. A kezdetekt\u0151l fogva, az \u00fcd\u00fcl\u0151hely \u00e9p\u00edt\u00e9se \u00e9s a technol\u00f3giai infrastrukt\u00fara kiv\u00e1laszt\u00e1sa sor\u00e1n \u00fcgyelt\u00fcnk arra, hogy az tiszteletben tartsa a k\u00f6rnyez\u0151 term\u00e9szetet, hozz\u00e1j\u00e1ruljon a k\u00f6rnyezet v\u00e9delm\u00e9hez \u00e9s fejleszt\u00e9s\u00e9hez, de ugyanakkor \u00e9rz\u00e9kenyen illeszkedjen a park z\u00f6ld atmoszf\u00e9r\u00e1j\u00e1ba","breadcrumb":{"@id":"https:\/\/www.villasandyresort.com\/hu\/bemutatkozik-a\/okologia\/#breadcrumb"},"inLanguage":"hu","potentialAction":[{"@type":"ReadAction","target":["https:\/\/www.villasandyresort.com\/hu\/bemutatkozik-a\/okologia\/"]}]},{"@type":"BreadcrumbList","@id":"https:\/\/www.villasandyresort.com\/hu\/bemutatkozik-a\/okologia\/#breadcrumb","itemListElement":[{"@type":"ListItem","position":1,"name":"Home","item":"https:\/\/www.villasandyresort.com\/hu\/"},{"@type":"ListItem","position":2,"name":"Bemutatkozik a","item":"https:\/\/www.villasandyresort.com\/hu\/bemutatkozik-a\/"},{"@type":"ListItem","position":3,"name":"\u00d6kol\u00f3gia"}]},{"@type":"WebSite","@id":"https:\/\/www.villasandyresort.com\/hu\/#website","url":"https:\/\/www.villasandyresort.com\/hu\/","name":"Villa Sandy City Park Resort","description":"","potentialAction":[{"@type":"SearchAction","target":{"@type":"EntryPoint","urlTemplate":"https:\/\/www.villasandyresort.com\/hu\/?s={search_term_string}"},"query-input":{"@type":"PropertyValueSpecification","valueRequired":true,"valueName":"search_term_string"}}],"inLanguage":"hu"}]}},"acf":[],"_links":{"self":[{"href":"https:\/\/www.villasandyresort.com\/hu\/wp-json\/wp\/v2\/pages\/66","targetHints":{"allow":["GET"]}}],"collection":[{"href":"https:\/\/www.villasandyresort.com\/hu\/wp-json\/wp\/v2\/pages"}],"about":[{"href":"https:\/\/www.villasandyresort.com\/hu\/wp-json\/wp\/v2\/types\/page"}],"author":[{"embeddable":true,"href":"https:\/\/www.villasandyresort.com\/hu\/wp-json\/wp\/v2\/users\/13"}],"replies":[{"embeddable":true,"href":"https:\/\/www.villasandyresort.com\/hu\/wp-json\/wp\/v2\/comments?post=66"}],"version-history":[{"count":0,"href":"https:\/\/www.villasandyresort.com\/hu\/wp-json\/wp\/v2\/pages\/66\/revisions"}],"up":[{"embeddable":true,"href":"https:\/\/www.villasandyresort.com\/hu\/wp-json\/wp\/v2\/pages\/52"}],"wp:attachment":[{"href":"https:\/\/www.villasandyresort.com\/hu\/wp-json\/wp\/v2\/media?parent=66"}],"curies":[{"name":"wp","href":"https:\/\/api.w.org\/{rel}","templated":true}]}}