{"id":58,"date":"2023-11-20T15:38:31","date_gmt":"2023-11-20T15:38:31","guid":{"rendered":"https:\/\/villa-sandy-city-park-resort.ms2.decms.eu\/?page_id=58"},"modified":"2024-02-21T18:37:48","modified_gmt":"2024-02-21T18:37:48","slug":"tortenelem","status":"publish","type":"page","link":"https:\/\/www.villasandyresort.com\/hu\/bemutatkozik-a\/tortenelem\/","title":{"rendered":"T\u00f6rt\u00e9nelem"},"content":{"rendered":"<p style=\"text-align: JUSTIFY\">A VILLA SANDA t\u00f6rt\u00e9nete k\u00e9t szomsz\u00e9dos nemzeti kultur\u00e1lis m\u0171eml\u00e9k &#8211; a kassai V\u00e1rosi Park \u00e9s a m\u00faltban &#8222;Korcsolyapavilon&#8221; n\u00e9ven ismert csod\u00e1latos szecesszi\u00f3s \u00e9p\u00fclet &#8211; sors\u00e1t k\u00f6ti \u00f6ssze.<\/p>\n<p style=\"text-align: JUSTIFY\">K\u00f6z\u00f6s \u00fatjuk 1909-ben kezd\u0151d\u00f6tt, amikor a pavilon a parkban fel\u00e9p\u00fclt. Az id\u0151k folyam\u00e1n Kassa kultur\u00e1lis \u00f6r\u00f6ks\u00e9g\u00e9nek mindk\u00e9t \u00e9rt\u00e9kes eleme \u00e1tment a dics\u0151s\u00e9g, majd a hanyatl\u00e1s id\u0151szak\u00e1n. Az igazi lok\u00e1lpatri\u00f3t\u00e1knak k\u00f6sz\u00f6nhet\u0151en azonban mindkett\u0151t megmentett\u00e9k, teljesen fel\u00faj\u00edtott\u00e1k, \u00e9s ma m\u00e1r teljes pomp\u00e1jukban \u00e1llnak itt, csak az \u00d6n sz\u00e1m\u00e1ra.<\/p>\n","protected":false},"excerpt":{"rendered":"<p>A VILLA SANDA t\u00f6rt\u00e9nete k\u00e9t szomsz\u00e9dos nemzeti kultur\u00e1lis m\u0171eml\u00e9k &#8211; a kassai V\u00e1rosi Park \u00e9s a m\u00faltban &#8222;Korcsolyapavilon&#8221; n\u00e9ven ismert csod\u00e1latos szecesszi\u00f3s \u00e9p\u00fclet &#8211; sors\u00e1t k\u00f6ti \u00f6ssze. K\u00f6z\u00f6s \u00fatjuk 1909-ben kezd\u0151d\u00f6tt, amikor a pavilon a parkban fel\u00e9p\u00fclt. Az id\u0151k folyam\u00e1n Kassa kultur\u00e1lis \u00f6r\u00f6ks\u00e9g\u00e9nek mindk\u00e9t \u00e9rt\u00e9kes eleme \u00e1tment a dics\u0151s\u00e9g, majd a hanyatl\u00e1s id\u0151szak\u00e1n. Az igazi [&hellip;]<\/p>\n","protected":false},"author":13,"featured_media":0,"parent":52,"menu_order":5,"comment_status":"closed","ping_status":"closed","template":"template-default-2.php","meta":{"footnotes":""},"class_list":["post-58","page","type-page","status-publish","hentry"],"yoast_head":"<!-- This site is optimized with the Yoast SEO plugin v27.3 - https:\/\/yoast.com\/product\/yoast-seo-wordpress\/ -->\n<title>T\u00f6rt\u00e9nelem - Villa Sandy City Park Resort -<\/title>\n<meta name=\"description\" content=\"A VILLA SANDA t\u00f6rt\u00e9nete k\u00e9t szomsz\u00e9dos nemzeti kultur\u00e1lis m\u0171eml\u00e9k - a kassai V\u00e1rosi Park \u00e9s a m\u00faltban &quot;Korcsolyapavilon&quot; n\u00e9ven ismert csod\u00e1latos szecesszi\u00f3s \u00e9p\u00fclet - sors\u00e1t k\u00f6ti \u00f6ssze. K\u00f6z\u00f6s \u00fatjuk 1909-ben kezd\u0151d\u00f6tt, amikor a pavilon a parkban fel\u00e9p\u00fclt. Az id\u0151k folyam\u00e1n Kassa kultur\u00e1lis \u00f6r\u00f6ks\u00e9g\u00e9nek mindk\u00e9t \u00e9rt\u00e9kes eleme \u00e1tment a dics\u0151s\u00e9g, majd a hanyatl\u00e1s id\u0151szak\u00e1n\" \/>\n<meta name=\"robots\" content=\"index, follow, max-snippet:-1, max-image-preview:large, max-video-preview:-1\" \/>\n<link rel=\"canonical\" href=\"https:\/\/www.villasandyresort.com\/hu\/bemutatkozik-a\/tortenelem\/\" \/>\n<meta property=\"og:locale\" content=\"hu_HU\" \/>\n<meta property=\"og:type\" content=\"article\" \/>\n<meta property=\"og:title\" content=\"T\u00f6rt\u00e9nelem - Villa Sandy City Park Resort -\" \/>\n<meta property=\"og:description\" content=\"A VILLA SANDA t\u00f6rt\u00e9nete k\u00e9t szomsz\u00e9dos nemzeti kultur\u00e1lis m\u0171eml\u00e9k - a kassai V\u00e1rosi Park \u00e9s a m\u00faltban &quot;Korcsolyapavilon&quot; n\u00e9ven ismert csod\u00e1latos szecesszi\u00f3s \u00e9p\u00fclet - sors\u00e1t k\u00f6ti \u00f6ssze. K\u00f6z\u00f6s \u00fatjuk 1909-ben kezd\u0151d\u00f6tt, amikor a pavilon a parkban fel\u00e9p\u00fclt. Az id\u0151k folyam\u00e1n Kassa kultur\u00e1lis \u00f6r\u00f6ks\u00e9g\u00e9nek mindk\u00e9t \u00e9rt\u00e9kes eleme \u00e1tment a dics\u0151s\u00e9g, majd a hanyatl\u00e1s id\u0151szak\u00e1n\" \/>\n<meta property=\"og:url\" content=\"https:\/\/www.villasandyresort.com\/hu\/bemutatkozik-a\/tortenelem\/\" \/>\n<meta property=\"og:site_name\" content=\"Villa Sandy City Park Resort\" \/>\n<meta property=\"article:modified_time\" content=\"2024-02-21T18:37:48+00:00\" \/>\n<meta name=\"twitter:card\" content=\"summary_large_image\" \/>\n<meta name=\"twitter:label1\" content=\"Becs\u00fclt olvas\u00e1si id\u0151\" \/>\n\t<meta name=\"twitter:data1\" content=\"1 perc\" \/>\n<script type=\"application\/ld+json\" class=\"yoast-schema-graph\">{\"@context\":\"https:\\\/\\\/schema.org\",\"@graph\":[{\"@type\":\"WebPage\",\"@id\":\"https:\\\/\\\/www.villasandyresort.com\\\/hu\\\/bemutatkozik-a\\\/tortenelem\\\/\",\"url\":\"https:\\\/\\\/www.villasandyresort.com\\\/hu\\\/bemutatkozik-a\\\/tortenelem\\\/\",\"name\":\"T\u00f6rt\u00e9nelem - Villa Sandy City Park Resort -\",\"isPartOf\":{\"@id\":\"https:\\\/\\\/www.villasandyresort.com\\\/hu\\\/#website\"},\"datePublished\":\"2023-11-20T15:38:31+00:00\",\"dateModified\":\"2024-02-21T18:37:48+00:00\",\"description\":\"A VILLA SANDA t\u00f6rt\u00e9nete k\u00e9t szomsz\u00e9dos nemzeti kultur\u00e1lis m\u0171eml\u00e9k - a kassai V\u00e1rosi Park \u00e9s a m\u00faltban \\\"Korcsolyapavilon\\\" n\u00e9ven ismert csod\u00e1latos szecesszi\u00f3s \u00e9p\u00fclet - sors\u00e1t k\u00f6ti \u00f6ssze. K\u00f6z\u00f6s \u00fatjuk 1909-ben kezd\u0151d\u00f6tt, amikor a pavilon a parkban fel\u00e9p\u00fclt. Az id\u0151k folyam\u00e1n Kassa kultur\u00e1lis \u00f6r\u00f6ks\u00e9g\u00e9nek mindk\u00e9t \u00e9rt\u00e9kes eleme \u00e1tment a dics\u0151s\u00e9g, majd a hanyatl\u00e1s id\u0151szak\u00e1n\",\"breadcrumb\":{\"@id\":\"https:\\\/\\\/www.villasandyresort.com\\\/hu\\\/bemutatkozik-a\\\/tortenelem\\\/#breadcrumb\"},\"inLanguage\":\"hu\",\"potentialAction\":[{\"@type\":\"ReadAction\",\"target\":[\"https:\\\/\\\/www.villasandyresort.com\\\/hu\\\/bemutatkozik-a\\\/tortenelem\\\/\"]}]},{\"@type\":\"BreadcrumbList\",\"@id\":\"https:\\\/\\\/www.villasandyresort.com\\\/hu\\\/bemutatkozik-a\\\/tortenelem\\\/#breadcrumb\",\"itemListElement\":[{\"@type\":\"ListItem\",\"position\":1,\"name\":\"Home\",\"item\":\"https:\\\/\\\/www.villasandyresort.com\\\/hu\\\/\"},{\"@type\":\"ListItem\",\"position\":2,\"name\":\"Bemutatkozik a\",\"item\":\"https:\\\/\\\/www.villasandyresort.com\\\/hu\\\/bemutatkozik-a\\\/\"},{\"@type\":\"ListItem\",\"position\":3,\"name\":\"T\u00f6rt\u00e9nelem\"}]},{\"@type\":\"WebSite\",\"@id\":\"https:\\\/\\\/www.villasandyresort.com\\\/hu\\\/#website\",\"url\":\"https:\\\/\\\/www.villasandyresort.com\\\/hu\\\/\",\"name\":\"Villa Sandy City Park Resort\",\"description\":\"\",\"potentialAction\":[{\"@type\":\"SearchAction\",\"target\":{\"@type\":\"EntryPoint\",\"urlTemplate\":\"https:\\\/\\\/www.villasandyresort.com\\\/hu\\\/?s={search_term_string}\"},\"query-input\":{\"@type\":\"PropertyValueSpecification\",\"valueRequired\":true,\"valueName\":\"search_term_string\"}}],\"inLanguage\":\"hu\"}]}<\/script>\n<!-- \/ Yoast SEO plugin. -->","yoast_head_json":{"title":"T\u00f6rt\u00e9nelem - Villa Sandy City Park Resort -","description":"A VILLA SANDA t\u00f6rt\u00e9nete k\u00e9t szomsz\u00e9dos nemzeti kultur\u00e1lis m\u0171eml\u00e9k - a kassai V\u00e1rosi Park \u00e9s a m\u00faltban \"Korcsolyapavilon\" n\u00e9ven ismert csod\u00e1latos szecesszi\u00f3s \u00e9p\u00fclet - sors\u00e1t k\u00f6ti \u00f6ssze. K\u00f6z\u00f6s \u00fatjuk 1909-ben kezd\u0151d\u00f6tt, amikor a pavilon a parkban fel\u00e9p\u00fclt. Az id\u0151k folyam\u00e1n Kassa kultur\u00e1lis \u00f6r\u00f6ks\u00e9g\u00e9nek mindk\u00e9t \u00e9rt\u00e9kes eleme \u00e1tment a dics\u0151s\u00e9g, majd a hanyatl\u00e1s id\u0151szak\u00e1n","robots":{"index":"index","follow":"follow","max-snippet":"max-snippet:-1","max-image-preview":"max-image-preview:large","max-video-preview":"max-video-preview:-1"},"canonical":"https:\/\/www.villasandyresort.com\/hu\/bemutatkozik-a\/tortenelem\/","og_locale":"hu_HU","og_type":"article","og_title":"T\u00f6rt\u00e9nelem - Villa Sandy City Park Resort -","og_description":"A VILLA SANDA t\u00f6rt\u00e9nete k\u00e9t szomsz\u00e9dos nemzeti kultur\u00e1lis m\u0171eml\u00e9k - a kassai V\u00e1rosi Park \u00e9s a m\u00faltban \"Korcsolyapavilon\" n\u00e9ven ismert csod\u00e1latos szecesszi\u00f3s \u00e9p\u00fclet - sors\u00e1t k\u00f6ti \u00f6ssze. K\u00f6z\u00f6s \u00fatjuk 1909-ben kezd\u0151d\u00f6tt, amikor a pavilon a parkban fel\u00e9p\u00fclt. Az id\u0151k folyam\u00e1n Kassa kultur\u00e1lis \u00f6r\u00f6ks\u00e9g\u00e9nek mindk\u00e9t \u00e9rt\u00e9kes eleme \u00e1tment a dics\u0151s\u00e9g, majd a hanyatl\u00e1s id\u0151szak\u00e1n","og_url":"https:\/\/www.villasandyresort.com\/hu\/bemutatkozik-a\/tortenelem\/","og_site_name":"Villa Sandy City Park Resort","article_modified_time":"2024-02-21T18:37:48+00:00","twitter_card":"summary_large_image","twitter_misc":{"Becs\u00fclt olvas\u00e1si id\u0151":"1 perc"},"schema":{"@context":"https:\/\/schema.org","@graph":[{"@type":"WebPage","@id":"https:\/\/www.villasandyresort.com\/hu\/bemutatkozik-a\/tortenelem\/","url":"https:\/\/www.villasandyresort.com\/hu\/bemutatkozik-a\/tortenelem\/","name":"T\u00f6rt\u00e9nelem - Villa Sandy City Park Resort -","isPartOf":{"@id":"https:\/\/www.villasandyresort.com\/hu\/#website"},"datePublished":"2023-11-20T15:38:31+00:00","dateModified":"2024-02-21T18:37:48+00:00","description":"A VILLA SANDA t\u00f6rt\u00e9nete k\u00e9t szomsz\u00e9dos nemzeti kultur\u00e1lis m\u0171eml\u00e9k - a kassai V\u00e1rosi Park \u00e9s a m\u00faltban \"Korcsolyapavilon\" n\u00e9ven ismert csod\u00e1latos szecesszi\u00f3s \u00e9p\u00fclet - sors\u00e1t k\u00f6ti \u00f6ssze. K\u00f6z\u00f6s \u00fatjuk 1909-ben kezd\u0151d\u00f6tt, amikor a pavilon a parkban fel\u00e9p\u00fclt. Az id\u0151k folyam\u00e1n Kassa kultur\u00e1lis \u00f6r\u00f6ks\u00e9g\u00e9nek mindk\u00e9t \u00e9rt\u00e9kes eleme \u00e1tment a dics\u0151s\u00e9g, majd a hanyatl\u00e1s id\u0151szak\u00e1n","breadcrumb":{"@id":"https:\/\/www.villasandyresort.com\/hu\/bemutatkozik-a\/tortenelem\/#breadcrumb"},"inLanguage":"hu","potentialAction":[{"@type":"ReadAction","target":["https:\/\/www.villasandyresort.com\/hu\/bemutatkozik-a\/tortenelem\/"]}]},{"@type":"BreadcrumbList","@id":"https:\/\/www.villasandyresort.com\/hu\/bemutatkozik-a\/tortenelem\/#breadcrumb","itemListElement":[{"@type":"ListItem","position":1,"name":"Home","item":"https:\/\/www.villasandyresort.com\/hu\/"},{"@type":"ListItem","position":2,"name":"Bemutatkozik a","item":"https:\/\/www.villasandyresort.com\/hu\/bemutatkozik-a\/"},{"@type":"ListItem","position":3,"name":"T\u00f6rt\u00e9nelem"}]},{"@type":"WebSite","@id":"https:\/\/www.villasandyresort.com\/hu\/#website","url":"https:\/\/www.villasandyresort.com\/hu\/","name":"Villa Sandy City Park Resort","description":"","potentialAction":[{"@type":"SearchAction","target":{"@type":"EntryPoint","urlTemplate":"https:\/\/www.villasandyresort.com\/hu\/?s={search_term_string}"},"query-input":{"@type":"PropertyValueSpecification","valueRequired":true,"valueName":"search_term_string"}}],"inLanguage":"hu"}]}},"acf":[],"_links":{"self":[{"href":"https:\/\/www.villasandyresort.com\/hu\/wp-json\/wp\/v2\/pages\/58","targetHints":{"allow":["GET"]}}],"collection":[{"href":"https:\/\/www.villasandyresort.com\/hu\/wp-json\/wp\/v2\/pages"}],"about":[{"href":"https:\/\/www.villasandyresort.com\/hu\/wp-json\/wp\/v2\/types\/page"}],"author":[{"embeddable":true,"href":"https:\/\/www.villasandyresort.com\/hu\/wp-json\/wp\/v2\/users\/13"}],"replies":[{"embeddable":true,"href":"https:\/\/www.villasandyresort.com\/hu\/wp-json\/wp\/v2\/comments?post=58"}],"version-history":[{"count":0,"href":"https:\/\/www.villasandyresort.com\/hu\/wp-json\/wp\/v2\/pages\/58\/revisions"}],"up":[{"embeddable":true,"href":"https:\/\/www.villasandyresort.com\/hu\/wp-json\/wp\/v2\/pages\/52"}],"wp:attachment":[{"href":"https:\/\/www.villasandyresort.com\/hu\/wp-json\/wp\/v2\/media?parent=58"}],"curies":[{"name":"wp","href":"https:\/\/api.w.org\/{rel}","templated":true}]}}