{"id":52,"date":"2023-11-09T09:57:20","date_gmt":"2023-11-09T09:57:20","guid":{"rendered":"https:\/\/villa-sandy-city-park-resort.ms2.decms.eu\/?page_id=52"},"modified":"2024-02-21T18:55:23","modified_gmt":"2024-02-21T18:55:23","slug":"bemutatkozik-a","status":"publish","type":"page","link":"https:\/\/www.villasandyresort.com\/hu\/bemutatkozik-a\/","title":{"rendered":"Bemutatkozik a"},"content":{"rendered":"<p style=\"text-align: JUSTIFY\">Az \u00faj v\u00e1rosi \u00fcd\u00fcl\u0151hely, a VILLA SANDY egy egyed\u00fcl\u00e1ll\u00f3 \u00e9lm\u00e9nyt\u00e9r a kelet-szlov\u00e1kiai Kassa (Ko\u0161ice) v\u00e1ros k\u00f6zpontj\u00e1ban, a v\u00e1rosi park gy\u00f6ny\u00f6r\u0171 k\u00f6rnyezet\u00e9ben.<\/p>\n<p style=\"text-align: JUSTIFY\">Vend\u00e9geinknek a legmagasabb szint\u0171, \u00e1tfog\u00f3 l\u00e9tes\u00edtm\u00e9nyeket k\u00edn\u00e1lunk a munk\u00e1hoz \u00e9s a szabadid\u0151 elt\u00f6lt\u00e9s\u00e9hez. A kiv\u00e1l\u00f3 min\u0151s\u00e9g\u0171 szolg\u00e1ltat\u00e1s, a vend\u00e9geinkkel val\u00f3 \u0151szinte t\u00f6r\u0151d\u00e9s \u00e9s saj\u00e1t t\u00e1rsadalmi felel\u0151ss\u00e9gv\u00e1llal\u00e1sunk szinergi\u00e1ja r\u00e9v\u00e9n egyed\u00fcl\u00e1ll\u00f3 atmoszf\u00e9r\u00e1t teremt\u00fcnk a t\u00e9rs\u00e9g\u00fcnket felfedez\u0151k vagy alkot\u00f3k gy\u00f6ny\u00f6r\u0171 \u00e9rzelmei sz\u00e1m\u00e1ra.<\/p>\n<p style=\"text-align: JUSTIFY\">Engedje, hogy egyed\u00fcl\u00e1ll\u00f3 <a href=\"https:\/\/villa-sandy-city-park-resort.ms2.decms.eu\/hu\/ettermek\/\" target=\"_blank\" rel=\"noopener\"><strong>\u00e9ttermeinkben<\/strong><\/a> mag\u00e1val ragadj\u00e1k az \u00e9let \u00edzei, \u00e9ljen \u00e1t vel\u00fcnk felejthetetlen pillanatokat a munkahelyi vagy <a href=\"https:\/\/villa-sandy-city-park-resort.ms2.decms.eu\/hu\/esemenyek\/\" target=\"_blank\" rel=\"noopener\"><strong>mag\u00e1nrendezv\u00e9nyeken<\/strong><\/a>, vegye ig\u00e9nybe a <a href=\"https:\/\/villa-sandy-city-park-resort.ms2.decms.eu\/hu\/tenisz\/\" target=\"_blank\" rel=\"noopener\"><strong>sport\u00e9lm\u00e9nyekre<\/strong><\/a> vagy egy\u00e9b kiv\u00e1l\u00f3 <a href=\"https:\/\/villa-sandy-city-park-resort.ms2.decms.eu\/hu\/szolgaltatasok\/\" target=\"_blank\" rel=\"noopener\"><strong>szolg\u00e1ltat\u00e1sokra<\/strong><\/a> vonatkoz\u00f3 k\u00edn\u00e1latunkat. K\u00e9sz\u00fcl\u00fcnk az \u00d6n sz\u00e1m\u00e1ra a r\u00e9gi\u00f3 els\u0151 5 csillagos <a href=\"https:\/\/villa-sandy-city-park-resort.ms2.decms.eu\/hu\/hotel\/\" target=\"_blank\" rel=\"noopener\"><strong>sz\u00e1llod\u00e1j\u00e1val<\/strong><\/a>, exkluz\u00edv <a href=\"https:\/\/villa-sandy-city-park-resort.ms2.decms.eu\/hu\/wellness-spa\/\" target=\"_blank\" rel=\"noopener\"><strong>gy\u00f3gyf\u00fcrd\u0151j\u00e9vel<\/strong><\/a>, valamint gasztron\u00f3miai, kongresszusi \u00e9s sport szolg\u00e1ltat\u00e1saink b\u0151v\u00edt\u00e9s\u00e9vel is.<\/p>\n<p style=\"text-align: center\">Mindig szeretettel v\u00e1rjuk \u00d6n\u00f6ket.<\/p>\n","protected":false},"excerpt":{"rendered":"<p>Az \u00faj v\u00e1rosi \u00fcd\u00fcl\u0151hely, a VILLA SANDY egy egyed\u00fcl\u00e1ll\u00f3 \u00e9lm\u00e9nyt\u00e9r a kelet-szlov\u00e1kiai Kassa (Ko\u0161ice) v\u00e1ros k\u00f6zpontj\u00e1ban, a v\u00e1rosi park gy\u00f6ny\u00f6r\u0171 k\u00f6rnyezet\u00e9ben. Vend\u00e9geinknek a legmagasabb szint\u0171, \u00e1tfog\u00f3 l\u00e9tes\u00edtm\u00e9nyeket k\u00edn\u00e1lunk a munk\u00e1hoz \u00e9s a szabadid\u0151 elt\u00f6lt\u00e9s\u00e9hez. A kiv\u00e1l\u00f3 min\u0151s\u00e9g\u0171 szolg\u00e1ltat\u00e1s, a vend\u00e9geinkkel val\u00f3 \u0151szinte t\u00f6r\u0151d\u00e9s \u00e9s saj\u00e1t t\u00e1rsadalmi felel\u0151ss\u00e9gv\u00e1llal\u00e1sunk szinergi\u00e1ja r\u00e9v\u00e9n egyed\u00fcl\u00e1ll\u00f3 atmoszf\u00e9r\u00e1t teremt\u00fcnk a t\u00e9rs\u00e9g\u00fcnket felfedez\u0151k [&hellip;]<\/p>\n","protected":false},"author":13,"featured_media":0,"parent":0,"menu_order":10,"comment_status":"closed","ping_status":"closed","template":"","meta":{"footnotes":""},"class_list":["post-52","page","type-page","status-publish","hentry"],"yoast_head":"<!-- This site is optimized with the Yoast SEO plugin v27.3 - https:\/\/yoast.com\/product\/yoast-seo-wordpress\/ -->\n<title>Bemutatkozik a - Villa Sandy City Park Resort -<\/title>\n<meta name=\"description\" content=\"Az \u00faj v\u00e1rosi \u00fcd\u00fcl\u0151hely, a VILLA SANDY egy egyed\u00fcl\u00e1ll\u00f3 \u00e9lm\u00e9nyt\u00e9r a kelet-szlov\u00e1kiai Kassa (Ko\u0161ice) v\u00e1ros k\u00f6zpontj\u00e1ban, a v\u00e1rosi park gy\u00f6ny\u00f6r\u0171 k\u00f6rnyezet\u00e9ben. Vend\u00e9geinknek a legmagasabb szint\u0171, \u00e1tfog\u00f3 l\u00e9tes\u00edtm\u00e9nyeket k\u00edn\u00e1lunk a munk\u00e1hoz \u00e9s a szabadid\u0151 elt\u00f6lt\u00e9s\u00e9hez. A kiv\u00e1l\u00f3 min\u0151s\u00e9g\u0171 szolg\u00e1ltat\u00e1s, a vend\u00e9geinkkel val\u00f3 \u0151szinte t\u00f6r\u0151d\u00e9s \u00e9s saj\u00e1t t\u00e1rsadalmi felel\u0151ss\u00e9gv\u00e1llal\u00e1sunk szinergi\u00e1ja r\u00e9v\u00e9n egyed\u00fcl\u00e1ll\u00f3 atmoszf\u00e9r\u00e1t teremt\u00fcnk a t\u00e9rs\u00e9g\u00fcnket felfedez\u0151k vagy alkot\u00f3k gy\u00f6ny\u00f6r\u0171 \u00e9rzelmei sz\u00e1m\u00e1ra. Engedje, hogy egyed\u00fcl\u00e1ll\u00f3 \u00e9ttermeinkben mag\u00e1val ragadj\u00e1k az \u00e9let \u00edzei, \u00e9ljen \u00e1t vel\u00fcnk felejthetetlen pillanatokat a munkahelyi vagy mag\u00e1nrendezv\u00e9nyeken, vegye ig\u00e9nybe a sport\u00e9lm\u00e9nyekre vagy egy\u00e9b kiv\u00e1l\u00f3 szolg\u00e1ltat\u00e1sokra vonatkoz\u00f3 k\u00edn\u00e1latunkat\" \/>\n<meta name=\"robots\" content=\"index, follow, max-snippet:-1, max-image-preview:large, max-video-preview:-1\" \/>\n<link rel=\"canonical\" href=\"https:\/\/www.villasandyresort.com\/hu\/bemutatkozik-a\/\" \/>\n<meta property=\"og:locale\" content=\"hu_HU\" \/>\n<meta property=\"og:type\" content=\"article\" \/>\n<meta property=\"og:title\" content=\"Bemutatkozik a - Villa Sandy City Park Resort -\" \/>\n<meta property=\"og:description\" content=\"Az \u00faj v\u00e1rosi \u00fcd\u00fcl\u0151hely, a VILLA SANDY egy egyed\u00fcl\u00e1ll\u00f3 \u00e9lm\u00e9nyt\u00e9r a kelet-szlov\u00e1kiai Kassa (Ko\u0161ice) v\u00e1ros k\u00f6zpontj\u00e1ban, a v\u00e1rosi park gy\u00f6ny\u00f6r\u0171 k\u00f6rnyezet\u00e9ben. Vend\u00e9geinknek a legmagasabb szint\u0171, \u00e1tfog\u00f3 l\u00e9tes\u00edtm\u00e9nyeket k\u00edn\u00e1lunk a munk\u00e1hoz \u00e9s a szabadid\u0151 elt\u00f6lt\u00e9s\u00e9hez. A kiv\u00e1l\u00f3 min\u0151s\u00e9g\u0171 szolg\u00e1ltat\u00e1s, a vend\u00e9geinkkel val\u00f3 \u0151szinte t\u00f6r\u0151d\u00e9s \u00e9s saj\u00e1t t\u00e1rsadalmi felel\u0151ss\u00e9gv\u00e1llal\u00e1sunk szinergi\u00e1ja r\u00e9v\u00e9n egyed\u00fcl\u00e1ll\u00f3 atmoszf\u00e9r\u00e1t teremt\u00fcnk a t\u00e9rs\u00e9g\u00fcnket felfedez\u0151k vagy alkot\u00f3k gy\u00f6ny\u00f6r\u0171 \u00e9rzelmei sz\u00e1m\u00e1ra. Engedje, hogy egyed\u00fcl\u00e1ll\u00f3 \u00e9ttermeinkben mag\u00e1val ragadj\u00e1k az \u00e9let \u00edzei, \u00e9ljen \u00e1t vel\u00fcnk felejthetetlen pillanatokat a munkahelyi vagy mag\u00e1nrendezv\u00e9nyeken, vegye ig\u00e9nybe a sport\u00e9lm\u00e9nyekre vagy egy\u00e9b kiv\u00e1l\u00f3 szolg\u00e1ltat\u00e1sokra vonatkoz\u00f3 k\u00edn\u00e1latunkat\" \/>\n<meta property=\"og:url\" content=\"https:\/\/www.villasandyresort.com\/hu\/bemutatkozik-a\/\" \/>\n<meta property=\"og:site_name\" content=\"Villa Sandy City Park Resort\" \/>\n<meta property=\"article:modified_time\" content=\"2024-02-21T18:55:23+00:00\" \/>\n<meta name=\"twitter:card\" content=\"summary_large_image\" \/>\n<meta name=\"twitter:label1\" content=\"Becs\u00fclt olvas\u00e1si id\u0151\" \/>\n\t<meta name=\"twitter:data1\" content=\"1 perc\" \/>\n<script type=\"application\/ld+json\" class=\"yoast-schema-graph\">{\"@context\":\"https:\\\/\\\/schema.org\",\"@graph\":[{\"@type\":\"WebPage\",\"@id\":\"https:\\\/\\\/www.villasandyresort.com\\\/hu\\\/bemutatkozik-a\\\/\",\"url\":\"https:\\\/\\\/www.villasandyresort.com\\\/hu\\\/bemutatkozik-a\\\/\",\"name\":\"Bemutatkozik a - Villa Sandy City Park Resort -\",\"isPartOf\":{\"@id\":\"https:\\\/\\\/www.villasandyresort.com\\\/hu\\\/#website\"},\"datePublished\":\"2023-11-09T09:57:20+00:00\",\"dateModified\":\"2024-02-21T18:55:23+00:00\",\"description\":\"Az \u00faj v\u00e1rosi \u00fcd\u00fcl\u0151hely, a VILLA SANDY egy egyed\u00fcl\u00e1ll\u00f3 \u00e9lm\u00e9nyt\u00e9r a kelet-szlov\u00e1kiai Kassa (Ko\u0161ice) v\u00e1ros k\u00f6zpontj\u00e1ban, a v\u00e1rosi park gy\u00f6ny\u00f6r\u0171 k\u00f6rnyezet\u00e9ben. Vend\u00e9geinknek a legmagasabb szint\u0171, \u00e1tfog\u00f3 l\u00e9tes\u00edtm\u00e9nyeket k\u00edn\u00e1lunk a munk\u00e1hoz \u00e9s a szabadid\u0151 elt\u00f6lt\u00e9s\u00e9hez. A kiv\u00e1l\u00f3 min\u0151s\u00e9g\u0171 szolg\u00e1ltat\u00e1s, a vend\u00e9geinkkel val\u00f3 \u0151szinte t\u00f6r\u0151d\u00e9s \u00e9s saj\u00e1t t\u00e1rsadalmi felel\u0151ss\u00e9gv\u00e1llal\u00e1sunk szinergi\u00e1ja r\u00e9v\u00e9n egyed\u00fcl\u00e1ll\u00f3 atmoszf\u00e9r\u00e1t teremt\u00fcnk a t\u00e9rs\u00e9g\u00fcnket felfedez\u0151k vagy alkot\u00f3k gy\u00f6ny\u00f6r\u0171 \u00e9rzelmei sz\u00e1m\u00e1ra. Engedje, hogy egyed\u00fcl\u00e1ll\u00f3 \u00e9ttermeinkben mag\u00e1val ragadj\u00e1k az \u00e9let \u00edzei, \u00e9ljen \u00e1t vel\u00fcnk felejthetetlen pillanatokat a munkahelyi vagy mag\u00e1nrendezv\u00e9nyeken, vegye ig\u00e9nybe a sport\u00e9lm\u00e9nyekre vagy egy\u00e9b kiv\u00e1l\u00f3 szolg\u00e1ltat\u00e1sokra vonatkoz\u00f3 k\u00edn\u00e1latunkat\",\"breadcrumb\":{\"@id\":\"https:\\\/\\\/www.villasandyresort.com\\\/hu\\\/bemutatkozik-a\\\/#breadcrumb\"},\"inLanguage\":\"hu\",\"potentialAction\":[{\"@type\":\"ReadAction\",\"target\":[\"https:\\\/\\\/www.villasandyresort.com\\\/hu\\\/bemutatkozik-a\\\/\"]}]},{\"@type\":\"BreadcrumbList\",\"@id\":\"https:\\\/\\\/www.villasandyresort.com\\\/hu\\\/bemutatkozik-a\\\/#breadcrumb\",\"itemListElement\":[{\"@type\":\"ListItem\",\"position\":1,\"name\":\"Home\",\"item\":\"https:\\\/\\\/www.villasandyresort.com\\\/hu\\\/\"},{\"@type\":\"ListItem\",\"position\":2,\"name\":\"Bemutatkozik a\"}]},{\"@type\":\"WebSite\",\"@id\":\"https:\\\/\\\/www.villasandyresort.com\\\/hu\\\/#website\",\"url\":\"https:\\\/\\\/www.villasandyresort.com\\\/hu\\\/\",\"name\":\"Villa Sandy City Park Resort\",\"description\":\"\",\"potentialAction\":[{\"@type\":\"SearchAction\",\"target\":{\"@type\":\"EntryPoint\",\"urlTemplate\":\"https:\\\/\\\/www.villasandyresort.com\\\/hu\\\/?s={search_term_string}\"},\"query-input\":{\"@type\":\"PropertyValueSpecification\",\"valueRequired\":true,\"valueName\":\"search_term_string\"}}],\"inLanguage\":\"hu\"}]}<\/script>\n<!-- \/ Yoast SEO plugin. -->","yoast_head_json":{"title":"Bemutatkozik a - Villa Sandy City Park Resort -","description":"Az \u00faj v\u00e1rosi \u00fcd\u00fcl\u0151hely, a VILLA SANDY egy egyed\u00fcl\u00e1ll\u00f3 \u00e9lm\u00e9nyt\u00e9r a kelet-szlov\u00e1kiai Kassa (Ko\u0161ice) v\u00e1ros k\u00f6zpontj\u00e1ban, a v\u00e1rosi park gy\u00f6ny\u00f6r\u0171 k\u00f6rnyezet\u00e9ben. Vend\u00e9geinknek a legmagasabb szint\u0171, \u00e1tfog\u00f3 l\u00e9tes\u00edtm\u00e9nyeket k\u00edn\u00e1lunk a munk\u00e1hoz \u00e9s a szabadid\u0151 elt\u00f6lt\u00e9s\u00e9hez. A kiv\u00e1l\u00f3 min\u0151s\u00e9g\u0171 szolg\u00e1ltat\u00e1s, a vend\u00e9geinkkel val\u00f3 \u0151szinte t\u00f6r\u0151d\u00e9s \u00e9s saj\u00e1t t\u00e1rsadalmi felel\u0151ss\u00e9gv\u00e1llal\u00e1sunk szinergi\u00e1ja r\u00e9v\u00e9n egyed\u00fcl\u00e1ll\u00f3 atmoszf\u00e9r\u00e1t teremt\u00fcnk a t\u00e9rs\u00e9g\u00fcnket felfedez\u0151k vagy alkot\u00f3k gy\u00f6ny\u00f6r\u0171 \u00e9rzelmei sz\u00e1m\u00e1ra. Engedje, hogy egyed\u00fcl\u00e1ll\u00f3 \u00e9ttermeinkben mag\u00e1val ragadj\u00e1k az \u00e9let \u00edzei, \u00e9ljen \u00e1t vel\u00fcnk felejthetetlen pillanatokat a munkahelyi vagy mag\u00e1nrendezv\u00e9nyeken, vegye ig\u00e9nybe a sport\u00e9lm\u00e9nyekre vagy egy\u00e9b kiv\u00e1l\u00f3 szolg\u00e1ltat\u00e1sokra vonatkoz\u00f3 k\u00edn\u00e1latunkat","robots":{"index":"index","follow":"follow","max-snippet":"max-snippet:-1","max-image-preview":"max-image-preview:large","max-video-preview":"max-video-preview:-1"},"canonical":"https:\/\/www.villasandyresort.com\/hu\/bemutatkozik-a\/","og_locale":"hu_HU","og_type":"article","og_title":"Bemutatkozik a - Villa Sandy City Park Resort -","og_description":"Az \u00faj v\u00e1rosi \u00fcd\u00fcl\u0151hely, a VILLA SANDY egy egyed\u00fcl\u00e1ll\u00f3 \u00e9lm\u00e9nyt\u00e9r a kelet-szlov\u00e1kiai Kassa (Ko\u0161ice) v\u00e1ros k\u00f6zpontj\u00e1ban, a v\u00e1rosi park gy\u00f6ny\u00f6r\u0171 k\u00f6rnyezet\u00e9ben. Vend\u00e9geinknek a legmagasabb szint\u0171, \u00e1tfog\u00f3 l\u00e9tes\u00edtm\u00e9nyeket k\u00edn\u00e1lunk a munk\u00e1hoz \u00e9s a szabadid\u0151 elt\u00f6lt\u00e9s\u00e9hez. A kiv\u00e1l\u00f3 min\u0151s\u00e9g\u0171 szolg\u00e1ltat\u00e1s, a vend\u00e9geinkkel val\u00f3 \u0151szinte t\u00f6r\u0151d\u00e9s \u00e9s saj\u00e1t t\u00e1rsadalmi felel\u0151ss\u00e9gv\u00e1llal\u00e1sunk szinergi\u00e1ja r\u00e9v\u00e9n egyed\u00fcl\u00e1ll\u00f3 atmoszf\u00e9r\u00e1t teremt\u00fcnk a t\u00e9rs\u00e9g\u00fcnket felfedez\u0151k vagy alkot\u00f3k gy\u00f6ny\u00f6r\u0171 \u00e9rzelmei sz\u00e1m\u00e1ra. Engedje, hogy egyed\u00fcl\u00e1ll\u00f3 \u00e9ttermeinkben mag\u00e1val ragadj\u00e1k az \u00e9let \u00edzei, \u00e9ljen \u00e1t vel\u00fcnk felejthetetlen pillanatokat a munkahelyi vagy mag\u00e1nrendezv\u00e9nyeken, vegye ig\u00e9nybe a sport\u00e9lm\u00e9nyekre vagy egy\u00e9b kiv\u00e1l\u00f3 szolg\u00e1ltat\u00e1sokra vonatkoz\u00f3 k\u00edn\u00e1latunkat","og_url":"https:\/\/www.villasandyresort.com\/hu\/bemutatkozik-a\/","og_site_name":"Villa Sandy City Park Resort","article_modified_time":"2024-02-21T18:55:23+00:00","twitter_card":"summary_large_image","twitter_misc":{"Becs\u00fclt olvas\u00e1si id\u0151":"1 perc"},"schema":{"@context":"https:\/\/schema.org","@graph":[{"@type":"WebPage","@id":"https:\/\/www.villasandyresort.com\/hu\/bemutatkozik-a\/","url":"https:\/\/www.villasandyresort.com\/hu\/bemutatkozik-a\/","name":"Bemutatkozik a - Villa Sandy City Park Resort -","isPartOf":{"@id":"https:\/\/www.villasandyresort.com\/hu\/#website"},"datePublished":"2023-11-09T09:57:20+00:00","dateModified":"2024-02-21T18:55:23+00:00","description":"Az \u00faj v\u00e1rosi \u00fcd\u00fcl\u0151hely, a VILLA SANDY egy egyed\u00fcl\u00e1ll\u00f3 \u00e9lm\u00e9nyt\u00e9r a kelet-szlov\u00e1kiai Kassa (Ko\u0161ice) v\u00e1ros k\u00f6zpontj\u00e1ban, a v\u00e1rosi park gy\u00f6ny\u00f6r\u0171 k\u00f6rnyezet\u00e9ben. Vend\u00e9geinknek a legmagasabb szint\u0171, \u00e1tfog\u00f3 l\u00e9tes\u00edtm\u00e9nyeket k\u00edn\u00e1lunk a munk\u00e1hoz \u00e9s a szabadid\u0151 elt\u00f6lt\u00e9s\u00e9hez. A kiv\u00e1l\u00f3 min\u0151s\u00e9g\u0171 szolg\u00e1ltat\u00e1s, a vend\u00e9geinkkel val\u00f3 \u0151szinte t\u00f6r\u0151d\u00e9s \u00e9s saj\u00e1t t\u00e1rsadalmi felel\u0151ss\u00e9gv\u00e1llal\u00e1sunk szinergi\u00e1ja r\u00e9v\u00e9n egyed\u00fcl\u00e1ll\u00f3 atmoszf\u00e9r\u00e1t teremt\u00fcnk a t\u00e9rs\u00e9g\u00fcnket felfedez\u0151k vagy alkot\u00f3k gy\u00f6ny\u00f6r\u0171 \u00e9rzelmei sz\u00e1m\u00e1ra. Engedje, hogy egyed\u00fcl\u00e1ll\u00f3 \u00e9ttermeinkben mag\u00e1val ragadj\u00e1k az \u00e9let \u00edzei, \u00e9ljen \u00e1t vel\u00fcnk felejthetetlen pillanatokat a munkahelyi vagy mag\u00e1nrendezv\u00e9nyeken, vegye ig\u00e9nybe a sport\u00e9lm\u00e9nyekre vagy egy\u00e9b kiv\u00e1l\u00f3 szolg\u00e1ltat\u00e1sokra vonatkoz\u00f3 k\u00edn\u00e1latunkat","breadcrumb":{"@id":"https:\/\/www.villasandyresort.com\/hu\/bemutatkozik-a\/#breadcrumb"},"inLanguage":"hu","potentialAction":[{"@type":"ReadAction","target":["https:\/\/www.villasandyresort.com\/hu\/bemutatkozik-a\/"]}]},{"@type":"BreadcrumbList","@id":"https:\/\/www.villasandyresort.com\/hu\/bemutatkozik-a\/#breadcrumb","itemListElement":[{"@type":"ListItem","position":1,"name":"Home","item":"https:\/\/www.villasandyresort.com\/hu\/"},{"@type":"ListItem","position":2,"name":"Bemutatkozik a"}]},{"@type":"WebSite","@id":"https:\/\/www.villasandyresort.com\/hu\/#website","url":"https:\/\/www.villasandyresort.com\/hu\/","name":"Villa Sandy City Park Resort","description":"","potentialAction":[{"@type":"SearchAction","target":{"@type":"EntryPoint","urlTemplate":"https:\/\/www.villasandyresort.com\/hu\/?s={search_term_string}"},"query-input":{"@type":"PropertyValueSpecification","valueRequired":true,"valueName":"search_term_string"}}],"inLanguage":"hu"}]}},"acf":[],"_links":{"self":[{"href":"https:\/\/www.villasandyresort.com\/hu\/wp-json\/wp\/v2\/pages\/52","targetHints":{"allow":["GET"]}}],"collection":[{"href":"https:\/\/www.villasandyresort.com\/hu\/wp-json\/wp\/v2\/pages"}],"about":[{"href":"https:\/\/www.villasandyresort.com\/hu\/wp-json\/wp\/v2\/types\/page"}],"author":[{"embeddable":true,"href":"https:\/\/www.villasandyresort.com\/hu\/wp-json\/wp\/v2\/users\/13"}],"replies":[{"embeddable":true,"href":"https:\/\/www.villasandyresort.com\/hu\/wp-json\/wp\/v2\/comments?post=52"}],"version-history":[{"count":0,"href":"https:\/\/www.villasandyresort.com\/hu\/wp-json\/wp\/v2\/pages\/52\/revisions"}],"wp:attachment":[{"href":"https:\/\/www.villasandyresort.com\/hu\/wp-json\/wp\/v2\/media?parent=52"}],"curies":[{"name":"wp","href":"https:\/\/api.w.org\/{rel}","templated":true}]}}