{"id":452,"date":"2024-02-15T14:16:08","date_gmt":"2024-02-15T14:16:08","guid":{"rendered":"https:\/\/villa-sandy-city-park-resort.ms2.decms.eu\/?page_id=452"},"modified":"2024-02-22T16:37:20","modified_gmt":"2024-02-22T16:37:20","slug":"ertekek","status":"publish","type":"page","link":"https:\/\/www.villasandyresort.com\/hu\/bemutatkozik-a\/ertekek\/","title":{"rendered":"\u00c9rt\u00e9kek"},"content":{"rendered":"<p style=\"text-align: justify\">A VILLA SANDY Resort c\u00e9lja, hogy a vend\u00e9gl\u00e1t\u00e1s ter\u00fclet\u00e9n vezet\u0151 szerepet t\u00f6lts\u00f6n be, eur\u00f3pai szint\u0171 szolg\u00e1ltat\u00e1sokkal. Tekintettel a magas c\u00e9ljainkra, magas elv\u00e1r\u00e1sokat t\u00e1masztunk magunkkal szemben.<\/p>\n<p style=\"text-align: justify\">Hisz\u00fcnk abban, hogy a sikert nem csak a profit hat\u00e1rozza meg, hanem mindenekel\u0151tt az a l\u00e1bnyom, amit a t\u00e1rsadalomban hagyunk. H\u00edrnev\u00fcnket a vend\u00e9geinkkel val\u00f3 kiv\u00e1l\u00f3 t\u00f6r\u0151d\u00e9s\u00fcnkre, a vel\u00fck, valamint a munkav\u00e1llal\u00f3inkkal vagy partnereinkkel val\u00f3 magas sz\u00ednvonal\u00fa kapcsolatainkra, valamint a k\u00f6rnyez\u0151 k\u00f6rnyezetre, a helyi \u00e9s glob\u00e1lis k\u00f6z\u00f6ss\u00e9gre gyakorolt pozit\u00edv hat\u00e1s \u00e9s a val\u00f3di t\u00e1rsadalmi felel\u0151ss\u00e9gv\u00e1llal\u00e1s ir\u00e1nti rend\u00edthetetlen elk\u00f6telezetts\u00e9g\u00fcnkre alapozzuk.<\/p>\n<p style=\"text-align: justify\">E c\u00e9l megval\u00f3s\u00edt\u00e1s\u00e1hoz elengedhetetlenek a meggy\u0151z\u0151d\u00e9s\u00fcnk\u00f6n alapul\u00f3, a magatart\u00e1si k\u00f3dex\u00fcnk \u00e1ltal meghat\u00e1rozott \u00e9s a gyakorlatban a f\u0151oszt\u00e1ly k\u00e9s\u0151bbi bels\u0151 norm\u00e1i \u00e1ltal v\u00e9grehajtott vil\u00e1gos elvek.<\/p>\n","protected":false},"excerpt":{"rendered":"<p>A VILLA SANDY Resort c\u00e9lja, hogy a vend\u00e9gl\u00e1t\u00e1s ter\u00fclet\u00e9n vezet\u0151 szerepet t\u00f6lts\u00f6n be, eur\u00f3pai szint\u0171 szolg\u00e1ltat\u00e1sokkal. Tekintettel a magas c\u00e9ljainkra, magas elv\u00e1r\u00e1sokat t\u00e1masztunk magunkkal szemben. Hisz\u00fcnk abban, hogy a sikert nem csak a profit hat\u00e1rozza meg, hanem mindenekel\u0151tt az a l\u00e1bnyom, amit a t\u00e1rsadalomban hagyunk. H\u00edrnev\u00fcnket a vend\u00e9geinkkel val\u00f3 kiv\u00e1l\u00f3 t\u00f6r\u0151d\u00e9s\u00fcnkre, a vel\u00fck, valamint a [&hellip;]<\/p>\n","protected":false},"author":101,"featured_media":0,"parent":52,"menu_order":5,"comment_status":"closed","ping_status":"closed","template":"template-default-2.php","meta":{"footnotes":""},"class_list":["post-452","page","type-page","status-publish","hentry"],"yoast_head":"<!-- This site is optimized with the Yoast SEO plugin v27.3 - https:\/\/yoast.com\/product\/yoast-seo-wordpress\/ -->\n<title>\u00c9rt\u00e9kek - Villa Sandy City Park Resort -<\/title>\n<meta name=\"description\" content=\"A VILLA SANDY Resort c\u00e9lja, hogy a vend\u00e9gl\u00e1t\u00e1s ter\u00fclet\u00e9n vezet\u0151 szerepet t\u00f6lts\u00f6n be, eur\u00f3pai szint\u0171 szolg\u00e1ltat\u00e1sokkal. Tekintettel a magas c\u00e9ljainkra, magas elv\u00e1r\u00e1sokat t\u00e1masztunk magunkkal szemben. Hisz\u00fcnk abban, hogy a sikert nem csak a profit hat\u00e1rozza meg, hanem mindenekel\u0151tt az a l\u00e1bnyom, amit a t\u00e1rsadalomban hagyunk\" \/>\n<meta name=\"robots\" content=\"index, follow, max-snippet:-1, max-image-preview:large, max-video-preview:-1\" \/>\n<link rel=\"canonical\" href=\"https:\/\/www.villasandyresort.com\/hu\/bemutatkozik-a\/ertekek\/\" \/>\n<meta property=\"og:locale\" content=\"hu_HU\" \/>\n<meta property=\"og:type\" content=\"article\" \/>\n<meta property=\"og:title\" content=\"\u00c9rt\u00e9kek - Villa Sandy City Park Resort -\" \/>\n<meta property=\"og:description\" content=\"A VILLA SANDY Resort c\u00e9lja, hogy a vend\u00e9gl\u00e1t\u00e1s ter\u00fclet\u00e9n vezet\u0151 szerepet t\u00f6lts\u00f6n be, eur\u00f3pai szint\u0171 szolg\u00e1ltat\u00e1sokkal. Tekintettel a magas c\u00e9ljainkra, magas elv\u00e1r\u00e1sokat t\u00e1masztunk magunkkal szemben. Hisz\u00fcnk abban, hogy a sikert nem csak a profit hat\u00e1rozza meg, hanem mindenekel\u0151tt az a l\u00e1bnyom, amit a t\u00e1rsadalomban hagyunk\" \/>\n<meta property=\"og:url\" content=\"https:\/\/www.villasandyresort.com\/hu\/bemutatkozik-a\/ertekek\/\" \/>\n<meta property=\"og:site_name\" content=\"Villa Sandy City Park Resort\" \/>\n<meta property=\"article:modified_time\" content=\"2024-02-22T16:37:20+00:00\" \/>\n<meta name=\"twitter:card\" content=\"summary_large_image\" \/>\n<meta name=\"twitter:label1\" content=\"Becs\u00fclt olvas\u00e1si id\u0151\" \/>\n\t<meta name=\"twitter:data1\" content=\"1 perc\" \/>\n<script type=\"application\/ld+json\" class=\"yoast-schema-graph\">{\"@context\":\"https:\\\/\\\/schema.org\",\"@graph\":[{\"@type\":\"WebPage\",\"@id\":\"https:\\\/\\\/www.villasandyresort.com\\\/hu\\\/bemutatkozik-a\\\/ertekek\\\/\",\"url\":\"https:\\\/\\\/www.villasandyresort.com\\\/hu\\\/bemutatkozik-a\\\/ertekek\\\/\",\"name\":\"\u00c9rt\u00e9kek - Villa Sandy City Park Resort -\",\"isPartOf\":{\"@id\":\"https:\\\/\\\/www.villasandyresort.com\\\/hu\\\/#website\"},\"datePublished\":\"2024-02-15T14:16:08+00:00\",\"dateModified\":\"2024-02-22T16:37:20+00:00\",\"description\":\"A VILLA SANDY Resort c\u00e9lja, hogy a vend\u00e9gl\u00e1t\u00e1s ter\u00fclet\u00e9n vezet\u0151 szerepet t\u00f6lts\u00f6n be, eur\u00f3pai szint\u0171 szolg\u00e1ltat\u00e1sokkal. Tekintettel a magas c\u00e9ljainkra, magas elv\u00e1r\u00e1sokat t\u00e1masztunk magunkkal szemben. Hisz\u00fcnk abban, hogy a sikert nem csak a profit hat\u00e1rozza meg, hanem mindenekel\u0151tt az a l\u00e1bnyom, amit a t\u00e1rsadalomban hagyunk\",\"breadcrumb\":{\"@id\":\"https:\\\/\\\/www.villasandyresort.com\\\/hu\\\/bemutatkozik-a\\\/ertekek\\\/#breadcrumb\"},\"inLanguage\":\"hu\",\"potentialAction\":[{\"@type\":\"ReadAction\",\"target\":[\"https:\\\/\\\/www.villasandyresort.com\\\/hu\\\/bemutatkozik-a\\\/ertekek\\\/\"]}]},{\"@type\":\"BreadcrumbList\",\"@id\":\"https:\\\/\\\/www.villasandyresort.com\\\/hu\\\/bemutatkozik-a\\\/ertekek\\\/#breadcrumb\",\"itemListElement\":[{\"@type\":\"ListItem\",\"position\":1,\"name\":\"Home\",\"item\":\"https:\\\/\\\/www.villasandyresort.com\\\/hu\\\/\"},{\"@type\":\"ListItem\",\"position\":2,\"name\":\"Bemutatkozik a\",\"item\":\"https:\\\/\\\/www.villasandyresort.com\\\/hu\\\/bemutatkozik-a\\\/\"},{\"@type\":\"ListItem\",\"position\":3,\"name\":\"\u00c9rt\u00e9kek\"}]},{\"@type\":\"WebSite\",\"@id\":\"https:\\\/\\\/www.villasandyresort.com\\\/hu\\\/#website\",\"url\":\"https:\\\/\\\/www.villasandyresort.com\\\/hu\\\/\",\"name\":\"Villa Sandy City Park Resort\",\"description\":\"\",\"potentialAction\":[{\"@type\":\"SearchAction\",\"target\":{\"@type\":\"EntryPoint\",\"urlTemplate\":\"https:\\\/\\\/www.villasandyresort.com\\\/hu\\\/?s={search_term_string}\"},\"query-input\":{\"@type\":\"PropertyValueSpecification\",\"valueRequired\":true,\"valueName\":\"search_term_string\"}}],\"inLanguage\":\"hu\"}]}<\/script>\n<!-- \/ Yoast SEO plugin. -->","yoast_head_json":{"title":"\u00c9rt\u00e9kek - Villa Sandy City Park Resort -","description":"A VILLA SANDY Resort c\u00e9lja, hogy a vend\u00e9gl\u00e1t\u00e1s ter\u00fclet\u00e9n vezet\u0151 szerepet t\u00f6lts\u00f6n be, eur\u00f3pai szint\u0171 szolg\u00e1ltat\u00e1sokkal. Tekintettel a magas c\u00e9ljainkra, magas elv\u00e1r\u00e1sokat t\u00e1masztunk magunkkal szemben. Hisz\u00fcnk abban, hogy a sikert nem csak a profit hat\u00e1rozza meg, hanem mindenekel\u0151tt az a l\u00e1bnyom, amit a t\u00e1rsadalomban hagyunk","robots":{"index":"index","follow":"follow","max-snippet":"max-snippet:-1","max-image-preview":"max-image-preview:large","max-video-preview":"max-video-preview:-1"},"canonical":"https:\/\/www.villasandyresort.com\/hu\/bemutatkozik-a\/ertekek\/","og_locale":"hu_HU","og_type":"article","og_title":"\u00c9rt\u00e9kek - Villa Sandy City Park Resort -","og_description":"A VILLA SANDY Resort c\u00e9lja, hogy a vend\u00e9gl\u00e1t\u00e1s ter\u00fclet\u00e9n vezet\u0151 szerepet t\u00f6lts\u00f6n be, eur\u00f3pai szint\u0171 szolg\u00e1ltat\u00e1sokkal. Tekintettel a magas c\u00e9ljainkra, magas elv\u00e1r\u00e1sokat t\u00e1masztunk magunkkal szemben. Hisz\u00fcnk abban, hogy a sikert nem csak a profit hat\u00e1rozza meg, hanem mindenekel\u0151tt az a l\u00e1bnyom, amit a t\u00e1rsadalomban hagyunk","og_url":"https:\/\/www.villasandyresort.com\/hu\/bemutatkozik-a\/ertekek\/","og_site_name":"Villa Sandy City Park Resort","article_modified_time":"2024-02-22T16:37:20+00:00","twitter_card":"summary_large_image","twitter_misc":{"Becs\u00fclt olvas\u00e1si id\u0151":"1 perc"},"schema":{"@context":"https:\/\/schema.org","@graph":[{"@type":"WebPage","@id":"https:\/\/www.villasandyresort.com\/hu\/bemutatkozik-a\/ertekek\/","url":"https:\/\/www.villasandyresort.com\/hu\/bemutatkozik-a\/ertekek\/","name":"\u00c9rt\u00e9kek - Villa Sandy City Park Resort -","isPartOf":{"@id":"https:\/\/www.villasandyresort.com\/hu\/#website"},"datePublished":"2024-02-15T14:16:08+00:00","dateModified":"2024-02-22T16:37:20+00:00","description":"A VILLA SANDY Resort c\u00e9lja, hogy a vend\u00e9gl\u00e1t\u00e1s ter\u00fclet\u00e9n vezet\u0151 szerepet t\u00f6lts\u00f6n be, eur\u00f3pai szint\u0171 szolg\u00e1ltat\u00e1sokkal. Tekintettel a magas c\u00e9ljainkra, magas elv\u00e1r\u00e1sokat t\u00e1masztunk magunkkal szemben. Hisz\u00fcnk abban, hogy a sikert nem csak a profit hat\u00e1rozza meg, hanem mindenekel\u0151tt az a l\u00e1bnyom, amit a t\u00e1rsadalomban hagyunk","breadcrumb":{"@id":"https:\/\/www.villasandyresort.com\/hu\/bemutatkozik-a\/ertekek\/#breadcrumb"},"inLanguage":"hu","potentialAction":[{"@type":"ReadAction","target":["https:\/\/www.villasandyresort.com\/hu\/bemutatkozik-a\/ertekek\/"]}]},{"@type":"BreadcrumbList","@id":"https:\/\/www.villasandyresort.com\/hu\/bemutatkozik-a\/ertekek\/#breadcrumb","itemListElement":[{"@type":"ListItem","position":1,"name":"Home","item":"https:\/\/www.villasandyresort.com\/hu\/"},{"@type":"ListItem","position":2,"name":"Bemutatkozik a","item":"https:\/\/www.villasandyresort.com\/hu\/bemutatkozik-a\/"},{"@type":"ListItem","position":3,"name":"\u00c9rt\u00e9kek"}]},{"@type":"WebSite","@id":"https:\/\/www.villasandyresort.com\/hu\/#website","url":"https:\/\/www.villasandyresort.com\/hu\/","name":"Villa Sandy City Park Resort","description":"","potentialAction":[{"@type":"SearchAction","target":{"@type":"EntryPoint","urlTemplate":"https:\/\/www.villasandyresort.com\/hu\/?s={search_term_string}"},"query-input":{"@type":"PropertyValueSpecification","valueRequired":true,"valueName":"search_term_string"}}],"inLanguage":"hu"}]}},"acf":[],"_links":{"self":[{"href":"https:\/\/www.villasandyresort.com\/hu\/wp-json\/wp\/v2\/pages\/452","targetHints":{"allow":["GET"]}}],"collection":[{"href":"https:\/\/www.villasandyresort.com\/hu\/wp-json\/wp\/v2\/pages"}],"about":[{"href":"https:\/\/www.villasandyresort.com\/hu\/wp-json\/wp\/v2\/types\/page"}],"author":[{"embeddable":true,"href":"https:\/\/www.villasandyresort.com\/hu\/wp-json\/wp\/v2\/users\/101"}],"replies":[{"embeddable":true,"href":"https:\/\/www.villasandyresort.com\/hu\/wp-json\/wp\/v2\/comments?post=452"}],"version-history":[{"count":0,"href":"https:\/\/www.villasandyresort.com\/hu\/wp-json\/wp\/v2\/pages\/452\/revisions"}],"up":[{"embeddable":true,"href":"https:\/\/www.villasandyresort.com\/hu\/wp-json\/wp\/v2\/pages\/52"}],"wp:attachment":[{"href":"https:\/\/www.villasandyresort.com\/hu\/wp-json\/wp\/v2\/media?parent=452"}],"curies":[{"name":"wp","href":"https:\/\/api.w.org\/{rel}","templated":true}]}}