{"id":45,"date":"2023-10-27T07:45:11","date_gmt":"2023-10-27T07:45:11","guid":{"rendered":"https:\/\/villa-sandy-city-park-resort.ms2.decms.eu\/?page_id=45"},"modified":"2025-07-12T16:51:48","modified_gmt":"2025-07-12T16:51:48","slug":"villa-sandy-city-park-resort","status":"publish","type":"page","link":"https:\/\/www.villasandyresort.com\/hu\/","title":{"rendered":"Villa Sandy City Park Resort"},"content":{"rendered":"<p style=\"text-align: center\">\u00d6r\u00f6m\u00fcnkre szolg\u00e1l, hogy \u00fcdv\u00f6z\u00f6lhetj\u00fck \u00d6nt egy olyan t\u00e9rben, amelyet az \u00d6n gy\u00f6ny\u00f6r\u0171 \u00e9rzelmei sz\u00e1m\u00e1ra hoztunk l\u00e9tre.<\/p>\n<p style=\"text-align: center\">Ismerkedjen meg egy egyed\u00fcl\u00e1ll\u00f3 v\u00e1rosi \u00fcd\u00fcl\u0151hellyel, amely egy z\u00f6ld o\u00e1zisban tal\u00e1lhat\u00f3 a gy\u00f6ny\u00f6r\u0171 Kassa v\u00e1ros k\u00f6zpontj\u00e1ban.<\/p>\n<p style=\"text-align: center\">A legmagasabb sz\u00ednvonal\u00fa szolg\u00e1ltat\u00e1sok sz\u00e9les sk\u00e1l\u00e1j\u00e1t k\u00edn\u00e1ljuk \u00d6nnek a munka \u00e9s a szabadid\u0151 elt\u00f6lt\u00e9s\u00e9hez.<\/p>\n<p style=\"text-align: center\">Az \u00fcd\u00fcl\u0151k\u00f6zpont megnyit\u00e1s\u00e1nak k\u00f6vetkez\u0151 f\u00e1zisaiban m\u00e9g t\u00f6bb felejthetetlen \u00e9lm\u00e9nnyel k\u00e9sz\u00fcl\u00fcnk az \u00d6n sz\u00e1m\u00e1ra..<\/p>\n","protected":false},"excerpt":{"rendered":"<p>\u00d6r\u00f6m\u00fcnkre szolg\u00e1l, hogy \u00fcdv\u00f6z\u00f6lhetj\u00fck \u00d6nt egy olyan t\u00e9rben, amelyet az \u00d6n gy\u00f6ny\u00f6r\u0171 \u00e9rzelmei sz\u00e1m\u00e1ra hoztunk l\u00e9tre. Ismerkedjen meg egy egyed\u00fcl\u00e1ll\u00f3 v\u00e1rosi \u00fcd\u00fcl\u0151hellyel, amely egy z\u00f6ld o\u00e1zisban tal\u00e1lhat\u00f3 a gy\u00f6ny\u00f6r\u0171 Kassa v\u00e1ros k\u00f6zpontj\u00e1ban. A legmagasabb sz\u00ednvonal\u00fa szolg\u00e1ltat\u00e1sok sz\u00e9les sk\u00e1l\u00e1j\u00e1t k\u00edn\u00e1ljuk \u00d6nnek a munka \u00e9s a szabadid\u0151 elt\u00f6lt\u00e9s\u00e9hez. Az \u00fcd\u00fcl\u0151k\u00f6zpont megnyit\u00e1s\u00e1nak k\u00f6vetkez\u0151 f\u00e1zisaiban m\u00e9g t\u00f6bb felejthetetlen \u00e9lm\u00e9nnyel [&hellip;]<\/p>\n","protected":false},"author":13,"featured_media":0,"parent":0,"menu_order":0,"comment_status":"closed","ping_status":"closed","template":"","meta":{"footnotes":""},"class_list":["post-45","page","type-page","status-publish","hentry"],"yoast_head":"<!-- This site is optimized with the Yoast SEO plugin v27.3 - https:\/\/yoast.com\/product\/yoast-seo-wordpress\/ -->\n<title>Villa Sandy City Park Resort - Kassa sz\u00edv\u00e9ben!<\/title>\n<meta name=\"description\" content=\"Vend\u00e9geinknek a legmagasabb szint\u0171, \u00e1tfog\u00f3 l\u00e9tes\u00edtm\u00e9nyeket k\u00edn\u00e1lunk a munk\u00e1hoz \u00e9s a szabadid\u0151 elt\u00f6lt\u00e9s\u00e9hez.\" \/>\n<meta name=\"robots\" content=\"index, follow, max-snippet:-1, max-image-preview:large, max-video-preview:-1\" \/>\n<link rel=\"canonical\" href=\"https:\/\/www.villasandyresort.com\/hu\/\" \/>\n<meta property=\"og:locale\" content=\"hu_HU\" \/>\n<meta property=\"og:type\" content=\"article\" \/>\n<meta property=\"og:title\" content=\"Villa Sandy City Park Resort - Kassa sz\u00edv\u00e9ben!\" \/>\n<meta property=\"og:description\" content=\"Vend\u00e9geinknek a legmagasabb szint\u0171, \u00e1tfog\u00f3 l\u00e9tes\u00edtm\u00e9nyeket k\u00edn\u00e1lunk a munk\u00e1hoz \u00e9s a szabadid\u0151 elt\u00f6lt\u00e9s\u00e9hez.\" \/>\n<meta property=\"og:url\" content=\"https:\/\/www.villasandyresort.com\/hu\/\" \/>\n<meta property=\"og:site_name\" content=\"Villa Sandy City Park Resort\" \/>\n<meta property=\"article:modified_time\" content=\"2025-07-12T16:51:48+00:00\" \/>\n<meta name=\"twitter:card\" content=\"summary_large_image\" \/>\n<meta name=\"twitter:label1\" content=\"Becs\u00fclt olvas\u00e1si id\u0151\" \/>\n\t<meta name=\"twitter:data1\" content=\"1 perc\" \/>\n<script type=\"application\/ld+json\" class=\"yoast-schema-graph\">{\"@context\":\"https:\\\/\\\/schema.org\",\"@graph\":[{\"@type\":\"WebPage\",\"@id\":\"https:\\\/\\\/www.villasandyresort.com\\\/hu\\\/\",\"url\":\"https:\\\/\\\/www.villasandyresort.com\\\/hu\\\/\",\"name\":\"Villa Sandy City Park Resort - Kassa sz\u00edv\u00e9ben!\",\"isPartOf\":{\"@id\":\"https:\\\/\\\/www.villasandyresort.com\\\/hu\\\/#website\"},\"datePublished\":\"2023-10-27T07:45:11+00:00\",\"dateModified\":\"2025-07-12T16:51:48+00:00\",\"description\":\"Vend\u00e9geinknek a legmagasabb szint\u0171, \u00e1tfog\u00f3 l\u00e9tes\u00edtm\u00e9nyeket k\u00edn\u00e1lunk a munk\u00e1hoz \u00e9s a szabadid\u0151 elt\u00f6lt\u00e9s\u00e9hez.\",\"breadcrumb\":{\"@id\":\"https:\\\/\\\/www.villasandyresort.com\\\/hu\\\/#breadcrumb\"},\"inLanguage\":\"hu\",\"potentialAction\":[{\"@type\":\"ReadAction\",\"target\":[\"https:\\\/\\\/www.villasandyresort.com\\\/hu\\\/\"]}]},{\"@type\":\"BreadcrumbList\",\"@id\":\"https:\\\/\\\/www.villasandyresort.com\\\/hu\\\/#breadcrumb\",\"itemListElement\":[{\"@type\":\"ListItem\",\"position\":1,\"name\":\"Home\",\"item\":\"https:\\\/\\\/www.villasandyresort.com\\\/hu\\\/\"},{\"@type\":\"ListItem\",\"position\":2,\"name\":\"Villa Sandy City Park Resort\"}]},{\"@type\":\"WebSite\",\"@id\":\"https:\\\/\\\/www.villasandyresort.com\\\/hu\\\/#website\",\"url\":\"https:\\\/\\\/www.villasandyresort.com\\\/hu\\\/\",\"name\":\"Villa Sandy City Park Resort\",\"description\":\"\",\"potentialAction\":[{\"@type\":\"SearchAction\",\"target\":{\"@type\":\"EntryPoint\",\"urlTemplate\":\"https:\\\/\\\/www.villasandyresort.com\\\/hu\\\/?s={search_term_string}\"},\"query-input\":{\"@type\":\"PropertyValueSpecification\",\"valueRequired\":true,\"valueName\":\"search_term_string\"}}],\"inLanguage\":\"hu\"}]}<\/script>\n<!-- \/ Yoast SEO plugin. -->","yoast_head_json":{"title":"Villa Sandy City Park Resort - Kassa sz\u00edv\u00e9ben!","description":"Vend\u00e9geinknek a legmagasabb szint\u0171, \u00e1tfog\u00f3 l\u00e9tes\u00edtm\u00e9nyeket k\u00edn\u00e1lunk a munk\u00e1hoz \u00e9s a szabadid\u0151 elt\u00f6lt\u00e9s\u00e9hez.","robots":{"index":"index","follow":"follow","max-snippet":"max-snippet:-1","max-image-preview":"max-image-preview:large","max-video-preview":"max-video-preview:-1"},"canonical":"https:\/\/www.villasandyresort.com\/hu\/","og_locale":"hu_HU","og_type":"article","og_title":"Villa Sandy City Park Resort - Kassa sz\u00edv\u00e9ben!","og_description":"Vend\u00e9geinknek a legmagasabb szint\u0171, \u00e1tfog\u00f3 l\u00e9tes\u00edtm\u00e9nyeket k\u00edn\u00e1lunk a munk\u00e1hoz \u00e9s a szabadid\u0151 elt\u00f6lt\u00e9s\u00e9hez.","og_url":"https:\/\/www.villasandyresort.com\/hu\/","og_site_name":"Villa Sandy City Park Resort","article_modified_time":"2025-07-12T16:51:48+00:00","twitter_card":"summary_large_image","twitter_misc":{"Becs\u00fclt olvas\u00e1si id\u0151":"1 perc"},"schema":{"@context":"https:\/\/schema.org","@graph":[{"@type":"WebPage","@id":"https:\/\/www.villasandyresort.com\/hu\/","url":"https:\/\/www.villasandyresort.com\/hu\/","name":"Villa Sandy City Park Resort - Kassa sz\u00edv\u00e9ben!","isPartOf":{"@id":"https:\/\/www.villasandyresort.com\/hu\/#website"},"datePublished":"2023-10-27T07:45:11+00:00","dateModified":"2025-07-12T16:51:48+00:00","description":"Vend\u00e9geinknek a legmagasabb szint\u0171, \u00e1tfog\u00f3 l\u00e9tes\u00edtm\u00e9nyeket k\u00edn\u00e1lunk a munk\u00e1hoz \u00e9s a szabadid\u0151 elt\u00f6lt\u00e9s\u00e9hez.","breadcrumb":{"@id":"https:\/\/www.villasandyresort.com\/hu\/#breadcrumb"},"inLanguage":"hu","potentialAction":[{"@type":"ReadAction","target":["https:\/\/www.villasandyresort.com\/hu\/"]}]},{"@type":"BreadcrumbList","@id":"https:\/\/www.villasandyresort.com\/hu\/#breadcrumb","itemListElement":[{"@type":"ListItem","position":1,"name":"Home","item":"https:\/\/www.villasandyresort.com\/hu\/"},{"@type":"ListItem","position":2,"name":"Villa Sandy City Park Resort"}]},{"@type":"WebSite","@id":"https:\/\/www.villasandyresort.com\/hu\/#website","url":"https:\/\/www.villasandyresort.com\/hu\/","name":"Villa Sandy City Park Resort","description":"","potentialAction":[{"@type":"SearchAction","target":{"@type":"EntryPoint","urlTemplate":"https:\/\/www.villasandyresort.com\/hu\/?s={search_term_string}"},"query-input":{"@type":"PropertyValueSpecification","valueRequired":true,"valueName":"search_term_string"}}],"inLanguage":"hu"}]}},"acf":[],"_links":{"self":[{"href":"https:\/\/www.villasandyresort.com\/hu\/wp-json\/wp\/v2\/pages\/45","targetHints":{"allow":["GET"]}}],"collection":[{"href":"https:\/\/www.villasandyresort.com\/hu\/wp-json\/wp\/v2\/pages"}],"about":[{"href":"https:\/\/www.villasandyresort.com\/hu\/wp-json\/wp\/v2\/types\/page"}],"author":[{"embeddable":true,"href":"https:\/\/www.villasandyresort.com\/hu\/wp-json\/wp\/v2\/users\/13"}],"replies":[{"embeddable":true,"href":"https:\/\/www.villasandyresort.com\/hu\/wp-json\/wp\/v2\/comments?post=45"}],"version-history":[{"count":0,"href":"https:\/\/www.villasandyresort.com\/hu\/wp-json\/wp\/v2\/pages\/45\/revisions"}],"wp:attachment":[{"href":"https:\/\/www.villasandyresort.com\/hu\/wp-json\/wp\/v2\/media?parent=45"}],"curies":[{"name":"wp","href":"https:\/\/api.w.org\/{rel}","templated":true}]}}