{"id":120,"date":"2023-11-22T16:33:09","date_gmt":"2023-11-22T16:33:09","guid":{"rendered":"https:\/\/villa-sandy-city-park-resort.ms2.decms.eu\/?page_id=120"},"modified":"2025-03-03T09:59:30","modified_gmt":"2025-03-03T09:59:30","slug":"tenisz","status":"publish","type":"page","link":"https:\/\/www.villasandyresort.com\/hu\/tenisz\/","title":{"rendered":"Tenisz"},"content":{"rendered":"<p style=\"text-align: justify\">Egyed\u00fcl\u00e1ll\u00f3 sportol\u00e1si lehet\u0151s\u00e9geket k\u00edn\u00e1lunk a v\u00e1ros z\u00f6ld sz\u00edv\u00e9ben.<\/p>\n<p style=\"text-align: JUSTIFY\">Sportk\u00edn\u00e1latunk k\u00f6veti az \u00fcd\u00fcl\u0151hely t\u00f6rt\u00e9nelmi hagyom\u00e1nyait, valamint vend\u00e9geink aktu\u00e1lis ig\u00e9nyeit.<\/p>\n<p style=\"text-align: JUSTIFY\">A 20. sz\u00e1zad eleje \u00f3ta az \u00fcd\u00fcl\u0151ter\u00fcletet teniszez\u00e9sre haszn\u00e1lj\u00e1k. A feh\u00e9r sportok kedvel\u0151inek ez\u00e9rt m\u00e1r n\u00e9gy professzion\u00e1lis szabadt\u00e9ri p\u00e1ly\u00e1t k\u00edn\u00e1lunk az \u00fcd\u00fcl\u0151hely ter\u00fclet\u00e9n. Ezek hamarosan k\u00e9t eg\u00e9sz \u00e9vben haszn\u00e1lhat\u00f3 fedett p\u00e1ly\u00e1val gazdagodnak az \u00fcd\u00fcl\u0151k\u00f6zpont teljesen l\u00e9gkondicion\u00e1lt t\u00f6bbc\u00e9l\u00fa csarnok\u00e1ban.<\/p>\n<p style=\"text-align: JUSTIFY\">A korcsoly\u00e1z\u00e1s is hozz\u00e1tartozik a kassai V\u00e1rosi Park k\u00f6rnyezet\u00e9hez. A t\u00e9li szezonra ez\u00e9rt egy korcsolyap\u00e1ly\u00e1t k\u00e9sz\u00edt\u00fcnk el\u0151 a VILLA SANDY \u00fcd\u00fcl\u0151 ter\u00fclet\u00e9n, ahol az egy\u00e9nek, p\u00e1rok vagy csal\u00e1dok egy\u00fctt \u00e9lvezhetik majd a t\u00e9li sz\u00f3rakoz\u00e1st. Tervezz\u00fck, hogy m\u00e1s parki sportokhoz, p\u00e9ld\u00e1ul kocog\u00e1shoz vagy j\u00f3g\u00e1hoz is remek lehet\u0151s\u00e9geket k\u00edn\u00e1lunk.<\/p>\n","protected":false},"excerpt":{"rendered":"<p>Egyed\u00fcl\u00e1ll\u00f3 sportol\u00e1si lehet\u0151s\u00e9geket k\u00edn\u00e1lunk a v\u00e1ros z\u00f6ld sz\u00edv\u00e9ben. Sportk\u00edn\u00e1latunk k\u00f6veti az \u00fcd\u00fcl\u0151hely t\u00f6rt\u00e9nelmi hagyom\u00e1nyait, valamint vend\u00e9geink aktu\u00e1lis ig\u00e9nyeit. A 20. sz\u00e1zad eleje \u00f3ta az \u00fcd\u00fcl\u0151ter\u00fcletet teniszez\u00e9sre haszn\u00e1lj\u00e1k. A feh\u00e9r sportok kedvel\u0151inek ez\u00e9rt m\u00e1r n\u00e9gy professzion\u00e1lis szabadt\u00e9ri p\u00e1ly\u00e1t k\u00edn\u00e1lunk az \u00fcd\u00fcl\u0151hely ter\u00fclet\u00e9n. Ezek hamarosan k\u00e9t eg\u00e9sz \u00e9vben haszn\u00e1lhat\u00f3 fedett p\u00e1ly\u00e1val gazdagodnak az \u00fcd\u00fcl\u0151k\u00f6zpont teljesen l\u00e9gkondicion\u00e1lt t\u00f6bbc\u00e9l\u00fa [&hellip;]<\/p>\n","protected":false},"author":13,"featured_media":0,"parent":0,"menu_order":70,"comment_status":"closed","ping_status":"closed","template":"template-single-restaurant.php","meta":{"footnotes":""},"class_list":["post-120","page","type-page","status-publish","hentry"],"yoast_head":"<!-- This site is optimized with the Yoast SEO plugin v27.3 - https:\/\/yoast.com\/product\/yoast-seo-wordpress\/ -->\n<title>Tenisz - Villa Sandy City Park Resort -<\/title>\n<meta name=\"description\" content=\"Egyed\u00fcl\u00e1ll\u00f3 sportol\u00e1si lehet\u0151s\u00e9geket k\u00edn\u00e1lunk a v\u00e1ros z\u00f6ld sz\u00edv\u00e9ben. Sportk\u00edn\u00e1latunk k\u00f6veti az \u00fcd\u00fcl\u0151hely t\u00f6rt\u00e9nelmi hagyom\u00e1nyait, valamint vend\u00e9geink aktu\u00e1lis ig\u00e9nyeit. A 20. sz\u00e1zad eleje \u00f3ta az \u00fcd\u00fcl\u0151ter\u00fcletet teniszez\u00e9sre haszn\u00e1lj\u00e1k\" \/>\n<meta name=\"robots\" content=\"index, follow, max-snippet:-1, max-image-preview:large, max-video-preview:-1\" \/>\n<link rel=\"canonical\" href=\"https:\/\/www.villasandyresort.com\/hu\/tenisz\/\" \/>\n<meta property=\"og:locale\" content=\"hu_HU\" \/>\n<meta property=\"og:type\" content=\"article\" \/>\n<meta property=\"og:title\" content=\"Tenisz - Villa Sandy City Park Resort -\" \/>\n<meta property=\"og:description\" content=\"Egyed\u00fcl\u00e1ll\u00f3 sportol\u00e1si lehet\u0151s\u00e9geket k\u00edn\u00e1lunk a v\u00e1ros z\u00f6ld sz\u00edv\u00e9ben. Sportk\u00edn\u00e1latunk k\u00f6veti az \u00fcd\u00fcl\u0151hely t\u00f6rt\u00e9nelmi hagyom\u00e1nyait, valamint vend\u00e9geink aktu\u00e1lis ig\u00e9nyeit. A 20. sz\u00e1zad eleje \u00f3ta az \u00fcd\u00fcl\u0151ter\u00fcletet teniszez\u00e9sre haszn\u00e1lj\u00e1k\" \/>\n<meta property=\"og:url\" content=\"https:\/\/www.villasandyresort.com\/hu\/tenisz\/\" \/>\n<meta property=\"og:site_name\" content=\"Villa Sandy City Park Resort\" \/>\n<meta property=\"article:modified_time\" content=\"2025-03-03T09:59:30+00:00\" \/>\n<meta name=\"twitter:card\" content=\"summary_large_image\" \/>\n<meta name=\"twitter:label1\" content=\"Becs\u00fclt olvas\u00e1si id\u0151\" \/>\n\t<meta name=\"twitter:data1\" content=\"1 perc\" \/>\n<script type=\"application\/ld+json\" class=\"yoast-schema-graph\">{\"@context\":\"https:\\\/\\\/schema.org\",\"@graph\":[{\"@type\":\"WebPage\",\"@id\":\"https:\\\/\\\/www.villasandyresort.com\\\/hu\\\/tenisz\\\/\",\"url\":\"https:\\\/\\\/www.villasandyresort.com\\\/hu\\\/tenisz\\\/\",\"name\":\"Tenisz - Villa Sandy City Park Resort -\",\"isPartOf\":{\"@id\":\"https:\\\/\\\/www.villasandyresort.com\\\/hu\\\/#website\"},\"datePublished\":\"2023-11-22T16:33:09+00:00\",\"dateModified\":\"2025-03-03T09:59:30+00:00\",\"description\":\"Egyed\u00fcl\u00e1ll\u00f3 sportol\u00e1si lehet\u0151s\u00e9geket k\u00edn\u00e1lunk a v\u00e1ros z\u00f6ld sz\u00edv\u00e9ben. Sportk\u00edn\u00e1latunk k\u00f6veti az \u00fcd\u00fcl\u0151hely t\u00f6rt\u00e9nelmi hagyom\u00e1nyait, valamint vend\u00e9geink aktu\u00e1lis ig\u00e9nyeit. A 20. sz\u00e1zad eleje \u00f3ta az \u00fcd\u00fcl\u0151ter\u00fcletet teniszez\u00e9sre haszn\u00e1lj\u00e1k\",\"breadcrumb\":{\"@id\":\"https:\\\/\\\/www.villasandyresort.com\\\/hu\\\/tenisz\\\/#breadcrumb\"},\"inLanguage\":\"hu\",\"potentialAction\":[{\"@type\":\"ReadAction\",\"target\":[\"https:\\\/\\\/www.villasandyresort.com\\\/hu\\\/tenisz\\\/\"]}]},{\"@type\":\"BreadcrumbList\",\"@id\":\"https:\\\/\\\/www.villasandyresort.com\\\/hu\\\/tenisz\\\/#breadcrumb\",\"itemListElement\":[{\"@type\":\"ListItem\",\"position\":1,\"name\":\"Home\",\"item\":\"https:\\\/\\\/www.villasandyresort.com\\\/hu\\\/\"},{\"@type\":\"ListItem\",\"position\":2,\"name\":\"Tenisz\"}]},{\"@type\":\"WebSite\",\"@id\":\"https:\\\/\\\/www.villasandyresort.com\\\/hu\\\/#website\",\"url\":\"https:\\\/\\\/www.villasandyresort.com\\\/hu\\\/\",\"name\":\"Villa Sandy City Park Resort\",\"description\":\"\",\"potentialAction\":[{\"@type\":\"SearchAction\",\"target\":{\"@type\":\"EntryPoint\",\"urlTemplate\":\"https:\\\/\\\/www.villasandyresort.com\\\/hu\\\/?s={search_term_string}\"},\"query-input\":{\"@type\":\"PropertyValueSpecification\",\"valueRequired\":true,\"valueName\":\"search_term_string\"}}],\"inLanguage\":\"hu\"}]}<\/script>\n<!-- \/ Yoast SEO plugin. -->","yoast_head_json":{"title":"Tenisz - Villa Sandy City Park Resort -","description":"Egyed\u00fcl\u00e1ll\u00f3 sportol\u00e1si lehet\u0151s\u00e9geket k\u00edn\u00e1lunk a v\u00e1ros z\u00f6ld sz\u00edv\u00e9ben. Sportk\u00edn\u00e1latunk k\u00f6veti az \u00fcd\u00fcl\u0151hely t\u00f6rt\u00e9nelmi hagyom\u00e1nyait, valamint vend\u00e9geink aktu\u00e1lis ig\u00e9nyeit. A 20. sz\u00e1zad eleje \u00f3ta az \u00fcd\u00fcl\u0151ter\u00fcletet teniszez\u00e9sre haszn\u00e1lj\u00e1k","robots":{"index":"index","follow":"follow","max-snippet":"max-snippet:-1","max-image-preview":"max-image-preview:large","max-video-preview":"max-video-preview:-1"},"canonical":"https:\/\/www.villasandyresort.com\/hu\/tenisz\/","og_locale":"hu_HU","og_type":"article","og_title":"Tenisz - Villa Sandy City Park Resort -","og_description":"Egyed\u00fcl\u00e1ll\u00f3 sportol\u00e1si lehet\u0151s\u00e9geket k\u00edn\u00e1lunk a v\u00e1ros z\u00f6ld sz\u00edv\u00e9ben. Sportk\u00edn\u00e1latunk k\u00f6veti az \u00fcd\u00fcl\u0151hely t\u00f6rt\u00e9nelmi hagyom\u00e1nyait, valamint vend\u00e9geink aktu\u00e1lis ig\u00e9nyeit. A 20. sz\u00e1zad eleje \u00f3ta az \u00fcd\u00fcl\u0151ter\u00fcletet teniszez\u00e9sre haszn\u00e1lj\u00e1k","og_url":"https:\/\/www.villasandyresort.com\/hu\/tenisz\/","og_site_name":"Villa Sandy City Park Resort","article_modified_time":"2025-03-03T09:59:30+00:00","twitter_card":"summary_large_image","twitter_misc":{"Becs\u00fclt olvas\u00e1si id\u0151":"1 perc"},"schema":{"@context":"https:\/\/schema.org","@graph":[{"@type":"WebPage","@id":"https:\/\/www.villasandyresort.com\/hu\/tenisz\/","url":"https:\/\/www.villasandyresort.com\/hu\/tenisz\/","name":"Tenisz - Villa Sandy City Park Resort -","isPartOf":{"@id":"https:\/\/www.villasandyresort.com\/hu\/#website"},"datePublished":"2023-11-22T16:33:09+00:00","dateModified":"2025-03-03T09:59:30+00:00","description":"Egyed\u00fcl\u00e1ll\u00f3 sportol\u00e1si lehet\u0151s\u00e9geket k\u00edn\u00e1lunk a v\u00e1ros z\u00f6ld sz\u00edv\u00e9ben. Sportk\u00edn\u00e1latunk k\u00f6veti az \u00fcd\u00fcl\u0151hely t\u00f6rt\u00e9nelmi hagyom\u00e1nyait, valamint vend\u00e9geink aktu\u00e1lis ig\u00e9nyeit. A 20. sz\u00e1zad eleje \u00f3ta az \u00fcd\u00fcl\u0151ter\u00fcletet teniszez\u00e9sre haszn\u00e1lj\u00e1k","breadcrumb":{"@id":"https:\/\/www.villasandyresort.com\/hu\/tenisz\/#breadcrumb"},"inLanguage":"hu","potentialAction":[{"@type":"ReadAction","target":["https:\/\/www.villasandyresort.com\/hu\/tenisz\/"]}]},{"@type":"BreadcrumbList","@id":"https:\/\/www.villasandyresort.com\/hu\/tenisz\/#breadcrumb","itemListElement":[{"@type":"ListItem","position":1,"name":"Home","item":"https:\/\/www.villasandyresort.com\/hu\/"},{"@type":"ListItem","position":2,"name":"Tenisz"}]},{"@type":"WebSite","@id":"https:\/\/www.villasandyresort.com\/hu\/#website","url":"https:\/\/www.villasandyresort.com\/hu\/","name":"Villa Sandy City Park Resort","description":"","potentialAction":[{"@type":"SearchAction","target":{"@type":"EntryPoint","urlTemplate":"https:\/\/www.villasandyresort.com\/hu\/?s={search_term_string}"},"query-input":{"@type":"PropertyValueSpecification","valueRequired":true,"valueName":"search_term_string"}}],"inLanguage":"hu"}]}},"acf":[],"_links":{"self":[{"href":"https:\/\/www.villasandyresort.com\/hu\/wp-json\/wp\/v2\/pages\/120","targetHints":{"allow":["GET"]}}],"collection":[{"href":"https:\/\/www.villasandyresort.com\/hu\/wp-json\/wp\/v2\/pages"}],"about":[{"href":"https:\/\/www.villasandyresort.com\/hu\/wp-json\/wp\/v2\/types\/page"}],"author":[{"embeddable":true,"href":"https:\/\/www.villasandyresort.com\/hu\/wp-json\/wp\/v2\/users\/13"}],"replies":[{"embeddable":true,"href":"https:\/\/www.villasandyresort.com\/hu\/wp-json\/wp\/v2\/comments?post=120"}],"version-history":[{"count":0,"href":"https:\/\/www.villasandyresort.com\/hu\/wp-json\/wp\/v2\/pages\/120\/revisions"}],"wp:attachment":[{"href":"https:\/\/www.villasandyresort.com\/hu\/wp-json\/wp\/v2\/media?parent=120"}],"curies":[{"name":"wp","href":"https:\/\/api.w.org\/{rel}","templated":true}]}}