{"id":104,"date":"2023-11-22T15:49:09","date_gmt":"2023-11-22T15:49:09","guid":{"rendered":"https:\/\/villa-sandy-city-park-resort.ms2.decms.eu\/?page_id=104"},"modified":"2024-02-12T15:44:34","modified_gmt":"2024-02-12T15:44:34","slug":"hotel","status":"publish","type":"page","link":"https:\/\/www.villasandyresort.com\/hu\/hotel\/","title":{"rendered":"Hotel"},"content":{"rendered":"<p style=\"text-align: justify\">A r\u00e9gi\u00f3 els\u0151 5*-os sz\u00e1llod\u00e1j\u00e1ban kiv\u00e1l\u00f3 sz\u00e1ll\u00e1shely-szolg\u00e1ltat\u00e1sokkal k\u00e9sz\u00fcl\u00fcnk az \u00d6n sz\u00e1m\u00e1ra.<\/p>\n<p style=\"text-align: JUSTIFY\">A Hotel VILLA SANDY 50 egyedi szob\u00e1t k\u00edn\u00e1l majd \u00d6nnek, sz\u00e9lesk\u00f6r\u0171, eur\u00f3pai sz\u00ednvonal\u00fa szolg\u00e1ltat\u00e1sokkal, hogy t\u00f6k\u00e9letes \u00e9lm\u00e9nyt ny\u00fajtson \u00d6nnek a gy\u00f6ny\u00f6r\u0171 v\u00e1rosunkban val\u00f3 tart\u00f3zkod\u00e1s sor\u00e1n.<\/p>\n<p style=\"text-align: JUSTIFY\">A sz\u00e1lloda k\u00edn\u00e1lat\u00e1ban 36 standard szoba, 8 &#8222;Executive&#8221; szoba, 5 junior lakoszt\u00e1ly \u00e9s 1 eln\u00f6ki lakoszt\u00e1ly lesz. Term\u00e9szetesen vannak kerekessz\u00e9kkel megk\u00f6zel\u00edthet\u0151 szob\u00e1k, csal\u00e1di szob\u00e1k \u00e9s &#8222;Twin&#8221; szob\u00e1k csoportok sz\u00e1m\u00e1ra. A szob\u00e1k mindegyike saj\u00e1t terasszal, a lakoszt\u00e1lyok mindegyike pedig saj\u00e1t jacuzzival rendelkezik majd. Mindezt a Kosicei V\u00e1rosligetre ny\u00edl\u00f3 csod\u00e1latos kil\u00e1t\u00e1ssal.<\/p>\n<p style=\"text-align: JUSTIFY\">Egyedi \u00fcd\u00fcl\u00e9si csomagok p\u00e1rok, csal\u00e1dok, a konyham\u0171v\u00e9szet vagy a t\u00f6rt\u00e9nelem ir\u00e1nt \u00e9rdekl\u0151d\u0151k sz\u00e1m\u00e1ra nyilv\u00e1nval\u00f3an kieg\u00e9sz\u00edtik \u0151szinte gondoskod\u00e1sunkat. A VILLA SANDY Resort pr\u00e9mium \u00fczleti szolg\u00e1ltat\u00e1sok sz\u00e9les v\u00e1laszt\u00e9k\u00e1val kombin\u00e1lva t\u00f6k\u00e9letes felt\u00e9teleket teremt\u00fcnk a munka \u00e9s a pihen\u00e9s szinergi\u00e1j\u00e1hoz.<\/p>\n","protected":false},"excerpt":{"rendered":"<p>A r\u00e9gi\u00f3 els\u0151 5*-os sz\u00e1llod\u00e1j\u00e1ban kiv\u00e1l\u00f3 sz\u00e1ll\u00e1shely-szolg\u00e1ltat\u00e1sokkal k\u00e9sz\u00fcl\u00fcnk az \u00d6n sz\u00e1m\u00e1ra. A Hotel VILLA SANDY 50 egyedi szob\u00e1t k\u00edn\u00e1l majd \u00d6nnek, sz\u00e9lesk\u00f6r\u0171, eur\u00f3pai sz\u00ednvonal\u00fa szolg\u00e1ltat\u00e1sokkal, hogy t\u00f6k\u00e9letes \u00e9lm\u00e9nyt ny\u00fajtson \u00d6nnek a gy\u00f6ny\u00f6r\u0171 v\u00e1rosunkban val\u00f3 tart\u00f3zkod\u00e1s sor\u00e1n. A sz\u00e1lloda k\u00edn\u00e1lat\u00e1ban 36 standard szoba, 8 &#8222;Executive&#8221; szoba, 5 junior lakoszt\u00e1ly \u00e9s 1 eln\u00f6ki lakoszt\u00e1ly lesz. Term\u00e9szetesen vannak [&hellip;]<\/p>\n","protected":false},"author":13,"featured_media":0,"parent":0,"menu_order":30,"comment_status":"closed","ping_status":"closed","template":"","meta":{"footnotes":""},"class_list":["post-104","page","type-page","status-publish","hentry"],"yoast_head":"<!-- This site is optimized with the Yoast SEO plugin v27.3 - https:\/\/yoast.com\/product\/yoast-seo-wordpress\/ -->\n<title>Hotel - Villa Sandy City Park Resort -<\/title>\n<meta name=\"description\" content=\"A r\u00e9gi\u00f3 els\u0151 5*-os sz\u00e1llod\u00e1j\u00e1ban kiv\u00e1l\u00f3 sz\u00e1ll\u00e1shely-szolg\u00e1ltat\u00e1sokkal k\u00e9sz\u00fcl\u00fcnk az \u00d6n sz\u00e1m\u00e1ra. A Hotel VILLA SANDY 50 egyedi szob\u00e1t k\u00edn\u00e1l majd \u00d6nnek, sz\u00e9lesk\u00f6r\u0171, eur\u00f3pai sz\u00ednvonal\u00fa szolg\u00e1ltat\u00e1sokkal, hogy t\u00f6k\u00e9letes \u00e9lm\u00e9nyt ny\u00fajtson \u00d6nnek a gy\u00f6ny\u00f6r\u0171 v\u00e1rosunkban val\u00f3 tart\u00f3zkod\u00e1s sor\u00e1n. A sz\u00e1lloda k\u00edn\u00e1lat\u00e1ban 36 standard szoba, 8 &quot;Executive&quot; szoba, 5 junior lakoszt\u00e1ly \u00e9s 1 eln\u00f6ki lakoszt\u00e1ly lesz. Term\u00e9szetesen vannak kerekessz\u00e9kkel megk\u00f6zel\u00edthet\u0151 szob\u00e1k, csal\u00e1di szob\u00e1k \u00e9s &quot;Twin&quot; szob\u00e1k csoportok sz\u00e1m\u00e1ra\" \/>\n<meta name=\"robots\" content=\"index, follow, max-snippet:-1, max-image-preview:large, max-video-preview:-1\" \/>\n<link rel=\"canonical\" href=\"https:\/\/www.villasandyresort.com\/hu\/hotel\/\" \/>\n<meta property=\"og:locale\" content=\"hu_HU\" \/>\n<meta property=\"og:type\" content=\"article\" \/>\n<meta property=\"og:title\" content=\"Hotel - Villa Sandy City Park Resort -\" \/>\n<meta property=\"og:description\" content=\"A r\u00e9gi\u00f3 els\u0151 5*-os sz\u00e1llod\u00e1j\u00e1ban kiv\u00e1l\u00f3 sz\u00e1ll\u00e1shely-szolg\u00e1ltat\u00e1sokkal k\u00e9sz\u00fcl\u00fcnk az \u00d6n sz\u00e1m\u00e1ra. A Hotel VILLA SANDY 50 egyedi szob\u00e1t k\u00edn\u00e1l majd \u00d6nnek, sz\u00e9lesk\u00f6r\u0171, eur\u00f3pai sz\u00ednvonal\u00fa szolg\u00e1ltat\u00e1sokkal, hogy t\u00f6k\u00e9letes \u00e9lm\u00e9nyt ny\u00fajtson \u00d6nnek a gy\u00f6ny\u00f6r\u0171 v\u00e1rosunkban val\u00f3 tart\u00f3zkod\u00e1s sor\u00e1n. A sz\u00e1lloda k\u00edn\u00e1lat\u00e1ban 36 standard szoba, 8 &quot;Executive&quot; szoba, 5 junior lakoszt\u00e1ly \u00e9s 1 eln\u00f6ki lakoszt\u00e1ly lesz. Term\u00e9szetesen vannak kerekessz\u00e9kkel megk\u00f6zel\u00edthet\u0151 szob\u00e1k, csal\u00e1di szob\u00e1k \u00e9s &quot;Twin&quot; szob\u00e1k csoportok sz\u00e1m\u00e1ra\" \/>\n<meta property=\"og:url\" content=\"https:\/\/www.villasandyresort.com\/hu\/hotel\/\" \/>\n<meta property=\"og:site_name\" content=\"Villa Sandy City Park Resort\" \/>\n<meta property=\"article:modified_time\" content=\"2024-02-12T15:44:34+00:00\" \/>\n<meta name=\"twitter:card\" content=\"summary_large_image\" \/>\n<meta name=\"twitter:label1\" content=\"Becs\u00fclt olvas\u00e1si id\u0151\" \/>\n\t<meta name=\"twitter:data1\" content=\"1 perc\" \/>\n<script type=\"application\/ld+json\" class=\"yoast-schema-graph\">{\"@context\":\"https:\\\/\\\/schema.org\",\"@graph\":[{\"@type\":\"WebPage\",\"@id\":\"https:\\\/\\\/www.villasandyresort.com\\\/hu\\\/hotel\\\/\",\"url\":\"https:\\\/\\\/www.villasandyresort.com\\\/hu\\\/hotel\\\/\",\"name\":\"Hotel - Villa Sandy City Park Resort -\",\"isPartOf\":{\"@id\":\"https:\\\/\\\/www.villasandyresort.com\\\/hu\\\/#website\"},\"datePublished\":\"2023-11-22T15:49:09+00:00\",\"dateModified\":\"2024-02-12T15:44:34+00:00\",\"description\":\"A r\u00e9gi\u00f3 els\u0151 5*-os sz\u00e1llod\u00e1j\u00e1ban kiv\u00e1l\u00f3 sz\u00e1ll\u00e1shely-szolg\u00e1ltat\u00e1sokkal k\u00e9sz\u00fcl\u00fcnk az \u00d6n sz\u00e1m\u00e1ra. A Hotel VILLA SANDY 50 egyedi szob\u00e1t k\u00edn\u00e1l majd \u00d6nnek, sz\u00e9lesk\u00f6r\u0171, eur\u00f3pai sz\u00ednvonal\u00fa szolg\u00e1ltat\u00e1sokkal, hogy t\u00f6k\u00e9letes \u00e9lm\u00e9nyt ny\u00fajtson \u00d6nnek a gy\u00f6ny\u00f6r\u0171 v\u00e1rosunkban val\u00f3 tart\u00f3zkod\u00e1s sor\u00e1n. A sz\u00e1lloda k\u00edn\u00e1lat\u00e1ban 36 standard szoba, 8 \\\"Executive\\\" szoba, 5 junior lakoszt\u00e1ly \u00e9s 1 eln\u00f6ki lakoszt\u00e1ly lesz. Term\u00e9szetesen vannak kerekessz\u00e9kkel megk\u00f6zel\u00edthet\u0151 szob\u00e1k, csal\u00e1di szob\u00e1k \u00e9s \\\"Twin\\\" szob\u00e1k csoportok sz\u00e1m\u00e1ra\",\"breadcrumb\":{\"@id\":\"https:\\\/\\\/www.villasandyresort.com\\\/hu\\\/hotel\\\/#breadcrumb\"},\"inLanguage\":\"hu\",\"potentialAction\":[{\"@type\":\"ReadAction\",\"target\":[\"https:\\\/\\\/www.villasandyresort.com\\\/hu\\\/hotel\\\/\"]}]},{\"@type\":\"BreadcrumbList\",\"@id\":\"https:\\\/\\\/www.villasandyresort.com\\\/hu\\\/hotel\\\/#breadcrumb\",\"itemListElement\":[{\"@type\":\"ListItem\",\"position\":1,\"name\":\"Home\",\"item\":\"https:\\\/\\\/www.villasandyresort.com\\\/hu\\\/\"},{\"@type\":\"ListItem\",\"position\":2,\"name\":\"Hotel\"}]},{\"@type\":\"WebSite\",\"@id\":\"https:\\\/\\\/www.villasandyresort.com\\\/hu\\\/#website\",\"url\":\"https:\\\/\\\/www.villasandyresort.com\\\/hu\\\/\",\"name\":\"Villa Sandy City Park Resort\",\"description\":\"\",\"potentialAction\":[{\"@type\":\"SearchAction\",\"target\":{\"@type\":\"EntryPoint\",\"urlTemplate\":\"https:\\\/\\\/www.villasandyresort.com\\\/hu\\\/?s={search_term_string}\"},\"query-input\":{\"@type\":\"PropertyValueSpecification\",\"valueRequired\":true,\"valueName\":\"search_term_string\"}}],\"inLanguage\":\"hu\"}]}<\/script>\n<!-- \/ Yoast SEO plugin. -->","yoast_head_json":{"title":"Hotel - Villa Sandy City Park Resort -","description":"A r\u00e9gi\u00f3 els\u0151 5*-os sz\u00e1llod\u00e1j\u00e1ban kiv\u00e1l\u00f3 sz\u00e1ll\u00e1shely-szolg\u00e1ltat\u00e1sokkal k\u00e9sz\u00fcl\u00fcnk az \u00d6n sz\u00e1m\u00e1ra. A Hotel VILLA SANDY 50 egyedi szob\u00e1t k\u00edn\u00e1l majd \u00d6nnek, sz\u00e9lesk\u00f6r\u0171, eur\u00f3pai sz\u00ednvonal\u00fa szolg\u00e1ltat\u00e1sokkal, hogy t\u00f6k\u00e9letes \u00e9lm\u00e9nyt ny\u00fajtson \u00d6nnek a gy\u00f6ny\u00f6r\u0171 v\u00e1rosunkban val\u00f3 tart\u00f3zkod\u00e1s sor\u00e1n. A sz\u00e1lloda k\u00edn\u00e1lat\u00e1ban 36 standard szoba, 8 \"Executive\" szoba, 5 junior lakoszt\u00e1ly \u00e9s 1 eln\u00f6ki lakoszt\u00e1ly lesz. Term\u00e9szetesen vannak kerekessz\u00e9kkel megk\u00f6zel\u00edthet\u0151 szob\u00e1k, csal\u00e1di szob\u00e1k \u00e9s \"Twin\" szob\u00e1k csoportok sz\u00e1m\u00e1ra","robots":{"index":"index","follow":"follow","max-snippet":"max-snippet:-1","max-image-preview":"max-image-preview:large","max-video-preview":"max-video-preview:-1"},"canonical":"https:\/\/www.villasandyresort.com\/hu\/hotel\/","og_locale":"hu_HU","og_type":"article","og_title":"Hotel - Villa Sandy City Park Resort -","og_description":"A r\u00e9gi\u00f3 els\u0151 5*-os sz\u00e1llod\u00e1j\u00e1ban kiv\u00e1l\u00f3 sz\u00e1ll\u00e1shely-szolg\u00e1ltat\u00e1sokkal k\u00e9sz\u00fcl\u00fcnk az \u00d6n sz\u00e1m\u00e1ra. A Hotel VILLA SANDY 50 egyedi szob\u00e1t k\u00edn\u00e1l majd \u00d6nnek, sz\u00e9lesk\u00f6r\u0171, eur\u00f3pai sz\u00ednvonal\u00fa szolg\u00e1ltat\u00e1sokkal, hogy t\u00f6k\u00e9letes \u00e9lm\u00e9nyt ny\u00fajtson \u00d6nnek a gy\u00f6ny\u00f6r\u0171 v\u00e1rosunkban val\u00f3 tart\u00f3zkod\u00e1s sor\u00e1n. A sz\u00e1lloda k\u00edn\u00e1lat\u00e1ban 36 standard szoba, 8 \"Executive\" szoba, 5 junior lakoszt\u00e1ly \u00e9s 1 eln\u00f6ki lakoszt\u00e1ly lesz. Term\u00e9szetesen vannak kerekessz\u00e9kkel megk\u00f6zel\u00edthet\u0151 szob\u00e1k, csal\u00e1di szob\u00e1k \u00e9s \"Twin\" szob\u00e1k csoportok sz\u00e1m\u00e1ra","og_url":"https:\/\/www.villasandyresort.com\/hu\/hotel\/","og_site_name":"Villa Sandy City Park Resort","article_modified_time":"2024-02-12T15:44:34+00:00","twitter_card":"summary_large_image","twitter_misc":{"Becs\u00fclt olvas\u00e1si id\u0151":"1 perc"},"schema":{"@context":"https:\/\/schema.org","@graph":[{"@type":"WebPage","@id":"https:\/\/www.villasandyresort.com\/hu\/hotel\/","url":"https:\/\/www.villasandyresort.com\/hu\/hotel\/","name":"Hotel - Villa Sandy City Park Resort -","isPartOf":{"@id":"https:\/\/www.villasandyresort.com\/hu\/#website"},"datePublished":"2023-11-22T15:49:09+00:00","dateModified":"2024-02-12T15:44:34+00:00","description":"A r\u00e9gi\u00f3 els\u0151 5*-os sz\u00e1llod\u00e1j\u00e1ban kiv\u00e1l\u00f3 sz\u00e1ll\u00e1shely-szolg\u00e1ltat\u00e1sokkal k\u00e9sz\u00fcl\u00fcnk az \u00d6n sz\u00e1m\u00e1ra. A Hotel VILLA SANDY 50 egyedi szob\u00e1t k\u00edn\u00e1l majd \u00d6nnek, sz\u00e9lesk\u00f6r\u0171, eur\u00f3pai sz\u00ednvonal\u00fa szolg\u00e1ltat\u00e1sokkal, hogy t\u00f6k\u00e9letes \u00e9lm\u00e9nyt ny\u00fajtson \u00d6nnek a gy\u00f6ny\u00f6r\u0171 v\u00e1rosunkban val\u00f3 tart\u00f3zkod\u00e1s sor\u00e1n. A sz\u00e1lloda k\u00edn\u00e1lat\u00e1ban 36 standard szoba, 8 \"Executive\" szoba, 5 junior lakoszt\u00e1ly \u00e9s 1 eln\u00f6ki lakoszt\u00e1ly lesz. Term\u00e9szetesen vannak kerekessz\u00e9kkel megk\u00f6zel\u00edthet\u0151 szob\u00e1k, csal\u00e1di szob\u00e1k \u00e9s \"Twin\" szob\u00e1k csoportok sz\u00e1m\u00e1ra","breadcrumb":{"@id":"https:\/\/www.villasandyresort.com\/hu\/hotel\/#breadcrumb"},"inLanguage":"hu","potentialAction":[{"@type":"ReadAction","target":["https:\/\/www.villasandyresort.com\/hu\/hotel\/"]}]},{"@type":"BreadcrumbList","@id":"https:\/\/www.villasandyresort.com\/hu\/hotel\/#breadcrumb","itemListElement":[{"@type":"ListItem","position":1,"name":"Home","item":"https:\/\/www.villasandyresort.com\/hu\/"},{"@type":"ListItem","position":2,"name":"Hotel"}]},{"@type":"WebSite","@id":"https:\/\/www.villasandyresort.com\/hu\/#website","url":"https:\/\/www.villasandyresort.com\/hu\/","name":"Villa Sandy City Park Resort","description":"","potentialAction":[{"@type":"SearchAction","target":{"@type":"EntryPoint","urlTemplate":"https:\/\/www.villasandyresort.com\/hu\/?s={search_term_string}"},"query-input":{"@type":"PropertyValueSpecification","valueRequired":true,"valueName":"search_term_string"}}],"inLanguage":"hu"}]}},"acf":[],"_links":{"self":[{"href":"https:\/\/www.villasandyresort.com\/hu\/wp-json\/wp\/v2\/pages\/104","targetHints":{"allow":["GET"]}}],"collection":[{"href":"https:\/\/www.villasandyresort.com\/hu\/wp-json\/wp\/v2\/pages"}],"about":[{"href":"https:\/\/www.villasandyresort.com\/hu\/wp-json\/wp\/v2\/types\/page"}],"author":[{"embeddable":true,"href":"https:\/\/www.villasandyresort.com\/hu\/wp-json\/wp\/v2\/users\/13"}],"replies":[{"embeddable":true,"href":"https:\/\/www.villasandyresort.com\/hu\/wp-json\/wp\/v2\/comments?post=104"}],"version-history":[{"count":0,"href":"https:\/\/www.villasandyresort.com\/hu\/wp-json\/wp\/v2\/pages\/104\/revisions"}],"wp:attachment":[{"href":"https:\/\/www.villasandyresort.com\/hu\/wp-json\/wp\/v2\/media?parent=104"}],"curies":[{"name":"wp","href":"https:\/\/api.w.org\/{rel}","templated":true}]}}